{"id":15723,"date":"2025-10-16T14:20:02","date_gmt":"2025-10-16T12:20:02","guid":{"rendered":"https:\/\/preprod.lafourneedoree.fr\/all-the-products\/"},"modified":"2026-02-23T07:15:38","modified_gmt":"2026-02-23T06:15:38","slug":"our-products","status":"publish","type":"page","link":"https:\/\/www.lafourneedoree.fr\/au\/our-products\/","title":{"rendered":"OUR PRODUCTS"},"content":{"rendered":"\n<div id=\"wp-block-themeisle-blocks-advanced-columns-2c099ba2\" class=\"wp-block-themeisle-blocks-advanced-columns alignfull has-1-columns has-desktop-equal-layout has-tablet-equal-layout has-mobile-equal-layout has-vertical-unset dentele\"><div class=\"wp-block-themeisle-blocks-advanced-columns-overlay\"><\/div><div class=\"innerblocks-wrap\">\n<div id=\"wp-block-themeisle-blocks-advanced-column-cbab418a\" class=\"wp-block-themeisle-blocks-advanced-column\">\n<div id=\"wp-block-themeisle-blocks-advanced-columns-e44f5343\" class=\"wp-block-themeisle-blocks-advanced-columns has-1-columns has-desktop-equal-layout has-tablet-equal-layout has-mobile-equal-layout has-vertical-unset\"><div class=\"wp-block-themeisle-blocks-advanced-columns-overlay\"><\/div><div class=\"innerblocks-wrap\">\n<div id=\"wp-block-themeisle-blocks-advanced-column-689a75a8\" class=\"wp-block-themeisle-blocks-advanced-column\"><div class=\"yoast-breadcrumbs ticss-60825abe\"><span><span><a href=\"https:\/\/www.lafourneedoree.fr\/au\/\">La Fourn\u00e9e Dor\u00e9e<\/a><\/span> \u00bb <span class=\"breadcrumb_last\" aria-current=\"page\">OUR PRODUCTS<\/span><\/span><\/div><\/div>\n<\/div><\/div>\n\n\n\n<h1 class=\"wp-block-heading has-text-align-center has-nv-text-dark-bg-color has-text-color has-link-color wp-elements-96a065a3e4bb26fba5c6e24deaca7bd4\">Choose your product<\/h1>\n<\/div>\n<\/div><\/div>\n\n\n\n<div id=\"wp-block-themeisle-blocks-advanced-columns-151eb5e7\" class=\"wp-block-themeisle-blocks-advanced-columns has-2-columns has-desktop-equal-layout has-tablet-equal-layout has-mobile-collapsedRows-layout has-vertical-unset\"><div class=\"wp-block-themeisle-blocks-advanced-columns-overlay\"><\/div><div class=\"innerblocks-wrap\">\n<div id=\"wp-block-themeisle-blocks-advanced-column-5aea4a59\" class=\"wp-block-themeisle-blocks-advanced-column\"><div  class=\"search-filter-base search-filter-field search-filter-field--id-125 search-filter-field--type-choice search-filter-field--input-type-select search-filter-style--id-1 search-filter-style--choice-select products-filter-lfd\"  data-search-filter-id=\"125\" ><\/div>\n<\/div>\n\n\n\n<div id=\"wp-block-themeisle-blocks-advanced-column-91f12e14\" class=\"wp-block-themeisle-blocks-advanced-column\"><div  class=\"search-filter-base search-filter-field search-filter-field--id-124 search-filter-field--type-choice search-filter-field--input-type-select search-filter-style--id-1 search-filter-style--choice-select products-filter-lfd\"  data-search-filter-id=\"124\" ><\/div>\n<\/div>\n<\/div><\/div>\n\n\n\n<div id=\"wp-block-themeisle-blocks-advanced-columns-013e04c5\" class=\"wp-block-themeisle-blocks-advanced-columns alignfull has-1-columns has-desktop-equal-layout has-tablet-equal-layout has-mobile-equal-layout has-vertical-unset\"><div class=\"wp-block-themeisle-blocks-advanced-columns-overlay\"><\/div><div class=\"innerblocks-wrap\">\n<div id=\"wp-block-themeisle-blocks-advanced-column-ca6aae2f\" class=\"wp-block-themeisle-blocks-advanced-column\"><div class=\"lfd-products\" data-nonce=\"4c77aa2229\" data-per-page=\"12\" data-orderby=\"date\" data-order=\"DESC\" data-current-page=\"1\" data-max-pages=\"1\"><div class=\"lfd-grid\">        <article class=\"lfd-card\">\r\n            <a class=\"lfd-card__image\" href=\"https:\/\/www.lafourneedoree.fr\/au\/product\/6-vanilla-brioche-swirls\/\">\r\n                <div class=\"lfd-card__imgwrap\">\r\n                                            <img decoding=\"async\" src=\"https:\/\/www.lafourneedoree.fr\/wp-content\/uploads\/2026\/03\/vanilla-brioche-swirls.png\" alt=\"6 Vanilla Brioche Swirls\" class=\"img-default\" loading=\"lazy\" \/>\r\n                                                                <img decoding=\"async\" src=\"https:\/\/www.lafourneedoree.fr\/wp-content\/uploads\/2026\/01\/MONTAGE-2_PRODUIT-INGREDIENT_petitchinois_p28.webp\" alt=\"6 Vanilla Brioche Swirls\" class=\"img-hover\" loading=\"lazy\" \/>\r\n                                    <\/div>\r\n            <\/a>\r\n            <div class=\"lfd-card__body\">\r\n                <h3 class=\"lfd-card__title\"><a href=\"https:\/\/www.lafourneedoree.fr\/au\/product\/6-vanilla-brioche-swirls\/\">6 Vanilla Brioche Swirls<\/a><\/h3>\r\n                            <\/div>\r\n        <\/article>\r\n                <article class=\"lfd-card\">\r\n            <a class=\"lfd-card__image\" href=\"https:\/\/www.lafourneedoree.fr\/au\/product\/4-brioche-burger-buns\/\">\r\n                <div class=\"lfd-card__imgwrap\">\r\n                                            <img decoding=\"async\" src=\"https:\/\/www.lafourneedoree.fr\/wp-content\/uploads\/2026\/02\/brioche-burger-buns-pack.png\" alt=\"4 Brioche Burger Buns\" class=\"img-default\" loading=\"lazy\" \/>\r\n                                                                <img decoding=\"async\" src=\"https:\/\/www.lafourneedoree.fr\/wp-content\/uploads\/2025\/12\/buns-brioches-ingredients.png\" alt=\"4 Brioche Burger Buns\" class=\"img-hover\" loading=\"lazy\" \/>\r\n                                    <\/div>\r\n            <\/a>\r\n            <div class=\"lfd-card__body\">\r\n                <h3 class=\"lfd-card__title\"><a href=\"https:\/\/www.lafourneedoree.fr\/au\/product\/4-brioche-burger-buns\/\">4 Brioche Burger Buns<\/a><\/h3>\r\n                            <\/div>\r\n        <\/article>\r\n                <article class=\"lfd-card\">\r\n            <a class=\"lfd-card__image\" href=\"https:\/\/www.lafourneedoree.fr\/au\/product\/4-brioche-burger-buns-with-sesame-seeds\/\">\r\n                <div class=\"lfd-card__imgwrap\">\r\n                                            <img decoding=\"async\" src=\"https:\/\/www.lafourneedoree.fr\/wp-content\/uploads\/2026\/02\/brioche-burger-buns-sesame-seed-pack.png\" alt=\"4 Brioche Burger Buns with sesame seeds\" class=\"img-default\" loading=\"lazy\" \/>\r\n                                                                <img decoding=\"async\" src=\"https:\/\/www.lafourneedoree.fr\/wp-content\/uploads\/2025\/12\/4-BriochBurgers-Sesame-1.png\" alt=\"4 Brioche Burger Buns with sesame seeds\" class=\"img-hover\" loading=\"lazy\" \/>\r\n                                    <\/div>\r\n            <\/a>\r\n            <div class=\"lfd-card__body\">\r\n                <h3 class=\"lfd-card__title\"><a href=\"https:\/\/www.lafourneedoree.fr\/au\/product\/4-brioche-burger-buns-with-sesame-seeds\/\">4 Brioche Burger Buns with sesame seeds<\/a><\/h3>\r\n                            <\/div>\r\n        <\/article>\r\n                <article class=\"lfd-card\">\r\n            <a class=\"lfd-card__image\" href=\"https:\/\/www.lafourneedoree.fr\/au\/product\/6-split-top-brioche-hot-dog-rolls\/\">\r\n                <div class=\"lfd-card__imgwrap\">\r\n                                            <img decoding=\"async\" src=\"https:\/\/www.lafourneedoree.fr\/wp-content\/uploads\/2026\/02\/brioche-hot-dog-rolls-pack.png\" alt=\"6 Split-top Brioche Hot Dog Rolls\" class=\"img-default\" loading=\"lazy\" \/>\r\n                                                                <img decoding=\"async\" src=\"https:\/\/www.lafourneedoree.fr\/wp-content\/uploads\/2025\/12\/ingredient-split-top-brioche-hot-dog-rolls-768x745.png\" alt=\"6 Split-top Brioche Hot Dog Rolls\" class=\"img-hover\" loading=\"lazy\" \/>\r\n                                    <\/div>\r\n            <\/a>\r\n            <div class=\"lfd-card__body\">\r\n                <h3 class=\"lfd-card__title\"><a href=\"https:\/\/www.lafourneedoree.fr\/au\/product\/6-split-top-brioche-hot-dog-rolls\/\">6 Split-top Brioche Hot Dog Rolls<\/a><\/h3>\r\n                            <\/div>\r\n        <\/article>\r\n                <article class=\"lfd-card\">\r\n            <a class=\"lfd-card__image\" href=\"https:\/\/www.lafourneedoree.fr\/au\/product\/10-brioche-sliders\/\">\r\n                <div class=\"lfd-card__imgwrap\">\r\n                                            <img decoding=\"async\" src=\"https:\/\/www.lafourneedoree.fr\/wp-content\/uploads\/2026\/02\/brioche-sliders-pack.png\" alt=\"10 Brioche Sliders\" class=\"img-default\" loading=\"lazy\" \/>\r\n                                                                <img decoding=\"async\" src=\"https:\/\/www.lafourneedoree.fr\/wp-content\/uploads\/2025\/12\/brioche-sliders-ingredients.png\" alt=\"10 Brioche Sliders\" class=\"img-hover\" loading=\"lazy\" \/>\r\n                                    <\/div>\r\n            <\/a>\r\n            <div class=\"lfd-card__body\">\r\n                <h3 class=\"lfd-card__title\"><a href=\"https:\/\/www.lafourneedoree.fr\/au\/product\/10-brioche-sliders\/\">10 Brioche Sliders<\/a><\/h3>\r\n                            <\/div>\r\n        <\/article>\r\n                <article class=\"lfd-card\">\r\n            <a class=\"lfd-card__image\" href=\"https:\/\/www.lafourneedoree.fr\/au\/product\/sliced-brioche-loaf\/\">\r\n                <div class=\"lfd-card__imgwrap\">\r\n                                            <img decoding=\"async\" src=\"https:\/\/www.lafourneedoree.fr\/wp-content\/uploads\/2026\/02\/sliced-brioche-loaf-pack.png\" alt=\"Sliced Brioche Loaf\" class=\"img-default\" loading=\"lazy\" \/>\r\n                                                                <img decoding=\"async\" src=\"https:\/\/www.lafourneedoree.fr\/wp-content\/uploads\/2025\/12\/sliced-brioche-loaf-ingredients.png\" alt=\"Sliced Brioche Loaf\" class=\"img-hover\" loading=\"lazy\" \/>\r\n                                    <\/div>\r\n            <\/a>\r\n            <div class=\"lfd-card__body\">\r\n                <h3 class=\"lfd-card__title\"><a href=\"https:\/\/www.lafourneedoree.fr\/au\/product\/sliced-brioche-loaf\/\">Sliced Brioche Loaf<\/a><\/h3>\r\n                            <\/div>\r\n        <\/article>\r\n        <\/div><div id=\"lfd-infinite-sentinel\" aria-hidden=\"true\" style=\"height:1px\"><\/div><\/div>\n<\/div>\n<\/div><\/div>\n","protected":false},"excerpt":{"rendered":"<a class=\"news__product-link\" href=\"https:\/\/www.lafourneedoree.fr\/au\/?post_type=our-products&#038;p=15375\" target=\"_self\" rel=\"noopener\">CHECK THE PRODUCT<\/a>","protected":false},"author":2,"featured_media":0,"parent":0,"menu_order":0,"comment_status":"closed","ping_status":"closed","template":"","meta":{"_acf_changed":false,"neve_meta_sidebar":"","neve_meta_container":"","neve_meta_enable_content_width":"","neve_meta_content_width":0,"neve_meta_title_alignment":"","neve_meta_author_avatar":"","neve_post_elements_order":"","neve_meta_disable_header":"","neve_meta_disable_footer":"","neve_meta_disable_title":"on","neve_meta_reading_time":"","_themeisle_gutenberg_block_has_review":false,"footnotes":""},"class_list":["post-15723","page","type-page","status-publish","hentry"],"acf":[],"yoast_head":"<!-- This site is optimized with the Yoast SEO plugin v27.3 - https:\/\/yoast.com\/product\/yoast-seo-wordpress\/ -->\n<title>OUR PRODUCTS - La Fourn\u00e9e Dor\u00e9e - La saveur retrouv\u00e9e<\/title>\n<meta name=\"robots\" content=\"index, follow, max-snippet:-1, max-image-preview:large, max-video-preview:-1\" \/>\n<link rel=\"canonical\" href=\"https:\/\/www.lafourneedoree.fr\/au\/our-products\/\" \/>\n<meta property=\"og:locale\" content=\"en_US\" \/>\n<meta property=\"og:type\" content=\"article\" \/>\n<meta property=\"og:title\" content=\"OUR PRODUCTS - La Fourn\u00e9e Dor\u00e9e - La saveur retrouv\u00e9e\" \/>\n<meta property=\"og:url\" content=\"https:\/\/www.lafourneedoree.fr\/au\/our-products\/\" \/>\n<meta property=\"og:site_name\" content=\"La Fourn\u00e9e Dor\u00e9e - La saveur retrouv\u00e9e\" \/>\n<meta property=\"article:modified_time\" content=\"2026-02-23T06:15:38+00:00\" \/>\n<meta name=\"twitter:card\" content=\"summary_large_image\" \/>\n<meta name=\"twitter:label1\" content=\"Est. reading time\" \/>\n\t<meta name=\"twitter:data1\" content=\"1 minute\" \/>\n<script type=\"application\/ld+json\" class=\"yoast-schema-graph\">{\"@context\":\"https:\\\/\\\/schema.org\",\"@graph\":[{\"@type\":\"WebPage\",\"@id\":\"https:\\\/\\\/www.lafourneedoree.fr\\\/au\\\/our-products\\\/\",\"url\":\"https:\\\/\\\/www.lafourneedoree.fr\\\/au\\\/our-products\\\/\",\"name\":\"OUR PRODUCTS - La Fourn\u00e9e Dor\u00e9e - La saveur retrouv\u00e9e\",\"isPartOf\":{\"@id\":\"https:\\\/\\\/www.lafourneedoree.fr\\\/#website\"},\"datePublished\":\"2025-10-16T12:20:02+00:00\",\"dateModified\":\"2026-02-23T06:15:38+00:00\",\"breadcrumb\":{\"@id\":\"https:\\\/\\\/www.lafourneedoree.fr\\\/au\\\/our-products\\\/#breadcrumb\"},\"inLanguage\":\"au-EN\",\"potentialAction\":[{\"@type\":\"ReadAction\",\"target\":[\"https:\\\/\\\/www.lafourneedoree.fr\\\/au\\\/our-products\\\/\"]}]},{\"@type\":\"BreadcrumbList\",\"@id\":\"https:\\\/\\\/www.lafourneedoree.fr\\\/au\\\/our-products\\\/#breadcrumb\",\"itemListElement\":[{\"@type\":\"ListItem\",\"position\":1,\"name\":\"La Fourn\u00e9e Dor\u00e9e\",\"item\":\"https:\\\/\\\/www.lafourneedoree.fr\\\/au\\\/\"},{\"@type\":\"ListItem\",\"position\":2,\"name\":\"OUR PRODUCTS\"}]},{\"@type\":\"WebSite\",\"@id\":\"https:\\\/\\\/www.lafourneedoree.fr\\\/#website\",\"url\":\"https:\\\/\\\/www.lafourneedoree.fr\\\/\",\"name\":\"La Fourn\u00e9e Dor\u00e9e - La saveur retrouv\u00e9e\",\"description\":\"\",\"potentialAction\":[{\"@type\":\"SearchAction\",\"target\":{\"@type\":\"EntryPoint\",\"urlTemplate\":\"https:\\\/\\\/www.lafourneedoree.fr\\\/?s={search_term_string}\"},\"query-input\":{\"@type\":\"PropertyValueSpecification\",\"valueRequired\":true,\"valueName\":\"search_term_string\"}}],\"inLanguage\":\"au-EN\"}]}<\/script>\n<!-- \/ Yoast SEO plugin. -->","yoast_head_json":{"title":"OUR PRODUCTS - La Fourn\u00e9e Dor\u00e9e - La saveur retrouv\u00e9e","robots":{"index":"index","follow":"follow","max-snippet":"max-snippet:-1","max-image-preview":"max-image-preview:large","max-video-preview":"max-video-preview:-1"},"canonical":"https:\/\/www.lafourneedoree.fr\/au\/our-products\/","og_locale":"en_US","og_type":"article","og_title":"OUR PRODUCTS - La Fourn\u00e9e Dor\u00e9e - La saveur retrouv\u00e9e","og_url":"https:\/\/www.lafourneedoree.fr\/au\/our-products\/","og_site_name":"La Fourn\u00e9e Dor\u00e9e - La saveur retrouv\u00e9e","article_modified_time":"2026-02-23T06:15:38+00:00","twitter_card":"summary_large_image","twitter_misc":{"Est. reading time":"1 minute"},"schema":{"@context":"https:\/\/schema.org","@graph":[{"@type":"WebPage","@id":"https:\/\/www.lafourneedoree.fr\/au\/our-products\/","url":"https:\/\/www.lafourneedoree.fr\/au\/our-products\/","name":"OUR PRODUCTS - La Fourn\u00e9e Dor\u00e9e - La saveur retrouv\u00e9e","isPartOf":{"@id":"https:\/\/www.lafourneedoree.fr\/#website"},"datePublished":"2025-10-16T12:20:02+00:00","dateModified":"2026-02-23T06:15:38+00:00","breadcrumb":{"@id":"https:\/\/www.lafourneedoree.fr\/au\/our-products\/#breadcrumb"},"inLanguage":"au-EN","potentialAction":[{"@type":"ReadAction","target":["https:\/\/www.lafourneedoree.fr\/au\/our-products\/"]}]},{"@type":"BreadcrumbList","@id":"https:\/\/www.lafourneedoree.fr\/au\/our-products\/#breadcrumb","itemListElement":[{"@type":"ListItem","position":1,"name":"La Fourn\u00e9e Dor\u00e9e","item":"https:\/\/www.lafourneedoree.fr\/au\/"},{"@type":"ListItem","position":2,"name":"OUR PRODUCTS"}]},{"@type":"WebSite","@id":"https:\/\/www.lafourneedoree.fr\/#website","url":"https:\/\/www.lafourneedoree.fr\/","name":"La Fourn\u00e9e Dor\u00e9e - La saveur retrouv\u00e9e","description":"","potentialAction":[{"@type":"SearchAction","target":{"@type":"EntryPoint","urlTemplate":"https:\/\/www.lafourneedoree.fr\/?s={search_term_string}"},"query-input":{"@type":"PropertyValueSpecification","valueRequired":true,"valueName":"search_term_string"}}],"inLanguage":"au-EN"}]}},"_links":{"self":[{"href":"https:\/\/www.lafourneedoree.fr\/au\/wp-json\/wp\/v2\/pages\/15723","targetHints":{"allow":["GET"]}}],"collection":[{"href":"https:\/\/www.lafourneedoree.fr\/au\/wp-json\/wp\/v2\/pages"}],"about":[{"href":"https:\/\/www.lafourneedoree.fr\/au\/wp-json\/wp\/v2\/types\/page"}],"author":[{"embeddable":true,"href":"https:\/\/www.lafourneedoree.fr\/au\/wp-json\/wp\/v2\/users\/2"}],"replies":[{"embeddable":true,"href":"https:\/\/www.lafourneedoree.fr\/au\/wp-json\/wp\/v2\/comments?post=15723"}],"version-history":[{"count":6,"href":"https:\/\/www.lafourneedoree.fr\/au\/wp-json\/wp\/v2\/pages\/15723\/revisions"}],"predecessor-version":[{"id":20276,"href":"https:\/\/www.lafourneedoree.fr\/au\/wp-json\/wp\/v2\/pages\/15723\/revisions\/20276"}],"wp:attachment":[{"href":"https:\/\/www.lafourneedoree.fr\/au\/wp-json\/wp\/v2\/media?parent=15723"}],"curies":[{"name":"wp","href":"https:\/\/api.w.org\/{rel}","templated":true}]}}