{"id":19431,"date":"2025-10-16T15:05:08","date_gmt":"2025-10-16T13:05:08","guid":{"rendered":"http:\/\/preprod.lafourneedoree.fr\/mentions-legales\/"},"modified":"2026-01-28T11:45:27","modified_gmt":"2026-01-28T10:45:27","slug":"terms-and-conditions","status":"publish","type":"page","link":"https:\/\/www.lafourneedoree.fr\/au\/terms-and-conditions\/","title":{"rendered":"Terms and conditions"},"content":{"rendered":"\n<ol class=\"wp-block-list\">\n<li><strong>Presentation of the Site<\/strong><\/li>\n<\/ol>\n\n\n\n<p>In accordance with Article 6 of Law No. 2004-575 of June 21, 2004, for confidence in the digital economy, the identity of the various parties involved in its creation and monitoring is specified to users of the site <a href=\"https:\/\/lafourneedoree.fr\/en-ca\/\">https:\/\/www.lafourneedoree.fr\/au\/<\/a>: Ownership: La Fourn\u00e9e Dor\u00e9e ZA Sud des Achards CS 60014 \u2013 6 Rue de l\u2019Oc\u00e9an 85150 LES ACHARDS 02 51 05 99 80 Contact: contact@lafourneedoree.fr Publication Director: INVEST PB HOLDING Publication Manager: Emilie GERMAIN-PEAU Share capital: \u20ac500,000 RCS: B 817 390 941 VAT: FR 31 817 390 941<\/p>\n\n\n\n<p>Credits: This site was created by <a href=\"https:\/\/lafabrique.orange-business.com\/\">La Fabrique Orange Business Services<\/a><\/p>\n\n\n\n<p>Host : La Fabrique Orange Business Services<\/p>\n\n\n\n<p>SA 29 rue Servan, 38 000 GRENOBLE<br>T\u00e9l. : 04 76 44 50 50<br>Company address : 1 place des droits de l\u2019Homme, 93210 SAINT DENIS France<br><a href=\"https:\/\/lafabrique.orange-business.com\">https:\/\/lafabrique.orange-business.com<\/a><\/p>\n\n\n\n<ol start=\"2\" class=\"wp-block-list\">\n<li><strong>General Conditions of Use of the Site and Services Offered<\/strong><\/li>\n<\/ol>\n\n\n\n<p>The use of the site <a href=\"https:\/\/www.lafourneedoree.fr\/au\/\">https:\/\/www.lafourneedoree.fr\/au\/<\/a> :&nbsp;implies full acceptance of the general conditions of use described below. These conditions of use may be modified or supplemented at any time, so users of the site are invited to consult them regularly. This site is normally accessible to users at any time. However, an interruption for technical maintenance may be decided by <a href=\"https:\/\/lafourneedoree.fr\/en-ca\/\">https:\/\/www.lafourneedoree.fr\/au\/<\/a>, who will then endeavor to communicate the dates and times of the intervention to users in advance. The site <a href=\"https:\/\/lafourneedoree.fr\/en-ca\/\">https:\/\/www.lafourneedoree.fr\/au\/<\/a> is updated regularly. Similarly, the legal notices may be modified at any time: they are nevertheless binding on the user, who is invited to refer to them as often as possible to become aware of them.<\/p>\n\n\n\n<ol start=\"3\" class=\"wp-block-list\">\n<li><strong>Description of Services Provided<\/strong><\/li>\n<\/ol>\n\n\n\n<p>The site <a href=\"https:\/\/lafourneedoree.fr\/en-ca\/\">https:\/\/www.lafourneedoree.fr\/au\/<\/a> aims to provide information concerning all of the company\u2019s activities. La Fourn\u00e9e Dor\u00e9e strives to provide the site <a href=\"https:\/\/lafourneedoree.fr\/en-ca\/\">https:\/\/www.lafourneedoree.fr\/au\/<\/a> with information as accurate as possible. However, the company cannot be held responsible for omissions, inaccuracies, and deficiencies in the update, whether they are its fault or the fault of third parties who provide this information. All the information indicated on the site <a href=\"https:\/\/lafourneedoree.fr\/en-ca\/\">https:\/\/www.lafourneedoree.fr\/au\/<\/a> is given as an indication and is likely to evolve. Furthermore, the information on the site is not exhaustive. They are given subject to modifications that have been made since they were put online. The content of the site <a href=\"https:\/\/lafourneedoree.fr\/en-ca\/\">https:\/\/www.lafourneedoree.fr\/au\/<\/a> is delivered \u201cas is\u201d without any guarantee or declaration, whether implicit or explicit. In particular, it does not include any implicit warranty or condition of merchantability, fitness for a particular purpose, or non-infringement.<\/p>\n\n\n\n<ol start=\"4\" class=\"wp-block-list\">\n<li><strong>Contractual Limitations on Technical Data<\/strong><\/li>\n<\/ol>\n\n\n\n<p>The website cannot be held responsible for material damage related to the use of the site. In addition, the user of the site agrees to access the site using recent equipment, free of viruses, and with an updated latest-generation browser.<\/p>\n\n\n\n<ol start=\"5\" class=\"wp-block-list\">\n<li><strong>Prohibited Uses<\/strong><\/li>\n<\/ol>\n\n\n\n<p>It is prohibited to use the site <a href=\"https:\/\/lafourneedoree.fr\/en-ca\/\">https:\/\/www.lafourneedoree.fr\/au\/<\/a> to defame, harass, pursue, threaten, abuse, or otherwise violate the rights of others as defined by applicable law. It is prohibited to use a device, mechanism, software, or other script that could disrupt the operation of the site <a href=\"https:\/\/lafourneedoree.fr\/en-ca\/\">https:\/\/www.lafourneedoree.fr\/au\/<\/a>. It is prohibited to harm or interfere with the operation of this site or the computers and software of La Fourn\u00e9e Dor\u00e9e or other persons in any way, including, without limitation, by uploading, downloading, or transmitting corrupted files or computer viruses. It is prohibited to overload the infrastructure of the site <a href=\"https:\/\/lafourneedoree.fr\/en-ca\/\">https:\/\/www.lafourneedoree.fr\/au\/<\/a>. It is prohibited to block, overwrite, modify the content of the site, or interfere in any way with its content. It is prohibited to obtain or attempt to obtain unauthorized access to the site <a href=\"https:\/\/lafourneedoree.fr\/en-ca\/\">https:\/\/www.lafourneedoree.fr\/au\/<\/a> or to use a false password or personal identification number when logging into this site or to misrepresent your identity or authority on behalf of another person. If the user encounters content that is clearly illegal and escapes the notice of La Fourn\u00e9e Dor\u00e9e, they should report it as soon as possible by writing to the following email address: contact@lafourneedoree.fr.<\/p>\n\n\n\n<ol start=\"6\" class=\"wp-block-list\">\n<li><strong>Intellectual Property and Counterfeiting<\/strong><\/li>\n<\/ol>\n\n\n\n<p>La Fourn\u00e9e Dor\u00e9e owns the intellectual property rights or holds the usage rights on all elements accessible on the site, including texts, images, graphics, logos, icons, sounds, and software. Any reproduction, representation, modification, publication, adaptation of all or part of the elements of the site, regardless of the means or process used, is prohibited without prior written permission from La Fourn\u00e9e Dor\u00e9e. Any unauthorized use of the site or any of the elements it contains will be considered an infringement and prosecuted in accordance with the provisions of Articles L.335-2 and following of the Intellectual Property Code. Photographs and other illustrations available on the site are not free of rights. They can only be used with the agreement of the companies and authors mentioned in the photo credits. The use of the La Fourn\u00e9e Dor\u00e9e logo cannot be done without prior authorization from La Fourn\u00e9e Dor\u00e9e.<\/p>\n\n\n\n<ol start=\"7\" class=\"wp-block-list\">\n<li><strong>Limitations of Liability<\/strong><\/li>\n<\/ol>\n\n\n\n<p>La Fourn\u00e9e Dor\u00e9e cannot be held responsible for direct and indirect damage caused to the user\u2019s equipment when accessing the site, resulting either from the use of equipment that does not meet the specifications indicated in point 4, or from the appearance of a bug, virus, or incompatibility. La Fourn\u00e9e Dor\u00e9e will also not be liable for indirect damages (such as a loss of market or loss of opportunity) resulting from the use of the site <a href=\"https:\/\/lafourneedoree.fr\/en-ca\/\">https:\/\/www.lafourneedoree.fr\/au\/<\/a>.<\/p>\n\n\n\n<ol start=\"8\" class=\"wp-block-list\">\n<li><strong>Management of Personal Data<\/strong><\/li>\n<\/ol>\n\n\n\n<p>During the use of the site <a href=\"https:\/\/lafourneedoree.fr\/en-ca\/\">https:\/\/www.lafourneedoree.fr\/au\/<\/a>, the following may be collected: the URL of the links through which the user accessed the site <a href=\"https:\/\/lafourneedoree.fr\/en-ca\/\">https:\/\/www.lafourneedoree.fr\/au\/<\/a>, the user\u2019s Internet service provider, and the user\u2019s Internet Protocol (IP) address. In any case, La Fourn\u00e9e Dor\u00e9e only collects personal information (name, first name, email address, postal address, telephone contact details, etc.) about the user for the need of certain services offered by the site <a href=\"https:\/\/lafourneedoree.fr\/en-ca\/\">https:\/\/www.lafourneedoree.fr\/au\/<\/a>. The user provides this information with full knowledge of the facts, especially when they enter it themselves. It is then specified to the user of the site <a href=\"https:\/\/lafourneedoree.fr\/en-ca\/\">https:\/\/www.lafourneedoree.fr\/au\/<\/a> whether or not to provide this information. In accordance with the provisions of the General Data Protection Regulation (EU Regulation 2016\/679), any user has the right to access, rectify, and oppose personal data concerning them, by making a written and signed request, accompanied by a copy of the identity document with the signature of the document holder, specifying the address to which the response must be sent, to: La Fourn\u00e9e Dor\u00e9e ZA Sud des Achards CS 60014 \u2013 6 Rue de l\u2019Oc\u00e9an 85150 LES ACHARDS or through the support service: dpo@lafourneedoree.fr No personal information of the user of the site <a href=\"https:\/\/lafourneedoree.fr\/en-ca\/\">https:\/\/www.lafourneedoree.fr\/au\/<\/a> is published without the user\u2019s knowledge, exchanged, transferred, assigned, or sold on any medium to third parties, except in the case of a legal obligation and except to its IT service providers, including the host. Only the assumption of the purchase of La Fourn\u00e9e Dor\u00e9e and its rights would allow the transmission of the said information to the potential buyer who would, in turn, be bound by the same obligation to preserve and modify data with respect to the user of the site <a href=\"https:\/\/lafourneedoree.fr\/en-ca\/\">https:\/\/www.lafourneedoree.fr\/au\/<\/a> . La Fourn\u00e9e Dor\u00e9e retains personal data only for the time necessary for the purposes for which it was collected. However, it may be used later for statistical purposes. The company also reserves the right to archive the personal data it may have collected for the duration of the prescription of liability actions or the legal duration of document retention for accounting and tax purposes. In addition, this data may be used by La Fourn\u00e9e Dor\u00e9e for commercial prospecting purposes for a period of three years from the last connection of the user.<\/p>\n\n\n\n<ol start=\"9\" class=\"wp-block-list\">\n<li><strong>Cookies<\/strong><\/li>\n<\/ol>\n\n\n\n<p>Browsing the site <a href=\"https:\/\/lafourneedoree.fr\/en-ca\/\">https:\/\/www.lafourneedoree.fr\/au\/<\/a> may result in the installation of cookie(s) on the user\u2019s computer. A cookie is a small file that does not allow the user to be identified but records information related to the navigation of a computer on a site.<\/p>\n\n\n\n<div style=\"height:150px\" aria-hidden=\"true\" class=\"wp-block-spacer\"><\/div>\n","protected":false},"excerpt":{"rendered":"<p>In accordance with Article 6 of Law No. 2004-575 of June 21, 2004, for confidence in the digital economy, the identity of the various parties involved in its creation and monitoring is specified to users of the site https:\/\/www.lafourneedoree.fr\/au\/: Ownership: La Fourn\u00e9e Dor\u00e9e ZA Sud des Achards CS 60014 \u2013 6 Rue de l\u2019Oc\u00e9an 85150&hellip;&nbsp;<a href=\"https:\/\/www.lafourneedoree.fr\/au\/terms-and-conditions\/\" rel=\"bookmark\"><span class=\"screen-reader-text\">Terms and conditions<\/span><\/a><\/p>\n","protected":false},"author":1,"featured_media":0,"parent":0,"menu_order":0,"comment_status":"closed","ping_status":"closed","template":"","meta":{"_acf_changed":false,"neve_meta_sidebar":"","neve_meta_container":"","neve_meta_enable_content_width":"","neve_meta_content_width":0,"neve_meta_title_alignment":"","neve_meta_author_avatar":"","neve_post_elements_order":"","neve_meta_disable_header":"","neve_meta_disable_footer":"","neve_meta_disable_title":"","neve_meta_reading_time":"","_themeisle_gutenberg_block_has_review":false,"footnotes":""},"class_list":["post-19431","page","type-page","status-publish","hentry"],"acf":[],"yoast_head":"<!-- This site is optimized with the Yoast SEO plugin v26.0 - https:\/\/yoast.com\/wordpress\/plugins\/seo\/ -->\n<title>Terms and conditions - La Fourn\u00e9e Dor\u00e9e - La saveur retrouv\u00e9e<\/title>\n<meta name=\"robots\" content=\"index, follow, max-snippet:-1, max-image-preview:large, max-video-preview:-1\" \/>\n<link rel=\"canonical\" href=\"https:\/\/www.lafourneedoree.fr\/au\/terms-and-conditions\/\" \/>\n<meta property=\"og:locale\" content=\"en_US\" \/>\n<meta property=\"og:type\" content=\"article\" \/>\n<meta property=\"og:title\" content=\"Terms and conditions - La Fourn\u00e9e Dor\u00e9e - La saveur retrouv\u00e9e\" \/>\n<meta property=\"og:description\" content=\"In accordance with Article 6 of Law No. 2004-575 of June 21, 2004, for confidence in the digital economy, the identity of the various parties involved in its creation and monitoring is specified to users of the site https:\/\/www.lafourneedoree.fr\/au\/: Ownership: La Fourn\u00e9e Dor\u00e9e ZA Sud des Achards CS 60014 \u2013 6 Rue de l\u2019Oc\u00e9an 85150&hellip;&nbsp;Terms and conditions\" \/>\n<meta property=\"og:url\" content=\"https:\/\/www.lafourneedoree.fr\/au\/terms-and-conditions\/\" \/>\n<meta property=\"og:site_name\" content=\"La Fourn\u00e9e Dor\u00e9e - La saveur retrouv\u00e9e\" \/>\n<meta property=\"article:modified_time\" content=\"2026-01-28T10:45:27+00:00\" \/>\n<meta name=\"twitter:card\" content=\"summary_large_image\" \/>\n<meta name=\"twitter:label1\" content=\"Est. reading time\" \/>\n\t<meta name=\"twitter:data1\" content=\"7 minutes\" \/>\n<script type=\"application\/ld+json\" class=\"yoast-schema-graph\">{\"@context\":\"https:\/\/schema.org\",\"@graph\":[{\"@type\":\"WebPage\",\"@id\":\"https:\/\/www.lafourneedoree.fr\/au\/terms-and-conditions\/\",\"url\":\"https:\/\/www.lafourneedoree.fr\/au\/terms-and-conditions\/\",\"name\":\"Terms and conditions - La Fourn\u00e9e Dor\u00e9e - La saveur retrouv\u00e9e\",\"isPartOf\":{\"@id\":\"https:\/\/www.lafourneedoree.fr\/#website\"},\"datePublished\":\"2025-10-16T13:05:08+00:00\",\"dateModified\":\"2026-01-28T10:45:27+00:00\",\"breadcrumb\":{\"@id\":\"https:\/\/www.lafourneedoree.fr\/au\/terms-and-conditions\/#breadcrumb\"},\"inLanguage\":\"au-EN\",\"potentialAction\":[{\"@type\":\"ReadAction\",\"target\":[\"https:\/\/www.lafourneedoree.fr\/au\/terms-and-conditions\/\"]}]},{\"@type\":\"BreadcrumbList\",\"@id\":\"https:\/\/www.lafourneedoree.fr\/au\/terms-and-conditions\/#breadcrumb\",\"itemListElement\":[{\"@type\":\"ListItem\",\"position\":1,\"name\":\"La Fourn\u00e9e Dor\u00e9e\",\"item\":\"https:\/\/www.lafourneedoree.fr\/au\/\"},{\"@type\":\"ListItem\",\"position\":2,\"name\":\"Terms and conditions\"}]},{\"@type\":\"WebSite\",\"@id\":\"https:\/\/www.lafourneedoree.fr\/#website\",\"url\":\"https:\/\/www.lafourneedoree.fr\/\",\"name\":\"La Fourn\u00e9e Dor\u00e9e - La saveur retrouv\u00e9e\",\"description\":\"\",\"potentialAction\":[{\"@type\":\"SearchAction\",\"target\":{\"@type\":\"EntryPoint\",\"urlTemplate\":\"https:\/\/www.lafourneedoree.fr\/?s={search_term_string}\"},\"query-input\":{\"@type\":\"PropertyValueSpecification\",\"valueRequired\":true,\"valueName\":\"search_term_string\"}}],\"inLanguage\":\"au-EN\"}]}<\/script>\n<!-- \/ Yoast SEO plugin. -->","yoast_head_json":{"title":"Terms and conditions - La Fourn\u00e9e Dor\u00e9e - La saveur retrouv\u00e9e","robots":{"index":"index","follow":"follow","max-snippet":"max-snippet:-1","max-image-preview":"max-image-preview:large","max-video-preview":"max-video-preview:-1"},"canonical":"https:\/\/www.lafourneedoree.fr\/au\/terms-and-conditions\/","og_locale":"en_US","og_type":"article","og_title":"Terms and conditions - La Fourn\u00e9e Dor\u00e9e - La saveur retrouv\u00e9e","og_description":"In accordance with Article 6 of Law No. 2004-575 of June 21, 2004, for confidence in the digital economy, the identity of the various parties involved in its creation and monitoring is specified to users of the site https:\/\/www.lafourneedoree.fr\/au\/: Ownership: La Fourn\u00e9e Dor\u00e9e ZA Sud des Achards CS 60014 \u2013 6 Rue de l\u2019Oc\u00e9an 85150&hellip;&nbsp;Terms and conditions","og_url":"https:\/\/www.lafourneedoree.fr\/au\/terms-and-conditions\/","og_site_name":"La Fourn\u00e9e Dor\u00e9e - La saveur retrouv\u00e9e","article_modified_time":"2026-01-28T10:45:27+00:00","twitter_card":"summary_large_image","twitter_misc":{"Est. reading time":"7 minutes"},"schema":{"@context":"https:\/\/schema.org","@graph":[{"@type":"WebPage","@id":"https:\/\/www.lafourneedoree.fr\/au\/terms-and-conditions\/","url":"https:\/\/www.lafourneedoree.fr\/au\/terms-and-conditions\/","name":"Terms and conditions - La Fourn\u00e9e Dor\u00e9e - La saveur retrouv\u00e9e","isPartOf":{"@id":"https:\/\/www.lafourneedoree.fr\/#website"},"datePublished":"2025-10-16T13:05:08+00:00","dateModified":"2026-01-28T10:45:27+00:00","breadcrumb":{"@id":"https:\/\/www.lafourneedoree.fr\/au\/terms-and-conditions\/#breadcrumb"},"inLanguage":"au-EN","potentialAction":[{"@type":"ReadAction","target":["https:\/\/www.lafourneedoree.fr\/au\/terms-and-conditions\/"]}]},{"@type":"BreadcrumbList","@id":"https:\/\/www.lafourneedoree.fr\/au\/terms-and-conditions\/#breadcrumb","itemListElement":[{"@type":"ListItem","position":1,"name":"La Fourn\u00e9e Dor\u00e9e","item":"https:\/\/www.lafourneedoree.fr\/au\/"},{"@type":"ListItem","position":2,"name":"Terms and conditions"}]},{"@type":"WebSite","@id":"https:\/\/www.lafourneedoree.fr\/#website","url":"https:\/\/www.lafourneedoree.fr\/","name":"La Fourn\u00e9e Dor\u00e9e - La saveur retrouv\u00e9e","description":"","potentialAction":[{"@type":"SearchAction","target":{"@type":"EntryPoint","urlTemplate":"https:\/\/www.lafourneedoree.fr\/?s={search_term_string}"},"query-input":{"@type":"PropertyValueSpecification","valueRequired":true,"valueName":"search_term_string"}}],"inLanguage":"au-EN"}]}},"_links":{"self":[{"href":"https:\/\/www.lafourneedoree.fr\/au\/wp-json\/wp\/v2\/pages\/19431","targetHints":{"allow":["GET"]}}],"collection":[{"href":"https:\/\/www.lafourneedoree.fr\/au\/wp-json\/wp\/v2\/pages"}],"about":[{"href":"https:\/\/www.lafourneedoree.fr\/au\/wp-json\/wp\/v2\/types\/page"}],"author":[{"embeddable":true,"href":"https:\/\/www.lafourneedoree.fr\/au\/wp-json\/wp\/v2\/users\/1"}],"replies":[{"embeddable":true,"href":"https:\/\/www.lafourneedoree.fr\/au\/wp-json\/wp\/v2\/comments?post=19431"}],"version-history":[{"count":3,"href":"https:\/\/www.lafourneedoree.fr\/au\/wp-json\/wp\/v2\/pages\/19431\/revisions"}],"predecessor-version":[{"id":19435,"href":"https:\/\/www.lafourneedoree.fr\/au\/wp-json\/wp\/v2\/pages\/19431\/revisions\/19435"}],"wp:attachment":[{"href":"https:\/\/www.lafourneedoree.fr\/au\/wp-json\/wp\/v2\/media?parent=19431"}],"curies":[{"name":"wp","href":"https:\/\/api.w.org\/{rel}","templated":true}]}}