{"id":18119,"date":"2025-10-16T12:02:40","date_gmt":"2025-10-16T10:02:40","guid":{"rendered":"http:\/\/preprod.lafourneedoree.fr\/our-story\/"},"modified":"2026-02-27T10:42:56","modified_gmt":"2026-02-27T09:42:56","slug":"our-story","status":"publish","type":"page","link":"https:\/\/www.lafourneedoree.fr\/en-CA\/our-story\/","title":{"rendered":"Our Story"},"content":{"rendered":"\n<div id=\"wp-block-themeisle-blocks-advanced-columns-2c099ba2\" class=\"wp-block-themeisle-blocks-advanced-columns alignfull has-1-columns has-desktop-equal-layout has-tablet-equal-layout has-mobile-equal-layout has-vertical-unset dentele\"><div class=\"wp-block-themeisle-blocks-advanced-columns-overlay\"><\/div><div class=\"innerblocks-wrap\">\n<div id=\"wp-block-themeisle-blocks-advanced-column-cbab418a\" class=\"wp-block-themeisle-blocks-advanced-column\">\n<div id=\"wp-block-themeisle-blocks-advanced-columns-e44f5343\" class=\"wp-block-themeisle-blocks-advanced-columns has-1-columns has-desktop-equal-layout has-tablet-equal-layout has-mobile-equal-layout has-vertical-unset\"><div class=\"wp-block-themeisle-blocks-advanced-columns-overlay\"><\/div><div class=\"innerblocks-wrap\">\n<div id=\"wp-block-themeisle-blocks-advanced-column-689a75a8\" class=\"wp-block-themeisle-blocks-advanced-column\"><div class=\"yoast-breadcrumbs ticss-60825abe\"><span><span><a href=\"https:\/\/www.lafourneedoree.fr\/en-CA\/\">La Fourn\u00e9e Dor\u00e9e<\/a><\/span> \u00bb <span class=\"breadcrumb_last\" aria-current=\"page\">Our Story<\/span><\/span><\/div><\/div>\n<\/div><\/div>\n\n\n\n<h1 class=\"wp-block-heading has-text-align-center has-nv-text-dark-bg-color has-text-color has-link-color wp-elements-92a3dc70bd18e104158dc7c4a245f5bc\">Our Story<\/h1>\n<\/div>\n<\/div><\/div>\n\n\n\n<div id=\"wp-block-themeisle-blocks-advanced-columns-b443069e\" class=\"wp-block-themeisle-blocks-advanced-columns alignfull has-1-columns has-desktop-equal-layout has-tablet-equal-layout has-mobile-equal-layout has-vertical-unset ticss-b443069e\"><div class=\"wp-block-themeisle-blocks-advanced-columns-overlay\"><\/div><div class=\"innerblocks-wrap\">\n<div id=\"wp-block-themeisle-blocks-advanced-column-91a53210\" class=\"wp-block-themeisle-blocks-advanced-column\"><div class=\"wp-block-image\">\n<figure class=\"aligncenter size-full\"><img loading=\"lazy\" decoding=\"async\" width=\"983\" height=\"599\" src=\"https:\/\/www.lafourneedoree.fr\/wp-content\/uploads\/2026\/01\/Canada-our-story-4-983x599-1.png\" alt=\"\" class=\"wp-image-18093\" srcset=\"https:\/\/www.lafourneedoree.fr\/wp-content\/uploads\/2026\/01\/Canada-our-story-4-983x599-1.png 983w, https:\/\/www.lafourneedoree.fr\/wp-content\/uploads\/2026\/01\/Canada-our-story-4-983x599-1-300x183.png 300w, https:\/\/www.lafourneedoree.fr\/wp-content\/uploads\/2026\/01\/Canada-our-story-4-983x599-1-768x468.png 768w\" sizes=\"auto, (max-width: 983px) 100vw, 983px\" \/><\/figure>\n<\/div><\/div>\n<\/div><\/div>\n\n\n\n<div id=\"wp-block-themeisle-blocks-advanced-columns-c5f6acb0\" class=\"wp-block-themeisle-blocks-advanced-columns alignfull has-1-columns has-desktop-equal-layout has-tablet-equal-layout has-mobile-equal-layout has-vertical-unset\"><div class=\"wp-block-themeisle-blocks-advanced-columns-overlay\"><\/div><div class=\"innerblocks-wrap\">\n<div id=\"wp-block-themeisle-blocks-advanced-column-d671c106\" class=\"wp-block-themeisle-blocks-advanced-column\"><\/div>\n<\/div><\/div>\n\n\n\n<div id=\"wp-block-themeisle-blocks-advanced-columns-17e0ee01\" class=\"wp-block-themeisle-blocks-advanced-columns alignfull has-2-columns has-desktop-equal-layout has-tablet-equal-layout has-mobile-collapsedRows-layout has-vertical-unset ticss-17e0ee01\"><div class=\"wp-block-themeisle-blocks-advanced-columns-overlay\"><\/div><div class=\"innerblocks-wrap\">\n<div id=\"wp-block-themeisle-blocks-advanced-column-2e906490\" class=\"wp-block-themeisle-blocks-advanced-column\"><div class=\"wp-block-image\">\n<figure class=\"aligncenter size-full is-resized\"><img loading=\"lazy\" decoding=\"async\" width=\"568\" height=\"724\" src=\"https:\/\/www.lafourneedoree.fr\/wp-content\/uploads\/2026\/01\/Canada-our-story-1.png\" alt=\"\" class=\"wp-image-18099\" style=\"width:400px\" srcset=\"https:\/\/www.lafourneedoree.fr\/wp-content\/uploads\/2026\/01\/Canada-our-story-1.png 568w, https:\/\/www.lafourneedoree.fr\/wp-content\/uploads\/2026\/01\/Canada-our-story-1-235x300.png 235w\" sizes=\"auto, (max-width: 568px) 100vw, 568px\" \/><\/figure>\n<\/div><\/div>\n\n\n\n<div id=\"wp-block-themeisle-blocks-advanced-column-199143bf\" class=\"wp-block-themeisle-blocks-advanced-column\">\n<span id=\"wp-block-themeisle-blocks-advanced-heading-8332e6e8\" class=\"wp-block-themeisle-blocks-advanced-heading wp-block-themeisle-blocks-advanced-heading-8332e6e8 bobby\"><mark class=\"has-inline-color has-neve-link-hover-color-color\"><strong>Let\u2019s speak<\/strong><br><strong>honestly,<\/strong><\/mark><br><mark class=\"has-inline-color has-custom-2-color\"><strong>from one gourmet<\/strong><br><strong>&nbsp;to another.<\/strong><\/mark><\/span>\n\n\n\n<p id=\"wp-block-themeisle-blocks-advanced-heading-c7fe0385\" class=\"wp-block-themeisle-blocks-advanced-heading wp-block-themeisle-blocks-advanced-heading-c7fe0385\"><strong>We can be rather like sweet or rather like salty, but when it comes to quality, no more squabbling: we all want the best for ourselves and for our children!<\/strong><\/p>\n<\/div>\n<\/div><\/div>\n\n\n\n<div id=\"wp-block-themeisle-blocks-advanced-columns-c96f1dff\" class=\"wp-block-themeisle-blocks-advanced-columns alignfull has-1-columns has-desktop-equal-layout has-tablet-equal-layout has-mobile-equal-layout has-vertical-unset ticss-1ec2d4da\"><div class=\"wp-block-themeisle-blocks-advanced-columns-overlay\"><\/div><div class=\"innerblocks-wrap\">\n<div id=\"wp-block-themeisle-blocks-advanced-column-d5d417f0\" class=\"wp-block-themeisle-blocks-advanced-column\">\n<h2 class=\"wp-block-heading has-text-align-center bobby has-custom-3-color has-text-color has-link-color wp-elements-30eea32a42ccbf2db348558991b8f545\" id=\"bobby\">The very best \u2013 that\u2019s exactly<\/h2>\n\n\n\n<span id=\"wp-block-themeisle-blocks-advanced-heading-72317e2d\" class=\"wp-block-themeisle-blocks-advanced-heading wp-block-themeisle-blocks-advanced-heading-72317e2d bobby\">what we stand for, both in Canada and in France!<\/span>\n\n\n\n<p class=\"has-text-align-center has-custom-2-color has-text-color has-link-color wp-elements-6fd11468ba718909c3f5a2d8c187aee9\">Quality and indulgence are at the heart of our commitment on both sides of the Atlantic.<br>With the integration of Boulangerie Lanthier, we are carrying on a unique know-how that blends artisanal tradition with innovation.<br>Whether it\u2019s brioche or chinois, we stay true to the authentic recipes that built our reputation, while adapting them to the tastes and expectations of Canadians.<br>Because we believe the best moments are shared around wholesome, natural ingredients, we work every day to elevate our baking and pastry-making tradition \u2014 to bring you the very best of indulgence!  <\/p>\n<\/div>\n<\/div><\/div>\n\n\n\n<div id=\"wp-block-themeisle-blocks-advanced-columns-b8fda84f\" class=\"wp-block-themeisle-blocks-advanced-columns alignfull has-2-columns has-desktop-equal-layout has-tablet-equal-layout has-mobile-collapsedRows-layout has-vertical-unset ticss-b8fda84f\"><div class=\"wp-block-themeisle-blocks-advanced-columns-overlay\"><\/div><div class=\"innerblocks-wrap\">\n<div id=\"wp-block-themeisle-blocks-advanced-column-6361e474\" class=\"wp-block-themeisle-blocks-advanced-column\"><div class=\"wp-block-image\">\n<figure class=\"aligncenter size-full\"><img loading=\"lazy\" decoding=\"async\" width=\"711\" height=\"606\" src=\"https:\/\/www.lafourneedoree.fr\/wp-content\/uploads\/2026\/01\/Canada-our-story-3.png\" alt=\"\" class=\"wp-image-18107\" srcset=\"https:\/\/www.lafourneedoree.fr\/wp-content\/uploads\/2026\/01\/Canada-our-story-3.png 711w, https:\/\/www.lafourneedoree.fr\/wp-content\/uploads\/2026\/01\/Canada-our-story-3-300x256.png 300w\" sizes=\"auto, (max-width: 711px) 100vw, 711px\" \/><\/figure>\n<\/div><\/div>\n\n\n\n<div id=\"wp-block-themeisle-blocks-advanced-column-3cea3056\" class=\"wp-block-themeisle-blocks-advanced-column\">\n<h2 class=\"wp-block-heading has-text-align-left bobby has-custom-3-color has-text-color has-link-color wp-elements-4c09ab32663562576fde5f556c920f84\" id=\"bobby\">Our home <br>is our bakehouse.<\/h2>\n\n\n\n<span id=\"wp-block-themeisle-blocks-advanced-heading-f1503d0c\" class=\"wp-block-themeisle-blocks-advanced-heading wp-block-themeisle-blocks-advanced-heading-f1503d0c bobby\">Our secret is transmission.<br>Our expertise is authenticity.<br>And our desire is to make you happy!<\/span>\n\n\n\n<p>That\u2019s why, in our bakeries in both Canada and France,we nurtureour know-how,we constantly refine our recipes, and we stay curious and open to new ideas\u2026 But most of all, we roll up our sleeves, get our hands in the flour, and make real commitments to help you relive,in just one bite,the good old moments of the past.<\/p>\n<\/div>\n<\/div><\/div>\n\n\n\n<div id=\"wp-block-themeisle-blocks-advanced-columns-696ab84e\" class=\"wp-block-themeisle-blocks-advanced-columns alignfull has-3-columns has-desktop-equal-layout has-tablet-equal-layout has-mobile-collapsedRows-layout has-vertical-unset ticss-404dba7c\"><div class=\"wp-block-themeisle-blocks-advanced-columns-overlay\"><\/div><div class=\"innerblocks-wrap\">\n<div id=\"wp-block-themeisle-blocks-advanced-column-b14c2fa3\" class=\"wp-block-themeisle-blocks-advanced-column\">\n<div class=\"wp-block-group has-nv-c-1-background-color has-background is-vertical is-content-justification-center is-layout-flex wp-container-core-group-is-layout-ec4083d0 wp-block-group-is-layout-flex\" style=\"border-radius:20px;padding-top:var(--wp--preset--spacing--60);padding-right:var(--wp--preset--spacing--70);padding-bottom:var(--wp--preset--spacing--60);padding-left:var(--wp--preset--spacing--70)\"><div class=\"wp-block-image\">\n<figure class=\"aligncenter size-full\"><img loading=\"lazy\" decoding=\"async\" width=\"120\" height=\"121\" src=\"https:\/\/www.lafourneedoree.fr\/wp-content\/uploads\/2025\/10\/Groupe-43.png\" alt=\"\" class=\"wp-image-18146\" \/><\/figure>\n<\/div>\n\n\n<div style=\"height:100px\" aria-hidden=\"true\" class=\"wp-block-spacer wp-container-content-16d1eb73\"><\/div>\n\n\n\n<span id=\"wp-block-themeisle-blocks-advanced-heading-9f898970\" class=\"wp-block-themeisle-blocks-advanced-heading wp-block-themeisle-blocks-advanced-heading-9f898970\"><strong>Quality &amp; traceability<\/strong><\/span>\n\n\n\n<h3 id=\"wp-block-themeisle-blocks-advanced-heading-40e5744f\" class=\"wp-block-themeisle-blocks-advanced-heading wp-block-themeisle-blocks-advanced-heading-40e5744f\">LOOKING FOR AUTHENTICITY<\/h3>\n\n\n\n<p class=\"has-text-align-center has-custom-1-color has-text-color has-link-color wp-elements-39c22f9a4ebfcc54b575b09c6d3bfafe\" style=\"padding-top:5px;font-size:17px\">What could be better than serious quality commitments to keep our products seriously delicious?<\/p>\n<\/div>\n<\/div>\n\n\n\n<div id=\"wp-block-themeisle-blocks-advanced-column-345a84a5\" class=\"wp-block-themeisle-blocks-advanced-column\">\n<div class=\"wp-block-group has-custom-4-background-color has-background is-vertical is-content-justification-center is-layout-flex wp-container-core-group-is-layout-ec4083d0 wp-block-group-is-layout-flex\" style=\"border-radius:20px;padding-top:var(--wp--preset--spacing--60);padding-right:var(--wp--preset--spacing--70);padding-bottom:var(--wp--preset--spacing--60);padding-left:var(--wp--preset--spacing--70)\"><div class=\"wp-block-image\">\n<figure class=\"aligncenter size-full\"><img loading=\"lazy\" decoding=\"async\" width=\"120\" height=\"121\" src=\"https:\/\/www.lafourneedoree.fr\/wp-content\/uploads\/2025\/10\/Groupe-44.png\" alt=\"\" class=\"wp-image-18145\" \/><\/figure>\n<\/div>\n\n\n<div style=\"height:0px\" aria-hidden=\"true\" class=\"wp-block-spacer wp-container-content-16d1eb73\"><\/div>\n\n\n\n<span id=\"wp-block-themeisle-blocks-advanced-heading-7f3d7986\" class=\"wp-block-themeisle-blocks-advanced-heading wp-block-themeisle-blocks-advanced-heading-7f3d7986\"><strong>SUSTAINABLE DEVELOPMENT<\/strong><\/span>\n\n\n\n<h3 id=\"wp-block-themeisle-blocks-advanced-heading-45ca99b5\" class=\"wp-block-themeisle-blocks-advanced-heading wp-block-themeisle-blocks-advanced-heading-45ca99b5\">PRESERVE THE FUTURE<\/h3>\n\n\n\n<p class=\"has-text-align-center has-custom-1-color has-text-color has-link-color wp-elements-37b2df50bae453e381935fb15196675e\" style=\"padding-top:5px;font-size:17px\">Because we all want to live on a beautiful planet which lasts, we stand for sustainable development through specific actions.<\/p>\n<\/div>\n<\/div>\n\n\n\n<div id=\"wp-block-themeisle-blocks-advanced-column-b7a1843e\" class=\"wp-block-themeisle-blocks-advanced-column\">\n<div class=\"wp-block-group has-custom-3-background-color has-background is-vertical is-content-justification-center is-layout-flex wp-container-core-group-is-layout-ec4083d0 wp-block-group-is-layout-flex\" style=\"border-radius:20px;padding-top:var(--wp--preset--spacing--60);padding-right:var(--wp--preset--spacing--70);padding-bottom:var(--wp--preset--spacing--60);padding-left:var(--wp--preset--spacing--70)\"><div class=\"wp-block-image\">\n<figure class=\"aligncenter size-full\"><img loading=\"lazy\" decoding=\"async\" width=\"120\" height=\"121\" src=\"https:\/\/www.lafourneedoree.fr\/wp-content\/uploads\/2025\/10\/Groupe-45.png\" alt=\"\" class=\"wp-image-18144\" \/><\/figure>\n<\/div>\n\n\n<div style=\"height:0px\" aria-hidden=\"true\" class=\"wp-block-spacer wp-container-content-16d1eb73\"><\/div>\n\n\n\n<span id=\"wp-block-themeisle-blocks-advanced-heading-4ca3b9b6\" class=\"wp-block-themeisle-blocks-advanced-heading wp-block-themeisle-blocks-advanced-heading-4ca3b9b6\"><strong>HUMAN ASPECT<\/strong><\/span>\n\n\n\n<h3 id=\"wp-block-themeisle-blocks-advanced-heading-a6c2c29e\" class=\"wp-block-themeisle-blocks-advanced-heading wp-block-themeisle-blocks-advanced-heading-a6c2c29e\">HAVING A GOOD HEART<\/h3>\n\n\n\n<p class=\"has-text-align-center has-custom-1-color has-text-color has-link-color wp-elements-2ee6914bca571d136a6be5d09d4c0b1b\" style=\"padding-top:5px;font-size:18px\">Dreaming of a respectful and generous company is good. Doing everything so everyone can flourish in their work is better! <\/p>\n<\/div>\n<\/div>\n<\/div><\/div>\n","protected":false},"excerpt":{"rendered":"","protected":false},"author":2,"featured_media":0,"parent":0,"menu_order":0,"comment_status":"closed","ping_status":"closed","template":"","meta":{"_acf_changed":false,"neve_meta_sidebar":"","neve_meta_container":"","neve_meta_enable_content_width":"","neve_meta_content_width":0,"neve_meta_title_alignment":"","neve_meta_author_avatar":"","neve_post_elements_order":"","neve_meta_disable_header":"","neve_meta_disable_footer":"","neve_meta_disable_title":"on","neve_meta_reading_time":"","_themeisle_gutenberg_block_has_review":false,"footnotes":""},"class_list":["post-18119","page","type-page","status-publish","hentry"],"acf":[],"yoast_head":"<!-- This site is optimized with the Yoast SEO plugin v27.3 - https:\/\/yoast.com\/product\/yoast-seo-wordpress\/ -->\n<title>Our Story - La Fourn\u00e9e Dor\u00e9e - La saveur retrouv\u00e9e<\/title>\n<meta name=\"robots\" content=\"index, follow, max-snippet:-1, max-image-preview:large, max-video-preview:-1\" \/>\n<link rel=\"canonical\" href=\"https:\/\/www.lafourneedoree.fr\/en-CA\/our-story\/\" \/>\n<meta property=\"og:locale\" content=\"en_US\" \/>\n<meta property=\"og:type\" content=\"article\" \/>\n<meta property=\"og:title\" content=\"Our Story - La Fourn\u00e9e Dor\u00e9e - La saveur retrouv\u00e9e\" \/>\n<meta property=\"og:url\" content=\"https:\/\/www.lafourneedoree.fr\/en-CA\/our-story\/\" \/>\n<meta property=\"og:site_name\" content=\"La Fourn\u00e9e Dor\u00e9e - La saveur retrouv\u00e9e\" \/>\n<meta property=\"article:modified_time\" content=\"2026-02-27T09:42:56+00:00\" \/>\n<meta property=\"og:image\" content=\"https:\/\/www.lafourneedoree.fr\/wp-content\/uploads\/2026\/01\/Canada-our-story-4-983x599-1.png\" \/>\n\t<meta property=\"og:image:width\" content=\"983\" \/>\n\t<meta property=\"og:image:height\" content=\"599\" \/>\n\t<meta property=\"og:image:type\" content=\"image\/png\" \/>\n<meta name=\"twitter:card\" content=\"summary_large_image\" \/>\n<meta name=\"twitter:label1\" content=\"Est. reading time\" \/>\n\t<meta name=\"twitter:data1\" content=\"3 minutes\" \/>\n<script type=\"application\/ld+json\" class=\"yoast-schema-graph\">{\"@context\":\"https:\\\/\\\/schema.org\",\"@graph\":[{\"@type\":\"WebPage\",\"@id\":\"https:\\\/\\\/www.lafourneedoree.fr\\\/en-CA\\\/our-story\\\/\",\"url\":\"https:\\\/\\\/www.lafourneedoree.fr\\\/en-CA\\\/our-story\\\/\",\"name\":\"Our Story - La Fourn\u00e9e Dor\u00e9e - La saveur retrouv\u00e9e\",\"isPartOf\":{\"@id\":\"https:\\\/\\\/www.lafourneedoree.fr\\\/#website\"},\"primaryImageOfPage\":{\"@id\":\"https:\\\/\\\/www.lafourneedoree.fr\\\/en-CA\\\/our-story\\\/#primaryimage\"},\"image\":{\"@id\":\"https:\\\/\\\/www.lafourneedoree.fr\\\/en-CA\\\/our-story\\\/#primaryimage\"},\"thumbnailUrl\":\"https:\\\/\\\/www.lafourneedoree.fr\\\/wp-content\\\/uploads\\\/2026\\\/01\\\/Canada-our-story-4-983x599-1.png\",\"datePublished\":\"2025-10-16T10:02:40+00:00\",\"dateModified\":\"2026-02-27T09:42:56+00:00\",\"breadcrumb\":{\"@id\":\"https:\\\/\\\/www.lafourneedoree.fr\\\/en-CA\\\/our-story\\\/#breadcrumb\"},\"inLanguage\":\"ca-EN\",\"potentialAction\":[{\"@type\":\"ReadAction\",\"target\":[\"https:\\\/\\\/www.lafourneedoree.fr\\\/en-CA\\\/our-story\\\/\"]}]},{\"@type\":\"ImageObject\",\"inLanguage\":\"ca-EN\",\"@id\":\"https:\\\/\\\/www.lafourneedoree.fr\\\/en-CA\\\/our-story\\\/#primaryimage\",\"url\":\"https:\\\/\\\/www.lafourneedoree.fr\\\/wp-content\\\/uploads\\\/2026\\\/01\\\/Canada-our-story-4-983x599-1.png\",\"contentUrl\":\"https:\\\/\\\/www.lafourneedoree.fr\\\/wp-content\\\/uploads\\\/2026\\\/01\\\/Canada-our-story-4-983x599-1.png\"},{\"@type\":\"BreadcrumbList\",\"@id\":\"https:\\\/\\\/www.lafourneedoree.fr\\\/en-CA\\\/our-story\\\/#breadcrumb\",\"itemListElement\":[{\"@type\":\"ListItem\",\"position\":1,\"name\":\"La Fourn\u00e9e Dor\u00e9e\",\"item\":\"https:\\\/\\\/www.lafourneedoree.fr\\\/en-CA\\\/\"},{\"@type\":\"ListItem\",\"position\":2,\"name\":\"Our Story\"}]},{\"@type\":\"WebSite\",\"@id\":\"https:\\\/\\\/www.lafourneedoree.fr\\\/#website\",\"url\":\"https:\\\/\\\/www.lafourneedoree.fr\\\/\",\"name\":\"La Fourn\u00e9e Dor\u00e9e - La saveur retrouv\u00e9e\",\"description\":\"\",\"potentialAction\":[{\"@type\":\"SearchAction\",\"target\":{\"@type\":\"EntryPoint\",\"urlTemplate\":\"https:\\\/\\\/www.lafourneedoree.fr\\\/?s={search_term_string}\"},\"query-input\":{\"@type\":\"PropertyValueSpecification\",\"valueRequired\":true,\"valueName\":\"search_term_string\"}}],\"inLanguage\":\"ca-EN\"}]}<\/script>\n<!-- \/ Yoast SEO plugin. -->","yoast_head_json":{"title":"Our Story - La Fourn\u00e9e Dor\u00e9e - La saveur retrouv\u00e9e","robots":{"index":"index","follow":"follow","max-snippet":"max-snippet:-1","max-image-preview":"max-image-preview:large","max-video-preview":"max-video-preview:-1"},"canonical":"https:\/\/www.lafourneedoree.fr\/en-CA\/our-story\/","og_locale":"en_US","og_type":"article","og_title":"Our Story - La Fourn\u00e9e Dor\u00e9e - La saveur retrouv\u00e9e","og_url":"https:\/\/www.lafourneedoree.fr\/en-CA\/our-story\/","og_site_name":"La Fourn\u00e9e Dor\u00e9e - La saveur retrouv\u00e9e","article_modified_time":"2026-02-27T09:42:56+00:00","og_image":[{"width":983,"height":599,"url":"https:\/\/www.lafourneedoree.fr\/wp-content\/uploads\/2026\/01\/Canada-our-story-4-983x599-1.png","type":"image\/png"}],"twitter_card":"summary_large_image","twitter_misc":{"Est. reading time":"3 minutes"},"schema":{"@context":"https:\/\/schema.org","@graph":[{"@type":"WebPage","@id":"https:\/\/www.lafourneedoree.fr\/en-CA\/our-story\/","url":"https:\/\/www.lafourneedoree.fr\/en-CA\/our-story\/","name":"Our Story - La Fourn\u00e9e Dor\u00e9e - La saveur retrouv\u00e9e","isPartOf":{"@id":"https:\/\/www.lafourneedoree.fr\/#website"},"primaryImageOfPage":{"@id":"https:\/\/www.lafourneedoree.fr\/en-CA\/our-story\/#primaryimage"},"image":{"@id":"https:\/\/www.lafourneedoree.fr\/en-CA\/our-story\/#primaryimage"},"thumbnailUrl":"https:\/\/www.lafourneedoree.fr\/wp-content\/uploads\/2026\/01\/Canada-our-story-4-983x599-1.png","datePublished":"2025-10-16T10:02:40+00:00","dateModified":"2026-02-27T09:42:56+00:00","breadcrumb":{"@id":"https:\/\/www.lafourneedoree.fr\/en-CA\/our-story\/#breadcrumb"},"inLanguage":"ca-EN","potentialAction":[{"@type":"ReadAction","target":["https:\/\/www.lafourneedoree.fr\/en-CA\/our-story\/"]}]},{"@type":"ImageObject","inLanguage":"ca-EN","@id":"https:\/\/www.lafourneedoree.fr\/en-CA\/our-story\/#primaryimage","url":"https:\/\/www.lafourneedoree.fr\/wp-content\/uploads\/2026\/01\/Canada-our-story-4-983x599-1.png","contentUrl":"https:\/\/www.lafourneedoree.fr\/wp-content\/uploads\/2026\/01\/Canada-our-story-4-983x599-1.png"},{"@type":"BreadcrumbList","@id":"https:\/\/www.lafourneedoree.fr\/en-CA\/our-story\/#breadcrumb","itemListElement":[{"@type":"ListItem","position":1,"name":"La Fourn\u00e9e Dor\u00e9e","item":"https:\/\/www.lafourneedoree.fr\/en-CA\/"},{"@type":"ListItem","position":2,"name":"Our Story"}]},{"@type":"WebSite","@id":"https:\/\/www.lafourneedoree.fr\/#website","url":"https:\/\/www.lafourneedoree.fr\/","name":"La Fourn\u00e9e Dor\u00e9e - La saveur retrouv\u00e9e","description":"","potentialAction":[{"@type":"SearchAction","target":{"@type":"EntryPoint","urlTemplate":"https:\/\/www.lafourneedoree.fr\/?s={search_term_string}"},"query-input":{"@type":"PropertyValueSpecification","valueRequired":true,"valueName":"search_term_string"}}],"inLanguage":"ca-EN"}]}},"_links":{"self":[{"href":"https:\/\/www.lafourneedoree.fr\/en-CA\/wp-json\/wp\/v2\/pages\/18119","targetHints":{"allow":["GET"]}}],"collection":[{"href":"https:\/\/www.lafourneedoree.fr\/en-CA\/wp-json\/wp\/v2\/pages"}],"about":[{"href":"https:\/\/www.lafourneedoree.fr\/en-CA\/wp-json\/wp\/v2\/types\/page"}],"author":[{"embeddable":true,"href":"https:\/\/www.lafourneedoree.fr\/en-CA\/wp-json\/wp\/v2\/users\/2"}],"replies":[{"embeddable":true,"href":"https:\/\/www.lafourneedoree.fr\/en-CA\/wp-json\/wp\/v2\/comments?post=18119"}],"version-history":[{"count":14,"href":"https:\/\/www.lafourneedoree.fr\/en-CA\/wp-json\/wp\/v2\/pages\/18119\/revisions"}],"predecessor-version":[{"id":20416,"href":"https:\/\/www.lafourneedoree.fr\/en-CA\/wp-json\/wp\/v2\/pages\/18119\/revisions\/20416"}],"wp:attachment":[{"href":"https:\/\/www.lafourneedoree.fr\/en-CA\/wp-json\/wp\/v2\/media?parent=18119"}],"curies":[{"name":"wp","href":"https:\/\/api.w.org\/{rel}","templated":true}]}}