{"id":18126,"date":"2025-10-16T12:03:58","date_gmt":"2025-10-16T10:03:58","guid":{"rendered":"http:\/\/preprod.lafourneedoree.fr\/occasions\/"},"modified":"2026-01-20T12:00:03","modified_gmt":"2026-01-20T11:00:03","slug":"occasions","status":"publish","type":"page","link":"https:\/\/www.lafourneedoree.fr\/en-CA\/occasions\/","title":{"rendered":"Occasions"},"content":{"rendered":"\n<div id=\"wp-block-themeisle-blocks-advanced-columns-2c099ba2\" class=\"wp-block-themeisle-blocks-advanced-columns alignfull has-1-columns has-desktop-equal-layout has-tablet-equal-layout has-mobile-equal-layout has-vertical-unset dentele\"><div class=\"wp-block-themeisle-blocks-advanced-columns-overlay\"><\/div><div class=\"innerblocks-wrap\">\n<div id=\"wp-block-themeisle-blocks-advanced-column-cbab418a\" class=\"wp-block-themeisle-blocks-advanced-column\">\n<div id=\"wp-block-themeisle-blocks-advanced-columns-e44f5343\" class=\"wp-block-themeisle-blocks-advanced-columns has-1-columns has-desktop-equal-layout has-tablet-equal-layout has-mobile-equal-layout has-vertical-unset\"><div class=\"wp-block-themeisle-blocks-advanced-columns-overlay\"><\/div><div class=\"innerblocks-wrap\">\n<div id=\"wp-block-themeisle-blocks-advanced-column-689a75a8\" class=\"wp-block-themeisle-blocks-advanced-column\"><div class=\"yoast-breadcrumbs ticss-60825abe\"><span><span><a href=\"https:\/\/www.lafourneedoree.fr\/en-CA\/\">La Fourn\u00e9e Dor\u00e9e<\/a><\/span> \u00bb <span class=\"breadcrumb_last\" aria-current=\"page\">Occasions<\/span><\/span><\/div><\/div>\n<\/div><\/div>\n\n\n\n<h1 class=\"wp-block-heading has-text-align-center has-nv-text-dark-bg-color has-text-color has-link-color wp-elements-4ef9ccbcbcc506f9c7fd6b1068f0cf57\">Occasions<\/h1>\n<\/div>\n<\/div><\/div>\n\n\n\n<div id=\"wp-block-themeisle-blocks-advanced-columns-9e9becc2\" class=\"wp-block-themeisle-blocks-advanced-columns has-3-columns has-desktop-equal-layout has-tablet-equal-layout has-mobile-collapsedRows-layout has-vertical-unset\"><div class=\"wp-block-themeisle-blocks-advanced-columns-overlay\"><\/div><div class=\"innerblocks-wrap\">\n<div id=\"wp-block-themeisle-blocks-advanced-column-34006804\" class=\"wp-block-themeisle-blocks-advanced-column\"><div  class=\"search-filter-base search-filter-field search-filter-field--id-119 search-filter-field--type-choice search-filter-field--input-type-select search-filter-style--id-1 search-filter-style--choice-select products-filter-lfd\"  data-search-filter-id=\"119\" ><\/div>\n<\/div>\n\n\n\n<div id=\"wp-block-themeisle-blocks-advanced-column-4a44344b\" class=\"wp-block-themeisle-blocks-advanced-column\"><\/div>\n\n\n\n<div id=\"wp-block-themeisle-blocks-advanced-column-60e8a7b8\" class=\"wp-block-themeisle-blocks-advanced-column\"><\/div>\n<\/div><\/div>\n\n\n\n<div id=\"wp-block-themeisle-blocks-advanced-columns-4c1c56fd\" class=\"wp-block-themeisle-blocks-advanced-columns has-1-columns has-desktop-equal-layout has-tablet-equal-layout has-mobile-equal-layout has-vertical-unset\"><div class=\"wp-block-themeisle-blocks-advanced-columns-overlay\"><\/div><div class=\"innerblocks-wrap\">\n<div id=\"wp-block-themeisle-blocks-advanced-column-efbfc8b1\" class=\"wp-block-themeisle-blocks-advanced-column\">\r\r    <div class=\"lfd-moments-grid lfd-moments-cols-3\"><a class=\"lfd-recipe-card\" href=\"https:\/\/www.lafourneedoree.fr\/en-CA\/occasions\/brunch\/\"><div class=\"lfd-recipe-thumb\"><img decoding=\"async\" width=\"625\" height=\"370\" src=\"https:\/\/www.lafourneedoree.fr\/wp-content\/uploads\/2025\/11\/visuel-moments.png\" class=\"attachment-medium_large size-medium_large wp-post-image\" alt=\"BRUNCH\" loading=\"lazy\" srcset=\"https:\/\/www.lafourneedoree.fr\/wp-content\/uploads\/2025\/11\/visuel-moments.png 625w, https:\/\/www.lafourneedoree.fr\/wp-content\/uploads\/2025\/11\/visuel-moments-300x178.png 300w\" sizes=\"auto, (max-width: 625px) 100vw, 625px\" \/><\/div><div class=\"lfd-recipe-title\">BRUNCH<\/div><\/a><a class=\"lfd-recipe-card\" href=\"https:\/\/www.lafourneedoree.fr\/en-CA\/occasions\/parties\/\"><div class=\"lfd-recipe-thumb\"><img decoding=\"async\" width=\"768\" height=\"546\" src=\"https:\/\/www.lafourneedoree.fr\/wp-content\/uploads\/2025\/11\/burger-party-768x546.jpg\" class=\"attachment-medium_large size-medium_large wp-post-image\" alt=\"PARTIES\" loading=\"lazy\" srcset=\"https:\/\/www.lafourneedoree.fr\/wp-content\/uploads\/2025\/11\/burger-party-768x546.jpg 768w, https:\/\/www.lafourneedoree.fr\/wp-content\/uploads\/2025\/11\/burger-party-300x213.jpg 300w, https:\/\/www.lafourneedoree.fr\/wp-content\/uploads\/2025\/11\/burger-party-1024x728.jpg 1024w, https:\/\/www.lafourneedoree.fr\/wp-content\/uploads\/2025\/11\/burger-party.jpg 1500w\" sizes=\"auto, (max-width: 768px) 100vw, 768px\" \/><\/div><div class=\"lfd-recipe-title\">PARTIES<\/div><\/a><a class=\"lfd-recipe-card\" href=\"https:\/\/www.lafourneedoree.fr\/en-CA\/occasions\/snack\/\"><div class=\"lfd-recipe-thumb\"><img decoding=\"async\" width=\"768\" height=\"512\" src=\"https:\/\/www.lafourneedoree.fr\/wp-content\/uploads\/2025\/11\/park-outing-768x512.jpg\" class=\"attachment-medium_large size-medium_large wp-post-image\" alt=\"SNACK\" loading=\"lazy\" srcset=\"https:\/\/www.lafourneedoree.fr\/wp-content\/uploads\/2025\/11\/park-outing-768x512.jpg 768w, https:\/\/www.lafourneedoree.fr\/wp-content\/uploads\/2025\/11\/park-outing-300x200.jpg 300w, https:\/\/www.lafourneedoree.fr\/wp-content\/uploads\/2025\/11\/park-outing-1024x683.jpg 1024w, https:\/\/www.lafourneedoree.fr\/wp-content\/uploads\/2025\/11\/park-outing-930x620.jpg 930w, https:\/\/www.lafourneedoree.fr\/wp-content\/uploads\/2025\/11\/park-outing.jpg 1500w\" sizes=\"auto, (max-width: 768px) 100vw, 768px\" \/><\/div><div class=\"lfd-recipe-title\">SNACK<\/div><\/a><a class=\"lfd-recipe-card\" href=\"https:\/\/www.lafourneedoree.fr\/en-CA\/occasions\/game-night\/\"><div class=\"lfd-recipe-thumb\"><img decoding=\"async\" width=\"768\" height=\"512\" src=\"https:\/\/www.lafourneedoree.fr\/wp-content\/uploads\/2025\/11\/gameday-768x512.jpg\" class=\"attachment-medium_large size-medium_large wp-post-image\" alt=\"GAME NIGHT\" loading=\"lazy\" srcset=\"https:\/\/www.lafourneedoree.fr\/wp-content\/uploads\/2025\/11\/gameday-768x512.jpg 768w, https:\/\/www.lafourneedoree.fr\/wp-content\/uploads\/2025\/11\/gameday-300x200.jpg 300w, https:\/\/www.lafourneedoree.fr\/wp-content\/uploads\/2025\/11\/gameday-1024x683.jpg 1024w, https:\/\/www.lafourneedoree.fr\/wp-content\/uploads\/2025\/11\/gameday-930x620.jpg 930w, https:\/\/www.lafourneedoree.fr\/wp-content\/uploads\/2025\/11\/gameday.jpg 1500w\" sizes=\"auto, (max-width: 768px) 100vw, 768px\" \/><\/div><div class=\"lfd-recipe-title\">GAME NIGHT<\/div><\/a><a class=\"lfd-recipe-card\" href=\"https:\/\/www.lafourneedoree.fr\/en-CA\/occasions\/lunch-box\/\"><div class=\"lfd-recipe-thumb\"><img decoding=\"async\" width=\"768\" height=\"489\" src=\"https:\/\/www.lafourneedoree.fr\/wp-content\/uploads\/2025\/11\/LFD_Buns-105-768x489.jpg\" class=\"attachment-medium_large size-medium_large wp-post-image\" alt=\"LUNCH BOX\" loading=\"lazy\" srcset=\"https:\/\/www.lafourneedoree.fr\/wp-content\/uploads\/2025\/11\/LFD_Buns-105-768x489.jpg 768w, https:\/\/www.lafourneedoree.fr\/wp-content\/uploads\/2025\/11\/LFD_Buns-105-300x191.jpg 300w, https:\/\/www.lafourneedoree.fr\/wp-content\/uploads\/2025\/11\/LFD_Buns-105-1024x653.jpg 1024w, https:\/\/www.lafourneedoree.fr\/wp-content\/uploads\/2025\/11\/LFD_Buns-105-1536x979.jpg 1536w, https:\/\/www.lafourneedoree.fr\/wp-content\/uploads\/2025\/11\/LFD_Buns-105.jpg 2048w\" sizes=\"auto, (max-width: 768px) 100vw, 768px\" \/><\/div><div class=\"lfd-recipe-title\">LUNCH BOX<\/div><\/a><a class=\"lfd-recipe-card\" href=\"https:\/\/www.lafourneedoree.fr\/en-CA\/occasions\/breakfast-at-home\/\"><div class=\"lfd-recipe-thumb\"><img decoding=\"async\" width=\"768\" height=\"512\" src=\"https:\/\/www.lafourneedoree.fr\/wp-content\/uploads\/2025\/11\/brunch-moment-768x512.jpg\" class=\"attachment-medium_large size-medium_large wp-post-image\" alt=\"BREAKFAST AT HOME\" loading=\"lazy\" srcset=\"https:\/\/www.lafourneedoree.fr\/wp-content\/uploads\/2025\/11\/brunch-moment-768x512.jpg 768w, https:\/\/www.lafourneedoree.fr\/wp-content\/uploads\/2025\/11\/brunch-moment-300x200.jpg 300w, https:\/\/www.lafourneedoree.fr\/wp-content\/uploads\/2025\/11\/brunch-moment-1024x683.jpg 1024w, https:\/\/www.lafourneedoree.fr\/wp-content\/uploads\/2025\/11\/brunch-moment-930x620.jpg 930w, https:\/\/www.lafourneedoree.fr\/wp-content\/uploads\/2025\/11\/brunch-moment.jpg 1500w\" sizes=\"auto, (max-width: 768px) 100vw, 768px\" \/><\/div><div class=\"lfd-recipe-title\">BREAKFAST AT HOME<\/div><\/a><\/div>\n<\/div>\n<\/div><\/div>\n","protected":false},"excerpt":{"rendered":"","protected":false},"author":2,"featured_media":0,"parent":0,"menu_order":0,"comment_status":"closed","ping_status":"closed","template":"","meta":{"_acf_changed":false,"neve_meta_sidebar":"","neve_meta_container":"","neve_meta_enable_content_width":"","neve_meta_content_width":0,"neve_meta_title_alignment":"","neve_meta_author_avatar":"","neve_post_elements_order":"","neve_meta_disable_header":"","neve_meta_disable_footer":"","neve_meta_disable_title":"on","neve_meta_reading_time":"","_themeisle_gutenberg_block_has_review":false,"footnotes":""},"class_list":["post-18126","page","type-page","status-publish","hentry"],"acf":[],"yoast_head":"<!-- This site is optimized with the Yoast SEO plugin v27.3 - https:\/\/yoast.com\/product\/yoast-seo-wordpress\/ -->\n<title>Occasions - La Fourn\u00e9e Dor\u00e9e - La saveur retrouv\u00e9e<\/title>\n<meta name=\"robots\" content=\"index, follow, max-snippet:-1, max-image-preview:large, max-video-preview:-1\" \/>\n<link rel=\"canonical\" href=\"https:\/\/www.lafourneedoree.fr\/en-CA\/occasions\/\" \/>\n<meta property=\"og:locale\" content=\"en_US\" \/>\n<meta property=\"og:type\" content=\"article\" \/>\n<meta property=\"og:title\" content=\"Occasions - La Fourn\u00e9e Dor\u00e9e - La saveur retrouv\u00e9e\" \/>\n<meta property=\"og:url\" content=\"https:\/\/www.lafourneedoree.fr\/en-CA\/occasions\/\" \/>\n<meta property=\"og:site_name\" content=\"La Fourn\u00e9e Dor\u00e9e - La saveur retrouv\u00e9e\" \/>\n<meta property=\"article:modified_time\" content=\"2026-01-20T11:00:03+00:00\" \/>\n<meta name=\"twitter:card\" content=\"summary_large_image\" \/>\n<meta name=\"twitter:label1\" content=\"Est. reading time\" \/>\n\t<meta name=\"twitter:data1\" content=\"1 minute\" \/>\n<script type=\"application\/ld+json\" class=\"yoast-schema-graph\">{\"@context\":\"https:\\\/\\\/schema.org\",\"@graph\":[{\"@type\":\"WebPage\",\"@id\":\"https:\\\/\\\/www.lafourneedoree.fr\\\/en-CA\\\/occasions\\\/\",\"url\":\"https:\\\/\\\/www.lafourneedoree.fr\\\/en-CA\\\/occasions\\\/\",\"name\":\"Occasions - La Fourn\u00e9e Dor\u00e9e - La saveur retrouv\u00e9e\",\"isPartOf\":{\"@id\":\"https:\\\/\\\/www.lafourneedoree.fr\\\/#website\"},\"datePublished\":\"2025-10-16T10:03:58+00:00\",\"dateModified\":\"2026-01-20T11:00:03+00:00\",\"breadcrumb\":{\"@id\":\"https:\\\/\\\/www.lafourneedoree.fr\\\/en-CA\\\/occasions\\\/#breadcrumb\"},\"inLanguage\":\"ca-EN\",\"potentialAction\":[{\"@type\":\"ReadAction\",\"target\":[\"https:\\\/\\\/www.lafourneedoree.fr\\\/en-CA\\\/occasions\\\/\"]}]},{\"@type\":\"BreadcrumbList\",\"@id\":\"https:\\\/\\\/www.lafourneedoree.fr\\\/en-CA\\\/occasions\\\/#breadcrumb\",\"itemListElement\":[{\"@type\":\"ListItem\",\"position\":1,\"name\":\"La Fourn\u00e9e Dor\u00e9e\",\"item\":\"https:\\\/\\\/www.lafourneedoree.fr\\\/en-CA\\\/\"},{\"@type\":\"ListItem\",\"position\":2,\"name\":\"Occasions\"}]},{\"@type\":\"WebSite\",\"@id\":\"https:\\\/\\\/www.lafourneedoree.fr\\\/#website\",\"url\":\"https:\\\/\\\/www.lafourneedoree.fr\\\/\",\"name\":\"La Fourn\u00e9e Dor\u00e9e - La saveur retrouv\u00e9e\",\"description\":\"\",\"potentialAction\":[{\"@type\":\"SearchAction\",\"target\":{\"@type\":\"EntryPoint\",\"urlTemplate\":\"https:\\\/\\\/www.lafourneedoree.fr\\\/?s={search_term_string}\"},\"query-input\":{\"@type\":\"PropertyValueSpecification\",\"valueRequired\":true,\"valueName\":\"search_term_string\"}}],\"inLanguage\":\"ca-EN\"}]}<\/script>\n<!-- \/ Yoast SEO plugin. -->","yoast_head_json":{"title":"Occasions - La Fourn\u00e9e Dor\u00e9e - La saveur retrouv\u00e9e","robots":{"index":"index","follow":"follow","max-snippet":"max-snippet:-1","max-image-preview":"max-image-preview:large","max-video-preview":"max-video-preview:-1"},"canonical":"https:\/\/www.lafourneedoree.fr\/en-CA\/occasions\/","og_locale":"en_US","og_type":"article","og_title":"Occasions - La Fourn\u00e9e Dor\u00e9e - La saveur retrouv\u00e9e","og_url":"https:\/\/www.lafourneedoree.fr\/en-CA\/occasions\/","og_site_name":"La Fourn\u00e9e Dor\u00e9e - La saveur retrouv\u00e9e","article_modified_time":"2026-01-20T11:00:03+00:00","twitter_card":"summary_large_image","twitter_misc":{"Est. reading time":"1 minute"},"schema":{"@context":"https:\/\/schema.org","@graph":[{"@type":"WebPage","@id":"https:\/\/www.lafourneedoree.fr\/en-CA\/occasions\/","url":"https:\/\/www.lafourneedoree.fr\/en-CA\/occasions\/","name":"Occasions - La Fourn\u00e9e Dor\u00e9e - La saveur retrouv\u00e9e","isPartOf":{"@id":"https:\/\/www.lafourneedoree.fr\/#website"},"datePublished":"2025-10-16T10:03:58+00:00","dateModified":"2026-01-20T11:00:03+00:00","breadcrumb":{"@id":"https:\/\/www.lafourneedoree.fr\/en-CA\/occasions\/#breadcrumb"},"inLanguage":"ca-EN","potentialAction":[{"@type":"ReadAction","target":["https:\/\/www.lafourneedoree.fr\/en-CA\/occasions\/"]}]},{"@type":"BreadcrumbList","@id":"https:\/\/www.lafourneedoree.fr\/en-CA\/occasions\/#breadcrumb","itemListElement":[{"@type":"ListItem","position":1,"name":"La Fourn\u00e9e Dor\u00e9e","item":"https:\/\/www.lafourneedoree.fr\/en-CA\/"},{"@type":"ListItem","position":2,"name":"Occasions"}]},{"@type":"WebSite","@id":"https:\/\/www.lafourneedoree.fr\/#website","url":"https:\/\/www.lafourneedoree.fr\/","name":"La Fourn\u00e9e Dor\u00e9e - La saveur retrouv\u00e9e","description":"","potentialAction":[{"@type":"SearchAction","target":{"@type":"EntryPoint","urlTemplate":"https:\/\/www.lafourneedoree.fr\/?s={search_term_string}"},"query-input":{"@type":"PropertyValueSpecification","valueRequired":true,"valueName":"search_term_string"}}],"inLanguage":"ca-EN"}]}},"_links":{"self":[{"href":"https:\/\/www.lafourneedoree.fr\/en-CA\/wp-json\/wp\/v2\/pages\/18126","targetHints":{"allow":["GET"]}}],"collection":[{"href":"https:\/\/www.lafourneedoree.fr\/en-CA\/wp-json\/wp\/v2\/pages"}],"about":[{"href":"https:\/\/www.lafourneedoree.fr\/en-CA\/wp-json\/wp\/v2\/types\/page"}],"author":[{"embeddable":true,"href":"https:\/\/www.lafourneedoree.fr\/en-CA\/wp-json\/wp\/v2\/users\/2"}],"replies":[{"embeddable":true,"href":"https:\/\/www.lafourneedoree.fr\/en-CA\/wp-json\/wp\/v2\/comments?post=18126"}],"version-history":[{"count":2,"href":"https:\/\/www.lafourneedoree.fr\/en-CA\/wp-json\/wp\/v2\/pages\/18126\/revisions"}],"predecessor-version":[{"id":18652,"href":"https:\/\/www.lafourneedoree.fr\/en-CA\/wp-json\/wp\/v2\/pages\/18126\/revisions\/18652"}],"wp:attachment":[{"href":"https:\/\/www.lafourneedoree.fr\/en-CA\/wp-json\/wp\/v2\/media?parent=18126"}],"curies":[{"name":"wp","href":"https:\/\/api.w.org\/{rel}","templated":true}]}}