{"id":20837,"date":"2026-03-12T20:45:53","date_gmt":"2026-03-12T19:45:53","guid":{"rendered":"https:\/\/www.lafourneedoree.fr\/?page_id=20837"},"modified":"2026-05-05T22:01:36","modified_gmt":"2026-05-05T20:01:36","slug":"real-french-brioche","status":"publish","type":"page","link":"https:\/\/www.lafourneedoree.fr\/en-CA\/real-french-brioche\/","title":{"rendered":"Real French brioche"},"content":{"rendered":"\n<div id=\"wp-block-themeisle-blocks-advanced-columns-2c099ba2\" class=\"wp-block-themeisle-blocks-advanced-columns alignfull has-1-columns has-desktop-equal-layout has-tablet-equal-layout has-mobile-equal-layout has-vertical-unset dentele\"><div class=\"wp-block-themeisle-blocks-advanced-columns-overlay\"><\/div><div class=\"innerblocks-wrap\">\n<div id=\"wp-block-themeisle-blocks-advanced-column-cbab418a\" class=\"wp-block-themeisle-blocks-advanced-column\">\n<div id=\"wp-block-themeisle-blocks-advanced-columns-e44f5343\" class=\"wp-block-themeisle-blocks-advanced-columns has-1-columns has-desktop-equal-layout has-tablet-equal-layout has-mobile-equal-layout has-vertical-unset\"><div class=\"wp-block-themeisle-blocks-advanced-columns-overlay\"><\/div><div class=\"innerblocks-wrap\">\n<div id=\"wp-block-themeisle-blocks-advanced-column-689a75a8\" class=\"wp-block-themeisle-blocks-advanced-column\"><div class=\"yoast-breadcrumbs ticss-60825abe\"><span><span><a href=\"https:\/\/www.lafourneedoree.fr\/en-CA\/\">La Fourn\u00e9e Dor\u00e9e<\/a><\/span> \u00bb <span class=\"breadcrumb_last\" aria-current=\"page\">Real French brioche<\/span><\/span><\/div><\/div>\n<\/div><\/div>\n\n\n\n<h1 class=\"wp-block-heading has-text-align-center has-nv-text-dark-bg-color has-text-color has-link-color wp-elements-6913df19d5705ff9f418d24c2602443b\">Real French brioche<\/h1>\n<\/div>\n<\/div><\/div>\n\n\n\n<div id=\"wp-block-themeisle-blocks-advanced-columns-b443069e\" class=\"wp-block-themeisle-blocks-advanced-columns alignfull has-3-columns has-desktop-oneTwoOne-layout has-tablet-equal-layout has-mobile-collapsedRows-layout has-vertical-unset\"><div class=\"wp-block-themeisle-blocks-advanced-columns-overlay\"><\/div><div class=\"innerblocks-wrap\">\n<div id=\"wp-block-themeisle-blocks-advanced-column-52911053\" class=\"wp-block-themeisle-blocks-advanced-column\"><\/div>\n\n\n\n<div id=\"wp-block-themeisle-blocks-advanced-column-91a53210\" class=\"wp-block-themeisle-blocks-advanced-column\">\n<h6 id=\"wp-block-themeisle-blocks-advanced-heading-49805797\" class=\"wp-block-themeisle-blocks-advanced-heading wp-block-themeisle-blocks-advanced-heading-49805797 bobby ticss-04182873\">Real French brioche<\/h6>\n\n\n\n<h1 id=\"wp-block-themeisle-blocks-advanced-heading-2a451013\" class=\"wp-block-themeisle-blocks-advanced-heading wp-block-themeisle-blocks-advanced-heading-2a451013 bobby ticss-04182873\">A tradition of quality.<\/h1>\n\n\n\n<p class=\"has-text-align-center has-neve-link-color-color has-text-color has-link-color wp-elements-bc6ae21784433e72bbc4fe5b09bd88cc\" style=\"padding-right:var(--wp--preset--spacing--80);padding-left:var(--wp--preset--spacing--80);font-size:18px\">Our brioche is like nothing else. You can taste the history, time-honoured methods, and care that go into every bite. In Canada, La Fourn\u00e9e dor\u00e9e continues the tradition of excellence with a unique recipe, prepared here with the same level of quality. The end result? A soft, golden and ample brioche. One that lives up to its signature status.<\/p>\n\n\n\n<div class=\"wp-block-buttons is-content-justification-center is-layout-flex wp-container-core-buttons-is-layout-e4b7dc7f wp-block-buttons-is-layout-flex\" style=\"padding-top:var(--wp--preset--spacing--50);padding-bottom:var(--wp--preset--spacing--50)\">\n<div class=\"wp-block-button is-style-primary\"><a class=\"wp-block-button__link has-custom-font-size wp-element-button\" href=\"https:\/\/www.lafourneedoree.fr\/en-CA\/our-products\/\" style=\"font-size:20px\">See our products <\/a><\/div>\n<\/div>\n<\/div>\n\n\n\n<div id=\"wp-block-themeisle-blocks-advanced-column-9f887dc8\" class=\"wp-block-themeisle-blocks-advanced-column\"><\/div>\n<\/div><\/div>\n\n\n\n<div id=\"wp-block-themeisle-blocks-advanced-columns-17e0ee01\" class=\"wp-block-themeisle-blocks-advanced-columns alignfull has-6-columns has-desktop-equal-layout has-tablet-equal-layout has-mobile-collapsedRows-layout has-vertical-unset has-dark-bg\"><div class=\"wp-block-themeisle-blocks-advanced-columns-overlay\"><\/div><div class=\"innerblocks-wrap\">\n<div id=\"wp-block-themeisle-blocks-advanced-column-a0cb3499\" class=\"wp-block-themeisle-blocks-advanced-column\"><\/div>\n\n\n\n<div id=\"wp-block-themeisle-blocks-advanced-column-7ad78d6a\" class=\"wp-block-themeisle-blocks-advanced-column\">\n<figure class=\"wp-block-image size-full\"><img loading=\"lazy\" decoding=\"async\" width=\"300\" height=\"300\" src=\"https:\/\/www.lafourneedoree.fr\/wp-content\/uploads\/2026\/03\/picto-ingredients-6.png\" alt=\"\" class=\"wp-image-20810\" style=\"object-fit:cover\" srcset=\"https:\/\/www.lafourneedoree.fr\/wp-content\/uploads\/2026\/03\/picto-ingredients-6.png 300w, https:\/\/www.lafourneedoree.fr\/wp-content\/uploads\/2026\/03\/picto-ingredients-6-150x150.png 150w\" sizes=\"auto, (max-width: 300px) 100vw, 300px\" \/><\/figure>\n<\/div>\n\n\n\n<div id=\"wp-block-themeisle-blocks-advanced-column-b2da96ab\" class=\"wp-block-themeisle-blocks-advanced-column\">\n<figure class=\"wp-block-image size-full\"><img loading=\"lazy\" decoding=\"async\" width=\"300\" height=\"300\" src=\"https:\/\/www.lafourneedoree.fr\/wp-content\/uploads\/2026\/02\/picto-ingredients.png\" alt=\"\" class=\"wp-image-19913\" srcset=\"https:\/\/www.lafourneedoree.fr\/wp-content\/uploads\/2026\/02\/picto-ingredients.png 300w, https:\/\/www.lafourneedoree.fr\/wp-content\/uploads\/2026\/02\/picto-ingredients-150x150.png 150w\" sizes=\"auto, (max-width: 300px) 100vw, 300px\" \/><\/figure>\n<\/div>\n\n\n\n<div id=\"wp-block-themeisle-blocks-advanced-column-a5af814c\" class=\"wp-block-themeisle-blocks-advanced-column\">\n<figure class=\"wp-block-image size-full\"><img loading=\"lazy\" decoding=\"async\" width=\"300\" height=\"300\" src=\"https:\/\/www.lafourneedoree.fr\/wp-content\/uploads\/2026\/02\/picto-ingredients-2.png\" alt=\"\" class=\"wp-image-19919\" srcset=\"https:\/\/www.lafourneedoree.fr\/wp-content\/uploads\/2026\/02\/picto-ingredients-2.png 300w, https:\/\/www.lafourneedoree.fr\/wp-content\/uploads\/2026\/02\/picto-ingredients-2-150x150.png 150w\" sizes=\"auto, (max-width: 300px) 100vw, 300px\" \/><\/figure>\n<\/div>\n\n\n\n<div id=\"wp-block-themeisle-blocks-advanced-column-4f789b5b\" class=\"wp-block-themeisle-blocks-advanced-column\">\n<figure class=\"wp-block-image size-full\"><img loading=\"lazy\" decoding=\"async\" width=\"300\" height=\"300\" src=\"https:\/\/www.lafourneedoree.fr\/wp-content\/uploads\/2026\/03\/picto-ingredients-5.png\" alt=\"\" class=\"wp-image-20816\" srcset=\"https:\/\/www.lafourneedoree.fr\/wp-content\/uploads\/2026\/03\/picto-ingredients-5.png 300w, https:\/\/www.lafourneedoree.fr\/wp-content\/uploads\/2026\/03\/picto-ingredients-5-150x150.png 150w\" sizes=\"auto, (max-width: 300px) 100vw, 300px\" \/><\/figure>\n<\/div>\n\n\n\n<div id=\"wp-block-themeisle-blocks-advanced-column-e3ab4874\" class=\"wp-block-themeisle-blocks-advanced-column\"><\/div>\n<\/div><\/div>\n\n\n\n<div id=\"wp-block-themeisle-blocks-advanced-columns-175d11f4\" class=\"wp-block-themeisle-blocks-advanced-columns alignfull has-2-columns has-desktop-equal-layout has-tablet-equal-layout has-mobile-collapsedRows-layout has-vertical-unset ticss-17e0ee01\"><div class=\"wp-block-themeisle-blocks-advanced-columns-overlay\"><\/div><div class=\"innerblocks-wrap\">\n<div id=\"wp-block-themeisle-blocks-advanced-column-87a34b14\" class=\"wp-block-themeisle-blocks-advanced-column\"><div class=\"wp-block-image\">\n<figure class=\"aligncenter size-full\"><img loading=\"lazy\" decoding=\"async\" width=\"422\" height=\"501\" src=\"https:\/\/www.lafourneedoree.fr\/wp-content\/uploads\/2026\/03\/Site-web-CAN-Page-Vraie-Brioche-FR-EN.png\" alt=\"\" class=\"wp-image-20707\" style=\"object-fit:cover\" srcset=\"https:\/\/www.lafourneedoree.fr\/wp-content\/uploads\/2026\/03\/Site-web-CAN-Page-Vraie-Brioche-FR-EN.png 422w, https:\/\/www.lafourneedoree.fr\/wp-content\/uploads\/2026\/03\/Site-web-CAN-Page-Vraie-Brioche-FR-EN-253x300.png 253w\" sizes=\"auto, (max-width: 422px) 100vw, 422px\" \/><\/figure>\n<\/div><\/div>\n\n\n\n<div id=\"wp-block-themeisle-blocks-advanced-column-720fc202\" class=\"wp-block-themeisle-blocks-advanced-column\">\n<div id=\"wp-block-themeisle-blocks-advanced-columns-3ae96851\" class=\"wp-block-themeisle-blocks-advanced-columns has-4-columns has-desktop-equal-layout has-tablet-equal-layout has-mobile-collapsedRows-layout has-vertical-unset\"><div class=\"wp-block-themeisle-blocks-advanced-columns-overlay\"><\/div><div class=\"innerblocks-wrap\">\n<div id=\"wp-block-themeisle-blocks-advanced-column-0d1dc9a6\" class=\"wp-block-themeisle-blocks-advanced-column\"><\/div>\n\n\n\n<div id=\"wp-block-themeisle-blocks-advanced-column-03df63b6\" class=\"wp-block-themeisle-blocks-advanced-column\"><\/div>\n\n\n\n<div id=\"wp-block-themeisle-blocks-advanced-column-01b05970\" class=\"wp-block-themeisle-blocks-advanced-column\"><\/div>\n\n\n\n<div id=\"wp-block-themeisle-blocks-advanced-column-a618b8e1\" class=\"wp-block-themeisle-blocks-advanced-column\"><\/div>\n<\/div><\/div>\n\n\n\n<span id=\"wp-block-themeisle-blocks-advanced-heading-a79ead9f\" class=\"wp-block-themeisle-blocks-advanced-heading wp-block-themeisle-blocks-advanced-heading-a79ead9f bobby\"><strong><strong>Milk. Butter. Eggs. Sugar.<\/strong><\/strong><\/span>\n\n\n\n<h2 class=\"wp-block-heading has-text-align-left has-neve-link-color-color has-text-color has-link-color wp-elements-d269344d2d7df71631fb0a70e0ac6872\" style=\"font-size:18px\">Every step is made with quality. No compromises. The same principle applies when choosing our ingredients. We are proud of our expertise and we offer Canadian families a traditional brioche for all of your meals throughout the day: breakfast, brunch, lunch, supper, and even barbecues.  <\/h2>\n\n\n\n<h2 class=\"wp-block-heading has-text-align-left has-neve-link-color-color has-text-color has-link-color wp-elements-9b7e95281d0a080747042c8f0baf6505\" style=\"font-size:18px\">Our brioche brings character, making it the perfect choice, for every moment.<\/h2>\n\n\n\n<div class=\"wp-block-buttons is-content-justification-left is-layout-flex wp-container-core-buttons-is-layout-89ad47fb wp-block-buttons-is-layout-flex\" style=\"padding-top:var(--wp--preset--spacing--50);padding-bottom:var(--wp--preset--spacing--50)\">\n<div class=\"wp-block-button is-style-primary\"><a class=\"wp-block-button__link has-medium-font-size has-custom-font-size wp-element-button\" href=\"https:\/\/www.lafourneedoree.fr\/en-CA\/occasions\/\">Our products, your favourite moments<\/a><\/div>\n<\/div>\n<\/div>\n<\/div><\/div>\n\n\n\n<div id=\"wp-block-themeisle-blocks-advanced-columns-bb877e25\" class=\"wp-block-themeisle-blocks-advanced-columns alignfull has-1-columns has-desktop-equal-layout has-tablet-equal-layout has-mobile-collapsedRows-layout has-vertical-center ticss-17e0ee01\"><div class=\"wp-block-themeisle-blocks-advanced-columns-overlay\"><\/div><div class=\"innerblocks-wrap\">\n<div id=\"wp-block-themeisle-blocks-advanced-column-a084f172\" class=\"wp-block-themeisle-blocks-advanced-column\">\n<h2 id=\"wp-block-themeisle-blocks-advanced-heading-66f7a34e\" class=\"wp-block-themeisle-blocks-advanced-heading wp-block-themeisle-blocks-advanced-heading-66f7a34e bobby\"><strong>Recognizable from<br>the very first bite.<\/strong><\/h2>\n\n\n\n<div id=\"wp-block-themeisle-blocks-advanced-columns-696ab84e\" class=\"wp-block-themeisle-blocks-advanced-columns alignfull has-3-columns has-desktop-equal-layout has-tablet-equal-layout has-mobile-collapsedRows-layout has-vertical-center\"><div class=\"wp-block-themeisle-blocks-advanced-columns-overlay\"><\/div><div class=\"innerblocks-wrap\">\n<div id=\"wp-block-themeisle-blocks-advanced-column-d2f7a67d\" class=\"wp-block-themeisle-blocks-advanced-column\">\n<div class=\"wp-block-group has-nv-site-bg-background-color has-background is-vertical is-content-justification-center is-layout-flex wp-container-core-group-is-layout-ec4083d0 wp-block-group-is-layout-flex\" style=\"border-radius:20px;padding-top:var(--wp--preset--spacing--60);padding-right:var(--wp--preset--spacing--70);padding-bottom:var(--wp--preset--spacing--60);padding-left:var(--wp--preset--spacing--70)\"><div class=\"wp-block-image\">\n<figure class=\"aligncenter size-full\"><img loading=\"lazy\" decoding=\"async\" width=\"944\" height=\"944\" src=\"https:\/\/www.lafourneedoree.fr\/wp-content\/uploads\/2026\/03\/v2-edited.png\" alt=\"\" class=\"wp-image-21180\" style=\"object-fit:cover\" srcset=\"https:\/\/www.lafourneedoree.fr\/wp-content\/uploads\/2026\/03\/v2-edited.png 944w, https:\/\/www.lafourneedoree.fr\/wp-content\/uploads\/2026\/03\/v2-edited-300x300.png 300w, https:\/\/www.lafourneedoree.fr\/wp-content\/uploads\/2026\/03\/v2-edited-150x150.png 150w, https:\/\/www.lafourneedoree.fr\/wp-content\/uploads\/2026\/03\/v2-edited-768x768.png 768w, https:\/\/www.lafourneedoree.fr\/wp-content\/uploads\/2026\/03\/v2-edited-650x650.png 650w\" sizes=\"auto, (max-width: 944px) 100vw, 944px\" \/><\/figure>\n<\/div>\n\n\n<span id=\"wp-block-themeisle-blocks-advanced-heading-d814acba\" class=\"wp-block-themeisle-blocks-advanced-heading wp-block-themeisle-blocks-advanced-heading-d814acba bobby\">Its texture<\/span>\n\n\n\n<p class=\"has-text-align-center has-neve-link-color-color has-text-color has-link-color wp-elements-6d1293f7b5f6bce6fddb7b4ac9234151\" style=\"padding-top:5px;font-size:20px\"><strong>speaks for itself. Light. Airy. Melts in your <\/strong><\/p>\n\n\n\n<p class=\"has-text-align-center has-neve-link-color-color has-text-color has-link-color wp-elements-618793aa4b07fa925179fc2e20007524\" style=\"padding-top:5px;font-size:20px\"><strong>mouth. <\/strong><\/p>\n<\/div>\n<\/div>\n\n\n\n<div id=\"wp-block-themeisle-blocks-advanced-column-03338122\" class=\"wp-block-themeisle-blocks-advanced-column\">\n<div class=\"wp-block-group has-nv-site-bg-background-color has-background is-vertical is-content-justification-center is-layout-flex wp-container-core-group-is-layout-ec4083d0 wp-block-group-is-layout-flex\" style=\"border-radius:20px;padding-top:var(--wp--preset--spacing--60);padding-right:var(--wp--preset--spacing--70);padding-bottom:var(--wp--preset--spacing--60);padding-left:var(--wp--preset--spacing--70)\"><div class=\"wp-block-image\">\n<figure class=\"aligncenter size-full\"><img loading=\"lazy\" decoding=\"async\" width=\"300\" height=\"300\" src=\"https:\/\/www.lafourneedoree.fr\/wp-content\/uploads\/2026\/03\/picto-vraie-brioche-2.png\" alt=\"\" class=\"wp-image-20798\" style=\"object-fit:cover\" srcset=\"https:\/\/www.lafourneedoree.fr\/wp-content\/uploads\/2026\/03\/picto-vraie-brioche-2.png 300w, https:\/\/www.lafourneedoree.fr\/wp-content\/uploads\/2026\/03\/picto-vraie-brioche-2-150x150.png 150w\" sizes=\"auto, (max-width: 300px) 100vw, 300px\" \/><\/figure>\n<\/div>\n\n\n<span id=\"wp-block-themeisle-blocks-advanced-heading-3c03eff1\" class=\"wp-block-themeisle-blocks-advanced-heading wp-block-themeisle-blocks-advanced-heading-3c03eff1 bobby\">Its unique texture<\/span>\n\n\n\n<p class=\"has-text-align-center has-neve-link-color-color has-text-color has-link-color wp-elements-f04f547e846c66cca39307469c11c9b9\" style=\"padding-top:5px;font-size:20px\"><strong>comes from a time-honoured French technique, carefully refined through generations.<\/strong><\/p>\n<\/div>\n<\/div>\n\n\n\n<div id=\"wp-block-themeisle-blocks-advanced-column-82288bc5\" class=\"wp-block-themeisle-blocks-advanced-column\">\n<div class=\"wp-block-group has-nv-site-bg-background-color has-background is-vertical is-content-justification-center is-layout-flex wp-container-core-group-is-layout-ec4083d0 wp-block-group-is-layout-flex\" style=\"border-radius:20px;padding-top:var(--wp--preset--spacing--60);padding-right:var(--wp--preset--spacing--70);padding-bottom:var(--wp--preset--spacing--60);padding-left:var(--wp--preset--spacing--70)\"><div class=\"wp-block-image\">\n<figure class=\"aligncenter size-full\"><img loading=\"lazy\" decoding=\"async\" width=\"300\" height=\"300\" src=\"https:\/\/www.lafourneedoree.fr\/wp-content\/uploads\/2026\/03\/picto-vraie-brioche-3.png\" alt=\"\" class=\"wp-image-20792\" style=\"object-fit:cover\" srcset=\"https:\/\/www.lafourneedoree.fr\/wp-content\/uploads\/2026\/03\/picto-vraie-brioche-3.png 300w, https:\/\/www.lafourneedoree.fr\/wp-content\/uploads\/2026\/03\/picto-vraie-brioche-3-150x150.png 150w\" sizes=\"auto, (max-width: 300px) 100vw, 300px\" \/><\/figure>\n<\/div>\n\n\n<span id=\"wp-block-themeisle-blocks-advanced-heading-0391942e\" class=\"wp-block-themeisle-blocks-advanced-heading wp-block-themeisle-blocks-advanced-heading-0391942e bobby\">We have found<\/span>\n\n\n\n<p class=\"has-text-align-center has-neve-link-color-color has-text-color has-link-color wp-elements-bcee5eff81c267b67d83aa3735084ed6\" style=\"padding-top:5px;font-size:20px\"><strong>the perfect balance that sets real brioche apart from all of the \u201cbrioche-style\u201d products.<\/strong><\/p>\n<\/div>\n<\/div>\n<\/div><\/div>\n\n\n\n<div id=\"wp-block-themeisle-blocks-advanced-columns-1a072b75\" class=\"wp-block-themeisle-blocks-advanced-columns alignfull has-3-columns has-desktop-oneThreeOne-layout has-tablet-equal-layout has-mobile-collapsedRows-layout has-vertical-center\"><div class=\"wp-block-themeisle-blocks-advanced-columns-overlay\"><\/div><div class=\"innerblocks-wrap\">\n<div id=\"wp-block-themeisle-blocks-advanced-column-f283ef4b\" class=\"wp-block-themeisle-blocks-advanced-column\"><\/div>\n\n\n\n<div id=\"wp-block-themeisle-blocks-advanced-column-0024a7a6\" class=\"wp-block-themeisle-blocks-advanced-column\">\n<h2 id=\"wp-block-themeisle-blocks-advanced-heading-d25304f3\" class=\"wp-block-themeisle-blocks-advanced-heading wp-block-themeisle-blocks-advanced-heading-d25304f3\"><strong>Every family has its own kitchen secrets<\/strong><\/h2>\n\n\n\n<h5 id=\"wp-block-themeisle-blocks-advanced-heading-28112817\" class=\"wp-block-themeisle-blocks-advanced-heading wp-block-themeisle-blocks-advanced-heading-28112817 bobby ticss-04182873\"><strong>And at La Fourn\u00e9e dor\u00e9e, our kitchen secret is quality.<\/strong><\/h5>\n\n\n\n<div class=\"wp-block-buttons is-content-justification-center is-layout-flex wp-container-core-buttons-is-layout-e4b7dc7f wp-block-buttons-is-layout-flex\" style=\"padding-top:var(--wp--preset--spacing--50);padding-bottom:var(--wp--preset--spacing--50)\">\n<div class=\"wp-block-button is-style-primary\"><a class=\"wp-block-button__link has-medium-font-size has-custom-font-size wp-element-button\" href=\"https:\/\/www.lafourneedoree.fr\/en-CA\/our-story\/\">We stand by our quality.<\/a><\/div>\n<\/div>\n<\/div>\n\n\n\n<div id=\"wp-block-themeisle-blocks-advanced-column-fd84d476\" class=\"wp-block-themeisle-blocks-advanced-column\"><\/div>\n<\/div><\/div>\n<\/div>\n<\/div><\/div>\n","protected":false},"excerpt":{"rendered":"","protected":false},"author":15,"featured_media":0,"parent":0,"menu_order":0,"comment_status":"closed","ping_status":"closed","template":"","meta":{"_acf_changed":false,"neve_meta_sidebar":"","neve_meta_container":"","neve_meta_enable_content_width":"off","neve_meta_content_width":55,"neve_meta_title_alignment":"","neve_meta_author_avatar":"","neve_post_elements_order":"","neve_meta_disable_header":"","neve_meta_disable_footer":"","neve_meta_disable_title":"on","neve_meta_reading_time":"","_themeisle_gutenberg_block_has_review":false,"footnotes":""},"class_list":["post-20837","page","type-page","status-publish","hentry"],"acf":[],"yoast_head":"<!-- This site is optimized with the Yoast SEO plugin v27.3 - https:\/\/yoast.com\/product\/yoast-seo-wordpress\/ -->\n<title>Real French brioche - La Fourn\u00e9e Dor\u00e9e - La saveur retrouv\u00e9e<\/title>\n<meta name=\"robots\" content=\"index, follow, max-snippet:-1, max-image-preview:large, max-video-preview:-1\" \/>\n<link rel=\"canonical\" href=\"https:\/\/www.lafourneedoree.fr\/en-CA\/real-french-brioche\/\" \/>\n<meta property=\"og:locale\" content=\"en_US\" \/>\n<meta property=\"og:type\" content=\"article\" \/>\n<meta property=\"og:title\" content=\"Real French brioche - La Fourn\u00e9e Dor\u00e9e - La saveur retrouv\u00e9e\" \/>\n<meta property=\"og:url\" content=\"https:\/\/www.lafourneedoree.fr\/en-CA\/real-french-brioche\/\" \/>\n<meta property=\"og:site_name\" content=\"La Fourn\u00e9e Dor\u00e9e - La saveur retrouv\u00e9e\" \/>\n<meta property=\"article:modified_time\" content=\"2026-05-05T20:01:36+00:00\" \/>\n<meta property=\"og:image\" content=\"https:\/\/www.lafourneedoree.fr\/wp-content\/uploads\/2026\/03\/picto-ingredients-6.png\" \/>\n\t<meta property=\"og:image:width\" content=\"300\" \/>\n\t<meta property=\"og:image:height\" content=\"300\" \/>\n\t<meta property=\"og:image:type\" content=\"image\/png\" \/>\n<meta name=\"twitter:card\" content=\"summary_large_image\" \/>\n<meta name=\"twitter:label1\" content=\"Est. reading time\" \/>\n\t<meta name=\"twitter:data1\" content=\"3 minutes\" \/>\n<script type=\"application\/ld+json\" class=\"yoast-schema-graph\">{\"@context\":\"https:\\\/\\\/schema.org\",\"@graph\":[{\"@type\":\"WebPage\",\"@id\":\"https:\\\/\\\/www.lafourneedoree.fr\\\/en-CA\\\/real-french-brioche\\\/\",\"url\":\"https:\\\/\\\/www.lafourneedoree.fr\\\/en-CA\\\/real-french-brioche\\\/\",\"name\":\"Real French brioche - La Fourn\u00e9e Dor\u00e9e - La saveur retrouv\u00e9e\",\"isPartOf\":{\"@id\":\"https:\\\/\\\/www.lafourneedoree.fr\\\/#website\"},\"primaryImageOfPage\":{\"@id\":\"https:\\\/\\\/www.lafourneedoree.fr\\\/en-CA\\\/real-french-brioche\\\/#primaryimage\"},\"image\":{\"@id\":\"https:\\\/\\\/www.lafourneedoree.fr\\\/en-CA\\\/real-french-brioche\\\/#primaryimage\"},\"thumbnailUrl\":\"https:\\\/\\\/www.lafourneedoree.fr\\\/wp-content\\\/uploads\\\/2026\\\/03\\\/picto-ingredients-6.png\",\"datePublished\":\"2026-03-12T19:45:53+00:00\",\"dateModified\":\"2026-05-05T20:01:36+00:00\",\"breadcrumb\":{\"@id\":\"https:\\\/\\\/www.lafourneedoree.fr\\\/en-CA\\\/real-french-brioche\\\/#breadcrumb\"},\"inLanguage\":\"ca-EN\",\"potentialAction\":[{\"@type\":\"ReadAction\",\"target\":[\"https:\\\/\\\/www.lafourneedoree.fr\\\/en-CA\\\/real-french-brioche\\\/\"]}]},{\"@type\":\"ImageObject\",\"inLanguage\":\"ca-EN\",\"@id\":\"https:\\\/\\\/www.lafourneedoree.fr\\\/en-CA\\\/real-french-brioche\\\/#primaryimage\",\"url\":\"https:\\\/\\\/www.lafourneedoree.fr\\\/wp-content\\\/uploads\\\/2026\\\/03\\\/picto-ingredients-6.png\",\"contentUrl\":\"https:\\\/\\\/www.lafourneedoree.fr\\\/wp-content\\\/uploads\\\/2026\\\/03\\\/picto-ingredients-6.png\"},{\"@type\":\"BreadcrumbList\",\"@id\":\"https:\\\/\\\/www.lafourneedoree.fr\\\/en-CA\\\/real-french-brioche\\\/#breadcrumb\",\"itemListElement\":[{\"@type\":\"ListItem\",\"position\":1,\"name\":\"La Fourn\u00e9e Dor\u00e9e\",\"item\":\"https:\\\/\\\/www.lafourneedoree.fr\\\/en-CA\\\/\"},{\"@type\":\"ListItem\",\"position\":2,\"name\":\"Real French brioche\"}]},{\"@type\":\"WebSite\",\"@id\":\"https:\\\/\\\/www.lafourneedoree.fr\\\/#website\",\"url\":\"https:\\\/\\\/www.lafourneedoree.fr\\\/\",\"name\":\"La Fourn\u00e9e Dor\u00e9e - La saveur retrouv\u00e9e\",\"description\":\"\",\"potentialAction\":[{\"@type\":\"SearchAction\",\"target\":{\"@type\":\"EntryPoint\",\"urlTemplate\":\"https:\\\/\\\/www.lafourneedoree.fr\\\/?s={search_term_string}\"},\"query-input\":{\"@type\":\"PropertyValueSpecification\",\"valueRequired\":true,\"valueName\":\"search_term_string\"}}],\"inLanguage\":\"ca-EN\"}]}<\/script>\n<!-- \/ Yoast SEO plugin. -->","yoast_head_json":{"title":"Real French brioche - La Fourn\u00e9e Dor\u00e9e - La saveur retrouv\u00e9e","robots":{"index":"index","follow":"follow","max-snippet":"max-snippet:-1","max-image-preview":"max-image-preview:large","max-video-preview":"max-video-preview:-1"},"canonical":"https:\/\/www.lafourneedoree.fr\/en-CA\/real-french-brioche\/","og_locale":"en_US","og_type":"article","og_title":"Real French brioche - La Fourn\u00e9e Dor\u00e9e - La saveur retrouv\u00e9e","og_url":"https:\/\/www.lafourneedoree.fr\/en-CA\/real-french-brioche\/","og_site_name":"La Fourn\u00e9e Dor\u00e9e - La saveur retrouv\u00e9e","article_modified_time":"2026-05-05T20:01:36+00:00","og_image":[{"width":300,"height":300,"url":"https:\/\/www.lafourneedoree.fr\/wp-content\/uploads\/2026\/03\/picto-ingredients-6.png","type":"image\/png"}],"twitter_card":"summary_large_image","twitter_misc":{"Est. reading time":"3 minutes"},"schema":{"@context":"https:\/\/schema.org","@graph":[{"@type":"WebPage","@id":"https:\/\/www.lafourneedoree.fr\/en-CA\/real-french-brioche\/","url":"https:\/\/www.lafourneedoree.fr\/en-CA\/real-french-brioche\/","name":"Real French brioche - La Fourn\u00e9e Dor\u00e9e - La saveur retrouv\u00e9e","isPartOf":{"@id":"https:\/\/www.lafourneedoree.fr\/#website"},"primaryImageOfPage":{"@id":"https:\/\/www.lafourneedoree.fr\/en-CA\/real-french-brioche\/#primaryimage"},"image":{"@id":"https:\/\/www.lafourneedoree.fr\/en-CA\/real-french-brioche\/#primaryimage"},"thumbnailUrl":"https:\/\/www.lafourneedoree.fr\/wp-content\/uploads\/2026\/03\/picto-ingredients-6.png","datePublished":"2026-03-12T19:45:53+00:00","dateModified":"2026-05-05T20:01:36+00:00","breadcrumb":{"@id":"https:\/\/www.lafourneedoree.fr\/en-CA\/real-french-brioche\/#breadcrumb"},"inLanguage":"ca-EN","potentialAction":[{"@type":"ReadAction","target":["https:\/\/www.lafourneedoree.fr\/en-CA\/real-french-brioche\/"]}]},{"@type":"ImageObject","inLanguage":"ca-EN","@id":"https:\/\/www.lafourneedoree.fr\/en-CA\/real-french-brioche\/#primaryimage","url":"https:\/\/www.lafourneedoree.fr\/wp-content\/uploads\/2026\/03\/picto-ingredients-6.png","contentUrl":"https:\/\/www.lafourneedoree.fr\/wp-content\/uploads\/2026\/03\/picto-ingredients-6.png"},{"@type":"BreadcrumbList","@id":"https:\/\/www.lafourneedoree.fr\/en-CA\/real-french-brioche\/#breadcrumb","itemListElement":[{"@type":"ListItem","position":1,"name":"La Fourn\u00e9e Dor\u00e9e","item":"https:\/\/www.lafourneedoree.fr\/en-CA\/"},{"@type":"ListItem","position":2,"name":"Real French brioche"}]},{"@type":"WebSite","@id":"https:\/\/www.lafourneedoree.fr\/#website","url":"https:\/\/www.lafourneedoree.fr\/","name":"La Fourn\u00e9e Dor\u00e9e - La saveur retrouv\u00e9e","description":"","potentialAction":[{"@type":"SearchAction","target":{"@type":"EntryPoint","urlTemplate":"https:\/\/www.lafourneedoree.fr\/?s={search_term_string}"},"query-input":{"@type":"PropertyValueSpecification","valueRequired":true,"valueName":"search_term_string"}}],"inLanguage":"ca-EN"}]}},"_links":{"self":[{"href":"https:\/\/www.lafourneedoree.fr\/en-CA\/wp-json\/wp\/v2\/pages\/20837","targetHints":{"allow":["GET"]}}],"collection":[{"href":"https:\/\/www.lafourneedoree.fr\/en-CA\/wp-json\/wp\/v2\/pages"}],"about":[{"href":"https:\/\/www.lafourneedoree.fr\/en-CA\/wp-json\/wp\/v2\/types\/page"}],"author":[{"embeddable":true,"href":"https:\/\/www.lafourneedoree.fr\/en-CA\/wp-json\/wp\/v2\/users\/15"}],"replies":[{"embeddable":true,"href":"https:\/\/www.lafourneedoree.fr\/en-CA\/wp-json\/wp\/v2\/comments?post=20837"}],"version-history":[{"count":15,"href":"https:\/\/www.lafourneedoree.fr\/en-CA\/wp-json\/wp\/v2\/pages\/20837\/revisions"}],"predecessor-version":[{"id":21695,"href":"https:\/\/www.lafourneedoree.fr\/en-CA\/wp-json\/wp\/v2\/pages\/20837\/revisions\/21695"}],"wp:attachment":[{"href":"https:\/\/www.lafourneedoree.fr\/en-CA\/wp-json\/wp\/v2\/media?parent=20837"}],"curies":[{"name":"wp","href":"https:\/\/api.w.org\/{rel}","templated":true}]}}