{"id":21029,"date":"2025-10-28T16:14:24","date_gmt":"2025-10-28T15:14:24","guid":{"rendered":"https:\/\/www.lafourneedoree.fr\/?page_id=21029"},"modified":"2026-05-05T20:57:51","modified_gmt":"2026-05-05T18:57:51","slug":"manufacturing-workshops","status":"publish","type":"page","link":"https:\/\/www.lafourneedoree.fr\/en-CA\/manufacturing-workshops\/","title":{"rendered":"Manufacturing workshops"},"content":{"rendered":"\n<div id=\"wp-block-themeisle-blocks-advanced-columns-2c099ba2\" class=\"wp-block-themeisle-blocks-advanced-columns alignfull has-1-columns has-desktop-equal-layout has-tablet-equal-layout has-mobile-equal-layout has-vertical-unset dentele\"><div class=\"wp-block-themeisle-blocks-advanced-columns-overlay\"><\/div><div class=\"innerblocks-wrap\">\n<div id=\"wp-block-themeisle-blocks-advanced-column-cbab418a\" class=\"wp-block-themeisle-blocks-advanced-column\">\n<div id=\"wp-block-themeisle-blocks-advanced-columns-e44f5343\" class=\"wp-block-themeisle-blocks-advanced-columns has-1-columns has-desktop-equal-layout has-tablet-equal-layout has-mobile-equal-layout has-vertical-unset\"><div class=\"wp-block-themeisle-blocks-advanced-columns-overlay\"><\/div><div class=\"innerblocks-wrap\">\n<div id=\"wp-block-themeisle-blocks-advanced-column-689a75a8\" class=\"wp-block-themeisle-blocks-advanced-column\"><div class=\"yoast-breadcrumbs ticss-60825abe\"><span><span><a href=\"https:\/\/www.lafourneedoree.fr\/en-CA\/\">La Fourn\u00e9e Dor\u00e9e<\/a><\/span> \u00bb <span class=\"breadcrumb_last\" aria-current=\"page\">Manufacturing workshops<\/span><\/span><\/div><\/div>\n<\/div><\/div>\n\n\n\n<h1 class=\"wp-block-heading has-text-align-center has-nv-text-dark-bg-color has-text-color has-link-color wp-elements-09fa72f4911c4449174f47760d57aa89\">Our workshops<\/h1>\n<\/div>\n<\/div><\/div>\n\n\n\n<div class=\"wp-block-cover alignfull ticss-ed996c3a\" style=\"min-height:600px;aspect-ratio:unset;\"><img loading=\"lazy\" decoding=\"async\" width=\"1577\" height=\"680\" class=\"wp-block-cover__image-background wp-image-20975 size-full\" alt=\"\" src=\"https:\/\/www.lafourneedoree.fr\/wp-content\/uploads\/2026\/03\/Batiment_BDU-2-e1773947143929.jpg\" style=\"object-position:44% 32%\" data-object-fit=\"cover\" data-object-position=\"44% 32%\" srcset=\"https:\/\/www.lafourneedoree.fr\/wp-content\/uploads\/2026\/03\/Batiment_BDU-2-e1773947143929.jpg 1577w, https:\/\/www.lafourneedoree.fr\/wp-content\/uploads\/2026\/03\/Batiment_BDU-2-e1773947143929-300x129.jpg 300w, https:\/\/www.lafourneedoree.fr\/wp-content\/uploads\/2026\/03\/Batiment_BDU-2-e1773947143929-1024x442.jpg 1024w, https:\/\/www.lafourneedoree.fr\/wp-content\/uploads\/2026\/03\/Batiment_BDU-2-e1773947143929-768x331.jpg 768w, https:\/\/www.lafourneedoree.fr\/wp-content\/uploads\/2026\/03\/Batiment_BDU-2-e1773947143929-1536x662.jpg 1536w\" sizes=\"auto, (max-width: 1577px) 100vw, 1577px\" \/><span aria-hidden=\"true\" class=\"wp-block-cover__background has-nv-c-1-background-color has-background-dim\"><\/span><div class=\"wp-block-cover__inner-container is-layout-constrained wp-block-cover-is-layout-constrained\">\n<h2 id=\"wp-block-themeisle-blocks-advanced-heading-57944b82\" class=\"wp-block-themeisle-blocks-advanced-heading wp-block-themeisle-blocks-advanced-heading-57944b82 bobby\">Welcome to our <br>workshops<\/h2>\n<\/div><\/div>\n\n\n\n<div id=\"wp-block-themeisle-blocks-advanced-columns-c4a0ba0e\" class=\"wp-block-themeisle-blocks-advanced-columns alignfull has-1-columns has-desktop-equal-layout has-tablet-equal-layout has-mobile-equal-layout has-vertical-unset ticss-1e0eb0d0\"><div class=\"wp-block-themeisle-blocks-advanced-columns-overlay\"><\/div><div class=\"innerblocks-wrap\">\n<div id=\"wp-block-themeisle-blocks-advanced-column-6d18bb4a\" class=\"wp-block-themeisle-blocks-advanced-column\"><div class=\"wp-block-image\">\n<figure class=\"aligncenter size-full\"><img loading=\"lazy\" decoding=\"async\" width=\"1070\" height=\"781\" src=\"https:\/\/www.lafourneedoree.fr\/wp-content\/uploads\/2026\/05\/Carte_Can-villes-1.png\" alt=\"\" class=\"wp-image-21670\" srcset=\"https:\/\/www.lafourneedoree.fr\/wp-content\/uploads\/2026\/05\/Carte_Can-villes-1.png 1070w, https:\/\/www.lafourneedoree.fr\/wp-content\/uploads\/2026\/05\/Carte_Can-villes-1-300x219.png 300w, https:\/\/www.lafourneedoree.fr\/wp-content\/uploads\/2026\/05\/Carte_Can-villes-1-1024x747.png 1024w, https:\/\/www.lafourneedoree.fr\/wp-content\/uploads\/2026\/05\/Carte_Can-villes-1-768x561.png 768w\" sizes=\"auto, (max-width: 1070px) 100vw, 1070px\" \/><\/figure>\n<\/div><\/div>\n<\/div><\/div>\n\n\n\n<div id=\"wp-block-themeisle-blocks-advanced-columns-969e1e82\" class=\"wp-block-themeisle-blocks-advanced-columns alignfull has-1-columns has-desktop-equal-layout has-tablet-equal-layout has-mobile-equal-layout has-vertical-unset ticss-0ee25533\"><div class=\"wp-block-themeisle-blocks-advanced-columns-overlay\"><\/div><div class=\"innerblocks-wrap\">\n<div id=\"wp-block-themeisle-blocks-advanced-column-ca7ab8b0\" class=\"wp-block-themeisle-blocks-advanced-column\">\n<h2 id=\"wp-block-themeisle-blocks-advanced-heading-792549d5\" class=\"wp-block-themeisle-blocks-advanced-heading wp-block-themeisle-blocks-advanced-heading-792549d5 bobby\"><strong>Baie\u2011d\u2019Urf\u00e9 (BDU)<\/strong><\/h2>\n\n\n\n<p class=\"has-text-align-center\" style=\"padding-right:var(--wp--preset--spacing--40);padding-left:var(--wp--preset--spacing--40)\"><strong>In 1985, the BDU production unit was built in Baie\u2011d\u2019Urf\u00e9, Montr\u00e9al, to meet growing demand. In 2015, La Fourn\u00e9e Dor\u00e9e acquired La Boulangerie Lanthier, allowing the company to diversify its production by adding delicious bri<a href=\"https:\/\/www.lafourneedoree.fr\/en\/our-products\/sliced-brioche\/\">oc<\/a>hes.<\/strong><\/p>\n\n\n\n<p><\/p>\n\n\n\n<div id=\"wp-block-themeisle-blocks-slider-7a5a9c20\" class=\"wp-block-themeisle-blocks-slider glide\" data-per-view=\"1\" data-gap=\"0\" data-peek=\"0\" data-autoplay=\"3000\" data-height=\"500px\" data-hide-arrows=\"false\"><div class=\"glide__track\" data-glide-el=\"track\"><div class=\"glide__slides\"><div class=\"wp-block-themeisle-blocks-slider-item-wrapper glide__slide\"><figure><img decoding=\"async\" class=\"wp-block-themeisle-blocks-slider-item\" src=\"https:\/\/www.lafourneedoree.fr\/wp-content\/uploads\/2026\/03\/Buns_convoyeurs-e1773947119404.jpg\" alt=\"\" title=\"\" data-id=\"20957\"><\/figure><\/div><div class=\"wp-block-themeisle-blocks-slider-item-wrapper glide__slide\"><figure><img decoding=\"async\" class=\"wp-block-themeisle-blocks-slider-item\" src=\"https:\/\/www.lafourneedoree.fr\/wp-content\/uploads\/2026\/03\/Visite_nouveaux_employes-e1773947223624.jpg\" alt=\"\" title=\"\" data-id=\"20976\"><\/figure><\/div><div class=\"wp-block-themeisle-blocks-slider-item-wrapper glide__slide\"><figure><img decoding=\"async\" class=\"wp-block-themeisle-blocks-slider-item\" src=\"https:\/\/www.lafourneedoree.fr\/wp-content\/uploads\/2026\/03\/Maintenance.jpg\" alt=\"\" title=\"\" data-id=\"20958\"><\/figure><\/div><div class=\"wp-block-themeisle-blocks-slider-item-wrapper glide__slide\"><figure><img decoding=\"async\" class=\"wp-block-themeisle-blocks-slider-item\" src=\"https:\/\/www.lafourneedoree.fr\/wp-content\/uploads\/2026\/03\/Reunion.jpg\" alt=\"\" title=\"\" data-id=\"20964\"><\/figure><\/div><div class=\"wp-block-themeisle-blocks-slider-item-wrapper glide__slide\"><figure><img decoding=\"async\" class=\"wp-block-themeisle-blocks-slider-item\" src=\"https:\/\/www.lafourneedoree.fr\/wp-content\/uploads\/2026\/03\/Batiment_BDU-2-e1773947143929.jpg\" alt=\"\" title=\"\" data-id=\"20975\"><\/figure><\/div><\/div><\/div><\/div>\n<\/div>\n<\/div><\/div>\n\n\n\n<div id=\"wp-block-themeisle-blocks-advanced-columns-920d2220\" class=\"wp-block-themeisle-blocks-advanced-columns alignfull has-1-columns has-desktop-equal-layout has-tablet-equal-layout has-mobile-equal-layout has-vertical-unset ticss-c13212e4\"><div class=\"wp-block-themeisle-blocks-advanced-columns-overlay\"><\/div><div class=\"innerblocks-wrap\">\n<div id=\"wp-block-themeisle-blocks-advanced-column-80aee047\" class=\"wp-block-themeisle-blocks-advanced-column\">\n<h2 id=\"wp-block-themeisle-blocks-advanced-heading-2eb14193\" class=\"wp-block-themeisle-blocks-advanced-heading wp-block-themeisle-blocks-advanced-heading-2eb14193 bobby\"><strong>Alexandria (ALX)<\/strong><\/h2>\n\n\n\n<p class=\"has-text-align-center\" style=\"padding-right:var(--wp--preset--spacing--40);padding-left:var(--wp--preset--spacing--40)\"><strong>Lanthier Bakery was founded in 1932 in Alexandria, Ontario, by Georges and Adrienne Lanthier.<br><\/strong><br><strong>At the time, it was one of four new bakeries in the small town of Alexandria, during an era when bread was still mostly homemade.<\/strong><\/p>\n\n\n\n<p><\/p>\n\n\n\n<div id=\"wp-block-themeisle-blocks-slider-3d11bec0\" class=\"wp-block-themeisle-blocks-slider glide\" data-per-view=\"1\" data-gap=\"0\" data-peek=\"0\" data-autoplay=\"3000\" data-height=\"500px\" data-hide-arrows=\"false\"><div class=\"glide__track\" data-glide-el=\"track\"><div class=\"glide__slides\"><div class=\"wp-block-themeisle-blocks-slider-item-wrapper glide__slide\"><figure><img decoding=\"async\" class=\"wp-block-themeisle-blocks-slider-item\" src=\"https:\/\/www.lafourneedoree.fr\/wp-content\/uploads\/2026\/03\/Batiment_ALX_2.jpg\" alt=\"\" title=\"\" data-id=\"21002\"><\/figure><\/div><div class=\"wp-block-themeisle-blocks-slider-item-wrapper glide__slide\"><figure><img decoding=\"async\" class=\"wp-block-themeisle-blocks-slider-item\" src=\"https:\/\/www.lafourneedoree.fr\/wp-content\/uploads\/2026\/03\/Mise_en_chaine.jpg\" alt=\"\" title=\"\" data-id=\"21020\"><\/figure><\/div><div class=\"wp-block-themeisle-blocks-slider-item-wrapper glide__slide\"><figure><img decoding=\"async\" class=\"wp-block-themeisle-blocks-slider-item\" src=\"https:\/\/www.lafourneedoree.fr\/wp-content\/uploads\/2026\/03\/Mise_en_cartons-e1773947917503.jpg\" alt=\"\" title=\"\" data-id=\"21014\"><\/figure><\/div><div class=\"wp-block-themeisle-blocks-slider-item-wrapper glide__slide\"><figure><img decoding=\"async\" class=\"wp-block-themeisle-blocks-slider-item\" src=\"https:\/\/www.lafourneedoree.fr\/wp-content\/uploads\/2026\/03\/Accueil_ALX.jpg\" alt=\"\" title=\"\" data-id=\"20996\"><\/figure><\/div><div class=\"wp-block-themeisle-blocks-slider-item-wrapper glide__slide\"><figure><img decoding=\"async\" class=\"wp-block-themeisle-blocks-slider-item\" src=\"https:\/\/www.lafourneedoree.fr\/wp-content\/uploads\/2026\/03\/Four_balancelles.jpg\" alt=\"\" title=\"\" data-id=\"21008\"><\/figure><\/div><\/div><\/div><\/div>\n<\/div>\n<\/div><\/div>\n","protected":false},"excerpt":{"rendered":"","protected":false},"author":2,"featured_media":0,"parent":0,"menu_order":0,"comment_status":"closed","ping_status":"closed","template":"","meta":{"_acf_changed":false,"neve_meta_sidebar":"","neve_meta_container":"","neve_meta_enable_content_width":"","neve_meta_content_width":0,"neve_meta_title_alignment":"","neve_meta_author_avatar":"","neve_post_elements_order":"","neve_meta_disable_header":"","neve_meta_disable_footer":"","neve_meta_disable_title":"on","neve_meta_reading_time":"","_themeisle_gutenberg_block_has_review":false,"footnotes":""},"class_list":["post-21029","page","type-page","status-publish","hentry"],"acf":[],"yoast_head":"<!-- This site is optimized with the Yoast SEO plugin v27.3 - https:\/\/yoast.com\/product\/yoast-seo-wordpress\/ -->\n<title>Manufacturing workshops - La Fourn\u00e9e Dor\u00e9e - La saveur retrouv\u00e9e<\/title>\n<meta name=\"robots\" content=\"index, follow, max-snippet:-1, max-image-preview:large, max-video-preview:-1\" \/>\n<link rel=\"canonical\" href=\"https:\/\/www.lafourneedoree.fr\/en-CA\/manufacturing-workshops\/\" \/>\n<meta property=\"og:locale\" content=\"en_US\" \/>\n<meta property=\"og:type\" content=\"article\" \/>\n<meta property=\"og:title\" content=\"Manufacturing workshops - La Fourn\u00e9e Dor\u00e9e - La saveur retrouv\u00e9e\" \/>\n<meta property=\"og:url\" content=\"https:\/\/www.lafourneedoree.fr\/en-CA\/manufacturing-workshops\/\" \/>\n<meta property=\"og:site_name\" content=\"La Fourn\u00e9e Dor\u00e9e - La saveur retrouv\u00e9e\" \/>\n<meta property=\"article:modified_time\" content=\"2026-05-05T18:57:51+00:00\" \/>\n<meta property=\"og:image\" content=\"https:\/\/www.lafourneedoree.fr\/wp-content\/uploads\/2026\/03\/Batiment_BDU-2-e1773947143929.jpg\" \/>\n<meta name=\"twitter:card\" content=\"summary_large_image\" \/>\n<meta name=\"twitter:label1\" content=\"Est. reading time\" \/>\n\t<meta name=\"twitter:data1\" content=\"3 minutes\" \/>\n<script type=\"application\/ld+json\" class=\"yoast-schema-graph\">{\"@context\":\"https:\\\/\\\/schema.org\",\"@graph\":[{\"@type\":\"WebPage\",\"@id\":\"https:\\\/\\\/www.lafourneedoree.fr\\\/en-CA\\\/manufacturing-workshops\\\/\",\"url\":\"https:\\\/\\\/www.lafourneedoree.fr\\\/en-CA\\\/manufacturing-workshops\\\/\",\"name\":\"Manufacturing workshops - La Fourn\u00e9e Dor\u00e9e - La saveur retrouv\u00e9e\",\"isPartOf\":{\"@id\":\"https:\\\/\\\/www.lafourneedoree.fr\\\/#website\"},\"primaryImageOfPage\":{\"@id\":\"https:\\\/\\\/www.lafourneedoree.fr\\\/en-CA\\\/manufacturing-workshops\\\/#primaryimage\"},\"image\":{\"@id\":\"https:\\\/\\\/www.lafourneedoree.fr\\\/en-CA\\\/manufacturing-workshops\\\/#primaryimage\"},\"thumbnailUrl\":\"https:\\\/\\\/www.lafourneedoree.fr\\\/wp-content\\\/uploads\\\/2026\\\/03\\\/Batiment_BDU-2-e1773947143929.jpg\",\"datePublished\":\"2025-10-28T15:14:24+00:00\",\"dateModified\":\"2026-05-05T18:57:51+00:00\",\"breadcrumb\":{\"@id\":\"https:\\\/\\\/www.lafourneedoree.fr\\\/en-CA\\\/manufacturing-workshops\\\/#breadcrumb\"},\"inLanguage\":\"ca-EN\",\"potentialAction\":[{\"@type\":\"ReadAction\",\"target\":[\"https:\\\/\\\/www.lafourneedoree.fr\\\/en-CA\\\/manufacturing-workshops\\\/\"]}]},{\"@type\":\"ImageObject\",\"inLanguage\":\"ca-EN\",\"@id\":\"https:\\\/\\\/www.lafourneedoree.fr\\\/en-CA\\\/manufacturing-workshops\\\/#primaryimage\",\"url\":\"https:\\\/\\\/www.lafourneedoree.fr\\\/wp-content\\\/uploads\\\/2026\\\/03\\\/Batiment_BDU-2-e1773947143929.jpg\",\"contentUrl\":\"https:\\\/\\\/www.lafourneedoree.fr\\\/wp-content\\\/uploads\\\/2026\\\/03\\\/Batiment_BDU-2-e1773947143929.jpg\"},{\"@type\":\"BreadcrumbList\",\"@id\":\"https:\\\/\\\/www.lafourneedoree.fr\\\/en-CA\\\/manufacturing-workshops\\\/#breadcrumb\",\"itemListElement\":[{\"@type\":\"ListItem\",\"position\":1,\"name\":\"La Fourn\u00e9e Dor\u00e9e\",\"item\":\"https:\\\/\\\/www.lafourneedoree.fr\\\/en-CA\\\/\"},{\"@type\":\"ListItem\",\"position\":2,\"name\":\"Manufacturing workshops\"}]},{\"@type\":\"WebSite\",\"@id\":\"https:\\\/\\\/www.lafourneedoree.fr\\\/#website\",\"url\":\"https:\\\/\\\/www.lafourneedoree.fr\\\/\",\"name\":\"La Fourn\u00e9e Dor\u00e9e - La saveur retrouv\u00e9e\",\"description\":\"\",\"potentialAction\":[{\"@type\":\"SearchAction\",\"target\":{\"@type\":\"EntryPoint\",\"urlTemplate\":\"https:\\\/\\\/www.lafourneedoree.fr\\\/?s={search_term_string}\"},\"query-input\":{\"@type\":\"PropertyValueSpecification\",\"valueRequired\":true,\"valueName\":\"search_term_string\"}}],\"inLanguage\":\"ca-EN\"}]}<\/script>\n<!-- \/ Yoast SEO plugin. -->","yoast_head_json":{"title":"Manufacturing workshops - La Fourn\u00e9e Dor\u00e9e - La saveur retrouv\u00e9e","robots":{"index":"index","follow":"follow","max-snippet":"max-snippet:-1","max-image-preview":"max-image-preview:large","max-video-preview":"max-video-preview:-1"},"canonical":"https:\/\/www.lafourneedoree.fr\/en-CA\/manufacturing-workshops\/","og_locale":"en_US","og_type":"article","og_title":"Manufacturing workshops - La Fourn\u00e9e Dor\u00e9e - La saveur retrouv\u00e9e","og_url":"https:\/\/www.lafourneedoree.fr\/en-CA\/manufacturing-workshops\/","og_site_name":"La Fourn\u00e9e Dor\u00e9e - La saveur retrouv\u00e9e","article_modified_time":"2026-05-05T18:57:51+00:00","og_image":[{"url":"https:\/\/www.lafourneedoree.fr\/wp-content\/uploads\/2026\/03\/Batiment_BDU-2-e1773947143929.jpg","type":"","width":"","height":""}],"twitter_card":"summary_large_image","twitter_misc":{"Est. reading time":"3 minutes"},"schema":{"@context":"https:\/\/schema.org","@graph":[{"@type":"WebPage","@id":"https:\/\/www.lafourneedoree.fr\/en-CA\/manufacturing-workshops\/","url":"https:\/\/www.lafourneedoree.fr\/en-CA\/manufacturing-workshops\/","name":"Manufacturing workshops - La Fourn\u00e9e Dor\u00e9e - La saveur retrouv\u00e9e","isPartOf":{"@id":"https:\/\/www.lafourneedoree.fr\/#website"},"primaryImageOfPage":{"@id":"https:\/\/www.lafourneedoree.fr\/en-CA\/manufacturing-workshops\/#primaryimage"},"image":{"@id":"https:\/\/www.lafourneedoree.fr\/en-CA\/manufacturing-workshops\/#primaryimage"},"thumbnailUrl":"https:\/\/www.lafourneedoree.fr\/wp-content\/uploads\/2026\/03\/Batiment_BDU-2-e1773947143929.jpg","datePublished":"2025-10-28T15:14:24+00:00","dateModified":"2026-05-05T18:57:51+00:00","breadcrumb":{"@id":"https:\/\/www.lafourneedoree.fr\/en-CA\/manufacturing-workshops\/#breadcrumb"},"inLanguage":"ca-EN","potentialAction":[{"@type":"ReadAction","target":["https:\/\/www.lafourneedoree.fr\/en-CA\/manufacturing-workshops\/"]}]},{"@type":"ImageObject","inLanguage":"ca-EN","@id":"https:\/\/www.lafourneedoree.fr\/en-CA\/manufacturing-workshops\/#primaryimage","url":"https:\/\/www.lafourneedoree.fr\/wp-content\/uploads\/2026\/03\/Batiment_BDU-2-e1773947143929.jpg","contentUrl":"https:\/\/www.lafourneedoree.fr\/wp-content\/uploads\/2026\/03\/Batiment_BDU-2-e1773947143929.jpg"},{"@type":"BreadcrumbList","@id":"https:\/\/www.lafourneedoree.fr\/en-CA\/manufacturing-workshops\/#breadcrumb","itemListElement":[{"@type":"ListItem","position":1,"name":"La Fourn\u00e9e Dor\u00e9e","item":"https:\/\/www.lafourneedoree.fr\/en-CA\/"},{"@type":"ListItem","position":2,"name":"Manufacturing workshops"}]},{"@type":"WebSite","@id":"https:\/\/www.lafourneedoree.fr\/#website","url":"https:\/\/www.lafourneedoree.fr\/","name":"La Fourn\u00e9e Dor\u00e9e - La saveur retrouv\u00e9e","description":"","potentialAction":[{"@type":"SearchAction","target":{"@type":"EntryPoint","urlTemplate":"https:\/\/www.lafourneedoree.fr\/?s={search_term_string}"},"query-input":{"@type":"PropertyValueSpecification","valueRequired":true,"valueName":"search_term_string"}}],"inLanguage":"ca-EN"}]}},"_links":{"self":[{"href":"https:\/\/www.lafourneedoree.fr\/en-CA\/wp-json\/wp\/v2\/pages\/21029","targetHints":{"allow":["GET"]}}],"collection":[{"href":"https:\/\/www.lafourneedoree.fr\/en-CA\/wp-json\/wp\/v2\/pages"}],"about":[{"href":"https:\/\/www.lafourneedoree.fr\/en-CA\/wp-json\/wp\/v2\/types\/page"}],"author":[{"embeddable":true,"href":"https:\/\/www.lafourneedoree.fr\/en-CA\/wp-json\/wp\/v2\/users\/2"}],"replies":[{"embeddable":true,"href":"https:\/\/www.lafourneedoree.fr\/en-CA\/wp-json\/wp\/v2\/comments?post=21029"}],"version-history":[{"count":5,"href":"https:\/\/www.lafourneedoree.fr\/en-CA\/wp-json\/wp\/v2\/pages\/21029\/revisions"}],"predecessor-version":[{"id":21677,"href":"https:\/\/www.lafourneedoree.fr\/en-CA\/wp-json\/wp\/v2\/pages\/21029\/revisions\/21677"}],"wp:attachment":[{"href":"https:\/\/www.lafourneedoree.fr\/en-CA\/wp-json\/wp\/v2\/media?parent=21029"}],"curies":[{"name":"wp","href":"https:\/\/api.w.org\/{rel}","templated":true}]}}