{"id":13017,"date":"2025-08-07T13:12:18","date_gmt":"2025-08-07T11:12:18","guid":{"rendered":"https:\/\/preprod.lafourneedoree.fr\/la-fournee-doree-la-saveur-retrouvee\/"},"modified":"2026-04-08T16:50:08","modified_gmt":"2026-04-08T14:50:08","slug":"la-fournee-doree-la-saveur-retrouvee","status":"publish","type":"page","link":"https:\/\/www.lafourneedoree.fr\/en\/","title":{"rendered":"La fourn\u00e9e dor\u00e9e &#8211; La saveur retrouv\u00e9e"},"content":{"rendered":"\n<div class=\"wp-block-cover alignfull is-light has-custom-content-position is-position-bottom-center ticss-01341261 has-neve-link-hover-color-color has-text-color has-link-color wp-elements-b29b3f74456f7eb368647da08a40cd04\" style=\"padding-bottom:5rem;min-height:750px;aspect-ratio:unset;\"><img loading=\"lazy\" decoding=\"async\" width=\"2000\" height=\"900\" class=\"wp-block-cover__image-background wp-image-18781 size-full\" alt=\"\" src=\"https:\/\/www.lafourneedoree.fr\/wp-content\/uploads\/2026\/01\/visuel-wordlwide.jpg\" data-object-fit=\"cover\" srcset=\"https:\/\/www.lafourneedoree.fr\/wp-content\/uploads\/2026\/01\/visuel-wordlwide.jpg 2000w, https:\/\/www.lafourneedoree.fr\/wp-content\/uploads\/2026\/01\/visuel-wordlwide-300x135.jpg 300w, https:\/\/www.lafourneedoree.fr\/wp-content\/uploads\/2026\/01\/visuel-wordlwide-1024x461.jpg 1024w, https:\/\/www.lafourneedoree.fr\/wp-content\/uploads\/2026\/01\/visuel-wordlwide-768x346.jpg 768w, https:\/\/www.lafourneedoree.fr\/wp-content\/uploads\/2026\/01\/visuel-wordlwide-1536x691.jpg 1536w\" sizes=\"auto, (max-width: 2000px) 100vw, 2000px\" \/><span aria-hidden=\"true\" class=\"wp-block-cover__background has-nv-light-bg-background-color has-background-dim-10 has-background-dim\"><\/span><div class=\"wp-block-cover__inner-container is-layout-constrained wp-block-cover-is-layout-constrained\">\n<div id=\"wp-block-themeisle-blocks-advanced-columns-aec2adcc\" class=\"wp-block-themeisle-blocks-advanced-columns has-3-columns has-desktop-oneThreeOne-layout has-tablet-equal-layout has-mobile-collapsedRows-layout has-vertical-unset\"><div class=\"wp-block-themeisle-blocks-advanced-columns-overlay\"><\/div><div class=\"innerblocks-wrap\">\n<div id=\"wp-block-themeisle-blocks-advanced-column-858c228f\" class=\"wp-block-themeisle-blocks-advanced-column\"><\/div>\n\n\n\n<div id=\"wp-block-themeisle-blocks-advanced-column-9317f03c\" class=\"wp-block-themeisle-blocks-advanced-column\">\n<span id=\"wp-block-themeisle-blocks-advanced-heading-72000518\" class=\"wp-block-themeisle-blocks-advanced-heading wp-block-themeisle-blocks-advanced-heading-72000518 bobby ticss-04182873\">Discover our Brioche Slider Rolls<\/span>\n<\/div>\n\n\n\n<div id=\"wp-block-themeisle-blocks-advanced-column-af4974b7\" class=\"wp-block-themeisle-blocks-advanced-column\"><\/div>\n<\/div><\/div>\n\n\n\n<div class=\"wp-block-buttons is-content-justification-center is-nowrap is-layout-flex wp-container-core-buttons-is-layout-1fb9aab6 wp-block-buttons-is-layout-flex\">\n<div class=\"wp-block-button is-style-primary\"><a class=\"wp-block-button__link has-medium-font-size has-custom-font-size wp-element-button\" href=\"https:\/\/www.lafourneedoree.fr\/en\/our-products\/brioche-slider-rolls\/\">CHECK THE PRODUCT<\/a><\/div>\n<\/div>\n<\/div><\/div>\n\n\n\n\n\n<div id=\"wp-block-themeisle-blocks-advanced-columns-792456fc\" class=\"wp-block-themeisle-blocks-advanced-columns alignfull has-1-columns has-desktop-equal-layout has-tablet-equal-layout has-mobile-equal-layout has-vertical-unset\"><div class=\"wp-block-themeisle-blocks-advanced-columns-overlay\"><\/div><div class=\"innerblocks-wrap\">\n<div id=\"wp-block-themeisle-blocks-advanced-column-621379cc\" class=\"wp-block-themeisle-blocks-advanced-column\">\n<h2 id=\"wp-block-themeisle-blocks-advanced-heading-9d24f085\" class=\"wp-block-themeisle-blocks-advanced-heading wp-block-themeisle-blocks-advanced-heading-9d24f085\"><mark class=\"has-inline-color has-custom-3-color\">La Fourn\u00e9e Dor\u00e9e,<\/mark><br>so many wonderful<br>commitments<\/h2>\n\n\n\n<span id=\"wp-block-themeisle-blocks-advanced-heading-84f62606\" class=\"wp-block-themeisle-blocks-advanced-heading wp-block-themeisle-blocks-advanced-heading-84f62606\">At La Fournee Doree, we love a well done job! So when we commit, it is not halfway. Our values are not only pretty words, they are everyday actions.<\/span>\n<\/div>\n<\/div><\/div>\n\n\n\n<div id=\"wp-block-themeisle-blocks-advanced-columns-696ab84e\" class=\"wp-block-themeisle-blocks-advanced-columns alignfull has-3-columns has-desktop-equal-layout has-tablet-equal-layout has-mobile-collapsedRows-layout has-vertical-unset\"><div class=\"wp-block-themeisle-blocks-advanced-columns-overlay\"><\/div><div class=\"innerblocks-wrap\">\n<div id=\"wp-block-themeisle-blocks-advanced-column-b14c2fa3\" class=\"wp-block-themeisle-blocks-advanced-column\">\n<div class=\"wp-block-group has-nv-c-1-background-color has-background is-vertical is-content-justification-center is-layout-flex wp-container-core-group-is-layout-ec4083d0 wp-block-group-is-layout-flex\" style=\"border-radius:20px;padding-top:var(--wp--preset--spacing--60);padding-right:var(--wp--preset--spacing--70);padding-bottom:var(--wp--preset--spacing--60);padding-left:var(--wp--preset--spacing--70)\"><div class=\"wp-block-image\">\n<figure class=\"aligncenter size-full\"><img loading=\"lazy\" decoding=\"async\" width=\"120\" height=\"121\" src=\"https:\/\/www.lafourneedoree.fr\/wp-content\/uploads\/2025\/10\/Groupe-45.png\" alt=\"\" class=\"wp-image-12949\" \/><\/figure>\n<\/div>\n\n\n<div style=\"height:100px\" aria-hidden=\"true\" class=\"wp-block-spacer wp-container-content-16d1eb73\"><\/div>\n\n\n\n<span id=\"wp-block-themeisle-blocks-advanced-heading-9f898970\" class=\"wp-block-themeisle-blocks-advanced-heading wp-block-themeisle-blocks-advanced-heading-9f898970\"><strong>Quality &amp; traceability<\/strong><\/span>\n\n\n\n<h3 id=\"wp-block-themeisle-blocks-advanced-heading-40e5744f\" class=\"wp-block-themeisle-blocks-advanced-heading wp-block-themeisle-blocks-advanced-heading-40e5744f\">LOOKING FOR AUTHENTICITY<\/h3>\n\n\n\n<p class=\"has-text-align-center has-custom-1-color has-text-color has-link-color wp-elements-31ec182081838fb70833576371f9e0c6\" style=\"padding-top:5px;font-size:18px\">What could be better than serious quality commitments to keep our products seriously delicious?<\/p>\n<\/div>\n<\/div>\n\n\n\n<div id=\"wp-block-themeisle-blocks-advanced-column-345a84a5\" class=\"wp-block-themeisle-blocks-advanced-column\">\n<div class=\"wp-block-group has-custom-4-background-color has-background is-vertical is-content-justification-center is-layout-flex wp-container-core-group-is-layout-ec4083d0 wp-block-group-is-layout-flex\" style=\"border-radius:20px;padding-top:var(--wp--preset--spacing--60);padding-right:var(--wp--preset--spacing--70);padding-bottom:var(--wp--preset--spacing--60);padding-left:var(--wp--preset--spacing--70)\"><div class=\"wp-block-image\">\n<figure class=\"aligncenter size-full\"><img loading=\"lazy\" decoding=\"async\" width=\"120\" height=\"121\" src=\"https:\/\/www.lafourneedoree.fr\/wp-content\/uploads\/2025\/10\/Groupe-44.png\" alt=\"\" class=\"wp-image-12950\" \/><\/figure>\n<\/div>\n\n\n<div style=\"height:0px\" aria-hidden=\"true\" class=\"wp-block-spacer wp-container-content-16d1eb73\"><\/div>\n\n\n\n<span id=\"wp-block-themeisle-blocks-advanced-heading-7f3d7986\" class=\"wp-block-themeisle-blocks-advanced-heading wp-block-themeisle-blocks-advanced-heading-7f3d7986\"><strong>Sustainable development<\/strong><\/span>\n\n\n\n<h3 id=\"wp-block-themeisle-blocks-advanced-heading-45ca99b5\" class=\"wp-block-themeisle-blocks-advanced-heading wp-block-themeisle-blocks-advanced-heading-45ca99b5\">PRESERVE THE FUTURE<\/h3>\n\n\n\n<p class=\"has-text-align-center has-custom-1-color has-text-color has-link-color wp-elements-792803ce55fabbecb6688cb7b2da32e6\" style=\"padding-top:5px;font-size:18px\">Because we all want to live on a beautiful planet that lasts for a long time, we defend sustainable development through concrete actions.<\/p>\n<\/div>\n<\/div>\n\n\n\n<div id=\"wp-block-themeisle-blocks-advanced-column-b7a1843e\" class=\"wp-block-themeisle-blocks-advanced-column\">\n<div class=\"wp-block-group has-custom-3-background-color has-background is-vertical is-content-justification-center is-layout-flex wp-container-core-group-is-layout-ec4083d0 wp-block-group-is-layout-flex\" style=\"border-radius:20px;padding-top:var(--wp--preset--spacing--60);padding-right:var(--wp--preset--spacing--70);padding-bottom:var(--wp--preset--spacing--60);padding-left:var(--wp--preset--spacing--70)\"><div class=\"wp-block-image\">\n<figure class=\"aligncenter size-full\"><img loading=\"lazy\" decoding=\"async\" width=\"120\" height=\"121\" src=\"https:\/\/www.lafourneedoree.fr\/wp-content\/uploads\/2025\/10\/Groupe-43.png\" alt=\"\" class=\"wp-image-12951\" \/><\/figure>\n<\/div>\n\n\n<div style=\"height:0px\" aria-hidden=\"true\" class=\"wp-block-spacer wp-container-content-16d1eb73\"><\/div>\n\n\n\n<span id=\"wp-block-themeisle-blocks-advanced-heading-4ca3b9b6\" class=\"wp-block-themeisle-blocks-advanced-heading wp-block-themeisle-blocks-advanced-heading-4ca3b9b6\"><strong>Human aspect<\/strong><\/span>\n\n\n\n<h3 id=\"wp-block-themeisle-blocks-advanced-heading-a6c2c29e\" class=\"wp-block-themeisle-blocks-advanced-heading wp-block-themeisle-blocks-advanced-heading-a6c2c29e\">HAVING A GOOD HEART<\/h3>\n\n\n\n<p class=\"has-text-align-center has-custom-1-color has-text-color has-link-color wp-elements-dd4c3cf754f3ee3637beff6ee4cef74e\" style=\"padding-top:5px;font-size:18px\">Dreaming of a respectful and generous company is good. Doing everything so everyone can flourish in their work is better!<\/p>\n<\/div>\n<\/div>\n<\/div><\/div>\n\n\n\n<div id=\"wp-block-themeisle-blocks-advanced-columns-3e3815bd\" class=\"wp-block-themeisle-blocks-advanced-columns alignfull has-1-columns has-desktop-equal-layout has-tablet-equal-layout has-mobile-collapsedRows-layout has-vertical-unset ticss-251208fa\"><div class=\"wp-block-themeisle-blocks-advanced-columns-overlay\"><\/div><div class=\"innerblocks-wrap\">\n<div id=\"wp-block-themeisle-blocks-advanced-column-43f5bcf1\" class=\"wp-block-themeisle-blocks-advanced-column\">\n<h2 class=\"wp-block-heading has-text-align-center\" style=\"font-size:70px\"><mark class=\"has-inline-color has-custom-2-color\">What if we shared<\/mark> <br><mark class=\"has-inline-color has-custom-3-color\">the family spirit ?<\/mark><\/h2>\n\n\n\n<div id=\"wp-block-themeisle-blocks-advanced-columns-e4b5aa6f\" class=\"wp-block-themeisle-blocks-advanced-columns has-2-columns has-desktop-equal-layout has-tablet-equal-layout has-mobile-collapsedRows-layout has-vertical-unset\"><div class=\"wp-block-themeisle-blocks-advanced-columns-overlay\"><\/div><div class=\"innerblocks-wrap\">\n<div id=\"wp-block-themeisle-blocks-advanced-column-d55bfd02\" class=\"wp-block-themeisle-blocks-advanced-column\">\n<div class=\"wp-block-group is-content-justification-left is-layout-flex wp-container-core-group-is-layout-1242ea09 wp-block-group-is-layout-flex\" style=\"padding-top:var(--wp--preset--spacing--40)\">\n<figure class=\"wp-block-image size-full is-resized\"><img loading=\"lazy\" decoding=\"async\" width=\"462\" height=\"483\" src=\"https:\/\/www.lafourneedoree.fr\/wp-content\/uploads\/2025\/10\/album.png\" alt=\"\" class=\"wp-image-10943\" style=\"aspect-ratio:1;object-fit:cover;width:auto;height:400px\" srcset=\"https:\/\/www.lafourneedoree.fr\/wp-content\/uploads\/2025\/10\/album.png 462w, https:\/\/www.lafourneedoree.fr\/wp-content\/uploads\/2025\/10\/album-287x300.png 287w\" sizes=\"auto, (max-width: 462px) 100vw, 462px\" \/><\/figure>\n\n\n\n<div class=\"wp-block-group is-vertical is-layout-flex wp-container-core-group-is-layout-8cf370e7 wp-block-group-is-layout-flex\">\n<span id=\"wp-block-themeisle-blocks-advanced-heading-75f6ff9c\" class=\"wp-block-themeisle-blocks-advanced-heading wp-block-themeisle-blocks-advanced-heading-75f6ff9c bobby\"><mark class=\"has-inline-color has-custom-3-color\">The adventure<br>has been written<br>with the family<\/mark><br>since 1997.<br>Discover<br>our history.<\/span>\n\n\n\n<div class=\"wp-block-buttons is-layout-flex wp-block-buttons-is-layout-flex\" style=\"padding-top:var(--wp--preset--spacing--50)\">\n<div class=\"wp-block-button is-style-primary\"><a class=\"wp-block-button__link wp-element-button\" href=\"https:\/\/www.lafourneedoree.fr\/en\/our-story\/\" style=\"text-transform:uppercase\">Learn more abouT us<\/a><\/div>\n<\/div>\n<\/div>\n<\/div>\n<\/div>\n\n\n\n<div id=\"wp-block-themeisle-blocks-advanced-column-1a6e57b8\" class=\"wp-block-themeisle-blocks-advanced-column\">\n<p class=\"has-neve-link-color-color has-text-color has-link-color wp-elements-0943b4bdf3c7dadd61e8fba054eb71a6\" style=\"font-size:18px\"><strong>Our home is our bakery. Our secret is passing on our knowledge. Our expertise is authenticity. And our desire is to make you happy!<br>So, across France, we cultivate our know-how, constantly improve our recipes, and remain curious and open to new ideas\u2026<\/strong><\/p>\n\n\n\n<p class=\"has-neve-link-color-color has-text-color has-link-color wp-elements-efaa3a6c66db2eee4fa3e8c14c5bc782\" style=\"font-size:18px\"><strong>And above all, we roll up our sleeves, get our hands in the flour, and make a real commitment to bringing you back to the good old days with every bite.<\/strong><\/p>\n<\/div>\n<\/div><\/div>\n<\/div>\n<\/div><\/div>\n","protected":false},"excerpt":{"rendered":"","protected":false},"author":3,"featured_media":0,"parent":0,"menu_order":0,"comment_status":"closed","ping_status":"closed","template":"","meta":{"_acf_changed":false,"neve_meta_sidebar":"","neve_meta_container":"","neve_meta_enable_content_width":"","neve_meta_content_width":0,"neve_meta_title_alignment":"","neve_meta_author_avatar":"","neve_post_elements_order":"","neve_meta_disable_header":"","neve_meta_disable_footer":"","neve_meta_disable_title":"on","neve_meta_reading_time":"","_themeisle_gutenberg_block_has_review":false,"footnotes":""},"class_list":["post-13017","page","type-page","status-publish","hentry"],"acf":[],"yoast_head":"<!-- This site is optimized with the Yoast SEO plugin v27.3 - https:\/\/yoast.com\/product\/yoast-seo-wordpress\/ -->\n<title>La Fourn\u00e9e Dor\u00e9e<\/title>\n<meta name=\"robots\" content=\"index, follow, max-snippet:-1, max-image-preview:large, max-video-preview:-1\" \/>\n<link rel=\"canonical\" href=\"https:\/\/www.lafourneedoree.fr\/en\/\" \/>\n<meta property=\"og:locale\" content=\"en_US\" \/>\n<meta property=\"og:type\" content=\"article\" \/>\n<meta property=\"og:title\" content=\"La Fourn\u00e9e Dor\u00e9e\" \/>\n<meta property=\"og:url\" content=\"https:\/\/www.lafourneedoree.fr\/en\/\" \/>\n<meta property=\"og:site_name\" content=\"La Fourn\u00e9e Dor\u00e9e - La saveur retrouv\u00e9e\" \/>\n<meta property=\"article:modified_time\" content=\"2026-04-08T14:50:08+00:00\" \/>\n<meta property=\"og:image\" content=\"https:\/\/www.lafourneedoree.fr\/wp-content\/uploads\/2026\/01\/visuel-wordlwide.jpg\" \/>\n\t<meta property=\"og:image:width\" content=\"2000\" \/>\n\t<meta property=\"og:image:height\" content=\"900\" \/>\n\t<meta property=\"og:image:type\" content=\"image\/jpeg\" \/>\n<meta name=\"twitter:card\" content=\"summary_large_image\" \/>\n<meta name=\"twitter:label1\" content=\"Est. reading time\" \/>\n\t<meta name=\"twitter:data1\" content=\"4 minutes\" \/>\n<script type=\"application\/ld+json\" class=\"yoast-schema-graph\">{\"@context\":\"https:\\\/\\\/schema.org\",\"@graph\":[{\"@type\":\"WebPage\",\"@id\":\"https:\\\/\\\/www.lafourneedoree.fr\\\/en\\\/\",\"url\":\"https:\\\/\\\/www.lafourneedoree.fr\\\/en\\\/\",\"name\":\"La Fourn\u00e9e Dor\u00e9e\",\"isPartOf\":{\"@id\":\"https:\\\/\\\/www.lafourneedoree.fr\\\/#website\"},\"primaryImageOfPage\":{\"@id\":\"https:\\\/\\\/www.lafourneedoree.fr\\\/en\\\/#primaryimage\"},\"image\":{\"@id\":\"https:\\\/\\\/www.lafourneedoree.fr\\\/en\\\/#primaryimage\"},\"thumbnailUrl\":\"https:\\\/\\\/www.lafourneedoree.fr\\\/wp-content\\\/uploads\\\/2026\\\/01\\\/visuel-wordlwide.jpg\",\"datePublished\":\"2025-08-07T11:12:18+00:00\",\"dateModified\":\"2026-04-08T14:50:08+00:00\",\"breadcrumb\":{\"@id\":\"https:\\\/\\\/www.lafourneedoree.fr\\\/en\\\/#breadcrumb\"},\"inLanguage\":\"en-US\",\"potentialAction\":[{\"@type\":\"ReadAction\",\"target\":[\"https:\\\/\\\/www.lafourneedoree.fr\\\/en\\\/\"]}]},{\"@type\":\"ImageObject\",\"inLanguage\":\"en-US\",\"@id\":\"https:\\\/\\\/www.lafourneedoree.fr\\\/en\\\/#primaryimage\",\"url\":\"https:\\\/\\\/www.lafourneedoree.fr\\\/wp-content\\\/uploads\\\/2026\\\/01\\\/visuel-wordlwide.jpg\",\"contentUrl\":\"https:\\\/\\\/www.lafourneedoree.fr\\\/wp-content\\\/uploads\\\/2026\\\/01\\\/visuel-wordlwide.jpg\"},{\"@type\":\"BreadcrumbList\",\"@id\":\"https:\\\/\\\/www.lafourneedoree.fr\\\/en\\\/#breadcrumb\",\"itemListElement\":[{\"@type\":\"ListItem\",\"position\":1,\"name\":\"La Fourn\u00e9e Dor\u00e9e\",\"item\":\"https:\\\/\\\/www.lafourneedoree.fr\\\/en\\\/\"},{\"@type\":\"ListItem\",\"position\":2,\"name\":\"La fourn\u00e9e dor\u00e9e &#8211; La saveur retrouv\u00e9e\"}]},{\"@type\":\"WebSite\",\"@id\":\"https:\\\/\\\/www.lafourneedoree.fr\\\/#website\",\"url\":\"https:\\\/\\\/www.lafourneedoree.fr\\\/\",\"name\":\"La Fourn\u00e9e Dor\u00e9e - La saveur retrouv\u00e9e\",\"description\":\"\",\"potentialAction\":[{\"@type\":\"SearchAction\",\"target\":{\"@type\":\"EntryPoint\",\"urlTemplate\":\"https:\\\/\\\/www.lafourneedoree.fr\\\/?s={search_term_string}\"},\"query-input\":{\"@type\":\"PropertyValueSpecification\",\"valueRequired\":true,\"valueName\":\"search_term_string\"}}],\"inLanguage\":\"en-US\"}]}<\/script>\n<!-- \/ Yoast SEO plugin. -->","yoast_head_json":{"title":"La Fourn\u00e9e Dor\u00e9e","robots":{"index":"index","follow":"follow","max-snippet":"max-snippet:-1","max-image-preview":"max-image-preview:large","max-video-preview":"max-video-preview:-1"},"canonical":"https:\/\/www.lafourneedoree.fr\/en\/","og_locale":"en_US","og_type":"article","og_title":"La Fourn\u00e9e Dor\u00e9e","og_url":"https:\/\/www.lafourneedoree.fr\/en\/","og_site_name":"La Fourn\u00e9e Dor\u00e9e - La saveur retrouv\u00e9e","article_modified_time":"2026-04-08T14:50:08+00:00","og_image":[{"width":2000,"height":900,"url":"https:\/\/www.lafourneedoree.fr\/wp-content\/uploads\/2026\/01\/visuel-wordlwide.jpg","type":"image\/jpeg"}],"twitter_card":"summary_large_image","twitter_misc":{"Est. reading time":"4 minutes"},"schema":{"@context":"https:\/\/schema.org","@graph":[{"@type":"WebPage","@id":"https:\/\/www.lafourneedoree.fr\/en\/","url":"https:\/\/www.lafourneedoree.fr\/en\/","name":"La Fourn\u00e9e Dor\u00e9e","isPartOf":{"@id":"https:\/\/www.lafourneedoree.fr\/#website"},"primaryImageOfPage":{"@id":"https:\/\/www.lafourneedoree.fr\/en\/#primaryimage"},"image":{"@id":"https:\/\/www.lafourneedoree.fr\/en\/#primaryimage"},"thumbnailUrl":"https:\/\/www.lafourneedoree.fr\/wp-content\/uploads\/2026\/01\/visuel-wordlwide.jpg","datePublished":"2025-08-07T11:12:18+00:00","dateModified":"2026-04-08T14:50:08+00:00","breadcrumb":{"@id":"https:\/\/www.lafourneedoree.fr\/en\/#breadcrumb"},"inLanguage":"en-US","potentialAction":[{"@type":"ReadAction","target":["https:\/\/www.lafourneedoree.fr\/en\/"]}]},{"@type":"ImageObject","inLanguage":"en-US","@id":"https:\/\/www.lafourneedoree.fr\/en\/#primaryimage","url":"https:\/\/www.lafourneedoree.fr\/wp-content\/uploads\/2026\/01\/visuel-wordlwide.jpg","contentUrl":"https:\/\/www.lafourneedoree.fr\/wp-content\/uploads\/2026\/01\/visuel-wordlwide.jpg"},{"@type":"BreadcrumbList","@id":"https:\/\/www.lafourneedoree.fr\/en\/#breadcrumb","itemListElement":[{"@type":"ListItem","position":1,"name":"La Fourn\u00e9e Dor\u00e9e","item":"https:\/\/www.lafourneedoree.fr\/en\/"},{"@type":"ListItem","position":2,"name":"La fourn\u00e9e dor\u00e9e &#8211; La saveur retrouv\u00e9e"}]},{"@type":"WebSite","@id":"https:\/\/www.lafourneedoree.fr\/#website","url":"https:\/\/www.lafourneedoree.fr\/","name":"La Fourn\u00e9e Dor\u00e9e - La saveur retrouv\u00e9e","description":"","potentialAction":[{"@type":"SearchAction","target":{"@type":"EntryPoint","urlTemplate":"https:\/\/www.lafourneedoree.fr\/?s={search_term_string}"},"query-input":{"@type":"PropertyValueSpecification","valueRequired":true,"valueName":"search_term_string"}}],"inLanguage":"en-US"}]}},"_links":{"self":[{"href":"https:\/\/www.lafourneedoree.fr\/en\/wp-json\/wp\/v2\/pages\/13017","targetHints":{"allow":["GET"]}}],"collection":[{"href":"https:\/\/www.lafourneedoree.fr\/en\/wp-json\/wp\/v2\/pages"}],"about":[{"href":"https:\/\/www.lafourneedoree.fr\/en\/wp-json\/wp\/v2\/types\/page"}],"author":[{"embeddable":true,"href":"https:\/\/www.lafourneedoree.fr\/en\/wp-json\/wp\/v2\/users\/3"}],"replies":[{"embeddable":true,"href":"https:\/\/www.lafourneedoree.fr\/en\/wp-json\/wp\/v2\/comments?post=13017"}],"version-history":[{"count":54,"href":"https:\/\/www.lafourneedoree.fr\/en\/wp-json\/wp\/v2\/pages\/13017\/revisions"}],"predecessor-version":[{"id":21321,"href":"https:\/\/www.lafourneedoree.fr\/en\/wp-json\/wp\/v2\/pages\/13017\/revisions\/21321"}],"wp:attachment":[{"href":"https:\/\/www.lafourneedoree.fr\/en\/wp-json\/wp\/v2\/media?parent=13017"}],"curies":[{"name":"wp","href":"https:\/\/api.w.org\/{rel}","templated":true}]}}