{"id":17427,"date":"2025-10-16T12:02:40","date_gmt":"2025-10-16T10:02:40","guid":{"rendered":"https:\/\/preprod.lafourneedoree.fr\/our-story-2\/"},"modified":"2026-02-27T10:19:59","modified_gmt":"2026-02-27T09:19:59","slug":"our-story","status":"publish","type":"page","link":"https:\/\/www.lafourneedoree.fr\/en\/our-story\/","title":{"rendered":"Our Story"},"content":{"rendered":"\n<div id=\"wp-block-themeisle-blocks-advanced-columns-2c099ba2\" class=\"wp-block-themeisle-blocks-advanced-columns alignfull has-1-columns has-desktop-equal-layout has-tablet-equal-layout has-mobile-equal-layout has-vertical-unset dentele\"><div class=\"wp-block-themeisle-blocks-advanced-columns-overlay\"><\/div><div class=\"innerblocks-wrap\">\n<div id=\"wp-block-themeisle-blocks-advanced-column-cbab418a\" class=\"wp-block-themeisle-blocks-advanced-column\">\n<div id=\"wp-block-themeisle-blocks-advanced-columns-e44f5343\" class=\"wp-block-themeisle-blocks-advanced-columns has-1-columns has-desktop-equal-layout has-tablet-equal-layout has-mobile-equal-layout has-vertical-unset\"><div class=\"wp-block-themeisle-blocks-advanced-columns-overlay\"><\/div><div class=\"innerblocks-wrap\">\n<div id=\"wp-block-themeisle-blocks-advanced-column-689a75a8\" class=\"wp-block-themeisle-blocks-advanced-column\"><div class=\"yoast-breadcrumbs ticss-60825abe\"><span><span><a href=\"https:\/\/www.lafourneedoree.fr\/en\/\">La Fourn\u00e9e Dor\u00e9e<\/a><\/span> \u00bb <span class=\"breadcrumb_last\" aria-current=\"page\">Our Story<\/span><\/span><\/div><\/div>\n<\/div><\/div>\n\n\n\n<h1 class=\"wp-block-heading has-text-align-center has-nv-text-dark-bg-color has-text-color has-link-color wp-elements-92a3dc70bd18e104158dc7c4a245f5bc\">Our Story<\/h1>\n<\/div>\n<\/div><\/div>\n\n\n\n<div id=\"wp-block-themeisle-blocks-advanced-columns-17e0ee01\" class=\"wp-block-themeisle-blocks-advanced-columns alignfull has-2-columns has-desktop-equal-layout has-tablet-equal-layout has-mobile-collapsedRows-layout has-vertical-unset ticss-17e0ee01\"><div class=\"wp-block-themeisle-blocks-advanced-columns-overlay\"><\/div><div class=\"innerblocks-wrap\">\n<div id=\"wp-block-themeisle-blocks-advanced-column-2e906490\" class=\"wp-block-themeisle-blocks-advanced-column\">\n<figure class=\"wp-block-image size-full is-resized\"><img loading=\"lazy\" decoding=\"async\" width=\"568\" height=\"724\" src=\"https:\/\/www.lafourneedoree.fr\/wp-content\/uploads\/2025\/11\/Parlons-nous-1-1.png\" alt=\"\" class=\"wp-image-13259\" style=\"width:400px\" srcset=\"https:\/\/www.lafourneedoree.fr\/wp-content\/uploads\/2025\/11\/Parlons-nous-1-1.png 568w, https:\/\/www.lafourneedoree.fr\/wp-content\/uploads\/2025\/11\/Parlons-nous-1-1-235x300.png 235w\" sizes=\"auto, (max-width: 568px) 100vw, 568px\" \/><\/figure>\n<\/div>\n\n\n\n<div id=\"wp-block-themeisle-blocks-advanced-column-199143bf\" class=\"wp-block-themeisle-blocks-advanced-column\">\n<span id=\"wp-block-themeisle-blocks-advanced-heading-8332e6e8\" class=\"wp-block-themeisle-blocks-advanced-heading wp-block-themeisle-blocks-advanced-heading-8332e6e8 bobby\"><mark class=\"has-inline-color has-neve-link-hover-color-color\">Let\u2019s speak<br>honestly,<\/mark><br><mark class=\"has-inline-color has-custom-2-color\">from one gourmet<br>to another.<\/mark><\/span>\n\n\n\n<p id=\"wp-block-themeisle-blocks-advanced-heading-c7fe0385\" class=\"wp-block-themeisle-blocks-advanced-heading wp-block-themeisle-blocks-advanced-heading-c7fe0385\"><strong>We can be rather like sweet or rather like salty, but when it comes to quality, no more squabbling: we all want the best for ourselves and for our children!<\/strong><\/p>\n<\/div>\n<\/div><\/div>\n\n\n\n<div id=\"wp-block-themeisle-blocks-advanced-columns-c96f1dff\" class=\"wp-block-themeisle-blocks-advanced-columns alignfull has-1-columns has-desktop-equal-layout has-tablet-equal-layout has-mobile-equal-layout has-vertical-unset ticss-1ec2d4da\"><div class=\"wp-block-themeisle-blocks-advanced-columns-overlay\"><\/div><div class=\"innerblocks-wrap\">\n<div id=\"wp-block-themeisle-blocks-advanced-column-d5d417f0\" class=\"wp-block-themeisle-blocks-advanced-column\">\n<h2 class=\"wp-block-heading has-text-align-center bobby has-custom-3-color has-text-color has-link-color wp-elements-b0b0cd6f8d6432d01173da3e554d8d39\" id=\"bobby\">And the best is precisely what we advocate for at La Fournee Doree,<\/h2>\n\n\n\n<span id=\"wp-block-themeisle-blocks-advanced-heading-72317e2d\" class=\"wp-block-themeisle-blocks-advanced-heading wp-block-themeisle-blocks-advanced-heading-72317e2d bobby\">and this for 4 generations.<\/span>\n\n\n\n<p class=\"has-text-align-center has-custom-2-color has-text-color has-link-color wp-elements-058999262d799243b2bcd704fb229955\">Because, for us, quality and delicacy are above all a family and regional story. \u2018G\u00e2che\u2019, Brioche or Brioche Swirl, we are as attached to our traditional French recipes and production. And then, we are convinced that it is with noble and natural ingredients that we enjoy better moments! Thus, every day we make sure to re-enchant our baking and pastry tradition.  <\/p>\n<\/div>\n<\/div><\/div>\n\n\n\n<div id=\"wp-block-themeisle-blocks-advanced-columns-b8fda84f\" class=\"wp-block-themeisle-blocks-advanced-columns alignfull has-2-columns has-desktop-equal-layout has-tablet-equal-layout has-mobile-collapsedRows-layout has-vertical-unset ticss-b8fda84f\"><div class=\"wp-block-themeisle-blocks-advanced-columns-overlay\"><\/div><div class=\"innerblocks-wrap\">\n<div id=\"wp-block-themeisle-blocks-advanced-column-6361e474\" class=\"wp-block-themeisle-blocks-advanced-column\"><div class=\"wp-block-image\">\n<figure class=\"aligncenter size-full\"><img loading=\"lazy\" decoding=\"async\" width=\"500\" height=\"500\" src=\"https:\/\/www.lafourneedoree.fr\/wp-content\/uploads\/2025\/11\/carte-de-france.png\" alt=\"\" class=\"wp-image-13067\" srcset=\"https:\/\/www.lafourneedoree.fr\/wp-content\/uploads\/2025\/11\/carte-de-france.png 500w, https:\/\/www.lafourneedoree.fr\/wp-content\/uploads\/2025\/11\/carte-de-france-300x300.png 300w, https:\/\/www.lafourneedoree.fr\/wp-content\/uploads\/2025\/11\/carte-de-france-150x150.png 150w\" sizes=\"auto, (max-width: 500px) 100vw, 500px\" \/><\/figure>\n<\/div><\/div>\n\n\n\n<div id=\"wp-block-themeisle-blocks-advanced-column-3cea3056\" class=\"wp-block-themeisle-blocks-advanced-column\">\n<h2 class=\"wp-block-heading has-text-align-left bobby has-custom-3-color has-text-color has-link-color wp-elements-4c09ab32663562576fde5f556c920f84\" id=\"bobby\">Our home <br>is our bakehouse.<\/h2>\n\n\n\n<span id=\"wp-block-themeisle-blocks-advanced-heading-f1503d0c\" class=\"wp-block-themeisle-blocks-advanced-heading wp-block-themeisle-blocks-advanced-heading-f1503d0c bobby\">Our secret is transmission.<br>Our expertise is authenticity.<br>And our desire is to make you happy!<\/span>\n\n\n\n<p class=\"has-text-align-left has-custom-2-color has-text-color has-link-color wp-elements-e36538d91ffab65664a8c98f1762a69c\">So, in the four corners of France, we cultivate our know-how, we constantly improve our recipes and we remain curious and open to novelties. And above all, we roll up our sleeves, put our hands in the flour, and make real commitments so you rediscover, just in a bite, good memories of the old-time. <\/p>\n<\/div>\n<\/div><\/div>\n\n\n\n<div id=\"wp-block-themeisle-blocks-advanced-columns-696ab84e\" class=\"wp-block-themeisle-blocks-advanced-columns alignfull has-3-columns has-desktop-equal-layout has-tablet-equal-layout has-mobile-collapsedRows-layout has-vertical-unset ticss-404dba7c\"><div class=\"wp-block-themeisle-blocks-advanced-columns-overlay\"><\/div><div class=\"innerblocks-wrap\">\n<div id=\"wp-block-themeisle-blocks-advanced-column-b14c2fa3\" class=\"wp-block-themeisle-blocks-advanced-column\">\n<div class=\"wp-block-group has-nv-c-1-background-color has-background is-vertical is-content-justification-center is-layout-flex wp-container-core-group-is-layout-ec4083d0 wp-block-group-is-layout-flex\" style=\"border-radius:20px;padding-top:var(--wp--preset--spacing--60);padding-right:var(--wp--preset--spacing--70);padding-bottom:var(--wp--preset--spacing--60);padding-left:var(--wp--preset--spacing--70)\"><div class=\"wp-block-image\">\n<figure class=\"aligncenter size-full\"><img loading=\"lazy\" decoding=\"async\" width=\"120\" height=\"121\" src=\"https:\/\/www.lafourneedoree.fr\/wp-content\/uploads\/2025\/10\/Groupe-45.png\" alt=\"\" class=\"wp-image-12681\" \/><\/figure>\n<\/div>\n\n\n<div style=\"height:100px\" aria-hidden=\"true\" class=\"wp-block-spacer wp-container-content-16d1eb73\"><\/div>\n\n\n\n<span id=\"wp-block-themeisle-blocks-advanced-heading-9f898970\" class=\"wp-block-themeisle-blocks-advanced-heading wp-block-themeisle-blocks-advanced-heading-9f898970\"><strong>Quality &amp; traceability<\/strong><\/span>\n\n\n\n<h3 id=\"wp-block-themeisle-blocks-advanced-heading-40e5744f\" class=\"wp-block-themeisle-blocks-advanced-heading wp-block-themeisle-blocks-advanced-heading-40e5744f\">LOOKING FOR AUTHENTICITY<\/h3>\n\n\n\n<p class=\"has-text-align-center has-custom-1-color has-text-color has-link-color wp-elements-31ec182081838fb70833576371f9e0c6\" style=\"padding-top:5px;font-size:18px\">What could be better than serious quality commitments to keep our products seriously delicious?<\/p>\n<\/div>\n<\/div>\n\n\n\n<div id=\"wp-block-themeisle-blocks-advanced-column-345a84a5\" class=\"wp-block-themeisle-blocks-advanced-column\">\n<div class=\"wp-block-group has-custom-4-background-color has-background is-vertical is-content-justification-center is-layout-flex wp-container-core-group-is-layout-ec4083d0 wp-block-group-is-layout-flex\" style=\"border-radius:20px;padding-top:var(--wp--preset--spacing--60);padding-right:var(--wp--preset--spacing--70);padding-bottom:var(--wp--preset--spacing--60);padding-left:var(--wp--preset--spacing--70)\"><div class=\"wp-block-image\">\n<figure class=\"aligncenter size-full\"><img loading=\"lazy\" decoding=\"async\" width=\"120\" height=\"121\" src=\"https:\/\/www.lafourneedoree.fr\/wp-content\/uploads\/2025\/10\/Groupe-44.png\" alt=\"\" class=\"wp-image-12950\" \/><\/figure>\n<\/div>\n\n\n<div style=\"height:0px\" aria-hidden=\"true\" class=\"wp-block-spacer wp-container-content-16d1eb73\"><\/div>\n\n\n\n<span id=\"wp-block-themeisle-blocks-advanced-heading-7f3d7986\" class=\"wp-block-themeisle-blocks-advanced-heading wp-block-themeisle-blocks-advanced-heading-7f3d7986\"><strong>SUSTAINABLE DEVELOPMENT<\/strong><\/span>\n\n\n\n<h3 id=\"wp-block-themeisle-blocks-advanced-heading-45ca99b5\" class=\"wp-block-themeisle-blocks-advanced-heading wp-block-themeisle-blocks-advanced-heading-45ca99b5\">Sustainable development<\/h3>\n\n\n\n<p class=\"has-text-align-center has-custom-1-color has-text-color has-link-color wp-elements-181c8b06ace957aa4e1c799af56fe949\" style=\"padding-top:5px;font-size:18px\">Because we all want to live on a beautiful planet which lasts, we stand for sustainable development through specific actions.<\/p>\n<\/div>\n<\/div>\n\n\n\n<div id=\"wp-block-themeisle-blocks-advanced-column-b7a1843e\" class=\"wp-block-themeisle-blocks-advanced-column\">\n<div class=\"wp-block-group has-custom-3-background-color has-background is-vertical is-content-justification-center is-layout-flex wp-container-core-group-is-layout-ec4083d0 wp-block-group-is-layout-flex\" style=\"border-radius:20px;padding-top:var(--wp--preset--spacing--60);padding-right:var(--wp--preset--spacing--70);padding-bottom:var(--wp--preset--spacing--60);padding-left:var(--wp--preset--spacing--70)\"><div class=\"wp-block-image\">\n<figure class=\"aligncenter size-full\"><img loading=\"lazy\" decoding=\"async\" width=\"120\" height=\"121\" src=\"https:\/\/www.lafourneedoree.fr\/wp-content\/uploads\/2025\/10\/Groupe-43.png\" alt=\"\" class=\"wp-image-12951\" \/><\/figure>\n<\/div>\n\n\n<div style=\"height:0px\" aria-hidden=\"true\" class=\"wp-block-spacer wp-container-content-16d1eb73\"><\/div>\n\n\n\n<span id=\"wp-block-themeisle-blocks-advanced-heading-4ca3b9b6\" class=\"wp-block-themeisle-blocks-advanced-heading wp-block-themeisle-blocks-advanced-heading-4ca3b9b6\"><strong>HUMAN ASPECT<\/strong><\/span>\n\n\n\n<h3 id=\"wp-block-themeisle-blocks-advanced-heading-a6c2c29e\" class=\"wp-block-themeisle-blocks-advanced-heading wp-block-themeisle-blocks-advanced-heading-a6c2c29e\">HAVING A GOOD HEART<\/h3>\n\n\n\n<p class=\"has-text-align-center has-custom-1-color has-text-color has-link-color wp-elements-2ee6914bca571d136a6be5d09d4c0b1b\" style=\"padding-top:5px;font-size:18px\">Dreaming of a respectful and generous company is good. Doing everything so everyone can flourish in their work is better! <\/p>\n<\/div>\n<\/div>\n<\/div><\/div>\n","protected":false},"excerpt":{"rendered":"","protected":false},"author":2,"featured_media":0,"parent":0,"menu_order":0,"comment_status":"closed","ping_status":"closed","template":"","meta":{"_acf_changed":false,"neve_meta_sidebar":"","neve_meta_container":"","neve_meta_enable_content_width":"","neve_meta_content_width":0,"neve_meta_title_alignment":"","neve_meta_author_avatar":"","neve_post_elements_order":"","neve_meta_disable_header":"","neve_meta_disable_footer":"","neve_meta_disable_title":"on","neve_meta_reading_time":"","_themeisle_gutenberg_block_has_review":false,"footnotes":""},"class_list":["post-17427","page","type-page","status-publish","hentry"],"acf":[],"yoast_head":"<!-- This site is optimized with the Yoast SEO plugin v27.3 - https:\/\/yoast.com\/product\/yoast-seo-wordpress\/ -->\n<title>Our Story - La Fourn\u00e9e Dor\u00e9e - La saveur retrouv\u00e9e<\/title>\n<meta name=\"robots\" content=\"index, follow, max-snippet:-1, max-image-preview:large, max-video-preview:-1\" \/>\n<link rel=\"canonical\" href=\"https:\/\/www.lafourneedoree.fr\/en\/our-story\/\" \/>\n<meta property=\"og:locale\" content=\"en_US\" \/>\n<meta property=\"og:type\" content=\"article\" \/>\n<meta property=\"og:title\" content=\"Our Story - La Fourn\u00e9e Dor\u00e9e - La saveur retrouv\u00e9e\" \/>\n<meta property=\"og:url\" content=\"https:\/\/www.lafourneedoree.fr\/en\/our-story\/\" \/>\n<meta property=\"og:site_name\" content=\"La Fourn\u00e9e Dor\u00e9e - La saveur retrouv\u00e9e\" \/>\n<meta property=\"article:modified_time\" content=\"2026-02-27T09:19:59+00:00\" \/>\n<meta property=\"og:image\" content=\"https:\/\/www.lafourneedoree.fr\/wp-content\/uploads\/2025\/11\/Parlons-nous-1-1.png\" \/>\n\t<meta property=\"og:image:width\" content=\"568\" \/>\n\t<meta property=\"og:image:height\" content=\"724\" \/>\n\t<meta property=\"og:image:type\" content=\"image\/png\" \/>\n<meta name=\"twitter:card\" content=\"summary_large_image\" \/>\n<meta name=\"twitter:label1\" content=\"Est. reading time\" \/>\n\t<meta name=\"twitter:data1\" content=\"3 minutes\" \/>\n<script type=\"application\/ld+json\" class=\"yoast-schema-graph\">{\"@context\":\"https:\\\/\\\/schema.org\",\"@graph\":[{\"@type\":\"WebPage\",\"@id\":\"https:\\\/\\\/www.lafourneedoree.fr\\\/en\\\/our-story\\\/\",\"url\":\"https:\\\/\\\/www.lafourneedoree.fr\\\/en\\\/our-story\\\/\",\"name\":\"Our Story - La Fourn\u00e9e Dor\u00e9e - La saveur retrouv\u00e9e\",\"isPartOf\":{\"@id\":\"https:\\\/\\\/www.lafourneedoree.fr\\\/#website\"},\"primaryImageOfPage\":{\"@id\":\"https:\\\/\\\/www.lafourneedoree.fr\\\/en\\\/our-story\\\/#primaryimage\"},\"image\":{\"@id\":\"https:\\\/\\\/www.lafourneedoree.fr\\\/en\\\/our-story\\\/#primaryimage\"},\"thumbnailUrl\":\"https:\\\/\\\/www.lafourneedoree.fr\\\/wp-content\\\/uploads\\\/2025\\\/11\\\/Parlons-nous-1-1.png\",\"datePublished\":\"2025-10-16T10:02:40+00:00\",\"dateModified\":\"2026-02-27T09:19:59+00:00\",\"breadcrumb\":{\"@id\":\"https:\\\/\\\/www.lafourneedoree.fr\\\/en\\\/our-story\\\/#breadcrumb\"},\"inLanguage\":\"en-US\",\"potentialAction\":[{\"@type\":\"ReadAction\",\"target\":[\"https:\\\/\\\/www.lafourneedoree.fr\\\/en\\\/our-story\\\/\"]}]},{\"@type\":\"ImageObject\",\"inLanguage\":\"en-US\",\"@id\":\"https:\\\/\\\/www.lafourneedoree.fr\\\/en\\\/our-story\\\/#primaryimage\",\"url\":\"https:\\\/\\\/www.lafourneedoree.fr\\\/wp-content\\\/uploads\\\/2025\\\/11\\\/Parlons-nous-1-1.png\",\"contentUrl\":\"https:\\\/\\\/www.lafourneedoree.fr\\\/wp-content\\\/uploads\\\/2025\\\/11\\\/Parlons-nous-1-1.png\"},{\"@type\":\"BreadcrumbList\",\"@id\":\"https:\\\/\\\/www.lafourneedoree.fr\\\/en\\\/our-story\\\/#breadcrumb\",\"itemListElement\":[{\"@type\":\"ListItem\",\"position\":1,\"name\":\"La Fourn\u00e9e Dor\u00e9e\",\"item\":\"https:\\\/\\\/www.lafourneedoree.fr\\\/en\\\/\"},{\"@type\":\"ListItem\",\"position\":2,\"name\":\"Our Story\"}]},{\"@type\":\"WebSite\",\"@id\":\"https:\\\/\\\/www.lafourneedoree.fr\\\/#website\",\"url\":\"https:\\\/\\\/www.lafourneedoree.fr\\\/\",\"name\":\"La Fourn\u00e9e Dor\u00e9e - La saveur retrouv\u00e9e\",\"description\":\"\",\"potentialAction\":[{\"@type\":\"SearchAction\",\"target\":{\"@type\":\"EntryPoint\",\"urlTemplate\":\"https:\\\/\\\/www.lafourneedoree.fr\\\/?s={search_term_string}\"},\"query-input\":{\"@type\":\"PropertyValueSpecification\",\"valueRequired\":true,\"valueName\":\"search_term_string\"}}],\"inLanguage\":\"en-US\"}]}<\/script>\n<!-- \/ Yoast SEO plugin. -->","yoast_head_json":{"title":"Our Story - La Fourn\u00e9e Dor\u00e9e - La saveur retrouv\u00e9e","robots":{"index":"index","follow":"follow","max-snippet":"max-snippet:-1","max-image-preview":"max-image-preview:large","max-video-preview":"max-video-preview:-1"},"canonical":"https:\/\/www.lafourneedoree.fr\/en\/our-story\/","og_locale":"en_US","og_type":"article","og_title":"Our Story - La Fourn\u00e9e Dor\u00e9e - La saveur retrouv\u00e9e","og_url":"https:\/\/www.lafourneedoree.fr\/en\/our-story\/","og_site_name":"La Fourn\u00e9e Dor\u00e9e - La saveur retrouv\u00e9e","article_modified_time":"2026-02-27T09:19:59+00:00","og_image":[{"width":568,"height":724,"url":"https:\/\/www.lafourneedoree.fr\/wp-content\/uploads\/2025\/11\/Parlons-nous-1-1.png","type":"image\/png"}],"twitter_card":"summary_large_image","twitter_misc":{"Est. reading time":"3 minutes"},"schema":{"@context":"https:\/\/schema.org","@graph":[{"@type":"WebPage","@id":"https:\/\/www.lafourneedoree.fr\/en\/our-story\/","url":"https:\/\/www.lafourneedoree.fr\/en\/our-story\/","name":"Our Story - La Fourn\u00e9e Dor\u00e9e - La saveur retrouv\u00e9e","isPartOf":{"@id":"https:\/\/www.lafourneedoree.fr\/#website"},"primaryImageOfPage":{"@id":"https:\/\/www.lafourneedoree.fr\/en\/our-story\/#primaryimage"},"image":{"@id":"https:\/\/www.lafourneedoree.fr\/en\/our-story\/#primaryimage"},"thumbnailUrl":"https:\/\/www.lafourneedoree.fr\/wp-content\/uploads\/2025\/11\/Parlons-nous-1-1.png","datePublished":"2025-10-16T10:02:40+00:00","dateModified":"2026-02-27T09:19:59+00:00","breadcrumb":{"@id":"https:\/\/www.lafourneedoree.fr\/en\/our-story\/#breadcrumb"},"inLanguage":"en-US","potentialAction":[{"@type":"ReadAction","target":["https:\/\/www.lafourneedoree.fr\/en\/our-story\/"]}]},{"@type":"ImageObject","inLanguage":"en-US","@id":"https:\/\/www.lafourneedoree.fr\/en\/our-story\/#primaryimage","url":"https:\/\/www.lafourneedoree.fr\/wp-content\/uploads\/2025\/11\/Parlons-nous-1-1.png","contentUrl":"https:\/\/www.lafourneedoree.fr\/wp-content\/uploads\/2025\/11\/Parlons-nous-1-1.png"},{"@type":"BreadcrumbList","@id":"https:\/\/www.lafourneedoree.fr\/en\/our-story\/#breadcrumb","itemListElement":[{"@type":"ListItem","position":1,"name":"La Fourn\u00e9e Dor\u00e9e","item":"https:\/\/www.lafourneedoree.fr\/en\/"},{"@type":"ListItem","position":2,"name":"Our Story"}]},{"@type":"WebSite","@id":"https:\/\/www.lafourneedoree.fr\/#website","url":"https:\/\/www.lafourneedoree.fr\/","name":"La Fourn\u00e9e Dor\u00e9e - La saveur retrouv\u00e9e","description":"","potentialAction":[{"@type":"SearchAction","target":{"@type":"EntryPoint","urlTemplate":"https:\/\/www.lafourneedoree.fr\/?s={search_term_string}"},"query-input":{"@type":"PropertyValueSpecification","valueRequired":true,"valueName":"search_term_string"}}],"inLanguage":"en-US"}]}},"_links":{"self":[{"href":"https:\/\/www.lafourneedoree.fr\/en\/wp-json\/wp\/v2\/pages\/17427","targetHints":{"allow":["GET"]}}],"collection":[{"href":"https:\/\/www.lafourneedoree.fr\/en\/wp-json\/wp\/v2\/pages"}],"about":[{"href":"https:\/\/www.lafourneedoree.fr\/en\/wp-json\/wp\/v2\/types\/page"}],"author":[{"embeddable":true,"href":"https:\/\/www.lafourneedoree.fr\/en\/wp-json\/wp\/v2\/users\/2"}],"replies":[{"embeddable":true,"href":"https:\/\/www.lafourneedoree.fr\/en\/wp-json\/wp\/v2\/comments?post=17427"}],"version-history":[{"count":16,"href":"https:\/\/www.lafourneedoree.fr\/en\/wp-json\/wp\/v2\/pages\/17427\/revisions"}],"predecessor-version":[{"id":20410,"href":"https:\/\/www.lafourneedoree.fr\/en\/wp-json\/wp\/v2\/pages\/17427\/revisions\/20410"}],"wp:attachment":[{"href":"https:\/\/www.lafourneedoree.fr\/en\/wp-json\/wp\/v2\/media?parent=17427"}],"curies":[{"name":"wp","href":"https:\/\/api.w.org\/{rel}","templated":true}]}}