{"id":17431,"date":"2025-10-20T12:22:08","date_gmt":"2025-10-20T10:22:08","guid":{"rendered":"https:\/\/preprod.lafourneedoree.fr\/recipes\/"},"modified":"2026-02-23T11:57:31","modified_gmt":"2026-02-23T10:57:31","slug":"recipes","status":"publish","type":"page","link":"https:\/\/www.lafourneedoree.fr\/en\/recipes\/","title":{"rendered":"Recipes"},"content":{"rendered":"\n<div id=\"wp-block-themeisle-blocks-advanced-columns-2c099ba2\" class=\"wp-block-themeisle-blocks-advanced-columns alignfull has-1-columns has-desktop-equal-layout has-tablet-equal-layout has-mobile-equal-layout has-vertical-unset dentele\"><div class=\"wp-block-themeisle-blocks-advanced-columns-overlay\"><\/div><div class=\"innerblocks-wrap\">\n<div id=\"wp-block-themeisle-blocks-advanced-column-cbab418a\" class=\"wp-block-themeisle-blocks-advanced-column\">\n<div id=\"wp-block-themeisle-blocks-advanced-columns-e44f5343\" class=\"wp-block-themeisle-blocks-advanced-columns has-1-columns has-desktop-equal-layout has-tablet-equal-layout has-mobile-equal-layout has-vertical-unset\"><div class=\"wp-block-themeisle-blocks-advanced-columns-overlay\"><\/div><div class=\"innerblocks-wrap\">\n<div id=\"wp-block-themeisle-blocks-advanced-column-689a75a8\" class=\"wp-block-themeisle-blocks-advanced-column\"><div class=\"yoast-breadcrumbs ticss-60825abe\"><span><span><a href=\"https:\/\/www.lafourneedoree.fr\/en\/\">La Fourn\u00e9e Dor\u00e9e<\/a><\/span> \u00bb <span class=\"breadcrumb_last\" aria-current=\"page\">Recipes<\/span><\/span><\/div><\/div>\n<\/div><\/div>\n\n\n\n<h1 class=\"wp-block-heading has-text-align-center has-nv-text-dark-bg-color has-text-color has-link-color wp-elements-50deec5c1fb7af0c0396e957c9ea4160\">Recipes<\/h1>\n<\/div>\n<\/div><\/div>\n\n\n\n<div id=\"wp-block-themeisle-blocks-advanced-columns-15d49a01\" class=\"wp-block-themeisle-blocks-advanced-columns has-3-columns has-desktop-equal-layout has-tablet-equal-layout has-mobile-collapsedRows-layout has-vertical-unset\"><div class=\"wp-block-themeisle-blocks-advanced-columns-overlay\"><\/div><div class=\"innerblocks-wrap\">\n<div id=\"wp-block-themeisle-blocks-advanced-column-e88c0f7f\" class=\"wp-block-themeisle-blocks-advanced-column\"><div  class=\"search-filter-base search-filter-field search-filter-field--id-115 search-filter-field--type-choice search-filter-field--input-type-select search-filter-style--id-1 search-filter-style--choice-select products-filter-lfd\"  data-search-filter-id=\"115\" ><\/div>\n<\/div>\n\n\n\n<div id=\"wp-block-themeisle-blocks-advanced-column-e65d35fb\" class=\"wp-block-themeisle-blocks-advanced-column\"><div  class=\"search-filter-base search-filter-field search-filter-field--id-113 search-filter-field--type-choice search-filter-field--input-type-select search-filter-style--id-1 search-filter-style--choice-select products-filter-lfd\"  data-search-filter-id=\"113\" ><\/div>\n<\/div>\n\n\n\n<div id=\"wp-block-themeisle-blocks-advanced-column-49a7dc9b\" class=\"wp-block-themeisle-blocks-advanced-column\"><div  class=\"search-filter-base search-filter-field search-filter-field--id-114 search-filter-field--type-choice search-filter-field--input-type-select search-filter-style--id-1 search-filter-style--choice-select products-filter-lfd\"  data-search-filter-id=\"114\" ><\/div>\n<\/div>\n<\/div><\/div>\n\n\n\n<div id=\"wp-block-themeisle-blocks-advanced-columns-aee475c8\" class=\"wp-block-themeisle-blocks-advanced-columns has-1-columns has-desktop-equal-layout has-tablet-equal-layout has-mobile-equal-layout has-vertical-unset\"><div class=\"wp-block-themeisle-blocks-advanced-columns-overlay\"><\/div><div class=\"innerblocks-wrap\">\n<div id=\"wp-block-themeisle-blocks-advanced-column-b7946394\" class=\"wp-block-themeisle-blocks-advanced-column\"><div class=\"lfd-recipes-results\" data-atts=\"{&quot;per_page&quot;:9,&quot;columns&quot;:3,&quot;orderby&quot;:&quot;rand(780401198)&quot;,&quot;order&quot;:&quot;DESC&quot;,&quot;image_size&quot;:&quot;medium_large&quot;,&quot;paginate&quot;:1,&quot;infinite&quot;:1}\"><div class=\"lfd-recipes-grid lfd-recipes-cols-3\"><a class=\"lfd-recipe-card\" href=\"https:\/\/www.lafourneedoree.fr\/en\/recipes\/french-toast-with-vanilla-pear-jam\/\"><div class=\"lfd-recipe-card-flex\"><div class=\"lfd-recipe-thumb\"><img loading=\"lazy\" decoding=\"async\" width=\"608\" height=\"590\" src=\"https:\/\/www.lafourneedoree.fr\/wp-content\/uploads\/2025\/11\/13250-recette_brioche-facon-pain-perdu.jpg\" class=\"attachment-medium_large size-medium_large wp-post-image\" alt=\"\" srcset=\"https:\/\/www.lafourneedoree.fr\/wp-content\/uploads\/2025\/11\/13250-recette_brioche-facon-pain-perdu.jpg 608w, https:\/\/www.lafourneedoree.fr\/wp-content\/uploads\/2025\/11\/13250-recette_brioche-facon-pain-perdu-300x291.jpg 300w\" sizes=\"auto, (max-width: 608px) 100vw, 608px\" \/><\/div><div class=\"lfd-recipe-card-info\"><div class=\"lfd-recipe-title\">French toast with vanilla pear jam<\/div><hr class=\"separateur\"><div class=\"lfd-recipe-meta\">\r\t\t\t\t<div class=\"recette_picto\">\r\t\t\t\t\t<span class=\"servings\">\r\t\t\t\t\t\t<div class=\"recette_picto_icon\">\r\t\t\t\t\t\t\t<span class=\"icon-users icon\"><\/span>\r\t\t\t\t\t\t<\/div>\r\t\t\t\t\t\t4 Servings\r\t\t\t\t\t<\/span>\r\t\t\t\t<\/div>\r\t\t\t\t<div class=\"recette_picto\">\r\t\t\t\t\t<div class=\"recette_picto-icon\">\r\t\t\t\t\t\t<span class=\"icon-clock2 icon\"><\/span>\r\t\t\t\t\t<\/div>\r\t\t\t\t\t<span class=\"prep-time\">40 min<\/span>\r\t\t\t\t<\/div>\r\t\t\t\t\t<div class=\"recette_picto\">\r\t\t\t\t\t\t<div class=\"recette_picto-icon\">\r\t\t\t\t\t\t\t<span class=\"icon-chapeau-cuisine icon\"><\/span>\r\t\t\t\t\t\t<\/div>\r\t\t\t\t\t\t<span class=\"prep-time\">Facile<\/span>\r\t\t\t\t\t<\/div><\/div><\/div><\/div><\/a><a class=\"lfd-recipe-card\" href=\"https:\/\/www.lafourneedoree.fr\/en\/recipes\/bagel-avocado-smoked-salmon\/\"><div class=\"lfd-recipe-card-flex\"><div class=\"lfd-recipe-thumb\"><img loading=\"lazy\" decoding=\"async\" width=\"608\" height=\"590\" src=\"https:\/\/www.lafourneedoree.fr\/wp-content\/uploads\/2026\/01\/13272-recette_bagel-saumon-1.jpg\" class=\"attachment-medium_large size-medium_large wp-post-image\" alt=\"\" srcset=\"https:\/\/www.lafourneedoree.fr\/wp-content\/uploads\/2026\/01\/13272-recette_bagel-saumon-1.jpg 608w, https:\/\/www.lafourneedoree.fr\/wp-content\/uploads\/2026\/01\/13272-recette_bagel-saumon-1-300x291.jpg 300w\" sizes=\"auto, (max-width: 608px) 100vw, 608px\" \/><\/div><div class=\"lfd-recipe-card-info\"><div class=\"lfd-recipe-title\">Brioche Bagel Avocado &amp; Smoked Salmon<\/div><hr class=\"separateur\"><div class=\"lfd-recipe-meta\">\r\t\t\t\t<div class=\"recette_picto\">\r\t\t\t\t\t<span class=\"servings\">\r\t\t\t\t\t\t<div class=\"recette_picto_icon\">\r\t\t\t\t\t\t\t<span class=\"icon-users icon\"><\/span>\r\t\t\t\t\t\t<\/div>\r\t\t\t\t\t\t2 Servings\r\t\t\t\t\t<\/span>\r\t\t\t\t<\/div>\r\t\t\t\t<div class=\"recette_picto\">\r\t\t\t\t\t<div class=\"recette_picto-icon\">\r\t\t\t\t\t\t<span class=\"icon-clock2 icon\"><\/span>\r\t\t\t\t\t<\/div>\r\t\t\t\t\t<span class=\"prep-time\">15 min<\/span>\r\t\t\t\t<\/div>\r\t\t\t\t\t<div class=\"recette_picto\">\r\t\t\t\t\t\t<div class=\"recette_picto-icon\">\r\t\t\t\t\t\t\t<span class=\"icon-chapeau-cuisine icon\"><\/span>\r\t\t\t\t\t\t<\/div>\r\t\t\t\t\t\t<span class=\"prep-time\">Facile<\/span>\r\t\t\t\t\t<\/div><\/div><\/div><\/div><\/a><a class=\"lfd-recipe-card\" href=\"https:\/\/www.lafourneedoree.fr\/en\/recipes\/soft-boiled-eggs-with-brioche-salmon\/\"><div class=\"lfd-recipe-card-flex\"><div class=\"lfd-recipe-thumb\"><img loading=\"lazy\" decoding=\"async\" width=\"608\" height=\"590\" src=\"https:\/\/www.lafourneedoree.fr\/wp-content\/uploads\/2026\/01\/13292-recette_oeuf-cocotte-saumon.jpg\" class=\"attachment-medium_large size-medium_large wp-post-image\" alt=\"\" srcset=\"https:\/\/www.lafourneedoree.fr\/wp-content\/uploads\/2026\/01\/13292-recette_oeuf-cocotte-saumon.jpg 608w, https:\/\/www.lafourneedoree.fr\/wp-content\/uploads\/2026\/01\/13292-recette_oeuf-cocotte-saumon-300x291.jpg 300w\" sizes=\"auto, (max-width: 608px) 100vw, 608px\" \/><\/div><div class=\"lfd-recipe-card-info\"><div class=\"lfd-recipe-title\">Soft boiled eggs with brioche &amp; salmon<\/div><hr class=\"separateur\"><div class=\"lfd-recipe-meta\">\r\t\t\t\t<div class=\"recette_picto\">\r\t\t\t\t\t<span class=\"servings\">\r\t\t\t\t\t\t<div class=\"recette_picto_icon\">\r\t\t\t\t\t\t\t<span class=\"icon-users icon\"><\/span>\r\t\t\t\t\t\t<\/div>\r\t\t\t\t\t\t4 Servings\r\t\t\t\t\t<\/span>\r\t\t\t\t<\/div>\r\t\t\t\t<div class=\"recette_picto\">\r\t\t\t\t\t<div class=\"recette_picto-icon\">\r\t\t\t\t\t\t<span class=\"icon-clock2 icon\"><\/span>\r\t\t\t\t\t<\/div>\r\t\t\t\t\t<span class=\"prep-time\">20 min<\/span>\r\t\t\t\t<\/div>\r\t\t\t\t\t<div class=\"recette_picto\">\r\t\t\t\t\t\t<div class=\"recette_picto-icon\">\r\t\t\t\t\t\t\t<span class=\"icon-chapeau-cuisine icon\"><\/span>\r\t\t\t\t\t\t<\/div>\r\t\t\t\t\t\t<span class=\"prep-time\">Facile<\/span>\r\t\t\t\t\t<\/div><\/div><\/div><\/div><\/a><a class=\"lfd-recipe-card\" href=\"https:\/\/www.lafourneedoree.fr\/en\/recipes\/chocolate-tiramisu-on-a-marble-brioche-slice\/\"><div class=\"lfd-recipe-card-flex\"><div class=\"lfd-recipe-thumb\"><img loading=\"lazy\" decoding=\"async\" width=\"608\" height=\"590\" src=\"https:\/\/www.lafourneedoree.fr\/wp-content\/uploads\/2026\/01\/13253-recette_tiramisu-bt-marbree.jpg\" class=\"attachment-medium_large size-medium_large wp-post-image\" alt=\"\" srcset=\"https:\/\/www.lafourneedoree.fr\/wp-content\/uploads\/2026\/01\/13253-recette_tiramisu-bt-marbree.jpg 608w, https:\/\/www.lafourneedoree.fr\/wp-content\/uploads\/2026\/01\/13253-recette_tiramisu-bt-marbree-300x291.jpg 300w\" sizes=\"auto, (max-width: 608px) 100vw, 608px\" \/><\/div><div class=\"lfd-recipe-card-info\"><div class=\"lfd-recipe-title\">Chocolate Tiramisu on a Marble Brioche Slice<\/div><hr class=\"separateur\"><div class=\"lfd-recipe-meta\">\r\t\t\t\t<div class=\"recette_picto\">\r\t\t\t\t\t<span class=\"servings\">\r\t\t\t\t\t\t<div class=\"recette_picto_icon\">\r\t\t\t\t\t\t\t<span class=\"icon-users icon\"><\/span>\r\t\t\t\t\t\t<\/div>\r\t\t\t\t\t\t4 Servings\r\t\t\t\t\t<\/span>\r\t\t\t\t<\/div>\r\t\t\t\t<div class=\"recette_picto\">\r\t\t\t\t\t<div class=\"recette_picto-icon\">\r\t\t\t\t\t\t<span class=\"icon-clock2 icon\"><\/span>\r\t\t\t\t\t<\/div>\r\t\t\t\t\t<span class=\"prep-time\">25 min<\/span>\r\t\t\t\t<\/div>\r\t\t\t\t\t<div class=\"recette_picto\">\r\t\t\t\t\t\t<div class=\"recette_picto-icon\">\r\t\t\t\t\t\t\t<span class=\"icon-chapeau-cuisine icon\"><\/span>\r\t\t\t\t\t\t<\/div>\r\t\t\t\t\t\t<span class=\"prep-time\">Facile<\/span>\r\t\t\t\t\t<\/div><\/div><\/div><\/div><\/a><a class=\"lfd-recipe-card\" href=\"https:\/\/www.lafourneedoree.fr\/en\/recipes\/fruity-panini\/\"><div class=\"lfd-recipe-card-flex\"><div class=\"lfd-recipe-thumb\"><img loading=\"lazy\" decoding=\"async\" width=\"608\" height=\"590\" src=\"https:\/\/www.lafourneedoree.fr\/wp-content\/uploads\/2026\/01\/13251-recette_panini-fruite.jpg\" class=\"attachment-medium_large size-medium_large wp-post-image\" alt=\"\" srcset=\"https:\/\/www.lafourneedoree.fr\/wp-content\/uploads\/2026\/01\/13251-recette_panini-fruite.jpg 608w, https:\/\/www.lafourneedoree.fr\/wp-content\/uploads\/2026\/01\/13251-recette_panini-fruite-300x291.jpg 300w\" sizes=\"auto, (max-width: 608px) 100vw, 608px\" \/><\/div><div class=\"lfd-recipe-card-info\"><div class=\"lfd-recipe-title\">Fruity panini<\/div><hr class=\"separateur\"><div class=\"lfd-recipe-meta\">\r\t\t\t\t<div class=\"recette_picto\">\r\t\t\t\t\t<span class=\"servings\">\r\t\t\t\t\t\t<div class=\"recette_picto_icon\">\r\t\t\t\t\t\t\t<span class=\"icon-users icon\"><\/span>\r\t\t\t\t\t\t<\/div>\r\t\t\t\t\t\t2 Servings\r\t\t\t\t\t<\/span>\r\t\t\t\t<\/div>\r\t\t\t\t<div class=\"recette_picto\">\r\t\t\t\t\t<div class=\"recette_picto-icon\">\r\t\t\t\t\t\t<span class=\"icon-clock2 icon\"><\/span>\r\t\t\t\t\t<\/div>\r\t\t\t\t\t<span class=\"prep-time\">10 min<\/span>\r\t\t\t\t<\/div>\r\t\t\t\t\t<div class=\"recette_picto\">\r\t\t\t\t\t\t<div class=\"recette_picto-icon\">\r\t\t\t\t\t\t\t<span class=\"icon-chapeau-cuisine icon\"><\/span>\r\t\t\t\t\t\t<\/div>\r\t\t\t\t\t\t<span class=\"prep-time\">Facile<\/span>\r\t\t\t\t\t<\/div><\/div><\/div><\/div><\/a><a class=\"lfd-recipe-card\" href=\"https:\/\/www.lafourneedoree.fr\/en\/recipes\/freshbretzel\/\"><div class=\"lfd-recipe-card-flex\"><div class=\"lfd-recipe-thumb\"><img loading=\"lazy\" decoding=\"async\" width=\"608\" height=\"590\" src=\"https:\/\/www.lafourneedoree.fr\/wp-content\/uploads\/2026\/01\/13294-recette_fresh-bretzel.jpg\" class=\"attachment-medium_large size-medium_large wp-post-image\" alt=\"Fresh\u2019Bretzel\" srcset=\"https:\/\/www.lafourneedoree.fr\/wp-content\/uploads\/2026\/01\/13294-recette_fresh-bretzel.jpg 608w, https:\/\/www.lafourneedoree.fr\/wp-content\/uploads\/2026\/01\/13294-recette_fresh-bretzel-300x291.jpg 300w\" sizes=\"auto, (max-width: 608px) 100vw, 608px\" \/><\/div><div class=\"lfd-recipe-card-info\"><div class=\"lfd-recipe-title\">Fresh\u2019Bretzel<\/div><hr class=\"separateur\"><div class=\"lfd-recipe-meta\">\r\t\t\t\t<div class=\"recette_picto\">\r\t\t\t\t\t<span class=\"servings\">\r\t\t\t\t\t\t<div class=\"recette_picto_icon\">\r\t\t\t\t\t\t\t<span class=\"icon-users icon\"><\/span>\r\t\t\t\t\t\t<\/div>\r\t\t\t\t\t\t4 Servings\r\t\t\t\t\t<\/span>\r\t\t\t\t<\/div>\r\t\t\t\t<div class=\"recette_picto\">\r\t\t\t\t\t<div class=\"recette_picto-icon\">\r\t\t\t\t\t\t<span class=\"icon-clock2 icon\"><\/span>\r\t\t\t\t\t<\/div>\r\t\t\t\t\t<span class=\"prep-time\">15 min<\/span>\r\t\t\t\t<\/div>\r\t\t\t\t\t<div class=\"recette_picto\">\r\t\t\t\t\t\t<div class=\"recette_picto-icon\">\r\t\t\t\t\t\t\t<span class=\"icon-chapeau-cuisine icon\"><\/span>\r\t\t\t\t\t\t<\/div>\r\t\t\t\t\t\t<span class=\"prep-time\">Facile<\/span>\r\t\t\t\t\t<\/div><\/div><\/div><\/div><\/a><a class=\"lfd-recipe-card\" href=\"https:\/\/www.lafourneedoree.fr\/en\/recipes\/teriyaki-chicken-burger\/\"><div class=\"lfd-recipe-card-flex\"><div class=\"lfd-recipe-thumb\"><img loading=\"lazy\" decoding=\"async\" width=\"608\" height=\"590\" src=\"https:\/\/www.lafourneedoree.fr\/wp-content\/uploads\/2026\/01\/14027_RECETTE-Teriyaki-chicken-burger.jpg\" class=\"attachment-medium_large size-medium_large wp-post-image\" alt=\"\" srcset=\"https:\/\/www.lafourneedoree.fr\/wp-content\/uploads\/2026\/01\/14027_RECETTE-Teriyaki-chicken-burger.jpg 608w, https:\/\/www.lafourneedoree.fr\/wp-content\/uploads\/2026\/01\/14027_RECETTE-Teriyaki-chicken-burger-300x291.jpg 300w\" sizes=\"auto, (max-width: 608px) 100vw, 608px\" \/><\/div><div class=\"lfd-recipe-card-info\"><div class=\"lfd-recipe-title\">Teriyaki chicken burger<\/div><hr class=\"separateur\"><div class=\"lfd-recipe-meta\">\r\t\t\t\t<div class=\"recette_picto\">\r\t\t\t\t\t<span class=\"servings\">\r\t\t\t\t\t\t<div class=\"recette_picto_icon\">\r\t\t\t\t\t\t\t<span class=\"icon-users icon\"><\/span>\r\t\t\t\t\t\t<\/div>\r\t\t\t\t\t\t4 Servings\r\t\t\t\t\t<\/span>\r\t\t\t\t<\/div>\r\t\t\t\t<div class=\"recette_picto\">\r\t\t\t\t\t<div class=\"recette_picto-icon\">\r\t\t\t\t\t\t<span class=\"icon-clock2 icon\"><\/span>\r\t\t\t\t\t<\/div>\r\t\t\t\t\t<span class=\"prep-time\">20 min<\/span>\r\t\t\t\t<\/div>\r\t\t\t\t\t<div class=\"recette_picto\">\r\t\t\t\t\t\t<div class=\"recette_picto-icon\">\r\t\t\t\t\t\t\t<span class=\"icon-chapeau-cuisine icon\"><\/span>\r\t\t\t\t\t\t<\/div>\r\t\t\t\t\t\t<span class=\"prep-time\">Moyen<\/span>\r\t\t\t\t\t<\/div><\/div><\/div><\/div><\/a><a class=\"lfd-recipe-card\" href=\"https:\/\/www.lafourneedoree.fr\/en\/recipes\/mini-burger-with-chicken\/\"><div class=\"lfd-recipe-card-flex\"><div class=\"lfd-recipe-thumb\"><img loading=\"lazy\" decoding=\"async\" width=\"608\" height=\"590\" src=\"https:\/\/www.lafourneedoree.fr\/wp-content\/uploads\/2025\/11\/13281-recette_mini-burgers-poulet.jpg\" class=\"attachment-medium_large size-medium_large wp-post-image\" alt=\"\" srcset=\"https:\/\/www.lafourneedoree.fr\/wp-content\/uploads\/2025\/11\/13281-recette_mini-burgers-poulet.jpg 608w, https:\/\/www.lafourneedoree.fr\/wp-content\/uploads\/2025\/11\/13281-recette_mini-burgers-poulet-300x291.jpg 300w\" sizes=\"auto, (max-width: 608px) 100vw, 608px\" \/><\/div><div class=\"lfd-recipe-card-info\"><div class=\"lfd-recipe-title\">Mini burger with chicken<\/div><hr class=\"separateur\"><div class=\"lfd-recipe-meta\">\r\t\t\t\t<div class=\"recette_picto\">\r\t\t\t\t\t<span class=\"servings\">\r\t\t\t\t\t\t<div class=\"recette_picto_icon\">\r\t\t\t\t\t\t\t<span class=\"icon-users icon\"><\/span>\r\t\t\t\t\t\t<\/div>\r\t\t\t\t\t\t6 Servings\r\t\t\t\t\t<\/span>\r\t\t\t\t<\/div>\r\t\t\t\t<div class=\"recette_picto\">\r\t\t\t\t\t<div class=\"recette_picto-icon\">\r\t\t\t\t\t\t<span class=\"icon-clock2 icon\"><\/span>\r\t\t\t\t\t<\/div>\r\t\t\t\t\t<span class=\"prep-time\">15 min<\/span>\r\t\t\t\t<\/div>\r\t\t\t\t\t<div class=\"recette_picto\">\r\t\t\t\t\t\t<div class=\"recette_picto-icon\">\r\t\t\t\t\t\t\t<span class=\"icon-chapeau-cuisine icon\"><\/span>\r\t\t\t\t\t\t<\/div>\r\t\t\t\t\t\t<span class=\"prep-time\">Facile<\/span>\r\t\t\t\t\t<\/div><\/div><\/div><\/div><\/a><a class=\"lfd-recipe-card\" href=\"https:\/\/www.lafourneedoree.fr\/en\/recipes\/breakfast-roll\/\"><div class=\"lfd-recipe-card-flex\"><div class=\"lfd-recipe-thumb\"><img loading=\"lazy\" decoding=\"async\" width=\"608\" height=\"590\" src=\"https:\/\/www.lafourneedoree.fr\/wp-content\/uploads\/2026\/01\/13293-recette_navettes-petit-dej-bacon.jpg\" class=\"attachment-medium_large size-medium_large wp-post-image\" alt=\"\" srcset=\"https:\/\/www.lafourneedoree.fr\/wp-content\/uploads\/2026\/01\/13293-recette_navettes-petit-dej-bacon.jpg 608w, https:\/\/www.lafourneedoree.fr\/wp-content\/uploads\/2026\/01\/13293-recette_navettes-petit-dej-bacon-300x291.jpg 300w\" sizes=\"auto, (max-width: 608px) 100vw, 608px\" \/><\/div><div class=\"lfd-recipe-card-info\"><div class=\"lfd-recipe-title\">Breakfast Roll<\/div><hr class=\"separateur\"><div class=\"lfd-recipe-meta\">\r\t\t\t\t<div class=\"recette_picto\">\r\t\t\t\t\t<span class=\"servings\">\r\t\t\t\t\t\t<div class=\"recette_picto_icon\">\r\t\t\t\t\t\t\t<span class=\"icon-users icon\"><\/span>\r\t\t\t\t\t\t<\/div>\r\t\t\t\t\t\t2 Servings\r\t\t\t\t\t<\/span>\r\t\t\t\t<\/div>\r\t\t\t\t<div class=\"recette_picto\">\r\t\t\t\t\t<div class=\"recette_picto-icon\">\r\t\t\t\t\t\t<span class=\"icon-clock2 icon\"><\/span>\r\t\t\t\t\t<\/div>\r\t\t\t\t\t<span class=\"prep-time\">15 min<\/span>\r\t\t\t\t<\/div>\r\t\t\t\t\t<div class=\"recette_picto\">\r\t\t\t\t\t\t<div class=\"recette_picto-icon\">\r\t\t\t\t\t\t\t<span class=\"icon-chapeau-cuisine icon\"><\/span>\r\t\t\t\t\t\t<\/div>\r\t\t\t\t\t\t<span class=\"prep-time\">Facile<\/span>\r\t\t\t\t\t<\/div><\/div><\/div><\/div><\/a><\/div><div class=\"lfd-recipes-infinite\">  <div class=\"lfd-recipes-loader\" style=\"display:none;text-align:center;margin:24px 0;\">Chargement\u2026<\/div>  <div class=\"lfd-recipes-sentinel\" style=\"height:1px;\"><\/div><\/div><\/div>\n<\/div>\n<\/div><\/div>\n","protected":false},"excerpt":{"rendered":"<a class=\"news__product-link\" href=\"https:\/\/www.lafourneedoree.fr\/en\/our-products\/mini-brioche-rolls\/\" target=\"_self\" rel=\"noopener\">CHECK THE PRODUCT<\/a>","protected":false},"author":2,"featured_media":0,"parent":0,"menu_order":0,"comment_status":"closed","ping_status":"closed","template":"","meta":{"_acf_changed":false,"neve_meta_sidebar":"","neve_meta_container":"","neve_meta_enable_content_width":"","neve_meta_content_width":0,"neve_meta_title_alignment":"","neve_meta_author_avatar":"","neve_post_elements_order":"","neve_meta_disable_header":"","neve_meta_disable_footer":"","neve_meta_disable_title":"on","neve_meta_reading_time":"","_themeisle_gutenberg_block_has_review":false,"footnotes":""},"class_list":["post-17431","page","type-page","status-publish","hentry"],"acf":[],"yoast_head":"<!-- This site is optimized with the Yoast SEO plugin v27.3 - https:\/\/yoast.com\/product\/yoast-seo-wordpress\/ -->\n<title>Recipes - La Fourn\u00e9e Dor\u00e9e - La saveur retrouv\u00e9e<\/title>\n<meta name=\"robots\" content=\"index, follow, max-snippet:-1, max-image-preview:large, max-video-preview:-1\" \/>\n<link rel=\"canonical\" href=\"https:\/\/www.lafourneedoree.fr\/en\/recipes\/\" \/>\n<meta property=\"og:locale\" content=\"en_US\" \/>\n<meta property=\"og:type\" content=\"article\" \/>\n<meta property=\"og:title\" content=\"Recipes - La Fourn\u00e9e Dor\u00e9e - La saveur retrouv\u00e9e\" \/>\n<meta property=\"og:url\" content=\"https:\/\/www.lafourneedoree.fr\/en\/recipes\/\" \/>\n<meta property=\"og:site_name\" content=\"La Fourn\u00e9e Dor\u00e9e - La saveur retrouv\u00e9e\" \/>\n<meta property=\"article:modified_time\" content=\"2026-02-23T10:57:31+00:00\" \/>\n<meta name=\"twitter:card\" content=\"summary_large_image\" \/>\n<meta name=\"twitter:label1\" content=\"Est. reading time\" \/>\n\t<meta name=\"twitter:data1\" content=\"1 minute\" \/>\n<script type=\"application\/ld+json\" class=\"yoast-schema-graph\">{\"@context\":\"https:\\\/\\\/schema.org\",\"@graph\":[{\"@type\":\"WebPage\",\"@id\":\"https:\\\/\\\/www.lafourneedoree.fr\\\/en\\\/recipes\\\/\",\"url\":\"https:\\\/\\\/www.lafourneedoree.fr\\\/en\\\/recipes\\\/\",\"name\":\"Recipes - La Fourn\u00e9e Dor\u00e9e - La saveur retrouv\u00e9e\",\"isPartOf\":{\"@id\":\"https:\\\/\\\/www.lafourneedoree.fr\\\/#website\"},\"datePublished\":\"2025-10-20T10:22:08+00:00\",\"dateModified\":\"2026-02-23T10:57:31+00:00\",\"breadcrumb\":{\"@id\":\"https:\\\/\\\/www.lafourneedoree.fr\\\/en\\\/recipes\\\/#breadcrumb\"},\"inLanguage\":\"en-US\",\"potentialAction\":[{\"@type\":\"ReadAction\",\"target\":[\"https:\\\/\\\/www.lafourneedoree.fr\\\/en\\\/recipes\\\/\"]}]},{\"@type\":\"BreadcrumbList\",\"@id\":\"https:\\\/\\\/www.lafourneedoree.fr\\\/en\\\/recipes\\\/#breadcrumb\",\"itemListElement\":[{\"@type\":\"ListItem\",\"position\":1,\"name\":\"La Fourn\u00e9e Dor\u00e9e\",\"item\":\"https:\\\/\\\/www.lafourneedoree.fr\\\/en\\\/\"},{\"@type\":\"ListItem\",\"position\":2,\"name\":\"Recipes\"}]},{\"@type\":\"WebSite\",\"@id\":\"https:\\\/\\\/www.lafourneedoree.fr\\\/#website\",\"url\":\"https:\\\/\\\/www.lafourneedoree.fr\\\/\",\"name\":\"La Fourn\u00e9e Dor\u00e9e - La saveur retrouv\u00e9e\",\"description\":\"\",\"potentialAction\":[{\"@type\":\"SearchAction\",\"target\":{\"@type\":\"EntryPoint\",\"urlTemplate\":\"https:\\\/\\\/www.lafourneedoree.fr\\\/?s={search_term_string}\"},\"query-input\":{\"@type\":\"PropertyValueSpecification\",\"valueRequired\":true,\"valueName\":\"search_term_string\"}}],\"inLanguage\":\"en-US\"}]}<\/script>\n<!-- \/ Yoast SEO plugin. -->","yoast_head_json":{"title":"Recipes - La Fourn\u00e9e Dor\u00e9e - La saveur retrouv\u00e9e","robots":{"index":"index","follow":"follow","max-snippet":"max-snippet:-1","max-image-preview":"max-image-preview:large","max-video-preview":"max-video-preview:-1"},"canonical":"https:\/\/www.lafourneedoree.fr\/en\/recipes\/","og_locale":"en_US","og_type":"article","og_title":"Recipes - La Fourn\u00e9e Dor\u00e9e - La saveur retrouv\u00e9e","og_url":"https:\/\/www.lafourneedoree.fr\/en\/recipes\/","og_site_name":"La Fourn\u00e9e Dor\u00e9e - La saveur retrouv\u00e9e","article_modified_time":"2026-02-23T10:57:31+00:00","twitter_card":"summary_large_image","twitter_misc":{"Est. reading time":"1 minute"},"schema":{"@context":"https:\/\/schema.org","@graph":[{"@type":"WebPage","@id":"https:\/\/www.lafourneedoree.fr\/en\/recipes\/","url":"https:\/\/www.lafourneedoree.fr\/en\/recipes\/","name":"Recipes - La Fourn\u00e9e Dor\u00e9e - La saveur retrouv\u00e9e","isPartOf":{"@id":"https:\/\/www.lafourneedoree.fr\/#website"},"datePublished":"2025-10-20T10:22:08+00:00","dateModified":"2026-02-23T10:57:31+00:00","breadcrumb":{"@id":"https:\/\/www.lafourneedoree.fr\/en\/recipes\/#breadcrumb"},"inLanguage":"en-US","potentialAction":[{"@type":"ReadAction","target":["https:\/\/www.lafourneedoree.fr\/en\/recipes\/"]}]},{"@type":"BreadcrumbList","@id":"https:\/\/www.lafourneedoree.fr\/en\/recipes\/#breadcrumb","itemListElement":[{"@type":"ListItem","position":1,"name":"La Fourn\u00e9e Dor\u00e9e","item":"https:\/\/www.lafourneedoree.fr\/en\/"},{"@type":"ListItem","position":2,"name":"Recipes"}]},{"@type":"WebSite","@id":"https:\/\/www.lafourneedoree.fr\/#website","url":"https:\/\/www.lafourneedoree.fr\/","name":"La Fourn\u00e9e Dor\u00e9e - La saveur retrouv\u00e9e","description":"","potentialAction":[{"@type":"SearchAction","target":{"@type":"EntryPoint","urlTemplate":"https:\/\/www.lafourneedoree.fr\/?s={search_term_string}"},"query-input":{"@type":"PropertyValueSpecification","valueRequired":true,"valueName":"search_term_string"}}],"inLanguage":"en-US"}]}},"_links":{"self":[{"href":"https:\/\/www.lafourneedoree.fr\/en\/wp-json\/wp\/v2\/pages\/17431","targetHints":{"allow":["GET"]}}],"collection":[{"href":"https:\/\/www.lafourneedoree.fr\/en\/wp-json\/wp\/v2\/pages"}],"about":[{"href":"https:\/\/www.lafourneedoree.fr\/en\/wp-json\/wp\/v2\/types\/page"}],"author":[{"embeddable":true,"href":"https:\/\/www.lafourneedoree.fr\/en\/wp-json\/wp\/v2\/users\/2"}],"replies":[{"embeddable":true,"href":"https:\/\/www.lafourneedoree.fr\/en\/wp-json\/wp\/v2\/comments?post=17431"}],"version-history":[{"count":4,"href":"https:\/\/www.lafourneedoree.fr\/en\/wp-json\/wp\/v2\/pages\/17431\/revisions"}],"predecessor-version":[{"id":20301,"href":"https:\/\/www.lafourneedoree.fr\/en\/wp-json\/wp\/v2\/pages\/17431\/revisions\/20301"}],"wp:attachment":[{"href":"https:\/\/www.lafourneedoree.fr\/en\/wp-json\/wp\/v2\/media?parent=17431"}],"curies":[{"name":"wp","href":"https:\/\/api.w.org\/{rel}","templated":true}]}}