{"id":20069,"date":"2025-10-16T15:05:08","date_gmt":"2025-10-16T13:05:08","guid":{"rendered":"https:\/\/www.lafourneedoree.fr\/terms-and-conditions\/"},"modified":"2026-02-06T09:56:55","modified_gmt":"2026-02-06T08:56:55","slug":"terms-and-conditions","status":"publish","type":"page","link":"https:\/\/www.lafourneedoree.fr\/en\/terms-and-conditions\/","title":{"rendered":"Terms and conditions"},"content":{"rendered":"\n<h3 class=\"wp-block-heading\">1. Presentation of the Site<\/h3>\n\n<p>In accordance with Article 6 of Law No. 2004-575 of June 21, 2004, for confidence in the digital economy, the identity of the various parties involved in its creation and monitoring is specified to users of the site https:\/\/lafourneedoree.fr\/en-CA\/ and https:\/\/lafourneedoree.fr\/fr-CA\/:<\/p>\n\n<p><strong>Ownership:<\/strong><br\/>La Fourn\u00e9e Dor\u00e9e<br\/>ZA Sud des Achards<br\/>CS 60014 \u2013 6 Rue de l\u2019Oc\u00e9an<br\/>85150 LES ACHARDS<br\/>02 51 05 99 80<br\/>Contact: contact@lafourneedoree.fr<br\/>Publication Director: INVEST PB HOLDING<br\/>Publication Manager: Emilie GERMAIN-PEAU<br\/>Share capital: \u20ac500,000<br\/>RCS: B 817 390 941<br\/>VAT: FR 31 817 390 941<\/p>\n\n<p>Credits : This website was made by <a href=\"https:\/\/lafabrique.orange-business.com\/\">La Fabrique Orange Business Services<\/a><\/p>\n\n<p>Host : La Fabrique Orange Business Services <\/p>\n\n<p>SA 29 rue Servan, 38 000 GRENOBLE <br\/>Phone. : 04 76 44 50 50 <br\/>Head Office : 1 place des droits de l&#8217;Homme, 93210 SAINT DENIS France  <br\/><a href=\"https:\/\/lafabrique.orange-business.com\">https:\/\/lafabrique.orange-business.com<\/a><\/p>\n\n<h3 class=\"wp-block-heading\">2. General Conditions of Use of the Site and Services Offered<\/h3>\n\n<p>The use of the site https:\/\/lafourneedoree.fr\/en-CA\/ and https:\/\/lafourneedoree.fr\/fr-CA\/ implies full acceptance of the general conditions of use described below. These conditions of use may be modified or supplemented at any time, so users of the site are invited to consult them regularly. <\/p>\n\n<p>This site is normally accessible to users at any time. However, an interruption for technical maintenance may be decided by https:\/\/lafourneedoree.fr\/en-CA\/ and https:\/\/lafourneedoree.fr\/fr-CA\/, who will then endeavor to communicate the dates and times of the intervention to users in advance. <\/p>\n\n<p>The site https:\/\/lafourneedoree.fr\/en-CA\/ and https:\/\/lafourneedoree.fr\/fr-CA\/ is updated regularly. Similarly, the legal notices may be modified at any time: they are nevertheless binding on the user, who is invited to refer to them as often as possible to become aware of them. <\/p>\n\n<h3 class=\"wp-block-heading\">3. Description of Services Provided<\/h3>\n\n<p>The site https:\/\/lafourneedoree.fr\/en-CA\/ and https:\/\/lafourneedoree.fr\/fr-CA\/ aims to provide information concerning all of the company\u2019s activities.<\/p>\n\n<p>La Fourn\u00e9e Dor\u00e9e strives to provide the site https:\/\/lafourneedoree.fr\/en-CA\/ and https:\/\/lafourneedoree.fr\/fr-CA\/ with information as accurate as possible. However, the company cannot be held responsible for omissions, inaccuracies, and deficiencies in the update, whether they are its fault or the fault of third parties who provide this information. <\/p>\n\n<p>All the information indicated on the site https:\/\/lafourneedoree.fr\/en-CA\/ and https:\/\/lafourneedoree.fr\/fr-CA\/ is given as an indication and is likely to evolve. Furthermore, the information on the site is not exhaustive. They are given subject to modifications that have been made since they were put online.  <\/p>\n\n<p>The content of the site https:\/\/lafourneedoree.fr\/en-CA\/ and https:\/\/lafourneedoree.fr\/fr-CA\/ is delivered \u201cas is\u201d without any guarantee or declaration, whether implicit or explicit. In particular, it does not include any implicit warranty or condition of merchantability, fitness for a particular purpose, or non-infringement. <\/p>\n\n<h3 class=\"wp-block-heading\">4. Contractual Limitations on Technical Data<\/h3>\n\n<p>The website cannot be held responsible for material damage related to the use of the site. In addition, the user of the site agrees to access the site using recent equipment, free of viruses, and with an updated latest-generation browser. <\/p>\n\n<h3 class=\"wp-block-heading\">5. Prohibited Uses<\/h3>\n\n<p>It is prohibited to use the site https:\/\/lafourneedoree.fr\/en-CA\/ and https:\/\/lafourneedoree.fr\/fr-CA\/ to defame, harass, pursue, threaten, abuse, or otherwise violate the rights of others as defined by applicable law.<\/p>\n\n<p>It is prohibited to use a device, mechanism, software, or other script that could disrupt the operation of the site https:\/\/lafourneedoree.fr\/en-CA\/ and https:\/\/lafourneedoree.fr\/fr-CA\/.<\/p>\n\n<p>It is prohibited to harm or interfere with the operation of this site or the computers and software of La Fourn\u00e9e Dor\u00e9e or other persons in any way, including, without limitation, by uploading, downloading, or transmitting corrupted files or computer viruses.<\/p>\n\n<p>It is prohibited to overload the infrastructure of the site https:\/\/lafourneedoree.fr\/en-CA\/ and https:\/\/lafourneedoree.fr\/fr-CA\/.<\/p>\n\n<p>It is prohibited to block, overwrite, modify the content of the site, or interfere in any way with its content.<\/p>\n\n<p>It is prohibited to obtain or attempt to obtain unauthorized access to the site https:\/\/lafourneedoree.fr\/en-CA\/ and https:\/\/lafourneedoree.fr\/fr-CA\/ or to use a false password or personal identification number when logging into this site or to misrepresent your identity or authority on behalf of another person.<\/p>\n\n<p>If the user encounters content that is clearly illegal and escapes the notice of La Fourn\u00e9e Dor\u00e9e, they should report it as soon as possible by writing to the following email address: contact@lafourneedoree.fr.<\/p>\n\n<h3 class=\"wp-block-heading\">6. Intellectual Property and Counterfeiting<\/h3>\n\n<p>La Fourn\u00e9e Dor\u00e9e owns the intellectual property rights or holds the usage rights on all elements accessible on the site, including texts, images, graphics, logos, icons, sounds, and software.<\/p>\n\n<p>Any reproduction, representation, modification, publication, adaptation of all or part of the elements of the site, regardless of the means or process used, is prohibited without prior written permission from La Fourn\u00e9e Dor\u00e9e.<\/p>\n\n<p>Any unauthorized use of the site or any of the elements it contains will be considered an infringement and prosecuted in accordance with the provisions of Articles L.335-2 and following of the Intellectual Property Code.<\/p>\n\n<p>Photographs and other illustrations available on the site are not free of rights. They can only be used with the agreement of the companies and authors mentioned in the photo credits. <\/p>\n\n<p>The use of the La Fourn\u00e9e Dor\u00e9e logo cannot be done without prior authorization from La Fourn\u00e9e Dor\u00e9e.<\/p>\n\n<h3 class=\"wp-block-heading\">7. Limitations of Liability<\/h3>\n\n<p>La Fourn\u00e9e Dor\u00e9e cannot be held responsible for direct and indirect damage caused to the user\u2019s equipment when accessing the site, resulting either from the use of equipment that does not meet the specifications indicated in point 4, or from the appearance of a bug, virus, or incompatibility.<\/p>\n\n<p>La Fourn\u00e9e Dor\u00e9e will also not be liable for indirect damages (such as a loss of market or loss of opportunity) resulting from the use of the site https:\/\/lafourneedoree.fr\/en-CA\/ and https:\/\/lafourneedoree.fr\/fr-CA\/.<\/p>\n\n<h3 class=\"wp-block-heading\">8. Management of Personal Data<\/h3>\n\n<p>During the use of the site https:\/\/lafourneedoree.fr\/en-CA\/ and https:\/\/lafourneedoree.fr\/fr-CA\/, the following may be collected: the URL of the links through which the user accessed the site https:\/\/lafourneedoree.fr\/en-CA\/ and https:\/\/lafourneedoree.fr\/fr-CA\/, the user\u2019s Internet service provider, and the user\u2019s Internet Protocol (IP) address.<\/p>\n\n<p>In any case, La Fourn\u00e9e Dor\u00e9e only collects personal information (name, first name, email address, postal address, telephone contact details, etc.) about the user for the need of certain services offered by the site https:\/\/lafourneedoree.fr\/en-CA\/ and https:\/\/lafourneedoree.fr\/fr-CA\/. The user provides this information with full knowledge of the facts, especially when they enter it themselves. It is then specified to the user of the site https:\/\/lafourneedoree.fr\/en-CA\/ and https:\/\/lafourneedoree.fr\/fr-CA\/ whether or not to provide this information <\/p>\n\n<p>In accordance with the provisions of the General Data Protection Regulation (EU Regulation 2016\/679), any user has the right to access, rectify, and oppose personal data concerning them, by making a written and signed request, accompanied by a copy of the identity document with the signature of the document holder, specifying the address to which the response must be sent, to:<\/p>\n\n<p>La Fourn\u00e9e Dor\u00e9e<br\/>ZA Sud des Achards<br\/>CS 60014 \u2013 6 Rue de l\u2019Oc\u00e9an<br\/>85150 LES ACHARDS<\/p>\n\n<p>or through the support service: dpo@lafourneedoree.fr<\/p>\n\n<p>No personal information of the user of the site https:\/\/lafourneedoree.fr\/en-CA\/ and https:\/\/lafourneedoree.fr\/fr-CA\/ is published without the user\u2019s knowledge, exchanged, transferred, assigned, or sold on any medium to third parties, except in the case of a legal obligation and except to its IT service providers, including the host. Only the assumption of the purchase of La Fourn\u00e9e Dor\u00e9e and its rights would allow the transmission of the said information to the potential buyer who would, in turn, be bound by the same obligation to preserve and modify data with respect to the user of the site https:\/\/lafourneedoree.fr\/en-CA\/ and https:\/\/lafourneedoree.fr\/fr-CA\/. <\/p>\n\n<p>La Fourn\u00e9e Dor\u00e9e retains personal data only for the time necessary for the purposes for which it was collected. However, it may be used later for statistical purposes. <\/p>\n\n<p>The company also reserves the right to archive the personal data it may have collected for the duration of the prescription of liability actions or the legal duration of document retention for accounting and tax purposes.<\/p>\n\n<p>In addition, this data may be used by La Fourn\u00e9e Dor\u00e9e for commercial prospecting purposes for a period of three years from the last connection of the user.<\/p>\n\n<h3 class=\"wp-block-heading\" id=\"cookies\">9. Cookies.<\/h3>\n\n<p>Browsing the site https:\/\/lafourneedoree.fr\/en-CA\/ and https:\/\/lafourneedoree.fr\/fr-CA\/ may result in the installation of cookie(s) on the user\u2019s computer. A cookie is a small file that does not allow the user to be identified but records information related to the navigation of a computer on a site. The data thus obtained is  <\/p>\n\n<p>Le refus d\u2019installation d\u2019un cookie peut entra\u00eener l\u2019impossibilit\u00e9 d\u2019acc\u00e9der \u00e0 certains services. L\u2019utilisateur peut toutefois configurer son ordinateur pour refuser l\u2019installation des cookies. <\/p>\n\n<h3 class=\"wp-block-heading\">10. Liens hypertextes<\/h3>\n\n<p>L\u2019utilisation sur le site https:\/\/lafourneedoree.fr de liens hypertextes vers d\u2019autres sites ou ressources Internet se fait aux risques de l\u2019utilisateur. Le contenu et l\u2019exactitude des sites auxquels les liens hypertextes renvoient, ainsi que les opinions exprim\u00e9es et les autres liens pr\u00e9vus dans ces sites ne font l\u2019objet d\u2019aucun contr\u00f4le, ne sont pas v\u00e9rifi\u00e9s, surveill\u00e9s ni approuv\u00e9s par La Fourn\u00e9e Dor\u00e9e. La Fourn\u00e9e Dor\u00e9e d\u00e9cline toute responsabilit\u00e9 relativement \u00e0 l\u2019exactitude, au contenu, \u00e0 la disponibilit\u00e9 ou \u00e0 l\u2019omission des informations trouv\u00e9es sur les sites de tierces parties, et aux liens vers et \u00e0 partir du site https:\/\/lafourneedoree.fr.   <\/p>\n\n<p>La Fourn\u00e9e Dor\u00e9e n\u2019est pas responsable des liens hypertextes menant sur son site https:\/\/lafourneedoree.fr.<\/p>\n\n<p>La Fourn\u00e9e Dor\u00e9e interdit \u00e0 quiconque de mettre en place un tel lien sans son autorisation \u00e9crite pr\u00e9alable et se r\u00e9serve le droit de retirer \u00e0 tout moment son accord relatif \u00e0 un lien.<\/p>\n\n<h3 class=\"wp-block-heading\">11. Droit applicable et attribution de juridiction.<\/h3>\n\n<p>Tout litige en relation avec l\u2019utilisation du site https:\/\/lafourneedoree.fr est soumis au droit fran\u00e7ais. Il est fait attribution exclusive de juridiction aux tribunaux comp\u00e9tents de Paris. <\/p>\n\n<h3 class=\"wp-block-heading\">12. D\u00e9finitions.<\/h3>\n\n<p>Utilisateur : Internaute se connectant, utilisant le site susnomm\u00e9.<\/p>\n\n<p>Donn\u00e9es personnelles : \u00ab les informations qui permettent, sous quelque forme que ce soit, directement ou non, l\u2019identification des personnes physiques auxquelles elles s\u2019appliquent \u00bb.<\/p>\n\n<div style=\"height:150px\" aria-hidden=\"true\" class=\"wp-block-spacer\"><\/div>\n","protected":false},"excerpt":{"rendered":"<p>1. Presentation of the Site In accordance with Article 6 of Law No. 2004-575 of June 21, 2004, for confidence in the digital economy, the identity of the various parties involved in its creation and monitoring is specified to users of the site https:\/\/lafourneedoree.fr\/en-CA\/ and https:\/\/lafourneedoree.fr\/fr-CA\/: Ownership:La Fourn\u00e9e Dor\u00e9eZA Sud des AchardsCS 60014 \u2013 6&hellip;&nbsp;<\/p>\n","protected":false},"author":1,"featured_media":0,"parent":0,"menu_order":0,"comment_status":"closed","ping_status":"closed","template":"","meta":{"_acf_changed":false,"neve_meta_sidebar":"","neve_meta_container":"","neve_meta_enable_content_width":"","neve_meta_content_width":0,"neve_meta_title_alignment":"","neve_meta_author_avatar":"","neve_post_elements_order":"","neve_meta_disable_header":"","neve_meta_disable_footer":"","neve_meta_disable_title":"","neve_meta_reading_time":"","_themeisle_gutenberg_block_has_review":false,"footnotes":""},"class_list":["post-20069","page","type-page","status-publish","hentry"],"acf":[],"yoast_head":"<!-- This site is optimized with the Yoast SEO plugin v27.3 - https:\/\/yoast.com\/product\/yoast-seo-wordpress\/ -->\n<title>Terms and conditions - La Fourn\u00e9e Dor\u00e9e - La saveur retrouv\u00e9e<\/title>\n<meta name=\"robots\" content=\"index, follow, max-snippet:-1, max-image-preview:large, max-video-preview:-1\" \/>\n<link rel=\"canonical\" href=\"https:\/\/www.lafourneedoree.fr\/en\/terms-and-conditions\/\" \/>\n<meta property=\"og:locale\" content=\"en_US\" \/>\n<meta property=\"og:type\" content=\"article\" \/>\n<meta property=\"og:title\" content=\"Terms and conditions - La Fourn\u00e9e Dor\u00e9e - La saveur retrouv\u00e9e\" \/>\n<meta property=\"og:description\" content=\"1. Presentation of the Site In accordance with Article 6 of Law No. 2004-575 of June 21, 2004, for confidence in the digital economy, the identity of the various parties involved in its creation and monitoring is specified to users of the site https:\/\/lafourneedoree.fr\/en-CA\/ and https:\/\/lafourneedoree.fr\/fr-CA\/: Ownership:La Fourn\u00e9e Dor\u00e9eZA Sud des AchardsCS 60014 \u2013 6&hellip;&nbsp;\" \/>\n<meta property=\"og:url\" content=\"https:\/\/www.lafourneedoree.fr\/en\/terms-and-conditions\/\" \/>\n<meta property=\"og:site_name\" content=\"La Fourn\u00e9e Dor\u00e9e - La saveur retrouv\u00e9e\" \/>\n<meta property=\"article:modified_time\" content=\"2026-02-06T08:56:55+00:00\" \/>\n<meta name=\"twitter:card\" content=\"summary_large_image\" \/>\n<meta name=\"twitter:label1\" content=\"Est. reading time\" \/>\n\t<meta name=\"twitter:data1\" content=\"9 minutes\" \/>\n<script type=\"application\/ld+json\" class=\"yoast-schema-graph\">{\"@context\":\"https:\\\/\\\/schema.org\",\"@graph\":[{\"@type\":\"WebPage\",\"@id\":\"https:\\\/\\\/www.lafourneedoree.fr\\\/en\\\/terms-and-conditions\\\/\",\"url\":\"https:\\\/\\\/www.lafourneedoree.fr\\\/en\\\/terms-and-conditions\\\/\",\"name\":\"Terms and conditions - La Fourn\u00e9e Dor\u00e9e - La saveur retrouv\u00e9e\",\"isPartOf\":{\"@id\":\"https:\\\/\\\/www.lafourneedoree.fr\\\/#website\"},\"datePublished\":\"2025-10-16T13:05:08+00:00\",\"dateModified\":\"2026-02-06T08:56:55+00:00\",\"breadcrumb\":{\"@id\":\"https:\\\/\\\/www.lafourneedoree.fr\\\/en\\\/terms-and-conditions\\\/#breadcrumb\"},\"inLanguage\":\"en-US\",\"potentialAction\":[{\"@type\":\"ReadAction\",\"target\":[\"https:\\\/\\\/www.lafourneedoree.fr\\\/en\\\/terms-and-conditions\\\/\"]}]},{\"@type\":\"BreadcrumbList\",\"@id\":\"https:\\\/\\\/www.lafourneedoree.fr\\\/en\\\/terms-and-conditions\\\/#breadcrumb\",\"itemListElement\":[{\"@type\":\"ListItem\",\"position\":1,\"name\":\"La Fourn\u00e9e Dor\u00e9e\",\"item\":\"https:\\\/\\\/www.lafourneedoree.fr\\\/en\\\/\"},{\"@type\":\"ListItem\",\"position\":2,\"name\":\"Terms and conditions\"}]},{\"@type\":\"WebSite\",\"@id\":\"https:\\\/\\\/www.lafourneedoree.fr\\\/#website\",\"url\":\"https:\\\/\\\/www.lafourneedoree.fr\\\/\",\"name\":\"La Fourn\u00e9e Dor\u00e9e - La saveur retrouv\u00e9e\",\"description\":\"\",\"potentialAction\":[{\"@type\":\"SearchAction\",\"target\":{\"@type\":\"EntryPoint\",\"urlTemplate\":\"https:\\\/\\\/www.lafourneedoree.fr\\\/?s={search_term_string}\"},\"query-input\":{\"@type\":\"PropertyValueSpecification\",\"valueRequired\":true,\"valueName\":\"search_term_string\"}}],\"inLanguage\":\"en-US\"}]}<\/script>\n<!-- \/ Yoast SEO plugin. -->","yoast_head_json":{"title":"Terms and conditions - La Fourn\u00e9e Dor\u00e9e - La saveur retrouv\u00e9e","robots":{"index":"index","follow":"follow","max-snippet":"max-snippet:-1","max-image-preview":"max-image-preview:large","max-video-preview":"max-video-preview:-1"},"canonical":"https:\/\/www.lafourneedoree.fr\/en\/terms-and-conditions\/","og_locale":"en_US","og_type":"article","og_title":"Terms and conditions - La Fourn\u00e9e Dor\u00e9e - La saveur retrouv\u00e9e","og_description":"1. Presentation of the Site In accordance with Article 6 of Law No. 2004-575 of June 21, 2004, for confidence in the digital economy, the identity of the various parties involved in its creation and monitoring is specified to users of the site https:\/\/lafourneedoree.fr\/en-CA\/ and https:\/\/lafourneedoree.fr\/fr-CA\/: Ownership:La Fourn\u00e9e Dor\u00e9eZA Sud des AchardsCS 60014 \u2013 6&hellip;&nbsp;","og_url":"https:\/\/www.lafourneedoree.fr\/en\/terms-and-conditions\/","og_site_name":"La Fourn\u00e9e Dor\u00e9e - La saveur retrouv\u00e9e","article_modified_time":"2026-02-06T08:56:55+00:00","twitter_card":"summary_large_image","twitter_misc":{"Est. reading time":"9 minutes"},"schema":{"@context":"https:\/\/schema.org","@graph":[{"@type":"WebPage","@id":"https:\/\/www.lafourneedoree.fr\/en\/terms-and-conditions\/","url":"https:\/\/www.lafourneedoree.fr\/en\/terms-and-conditions\/","name":"Terms and conditions - La Fourn\u00e9e Dor\u00e9e - La saveur retrouv\u00e9e","isPartOf":{"@id":"https:\/\/www.lafourneedoree.fr\/#website"},"datePublished":"2025-10-16T13:05:08+00:00","dateModified":"2026-02-06T08:56:55+00:00","breadcrumb":{"@id":"https:\/\/www.lafourneedoree.fr\/en\/terms-and-conditions\/#breadcrumb"},"inLanguage":"en-US","potentialAction":[{"@type":"ReadAction","target":["https:\/\/www.lafourneedoree.fr\/en\/terms-and-conditions\/"]}]},{"@type":"BreadcrumbList","@id":"https:\/\/www.lafourneedoree.fr\/en\/terms-and-conditions\/#breadcrumb","itemListElement":[{"@type":"ListItem","position":1,"name":"La Fourn\u00e9e Dor\u00e9e","item":"https:\/\/www.lafourneedoree.fr\/en\/"},{"@type":"ListItem","position":2,"name":"Terms and conditions"}]},{"@type":"WebSite","@id":"https:\/\/www.lafourneedoree.fr\/#website","url":"https:\/\/www.lafourneedoree.fr\/","name":"La Fourn\u00e9e Dor\u00e9e - La saveur retrouv\u00e9e","description":"","potentialAction":[{"@type":"SearchAction","target":{"@type":"EntryPoint","urlTemplate":"https:\/\/www.lafourneedoree.fr\/?s={search_term_string}"},"query-input":{"@type":"PropertyValueSpecification","valueRequired":true,"valueName":"search_term_string"}}],"inLanguage":"en-US"}]}},"_links":{"self":[{"href":"https:\/\/www.lafourneedoree.fr\/en\/wp-json\/wp\/v2\/pages\/20069","targetHints":{"allow":["GET"]}}],"collection":[{"href":"https:\/\/www.lafourneedoree.fr\/en\/wp-json\/wp\/v2\/pages"}],"about":[{"href":"https:\/\/www.lafourneedoree.fr\/en\/wp-json\/wp\/v2\/types\/page"}],"author":[{"embeddable":true,"href":"https:\/\/www.lafourneedoree.fr\/en\/wp-json\/wp\/v2\/users\/1"}],"replies":[{"embeddable":true,"href":"https:\/\/www.lafourneedoree.fr\/en\/wp-json\/wp\/v2\/comments?post=20069"}],"version-history":[{"count":1,"href":"https:\/\/www.lafourneedoree.fr\/en\/wp-json\/wp\/v2\/pages\/20069\/revisions"}],"predecessor-version":[{"id":20070,"href":"https:\/\/www.lafourneedoree.fr\/en\/wp-json\/wp\/v2\/pages\/20069\/revisions\/20070"}],"wp:attachment":[{"href":"https:\/\/www.lafourneedoree.fr\/en\/wp-json\/wp\/v2\/media?parent=20069"}],"curies":[{"name":"wp","href":"https:\/\/api.w.org\/{rel}","templated":true}]}}