{"id":17531,"date":"2025-10-16T14:20:02","date_gmt":"2025-10-16T12:20:02","guid":{"rendered":"http:\/\/preprod.lafourneedoree.fr\/tous-les-produits\/"},"modified":"2026-03-13T19:47:08","modified_gmt":"2026-03-13T18:47:08","slug":"nos-produits","status":"publish","type":"page","link":"https:\/\/www.lafourneedoree.fr\/fr-CA\/nos-produits\/","title":{"rendered":"Tous les produits"},"content":{"rendered":"\n<div id=\"wp-block-themeisle-blocks-advanced-columns-2c099ba2\" class=\"wp-block-themeisle-blocks-advanced-columns alignfull has-1-columns has-desktop-equal-layout has-tablet-equal-layout has-mobile-equal-layout has-vertical-unset dentele\"><div class=\"wp-block-themeisle-blocks-advanced-columns-overlay\"><\/div><div class=\"innerblocks-wrap\">\n<div id=\"wp-block-themeisle-blocks-advanced-column-cbab418a\" class=\"wp-block-themeisle-blocks-advanced-column\">\n<div id=\"wp-block-themeisle-blocks-advanced-columns-e44f5343\" class=\"wp-block-themeisle-blocks-advanced-columns has-1-columns has-desktop-equal-layout has-tablet-equal-layout has-mobile-equal-layout has-vertical-unset\"><div class=\"wp-block-themeisle-blocks-advanced-columns-overlay\"><\/div><div class=\"innerblocks-wrap\">\n<div id=\"wp-block-themeisle-blocks-advanced-column-689a75a8\" class=\"wp-block-themeisle-blocks-advanced-column\"><div class=\"yoast-breadcrumbs ticss-60825abe\"><span><span><a href=\"https:\/\/www.lafourneedoree.fr\/fr-CA\/\">La Fourn\u00e9e Dor\u00e9e<\/a><\/span> \u00bb <span class=\"breadcrumb_last\" aria-current=\"page\">Tous les produits<\/span><\/span><\/div><\/div>\n<\/div><\/div>\n\n\n\n<h1 class=\"wp-block-heading has-text-align-center has-nv-text-dark-bg-color has-text-color has-link-color wp-elements-81a24258a81459365e299ea498812d14\">Vous \u00eates plus..?<\/h1>\n<\/div>\n<\/div><\/div>\n\n\n\n<div id=\"wp-block-themeisle-blocks-advanced-columns-151eb5e7\" class=\"wp-block-themeisle-blocks-advanced-columns has-2-columns has-desktop-equal-layout has-tablet-equal-layout has-mobile-collapsedRows-layout has-vertical-unset\"><div class=\"wp-block-themeisle-blocks-advanced-columns-overlay\"><\/div><div class=\"innerblocks-wrap\">\n<div id=\"wp-block-themeisle-blocks-advanced-column-5aea4a59\" class=\"wp-block-themeisle-blocks-advanced-column\"><div  class=\"search-filter-base search-filter-field search-filter-field--id-109 search-filter-field--type-choice search-filter-field--input-type-select search-filter-style--id-1 search-filter-style--choice-select products-filter-lfd\"  data-search-filter-id=\"109\" ><\/div>\n<\/div>\n\n\n\n<div id=\"wp-block-themeisle-blocks-advanced-column-91f12e14\" class=\"wp-block-themeisle-blocks-advanced-column\"><div  class=\"search-filter-base search-filter-field search-filter-field--id-123 search-filter-field--type-choice search-filter-field--input-type-select search-filter-style--id-1 search-filter-style--choice-select products-filter-lfd\"  data-search-filter-id=\"123\" ><\/div>\n<\/div>\n<\/div><\/div>\n\n\n\n<div id=\"wp-block-themeisle-blocks-advanced-columns-013e04c5\" class=\"wp-block-themeisle-blocks-advanced-columns alignfull has-1-columns has-desktop-equal-layout has-tablet-equal-layout has-mobile-equal-layout has-vertical-unset\"><div class=\"wp-block-themeisle-blocks-advanced-columns-overlay\"><\/div><div class=\"innerblocks-wrap\">\n<div id=\"wp-block-themeisle-blocks-advanced-column-ca6aae2f\" class=\"wp-block-themeisle-blocks-advanced-column\"><div class=\"lfd-products\" data-nonce=\"eae20024d4\" data-per-page=\"12\" data-orderby=\"date\" data-order=\"DESC\" data-current-page=\"1\" data-max-pages=\"2\"><div class=\"lfd-grid\">        <article class=\"lfd-card\">\r\n            <a class=\"lfd-card__image\" href=\"https:\/\/www.lafourneedoree.fr\/fr-CA\/produit\/4-baguettes-briochees\/\">\r\n                <div class=\"lfd-card__imgwrap\">\r\n                                            <img decoding=\"async\" src=\"https:\/\/www.lafourneedoree.fr\/wp-content\/uploads\/2025\/12\/brioche-baguettes-pack-produit-1-1-768x745.png\" alt=\"4 Baguettes Brioch\u00e9es\" class=\"img-default\" loading=\"lazy\" \/>\r\n                                                                <img decoding=\"async\" src=\"https:\/\/www.lafourneedoree.fr\/wp-content\/uploads\/2025\/12\/4-Viennois-1.png\" alt=\"4 Baguettes Brioch\u00e9es\" class=\"img-hover\" loading=\"lazy\" \/>\r\n                                    <\/div>\r\n            <\/a>\r\n            <div class=\"lfd-card__body\">\r\n                <h3 class=\"lfd-card__title\"><a href=\"https:\/\/www.lafourneedoree.fr\/fr-CA\/produit\/4-baguettes-briochees\/\">4 Baguettes Brioch\u00e9es<\/a><\/h3>\r\n                            <\/div>\r\n        <\/article>\r\n                <article class=\"lfd-card\">\r\n            <a class=\"lfd-card__image\" href=\"https:\/\/www.lafourneedoree.fr\/fr-CA\/produit\/4-buns-brioches\/\">\r\n                <div class=\"lfd-card__imgwrap\">\r\n                                            <img decoding=\"async\" src=\"https:\/\/www.lafourneedoree.fr\/wp-content\/uploads\/2025\/12\/brioche-buns-pack-produit-1-768x745.png\" alt=\"4 Buns Brioch\u00e9s\" class=\"img-default\" loading=\"lazy\" \/>\r\n                                                                <img decoding=\"async\" src=\"https:\/\/www.lafourneedoree.fr\/wp-content\/uploads\/2025\/12\/4-BriochBurgers-2-1.png\" alt=\"4 Buns Brioch\u00e9s\" class=\"img-hover\" loading=\"lazy\" \/>\r\n                                    <\/div>\r\n            <\/a>\r\n            <div class=\"lfd-card__body\">\r\n                <h3 class=\"lfd-card__title\"><a href=\"https:\/\/www.lafourneedoree.fr\/fr-CA\/produit\/4-buns-brioches\/\">4 Buns Brioch\u00e9s<\/a><\/h3>\r\n                            <\/div>\r\n        <\/article>\r\n                <article class=\"lfd-card\">\r\n            <a class=\"lfd-card__image\" href=\"https:\/\/www.lafourneedoree.fr\/fr-CA\/produit\/brioche-tressee-au-beurre\/\">\r\n                <div class=\"lfd-card__imgwrap\">\r\n                                            <img decoding=\"async\" src=\"https:\/\/www.lafourneedoree.fr\/wp-content\/uploads\/2025\/12\/butter-brioche-loaf-pack-produit-1-768x745.png\" alt=\"Brioche Tress\u00e9e au Beurre\" class=\"img-default\" loading=\"lazy\" \/>\r\n                                                                <img decoding=\"async\" src=\"https:\/\/www.lafourneedoree.fr\/wp-content\/uploads\/2025\/12\/brioche-tressee-au-beurre-ingredients-1.png\" alt=\"Brioche Tress\u00e9e au Beurre\" class=\"img-hover\" loading=\"lazy\" \/>\r\n                                    <\/div>\r\n            <\/a>\r\n            <div class=\"lfd-card__body\">\r\n                <h3 class=\"lfd-card__title\"><a href=\"https:\/\/www.lafourneedoree.fr\/fr-CA\/produit\/brioche-tressee-au-beurre\/\">Brioche Tress\u00e9e au Beurre<\/a><\/h3>\r\n                            <\/div>\r\n        <\/article>\r\n                <article class=\"lfd-card\">\r\n            <a class=\"lfd-card__image\" href=\"https:\/\/www.lafourneedoree.fr\/fr-CA\/produit\/4-buns-brioches-sesame\/\">\r\n                <div class=\"lfd-card__imgwrap\">\r\n                                            <img decoding=\"async\" src=\"https:\/\/www.lafourneedoree.fr\/wp-content\/uploads\/2025\/12\/sesame-brioche-buns-pack-produit-1-768x745.png\" alt=\"4 Buns Brioch\u00e9s S\u00e9same\" class=\"img-default\" loading=\"lazy\" \/>\r\n                                                                <img decoding=\"async\" src=\"https:\/\/www.lafourneedoree.fr\/wp-content\/uploads\/2025\/12\/buns-brioches-sesame-ingredients.png\" alt=\"4 Buns Brioch\u00e9s S\u00e9same\" class=\"img-hover\" loading=\"lazy\" \/>\r\n                                    <\/div>\r\n            <\/a>\r\n            <div class=\"lfd-card__body\">\r\n                <h3 class=\"lfd-card__title\"><a href=\"https:\/\/www.lafourneedoree.fr\/fr-CA\/produit\/4-buns-brioches-sesame\/\">4 Buns Brioch\u00e9s S\u00e9same<\/a><\/h3>\r\n                            <\/div>\r\n        <\/article>\r\n                <article class=\"lfd-card\">\r\n            <a class=\"lfd-card__image\" href=\"https:\/\/www.lafourneedoree.fr\/fr-CA\/produit\/6-petits-pains-bretzel-moelleux\/\">\r\n                <div class=\"lfd-card__imgwrap\">\r\n                                            <img decoding=\"async\" src=\"https:\/\/www.lafourneedoree.fr\/wp-content\/uploads\/2025\/12\/soft-bretzel-buns-pack-produit-1-1-768x745.png\" alt=\"6 Petits Pains Bretzel Moelleux\" class=\"img-default\" loading=\"lazy\" \/>\r\n                                                                <img decoding=\"async\" src=\"https:\/\/www.lafourneedoree.fr\/wp-content\/uploads\/2025\/12\/bretzels-ingredients.png\" alt=\"6 Petits Pains Bretzel Moelleux\" class=\"img-hover\" loading=\"lazy\" \/>\r\n                                    <\/div>\r\n            <\/a>\r\n            <div class=\"lfd-card__body\">\r\n                <h3 class=\"lfd-card__title\"><a href=\"https:\/\/www.lafourneedoree.fr\/fr-CA\/produit\/6-petits-pains-bretzel-moelleux\/\">6 Petits Pains Bretzel Moelleux<\/a><\/h3>\r\n                            <\/div>\r\n        <\/article>\r\n                <article class=\"lfd-card\">\r\n            <a class=\"lfd-card__image\" href=\"https:\/\/www.lafourneedoree.fr\/fr-CA\/produit\/8-pains-hot-dog-brioches\/\">\r\n                <div class=\"lfd-card__imgwrap\">\r\n                                            <img decoding=\"async\" src=\"https:\/\/www.lafourneedoree.fr\/wp-content\/uploads\/2025\/12\/brioche-hot-dog-rolls-pack-produit-1-768x745.png\" alt=\"8 Pains Hot Dog Brioch\u00e9s\" class=\"img-default\" loading=\"lazy\" \/>\r\n                                                                <img decoding=\"async\" src=\"https:\/\/www.lafourneedoree.fr\/wp-content\/uploads\/2025\/12\/6-Pains-Hot-Dog-1.png\" alt=\"8 Pains Hot Dog Brioch\u00e9s\" class=\"img-hover\" loading=\"lazy\" \/>\r\n                                    <\/div>\r\n            <\/a>\r\n            <div class=\"lfd-card__body\">\r\n                <h3 class=\"lfd-card__title\"><a href=\"https:\/\/www.lafourneedoree.fr\/fr-CA\/produit\/8-pains-hot-dog-brioches\/\">8 Pains Hot Dog Brioch\u00e9s<\/a><\/h3>\r\n                            <\/div>\r\n        <\/article>\r\n                <article class=\"lfd-card\">\r\n            <a class=\"lfd-card__image\" href=\"https:\/\/www.lafourneedoree.fr\/fr-CA\/produit\/12-mini-brioches\/\">\r\n                <div class=\"lfd-card__imgwrap\">\r\n                                            <img decoding=\"async\" src=\"https:\/\/www.lafourneedoree.fr\/wp-content\/uploads\/2025\/12\/mini-brioches-pack-produit-1-768x745.png\" alt=\"12 Mini Brioches\" class=\"img-default\" loading=\"lazy\" \/>\r\n                                                                <img decoding=\"async\" src=\"https:\/\/www.lafourneedoree.fr\/wp-content\/uploads\/2025\/12\/minis-brioches-ingredients-1.png\" alt=\"12 Mini Brioches\" class=\"img-hover\" loading=\"lazy\" \/>\r\n                                    <\/div>\r\n            <\/a>\r\n            <div class=\"lfd-card__body\">\r\n                <h3 class=\"lfd-card__title\"><a href=\"https:\/\/www.lafourneedoree.fr\/fr-CA\/produit\/12-mini-brioches\/\">12 Mini Brioches<\/a><\/h3>\r\n                            <\/div>\r\n        <\/article>\r\n                <article class=\"lfd-card\">\r\n            <a class=\"lfd-card__image\" href=\"https:\/\/www.lafourneedoree.fr\/fr-CA\/produit\/4-buns-feuilletes\/\">\r\n                <div class=\"lfd-card__imgwrap\">\r\n                                            <img decoding=\"async\" src=\"https:\/\/www.lafourneedoree.fr\/wp-content\/uploads\/2025\/12\/croissant-pastry-buns-pack-produit-1-768x745.png\" alt=\"4 Buns Feuillet\u00e9s\" class=\"img-default\" loading=\"lazy\" \/>\r\n                                                                <img decoding=\"async\" src=\"https:\/\/www.lafourneedoree.fr\/wp-content\/uploads\/2025\/12\/buns-feuilletes-ingredients-768x745.png\" alt=\"4 Buns Feuillet\u00e9s\" class=\"img-hover\" loading=\"lazy\" \/>\r\n                                    <\/div>\r\n            <\/a>\r\n            <div class=\"lfd-card__body\">\r\n                <h3 class=\"lfd-card__title\"><a href=\"https:\/\/www.lafourneedoree.fr\/fr-CA\/produit\/4-buns-feuilletes\/\">4 Buns Feuillet\u00e9s<\/a><\/h3>\r\n                            <\/div>\r\n        <\/article>\r\n                <article class=\"lfd-card\">\r\n            <a class=\"lfd-card__image\" href=\"https:\/\/www.lafourneedoree.fr\/fr-CA\/produit\/10-brioches-au-lait\/\">\r\n                <div class=\"lfd-card__imgwrap\">\r\n                                            <img decoding=\"async\" src=\"https:\/\/www.lafourneedoree.fr\/wp-content\/uploads\/2025\/12\/milk-brioche-rolls-pack-produit-1-1-768x745.png\" alt=\"10 Brioches au Lait\" class=\"img-default\" loading=\"lazy\" \/>\r\n                                                                <img decoding=\"async\" src=\"https:\/\/www.lafourneedoree.fr\/wp-content\/uploads\/2025\/12\/brioches-au-lait-ingredients.png\" alt=\"10 Brioches au Lait\" class=\"img-hover\" loading=\"lazy\" \/>\r\n                                    <\/div>\r\n            <\/a>\r\n            <div class=\"lfd-card__body\">\r\n                <h3 class=\"lfd-card__title\"><a href=\"https:\/\/www.lafourneedoree.fr\/fr-CA\/produit\/10-brioches-au-lait\/\">10 Brioches au Lait<\/a><\/h3>\r\n                            <\/div>\r\n        <\/article>\r\n                <article class=\"lfd-card\">\r\n            <a class=\"lfd-card__image\" href=\"https:\/\/www.lafourneedoree.fr\/fr-CA\/produit\/brioche-a-la-creme-patissiere\/\">\r\n                <div class=\"lfd-card__imgwrap\">\r\n                                            <img decoding=\"async\" src=\"https:\/\/www.lafourneedoree.fr\/wp-content\/uploads\/2025\/12\/chinois-brioche-vanilla-cream-pack-produit-1-768x745.png\" alt=\"Brioche \u00e0 la Cr\u00e8me Patissi\u00e8re\" class=\"img-default\" loading=\"lazy\" \/>\r\n                                                                <img decoding=\"async\" src=\"https:\/\/www.lafourneedoree.fr\/wp-content\/uploads\/2025\/12\/brioche-creme-patissiere-ingredients-1.png\" alt=\"Brioche \u00e0 la Cr\u00e8me Patissi\u00e8re\" class=\"img-hover\" loading=\"lazy\" \/>\r\n                                    <\/div>\r\n            <\/a>\r\n            <div class=\"lfd-card__body\">\r\n                <h3 class=\"lfd-card__title\"><a href=\"https:\/\/www.lafourneedoree.fr\/fr-CA\/produit\/brioche-a-la-creme-patissiere\/\">Brioche \u00e0 la Cr\u00e8me Patissi\u00e8re<\/a><\/h3>\r\n                            <\/div>\r\n        <\/article>\r\n                <article class=\"lfd-card\">\r\n            <a class=\"lfd-card__image\" href=\"https:\/\/www.lafourneedoree.fr\/fr-CA\/produit\/10-crepes-epaisses\/\">\r\n                <div class=\"lfd-card__imgwrap\">\r\n                                            <img decoding=\"async\" src=\"https:\/\/www.lafourneedoree.fr\/wp-content\/uploads\/2025\/12\/pancakes-pack-produit-1-1-768x745.png\" alt=\"10 Cr\u00eapes \u00e9paisses\" class=\"img-default\" loading=\"lazy\" \/>\r\n                                                                <img decoding=\"async\" src=\"https:\/\/www.lafourneedoree.fr\/wp-content\/uploads\/2025\/12\/pancakes-ingredients.png\" alt=\"10 Cr\u00eapes \u00e9paisses\" class=\"img-hover\" loading=\"lazy\" \/>\r\n                                    <\/div>\r\n            <\/a>\r\n            <div class=\"lfd-card__body\">\r\n                <h3 class=\"lfd-card__title\"><a href=\"https:\/\/www.lafourneedoree.fr\/fr-CA\/produit\/10-crepes-epaisses\/\">10 Cr\u00eapes \u00e9paisses<\/a><\/h3>\r\n                            <\/div>\r\n        <\/article>\r\n                <article class=\"lfd-card\">\r\n            <a class=\"lfd-card__image\" href=\"https:\/\/www.lafourneedoree.fr\/fr-CA\/produit\/8-pains-au-chocolat\/\">\r\n                <div class=\"lfd-card__imgwrap\">\r\n                                            <img decoding=\"async\" src=\"https:\/\/www.lafourneedoree.fr\/wp-content\/uploads\/2025\/12\/chocolate-croissants-pack-produit-1-1-768x745.png\" alt=\"8 Pains au Chocolat\" class=\"img-default\" loading=\"lazy\" \/>\r\n                                                                <img decoding=\"async\" src=\"https:\/\/www.lafourneedoree.fr\/wp-content\/uploads\/2025\/12\/pains-au-chocolat-ingredients-1-768x745.png\" alt=\"8 Pains au Chocolat\" class=\"img-hover\" loading=\"lazy\" \/>\r\n                                    <\/div>\r\n            <\/a>\r\n            <div class=\"lfd-card__body\">\r\n                <h3 class=\"lfd-card__title\"><a href=\"https:\/\/www.lafourneedoree.fr\/fr-CA\/produit\/8-pains-au-chocolat\/\">8 Pains au Chocolat<\/a><\/h3>\r\n                            <\/div>\r\n        <\/article>\r\n        <\/div><div id=\"lfd-infinite-sentinel\" aria-hidden=\"true\" style=\"height:1px\"><\/div><\/div>\n<\/div>\n<\/div><\/div>\n","protected":false},"excerpt":{"rendered":"<a class=\"news__product-link\" href=\"https:\/\/www.lafourneedoree.fr\/fr-CA\/produit\/10-brioches-au-lait\/\" target=\"_self\" rel=\"noopener\">CHECK THE PRODUCT<\/a>","protected":false},"author":2,"featured_media":0,"parent":0,"menu_order":0,"comment_status":"closed","ping_status":"closed","template":"","meta":{"_acf_changed":false,"neve_meta_sidebar":"","neve_meta_container":"","neve_meta_enable_content_width":"","neve_meta_content_width":0,"neve_meta_title_alignment":"","neve_meta_author_avatar":"","neve_post_elements_order":"","neve_meta_disable_header":"","neve_meta_disable_footer":"","neve_meta_disable_title":"on","neve_meta_reading_time":"","_themeisle_gutenberg_block_has_review":false,"footnotes":""},"class_list":["post-17531","page","type-page","status-publish","hentry"],"acf":[],"yoast_head":"<!-- This site is optimized with the Yoast SEO plugin v27.3 - https:\/\/yoast.com\/product\/yoast-seo-wordpress\/ -->\n<title>Tous les produits - La Fourn\u00e9e Dor\u00e9e - La saveur retrouv\u00e9e<\/title>\n<meta name=\"robots\" content=\"index, follow, max-snippet:-1, max-image-preview:large, max-video-preview:-1\" \/>\n<link rel=\"canonical\" href=\"https:\/\/www.lafourneedoree.fr\/fr-CA\/nos-produits\/\" \/>\n<meta property=\"og:locale\" content=\"en_US\" \/>\n<meta property=\"og:type\" content=\"article\" \/>\n<meta property=\"og:title\" content=\"Tous les produits - La Fourn\u00e9e Dor\u00e9e - La saveur retrouv\u00e9e\" \/>\n<meta property=\"og:url\" content=\"https:\/\/www.lafourneedoree.fr\/fr-CA\/nos-produits\/\" \/>\n<meta property=\"og:site_name\" content=\"La Fourn\u00e9e Dor\u00e9e - La saveur retrouv\u00e9e\" \/>\n<meta property=\"article:modified_time\" content=\"2026-03-13T18:47:08+00:00\" \/>\n<meta name=\"twitter:card\" content=\"summary_large_image\" \/>\n<meta name=\"twitter:label1\" content=\"Est. reading time\" \/>\n\t<meta name=\"twitter:data1\" content=\"1 minute\" \/>\n<script type=\"application\/ld+json\" class=\"yoast-schema-graph\">{\"@context\":\"https:\\\/\\\/schema.org\",\"@graph\":[{\"@type\":\"WebPage\",\"@id\":\"https:\\\/\\\/www.lafourneedoree.fr\\\/fr-CA\\\/nos-produits\\\/\",\"url\":\"https:\\\/\\\/www.lafourneedoree.fr\\\/fr-CA\\\/nos-produits\\\/\",\"name\":\"Tous les produits - La Fourn\u00e9e Dor\u00e9e - La saveur retrouv\u00e9e\",\"isPartOf\":{\"@id\":\"https:\\\/\\\/www.lafourneedoree.fr\\\/#website\"},\"datePublished\":\"2025-10-16T12:20:02+00:00\",\"dateModified\":\"2026-03-13T18:47:08+00:00\",\"breadcrumb\":{\"@id\":\"https:\\\/\\\/www.lafourneedoree.fr\\\/fr-CA\\\/nos-produits\\\/#breadcrumb\"},\"inLanguage\":\"ca-FR\",\"potentialAction\":[{\"@type\":\"ReadAction\",\"target\":[\"https:\\\/\\\/www.lafourneedoree.fr\\\/fr-CA\\\/nos-produits\\\/\"]}]},{\"@type\":\"BreadcrumbList\",\"@id\":\"https:\\\/\\\/www.lafourneedoree.fr\\\/fr-CA\\\/nos-produits\\\/#breadcrumb\",\"itemListElement\":[{\"@type\":\"ListItem\",\"position\":1,\"name\":\"La Fourn\u00e9e Dor\u00e9e\",\"item\":\"https:\\\/\\\/www.lafourneedoree.fr\\\/fr-CA\\\/\"},{\"@type\":\"ListItem\",\"position\":2,\"name\":\"Tous les produits\"}]},{\"@type\":\"WebSite\",\"@id\":\"https:\\\/\\\/www.lafourneedoree.fr\\\/#website\",\"url\":\"https:\\\/\\\/www.lafourneedoree.fr\\\/\",\"name\":\"La Fourn\u00e9e Dor\u00e9e - La saveur retrouv\u00e9e\",\"description\":\"\",\"potentialAction\":[{\"@type\":\"SearchAction\",\"target\":{\"@type\":\"EntryPoint\",\"urlTemplate\":\"https:\\\/\\\/www.lafourneedoree.fr\\\/?s={search_term_string}\"},\"query-input\":{\"@type\":\"PropertyValueSpecification\",\"valueRequired\":true,\"valueName\":\"search_term_string\"}}],\"inLanguage\":\"ca-FR\"}]}<\/script>\n<!-- \/ Yoast SEO plugin. -->","yoast_head_json":{"title":"Tous les produits - La Fourn\u00e9e Dor\u00e9e - La saveur retrouv\u00e9e","robots":{"index":"index","follow":"follow","max-snippet":"max-snippet:-1","max-image-preview":"max-image-preview:large","max-video-preview":"max-video-preview:-1"},"canonical":"https:\/\/www.lafourneedoree.fr\/fr-CA\/nos-produits\/","og_locale":"en_US","og_type":"article","og_title":"Tous les produits - La Fourn\u00e9e Dor\u00e9e - La saveur retrouv\u00e9e","og_url":"https:\/\/www.lafourneedoree.fr\/fr-CA\/nos-produits\/","og_site_name":"La Fourn\u00e9e Dor\u00e9e - La saveur retrouv\u00e9e","article_modified_time":"2026-03-13T18:47:08+00:00","twitter_card":"summary_large_image","twitter_misc":{"Est. reading time":"1 minute"},"schema":{"@context":"https:\/\/schema.org","@graph":[{"@type":"WebPage","@id":"https:\/\/www.lafourneedoree.fr\/fr-CA\/nos-produits\/","url":"https:\/\/www.lafourneedoree.fr\/fr-CA\/nos-produits\/","name":"Tous les produits - La Fourn\u00e9e Dor\u00e9e - La saveur retrouv\u00e9e","isPartOf":{"@id":"https:\/\/www.lafourneedoree.fr\/#website"},"datePublished":"2025-10-16T12:20:02+00:00","dateModified":"2026-03-13T18:47:08+00:00","breadcrumb":{"@id":"https:\/\/www.lafourneedoree.fr\/fr-CA\/nos-produits\/#breadcrumb"},"inLanguage":"ca-FR","potentialAction":[{"@type":"ReadAction","target":["https:\/\/www.lafourneedoree.fr\/fr-CA\/nos-produits\/"]}]},{"@type":"BreadcrumbList","@id":"https:\/\/www.lafourneedoree.fr\/fr-CA\/nos-produits\/#breadcrumb","itemListElement":[{"@type":"ListItem","position":1,"name":"La Fourn\u00e9e Dor\u00e9e","item":"https:\/\/www.lafourneedoree.fr\/fr-CA\/"},{"@type":"ListItem","position":2,"name":"Tous les produits"}]},{"@type":"WebSite","@id":"https:\/\/www.lafourneedoree.fr\/#website","url":"https:\/\/www.lafourneedoree.fr\/","name":"La Fourn\u00e9e Dor\u00e9e - La saveur retrouv\u00e9e","description":"","potentialAction":[{"@type":"SearchAction","target":{"@type":"EntryPoint","urlTemplate":"https:\/\/www.lafourneedoree.fr\/?s={search_term_string}"},"query-input":{"@type":"PropertyValueSpecification","valueRequired":true,"valueName":"search_term_string"}}],"inLanguage":"ca-FR"}]}},"_links":{"self":[{"href":"https:\/\/www.lafourneedoree.fr\/fr-CA\/wp-json\/wp\/v2\/pages\/17531","targetHints":{"allow":["GET"]}}],"collection":[{"href":"https:\/\/www.lafourneedoree.fr\/fr-CA\/wp-json\/wp\/v2\/pages"}],"about":[{"href":"https:\/\/www.lafourneedoree.fr\/fr-CA\/wp-json\/wp\/v2\/types\/page"}],"author":[{"embeddable":true,"href":"https:\/\/www.lafourneedoree.fr\/fr-CA\/wp-json\/wp\/v2\/users\/2"}],"replies":[{"embeddable":true,"href":"https:\/\/www.lafourneedoree.fr\/fr-CA\/wp-json\/wp\/v2\/comments?post=17531"}],"version-history":[{"count":7,"href":"https:\/\/www.lafourneedoree.fr\/fr-CA\/wp-json\/wp\/v2\/pages\/17531\/revisions"}],"predecessor-version":[{"id":20635,"href":"https:\/\/www.lafourneedoree.fr\/fr-CA\/wp-json\/wp\/v2\/pages\/17531\/revisions\/20635"}],"wp:attachment":[{"href":"https:\/\/www.lafourneedoree.fr\/fr-CA\/wp-json\/wp\/v2\/media?parent=17531"}],"curies":[{"name":"wp","href":"https:\/\/api.w.org\/{rel}","templated":true}]}}