{"id":17533,"date":"2025-10-20T12:22:08","date_gmt":"2025-10-20T10:22:08","guid":{"rendered":"http:\/\/preprod.lafourneedoree.fr\/nos-recettes\/"},"modified":"2026-02-23T11:56:44","modified_gmt":"2026-02-23T10:56:44","slug":"nos-recettes","status":"publish","type":"page","link":"https:\/\/www.lafourneedoree.fr\/fr-CA\/nos-recettes\/","title":{"rendered":"Nos recettes"},"content":{"rendered":"\n<div id=\"wp-block-themeisle-blocks-advanced-columns-2c099ba2\" class=\"wp-block-themeisle-blocks-advanced-columns alignfull has-1-columns has-desktop-equal-layout has-tablet-equal-layout has-mobile-equal-layout has-vertical-unset dentele\"><div class=\"wp-block-themeisle-blocks-advanced-columns-overlay\"><\/div><div class=\"innerblocks-wrap\">\n<div id=\"wp-block-themeisle-blocks-advanced-column-cbab418a\" class=\"wp-block-themeisle-blocks-advanced-column\">\n<div id=\"wp-block-themeisle-blocks-advanced-columns-e44f5343\" class=\"wp-block-themeisle-blocks-advanced-columns has-1-columns has-desktop-equal-layout has-tablet-equal-layout has-mobile-equal-layout has-vertical-unset\"><div class=\"wp-block-themeisle-blocks-advanced-columns-overlay\"><\/div><div class=\"innerblocks-wrap\">\n<div id=\"wp-block-themeisle-blocks-advanced-column-689a75a8\" class=\"wp-block-themeisle-blocks-advanced-column\"><div class=\"yoast-breadcrumbs ticss-60825abe\"><span><span><a href=\"https:\/\/www.lafourneedoree.fr\/fr-CA\/\">La Fourn\u00e9e Dor\u00e9e<\/a><\/span> \u00bb <span class=\"breadcrumb_last\" aria-current=\"page\">Nos recettes<\/span><\/span><\/div><\/div>\n<\/div><\/div>\n\n\n\n<h1 class=\"wp-block-heading has-text-align-center has-nv-text-dark-bg-color has-text-color has-link-color wp-elements-9d8307996b3883c9bb235f254675bc15\">Nos recettes<\/h1>\n<\/div>\n<\/div><\/div>\n\n\n\n<div id=\"wp-block-themeisle-blocks-advanced-columns-15d49a01\" class=\"wp-block-themeisle-blocks-advanced-columns has-3-columns has-desktop-equal-layout has-tablet-equal-layout has-mobile-collapsedRows-layout has-vertical-unset\"><div class=\"wp-block-themeisle-blocks-advanced-columns-overlay\"><\/div><div class=\"innerblocks-wrap\">\n<div id=\"wp-block-themeisle-blocks-advanced-column-e88c0f7f\" class=\"wp-block-themeisle-blocks-advanced-column\"><div  class=\"search-filter-base search-filter-field search-filter-field--id-115 search-filter-field--type-choice search-filter-field--input-type-select search-filter-style--id-1 search-filter-style--choice-select products-filter-lfd\"  data-search-filter-id=\"115\" ><\/div>\n<\/div>\n\n\n\n<div id=\"wp-block-themeisle-blocks-advanced-column-e65d35fb\" class=\"wp-block-themeisle-blocks-advanced-column\"><div  class=\"search-filter-base search-filter-field search-filter-field--id-113 search-filter-field--type-choice search-filter-field--input-type-select search-filter-style--id-1 search-filter-style--choice-select products-filter-lfd\"  data-search-filter-id=\"113\" ><\/div>\n<\/div>\n\n\n\n<div id=\"wp-block-themeisle-blocks-advanced-column-49a7dc9b\" class=\"wp-block-themeisle-blocks-advanced-column\"><div  class=\"search-filter-base search-filter-field search-filter-field--id-114 search-filter-field--type-choice search-filter-field--input-type-select search-filter-style--id-1 search-filter-style--choice-select products-filter-lfd\"  data-search-filter-id=\"114\" ><\/div>\n<\/div>\n<\/div><\/div>\n\n\n\n<div id=\"wp-block-themeisle-blocks-advanced-columns-aee475c8\" class=\"wp-block-themeisle-blocks-advanced-columns has-1-columns has-desktop-equal-layout has-tablet-equal-layout has-mobile-equal-layout has-vertical-unset\"><div class=\"wp-block-themeisle-blocks-advanced-columns-overlay\"><\/div><div class=\"innerblocks-wrap\">\n<div id=\"wp-block-themeisle-blocks-advanced-column-b7946394\" class=\"wp-block-themeisle-blocks-advanced-column\"><div class=\"lfd-recipes-results\" data-atts=\"{&quot;per_page&quot;:9,&quot;columns&quot;:3,&quot;orderby&quot;:&quot;rand(1742395583)&quot;,&quot;order&quot;:&quot;DESC&quot;,&quot;image_size&quot;:&quot;medium_large&quot;,&quot;paginate&quot;:1,&quot;infinite&quot;:1}\"><div class=\"lfd-recipes-grid lfd-recipes-cols-3\"><a class=\"lfd-recipe-card\" href=\"https:\/\/www.lafourneedoree.fr\/fr-CA\/recettes\/burger-fish-chips\/\"><div class=\"lfd-recipe-card-flex\"><div class=\"lfd-recipe-thumb\"><img loading=\"lazy\" decoding=\"async\" width=\"608\" height=\"590\" src=\"https:\/\/www.lafourneedoree.fr\/wp-content\/uploads\/2026\/01\/fish-and-chips-burger.png\" class=\"attachment-medium_large size-medium_large wp-post-image\" alt=\"\" srcset=\"https:\/\/www.lafourneedoree.fr\/wp-content\/uploads\/2026\/01\/fish-and-chips-burger.png 608w, https:\/\/www.lafourneedoree.fr\/wp-content\/uploads\/2026\/01\/fish-and-chips-burger-300x291.png 300w\" sizes=\"auto, (max-width: 608px) 100vw, 608px\" \/><\/div><div class=\"lfd-recipe-card-info\"><div class=\"lfd-recipe-title\">Burger Fish &amp; Chips<\/div><hr class=\"separateur\"><div class=\"lfd-recipe-meta\">\r\t\t\t\t<div class=\"recette_picto\">\r\t\t\t\t\t<span class=\"servings\">\r\t\t\t\t\t\t<div class=\"recette_picto_icon\">\r\t\t\t\t\t\t\t<span class=\"icon-users icon\"><\/span>\r\t\t\t\t\t\t<\/div>\r\t\t\t\t\t\t2 pers.\r\t\t\t\t\t<\/span>\r\t\t\t\t<\/div>\r\t\t\t\t<div class=\"recette_picto\">\r\t\t\t\t\t<div class=\"recette_picto-icon\">\r\t\t\t\t\t\t<span class=\"icon-clock2 icon\"><\/span>\r\t\t\t\t\t<\/div>\r\t\t\t\t\t<span class=\"prep-time\">20 min<\/span>\r\t\t\t\t<\/div>\r\t\t\t\t\t<div class=\"recette_picto\">\r\t\t\t\t\t\t<div class=\"recette_picto-icon\">\r\t\t\t\t\t\t\t<span class=\"icon-chapeau-cuisine icon\"><\/span>\r\t\t\t\t\t\t<\/div>\r\t\t\t\t\t\t<span class=\"prep-time\">Facile<\/span>\r\t\t\t\t\t<\/div><\/div><\/div><\/div><\/a><a class=\"lfd-recipe-card\" href=\"https:\/\/www.lafourneedoree.fr\/fr-CA\/recettes\/burger-de-dinde\/\"><div class=\"lfd-recipe-card-flex\"><div class=\"lfd-recipe-thumb\"><img loading=\"lazy\" decoding=\"async\" width=\"365\" height=\"354\" src=\"https:\/\/www.lafourneedoree.fr\/wp-content\/uploads\/2026\/01\/turkey-burger.png\" class=\"attachment-medium_large size-medium_large wp-post-image\" alt=\"\" srcset=\"https:\/\/www.lafourneedoree.fr\/wp-content\/uploads\/2026\/01\/turkey-burger.png 365w, https:\/\/www.lafourneedoree.fr\/wp-content\/uploads\/2026\/01\/turkey-burger-300x291.png 300w\" sizes=\"auto, (max-width: 365px) 100vw, 365px\" \/><\/div><div class=\"lfd-recipe-card-info\"><div class=\"lfd-recipe-title\">Burger de dinde<\/div><hr class=\"separateur\"><div class=\"lfd-recipe-meta\">\r\t\t\t\t<div class=\"recette_picto\">\r\t\t\t\t\t<span class=\"servings\">\r\t\t\t\t\t\t<div class=\"recette_picto_icon\">\r\t\t\t\t\t\t\t<span class=\"icon-users icon\"><\/span>\r\t\t\t\t\t\t<\/div>\r\t\t\t\t\t\t4 pers.\r\t\t\t\t\t<\/span>\r\t\t\t\t<\/div>\r\t\t\t\t<div class=\"recette_picto\">\r\t\t\t\t\t<div class=\"recette_picto-icon\">\r\t\t\t\t\t\t<span class=\"icon-clock2 icon\"><\/span>\r\t\t\t\t\t<\/div>\r\t\t\t\t\t<span class=\"prep-time\">10 min<\/span>\r\t\t\t\t<\/div>\r\t\t\t\t\t<div class=\"recette_picto\">\r\t\t\t\t\t\t<div class=\"recette_picto-icon\">\r\t\t\t\t\t\t\t<span class=\"icon-chapeau-cuisine icon\"><\/span>\r\t\t\t\t\t\t<\/div>\r\t\t\t\t\t\t<span class=\"prep-time\">Facile<\/span>\r\t\t\t\t\t<\/div><\/div><\/div><\/div><\/a><a class=\"lfd-recipe-card\" href=\"https:\/\/www.lafourneedoree.fr\/fr-CA\/recettes\/brioche-en-tranches-facon-pain-perdu-a-la-confiture-de-poire-vanillee\/\"><div class=\"lfd-recipe-card-flex\"><div class=\"lfd-recipe-thumb\"><img loading=\"lazy\" decoding=\"async\" width=\"608\" height=\"590\" src=\"https:\/\/www.lafourneedoree.fr\/wp-content\/uploads\/2025\/11\/13250-recette_brioche-facon-pain-perdu.jpg\" class=\"attachment-medium_large size-medium_large wp-post-image\" alt=\"\" srcset=\"https:\/\/www.lafourneedoree.fr\/wp-content\/uploads\/2025\/11\/13250-recette_brioche-facon-pain-perdu.jpg 608w, https:\/\/www.lafourneedoree.fr\/wp-content\/uploads\/2025\/11\/13250-recette_brioche-facon-pain-perdu-300x291.jpg 300w\" sizes=\"auto, (max-width: 608px) 100vw, 608px\" \/><\/div><div class=\"lfd-recipe-card-info\"><div class=\"lfd-recipe-title\">Brioche en Tranches fa\u00e7on pain perdu \u00e0 la confiture de poire vanill\u00e9e<\/div><hr class=\"separateur\"><div class=\"lfd-recipe-meta\">\r\t\t\t\t<div class=\"recette_picto\">\r\t\t\t\t\t<span class=\"servings\">\r\t\t\t\t\t\t<div class=\"recette_picto_icon\">\r\t\t\t\t\t\t\t<span class=\"icon-users icon\"><\/span>\r\t\t\t\t\t\t<\/div>\r\t\t\t\t\t\t4 pers.\r\t\t\t\t\t<\/span>\r\t\t\t\t<\/div>\r\t\t\t\t<div class=\"recette_picto\">\r\t\t\t\t\t<div class=\"recette_picto-icon\">\r\t\t\t\t\t\t<span class=\"icon-clock2 icon\"><\/span>\r\t\t\t\t\t<\/div>\r\t\t\t\t\t<span class=\"prep-time\">40 min<\/span>\r\t\t\t\t<\/div>\r\t\t\t\t\t<div class=\"recette_picto\">\r\t\t\t\t\t\t<div class=\"recette_picto-icon\">\r\t\t\t\t\t\t\t<span class=\"icon-chapeau-cuisine icon\"><\/span>\r\t\t\t\t\t\t<\/div>\r\t\t\t\t\t\t<span class=\"prep-time\">Facile<\/span>\r\t\t\t\t\t<\/div><\/div><\/div><\/div><\/a><a class=\"lfd-recipe-card\" href=\"https:\/\/www.lafourneedoree.fr\/fr-CA\/recettes\/hot-dog-a-la-salade-de-choux\/\"><div class=\"lfd-recipe-card-flex\"><div class=\"lfd-recipe-thumb\"><img loading=\"lazy\" decoding=\"async\" width=\"608\" height=\"590\" src=\"https:\/\/www.lafourneedoree.fr\/wp-content\/uploads\/2026\/01\/coleslaw-hot-dog.png\" class=\"attachment-medium_large size-medium_large wp-post-image\" alt=\"\" srcset=\"https:\/\/www.lafourneedoree.fr\/wp-content\/uploads\/2026\/01\/coleslaw-hot-dog.png 608w, https:\/\/www.lafourneedoree.fr\/wp-content\/uploads\/2026\/01\/coleslaw-hot-dog-300x291.png 300w\" sizes=\"auto, (max-width: 608px) 100vw, 608px\" \/><\/div><div class=\"lfd-recipe-card-info\"><div class=\"lfd-recipe-title\">Hot-dog \u00e0 la salade de choux<\/div><hr class=\"separateur\"><div class=\"lfd-recipe-meta\">\r\t\t\t\t<div class=\"recette_picto\">\r\t\t\t\t\t<span class=\"servings\">\r\t\t\t\t\t\t<div class=\"recette_picto_icon\">\r\t\t\t\t\t\t\t<span class=\"icon-users icon\"><\/span>\r\t\t\t\t\t\t<\/div>\r\t\t\t\t\t\t2 pers.\r\t\t\t\t\t<\/span>\r\t\t\t\t<\/div>\r\t\t\t\t<div class=\"recette_picto\">\r\t\t\t\t\t<div class=\"recette_picto-icon\">\r\t\t\t\t\t\t<span class=\"icon-clock2 icon\"><\/span>\r\t\t\t\t\t<\/div>\r\t\t\t\t\t<span class=\"prep-time\">20 min<\/span>\r\t\t\t\t<\/div>\r\t\t\t\t\t<div class=\"recette_picto\">\r\t\t\t\t\t\t<div class=\"recette_picto-icon\">\r\t\t\t\t\t\t\t<span class=\"icon-chapeau-cuisine icon\"><\/span>\r\t\t\t\t\t\t<\/div>\r\t\t\t\t\t\t<span class=\"prep-time\">Facile<\/span>\r\t\t\t\t\t<\/div><\/div><\/div><\/div><\/a><a class=\"lfd-recipe-card\" href=\"https:\/\/www.lafourneedoree.fr\/fr-CA\/recettes\/croissants-burger-feuillete-a-la-morue\/\"><div class=\"lfd-recipe-card-flex\"><div class=\"lfd-recipe-thumb\"><img loading=\"lazy\" decoding=\"async\" width=\"608\" height=\"590\" src=\"https:\/\/www.lafourneedoree.fr\/wp-content\/uploads\/2026\/01\/fish-croissant-burger.png\" class=\"attachment-medium_large size-medium_large wp-post-image\" alt=\"\" srcset=\"https:\/\/www.lafourneedoree.fr\/wp-content\/uploads\/2026\/01\/fish-croissant-burger.png 608w, https:\/\/www.lafourneedoree.fr\/wp-content\/uploads\/2026\/01\/fish-croissant-burger-300x291.png 300w\" sizes=\"auto, (max-width: 608px) 100vw, 608px\" \/><\/div><div class=\"lfd-recipe-card-info\"><div class=\"lfd-recipe-title\">Croissants Burger feuillet\u00e9 \u00e0 la morue<\/div><hr class=\"separateur\"><div class=\"lfd-recipe-meta\">\r\t\t\t\t<div class=\"recette_picto\">\r\t\t\t\t\t<span class=\"servings\">\r\t\t\t\t\t\t<div class=\"recette_picto_icon\">\r\t\t\t\t\t\t\t<span class=\"icon-users icon\"><\/span>\r\t\t\t\t\t\t<\/div>\r\t\t\t\t\t\t2 pers.\r\t\t\t\t\t<\/span>\r\t\t\t\t<\/div>\r\t\t\t\t<div class=\"recette_picto\">\r\t\t\t\t\t<div class=\"recette_picto-icon\">\r\t\t\t\t\t\t<span class=\"icon-clock2 icon\"><\/span>\r\t\t\t\t\t<\/div>\r\t\t\t\t\t<span class=\"prep-time\">29 min<\/span>\r\t\t\t\t<\/div>\r\t\t\t\t\t<div class=\"recette_picto\">\r\t\t\t\t\t\t<div class=\"recette_picto-icon\">\r\t\t\t\t\t\t\t<span class=\"icon-chapeau-cuisine icon\"><\/span>\r\t\t\t\t\t\t<\/div>\r\t\t\t\t\t\t<span class=\"prep-time\">Facile<\/span>\r\t\t\t\t\t<\/div><\/div><\/div><\/div><\/a><a class=\"lfd-recipe-card\" href=\"https:\/\/www.lafourneedoree.fr\/fr-CA\/recettes\/brioche-facon-gaufres-au-chocolat\/\"><div class=\"lfd-recipe-card-flex\"><div class=\"lfd-recipe-thumb\"><img loading=\"lazy\" decoding=\"async\" width=\"768\" height=\"768\" src=\"https:\/\/www.lafourneedoree.fr\/wp-content\/uploads\/2026\/01\/chocolate-waffles-768x768.png\" class=\"attachment-medium_large size-medium_large wp-post-image\" alt=\"\" srcset=\"https:\/\/www.lafourneedoree.fr\/wp-content\/uploads\/2026\/01\/chocolate-waffles-768x768.png 768w, https:\/\/www.lafourneedoree.fr\/wp-content\/uploads\/2026\/01\/chocolate-waffles-300x300.png 300w, https:\/\/www.lafourneedoree.fr\/wp-content\/uploads\/2026\/01\/chocolate-waffles-1024x1024.png 1024w, https:\/\/www.lafourneedoree.fr\/wp-content\/uploads\/2026\/01\/chocolate-waffles-150x150.png 150w, https:\/\/www.lafourneedoree.fr\/wp-content\/uploads\/2026\/01\/chocolate-waffles-650x650.png 650w, https:\/\/www.lafourneedoree.fr\/wp-content\/uploads\/2026\/01\/chocolate-waffles.png 1080w\" sizes=\"auto, (max-width: 768px) 100vw, 768px\" \/><\/div><div class=\"lfd-recipe-card-info\"><div class=\"lfd-recipe-title\">Brioche fa\u00e7on Gaufres au Chocolat<\/div><hr class=\"separateur\"><div class=\"lfd-recipe-meta\">\r\t\t\t\t<div class=\"recette_picto\">\r\t\t\t\t\t<span class=\"servings\">\r\t\t\t\t\t\t<div class=\"recette_picto_icon\">\r\t\t\t\t\t\t\t<span class=\"icon-users icon\"><\/span>\r\t\t\t\t\t\t<\/div>\r\t\t\t\t\t\t2 pers.\r\t\t\t\t\t<\/span>\r\t\t\t\t<\/div>\r\t\t\t\t<div class=\"recette_picto\">\r\t\t\t\t\t<div class=\"recette_picto-icon\">\r\t\t\t\t\t\t<span class=\"icon-clock2 icon\"><\/span>\r\t\t\t\t\t<\/div>\r\t\t\t\t\t<span class=\"prep-time\">7 min<\/span>\r\t\t\t\t<\/div>\r\t\t\t\t\t<div class=\"recette_picto\">\r\t\t\t\t\t\t<div class=\"recette_picto-icon\">\r\t\t\t\t\t\t\t<span class=\"icon-chapeau-cuisine icon\"><\/span>\r\t\t\t\t\t\t<\/div>\r\t\t\t\t\t\t<span class=\"prep-time\">Facile<\/span>\r\t\t\t\t\t<\/div><\/div><\/div><\/div><\/a><a class=\"lfd-recipe-card\" href=\"https:\/\/www.lafourneedoree.fr\/fr-CA\/recettes\/mini-brioches-aux-boulettes-de-viande-a-lail\/\"><div class=\"lfd-recipe-card-flex\"><div class=\"lfd-recipe-thumb\"><img loading=\"lazy\" decoding=\"async\" width=\"768\" height=\"768\" src=\"https:\/\/www.lafourneedoree.fr\/wp-content\/uploads\/2026\/01\/garlic-bread-meatball-rolls-768x768.png\" class=\"attachment-medium_large size-medium_large wp-post-image\" alt=\"\" srcset=\"https:\/\/www.lafourneedoree.fr\/wp-content\/uploads\/2026\/01\/garlic-bread-meatball-rolls-768x768.png 768w, https:\/\/www.lafourneedoree.fr\/wp-content\/uploads\/2026\/01\/garlic-bread-meatball-rolls-300x300.png 300w, https:\/\/www.lafourneedoree.fr\/wp-content\/uploads\/2026\/01\/garlic-bread-meatball-rolls-150x150.png 150w, https:\/\/www.lafourneedoree.fr\/wp-content\/uploads\/2026\/01\/garlic-bread-meatball-rolls-650x650.png 650w, https:\/\/www.lafourneedoree.fr\/wp-content\/uploads\/2026\/01\/garlic-bread-meatball-rolls.png 800w\" sizes=\"auto, (max-width: 768px) 100vw, 768px\" \/><\/div><div class=\"lfd-recipe-card-info\"><div class=\"lfd-recipe-title\">Mini brioches aux boulettes de viande \u00e0 l&#8217;ail<\/div><hr class=\"separateur\"><div class=\"lfd-recipe-meta\">\r\t\t\t\t<div class=\"recette_picto\">\r\t\t\t\t\t<span class=\"servings\">\r\t\t\t\t\t\t<div class=\"recette_picto_icon\">\r\t\t\t\t\t\t\t<span class=\"icon-users icon\"><\/span>\r\t\t\t\t\t\t<\/div>\r\t\t\t\t\t\t12 pers.\r\t\t\t\t\t<\/span>\r\t\t\t\t<\/div>\r\t\t\t\t<div class=\"recette_picto\">\r\t\t\t\t\t<div class=\"recette_picto-icon\">\r\t\t\t\t\t\t<span class=\"icon-clock2 icon\"><\/span>\r\t\t\t\t\t<\/div>\r\t\t\t\t\t<span class=\"prep-time\">55 min<\/span>\r\t\t\t\t<\/div>\r\t\t\t\t\t<div class=\"recette_picto\">\r\t\t\t\t\t\t<div class=\"recette_picto-icon\">\r\t\t\t\t\t\t\t<span class=\"icon-chapeau-cuisine icon\"><\/span>\r\t\t\t\t\t\t<\/div>\r\t\t\t\t\t\t<span class=\"prep-time\">Facile<\/span>\r\t\t\t\t\t<\/div><\/div><\/div><\/div><\/a><a class=\"lfd-recipe-card\" href=\"https:\/\/www.lafourneedoree.fr\/fr-CA\/recettes\/burger-classique\/\"><div class=\"lfd-recipe-card-flex\"><div class=\"lfd-recipe-thumb\"><img loading=\"lazy\" decoding=\"async\" width=\"608\" height=\"590\" src=\"https:\/\/www.lafourneedoree.fr\/wp-content\/uploads\/2026\/01\/13280-recette_classique-brioch-burger.jpg\" class=\"attachment-medium_large size-medium_large wp-post-image\" alt=\"Classique Brioch\u2019Burger\" srcset=\"https:\/\/www.lafourneedoree.fr\/wp-content\/uploads\/2026\/01\/13280-recette_classique-brioch-burger.jpg 608w, https:\/\/www.lafourneedoree.fr\/wp-content\/uploads\/2026\/01\/13280-recette_classique-brioch-burger-300x291.jpg 300w\" sizes=\"auto, (max-width: 608px) 100vw, 608px\" \/><\/div><div class=\"lfd-recipe-card-info\"><div class=\"lfd-recipe-title\">Burger Classique<\/div><hr class=\"separateur\"><div class=\"lfd-recipe-meta\">\r\t\t\t\t<div class=\"recette_picto\">\r\t\t\t\t\t<span class=\"servings\">\r\t\t\t\t\t\t<div class=\"recette_picto_icon\">\r\t\t\t\t\t\t\t<span class=\"icon-users icon\"><\/span>\r\t\t\t\t\t\t<\/div>\r\t\t\t\t\t\t2 pers.\r\t\t\t\t\t<\/span>\r\t\t\t\t<\/div>\r\t\t\t\t<div class=\"recette_picto\">\r\t\t\t\t\t<div class=\"recette_picto-icon\">\r\t\t\t\t\t\t<span class=\"icon-clock2 icon\"><\/span>\r\t\t\t\t\t<\/div>\r\t\t\t\t\t<span class=\"prep-time\">20 min<\/span>\r\t\t\t\t<\/div>\r\t\t\t\t\t<div class=\"recette_picto\">\r\t\t\t\t\t\t<div class=\"recette_picto-icon\">\r\t\t\t\t\t\t\t<span class=\"icon-chapeau-cuisine icon\"><\/span>\r\t\t\t\t\t\t<\/div>\r\t\t\t\t\t\t<span class=\"prep-time\">Facile<\/span>\r\t\t\t\t\t<\/div><\/div><\/div><\/div><\/a><a class=\"lfd-recipe-card\" href=\"https:\/\/www.lafourneedoree.fr\/fr-CA\/recettes\/burger-facon-chivito-1\/\"><div class=\"lfd-recipe-card-flex\"><div class=\"lfd-recipe-thumb\"><img loading=\"lazy\" decoding=\"async\" width=\"365\" height=\"354\" src=\"https:\/\/www.lafourneedoree.fr\/wp-content\/uploads\/2025\/12\/Recette-Burger-facon-Chivito-1.png\" class=\"attachment-medium_large size-medium_large wp-post-image\" alt=\"\" srcset=\"https:\/\/www.lafourneedoree.fr\/wp-content\/uploads\/2025\/12\/Recette-Burger-facon-Chivito-1.png 365w, https:\/\/www.lafourneedoree.fr\/wp-content\/uploads\/2025\/12\/Recette-Burger-facon-Chivito-1-300x291.png 300w\" sizes=\"auto, (max-width: 365px) 100vw, 365px\" \/><\/div><div class=\"lfd-recipe-card-info\"><div class=\"lfd-recipe-title\">Burger fa\u00e7on Chivito<\/div><hr class=\"separateur\"><div class=\"lfd-recipe-meta\">\r\t\t\t\t<div class=\"recette_picto\">\r\t\t\t\t\t<span class=\"servings\">\r\t\t\t\t\t\t<div class=\"recette_picto_icon\">\r\t\t\t\t\t\t\t<span class=\"icon-users icon\"><\/span>\r\t\t\t\t\t\t<\/div>\r\t\t\t\t\t\t4 pers.\r\t\t\t\t\t<\/span>\r\t\t\t\t<\/div>\r\t\t\t\t<div class=\"recette_picto\">\r\t\t\t\t\t<div class=\"recette_picto-icon\">\r\t\t\t\t\t\t<span class=\"icon-clock2 icon\"><\/span>\r\t\t\t\t\t<\/div>\r\t\t\t\t\t<span class=\"prep-time\">20 min<\/span>\r\t\t\t\t<\/div>\r\t\t\t\t\t<div class=\"recette_picto\">\r\t\t\t\t\t\t<div class=\"recette_picto-icon\">\r\t\t\t\t\t\t\t<span class=\"icon-chapeau-cuisine icon\"><\/span>\r\t\t\t\t\t\t<\/div>\r\t\t\t\t\t\t<span class=\"prep-time\">Facile<\/span>\r\t\t\t\t\t<\/div><\/div><\/div><\/div><\/a><\/div><div class=\"lfd-recipes-infinite\">  <div class=\"lfd-recipes-loader\" style=\"display:none;text-align:center;margin:24px 0;\">Chargement\u2026<\/div>  <div class=\"lfd-recipes-sentinel\" style=\"height:1px;\"><\/div><\/div><\/div>\n<\/div>\n<\/div><\/div>\n","protected":false},"excerpt":{"rendered":"<a class=\"news__product-link\" href=\"https:\/\/www.lafourneedoree.fr\/fr-CA\/produit\/4-buns-brioches\/\" target=\"_self\" rel=\"noopener\">CHECK THE PRODUCT<\/a>","protected":false},"author":2,"featured_media":0,"parent":0,"menu_order":0,"comment_status":"closed","ping_status":"closed","template":"","meta":{"_acf_changed":false,"neve_meta_sidebar":"","neve_meta_container":"","neve_meta_enable_content_width":"","neve_meta_content_width":0,"neve_meta_title_alignment":"","neve_meta_author_avatar":"","neve_post_elements_order":"","neve_meta_disable_header":"","neve_meta_disable_footer":"","neve_meta_disable_title":"on","neve_meta_reading_time":"","_themeisle_gutenberg_block_has_review":false,"footnotes":""},"class_list":["post-17533","page","type-page","status-publish","hentry"],"acf":[],"yoast_head":"<!-- This site is optimized with the Yoast SEO plugin v27.3 - https:\/\/yoast.com\/product\/yoast-seo-wordpress\/ -->\n<title>Nos recettes - La Fourn\u00e9e Dor\u00e9e - La saveur retrouv\u00e9e<\/title>\n<meta name=\"robots\" content=\"index, follow, max-snippet:-1, max-image-preview:large, max-video-preview:-1\" \/>\n<link rel=\"canonical\" href=\"https:\/\/www.lafourneedoree.fr\/fr-CA\/nos-recettes\/\" \/>\n<meta property=\"og:locale\" content=\"en_US\" \/>\n<meta property=\"og:type\" content=\"article\" \/>\n<meta property=\"og:title\" content=\"Nos recettes - La Fourn\u00e9e Dor\u00e9e - La saveur retrouv\u00e9e\" \/>\n<meta property=\"og:url\" content=\"https:\/\/www.lafourneedoree.fr\/fr-CA\/nos-recettes\/\" \/>\n<meta property=\"og:site_name\" content=\"La Fourn\u00e9e Dor\u00e9e - La saveur retrouv\u00e9e\" \/>\n<meta property=\"article:modified_time\" content=\"2026-02-23T10:56:44+00:00\" \/>\n<meta name=\"twitter:card\" content=\"summary_large_image\" \/>\n<meta name=\"twitter:label1\" content=\"Est. reading time\" \/>\n\t<meta name=\"twitter:data1\" content=\"1 minute\" \/>\n<script type=\"application\/ld+json\" class=\"yoast-schema-graph\">{\"@context\":\"https:\\\/\\\/schema.org\",\"@graph\":[{\"@type\":\"WebPage\",\"@id\":\"https:\\\/\\\/www.lafourneedoree.fr\\\/fr-CA\\\/nos-recettes\\\/\",\"url\":\"https:\\\/\\\/www.lafourneedoree.fr\\\/fr-CA\\\/nos-recettes\\\/\",\"name\":\"Nos recettes - La Fourn\u00e9e Dor\u00e9e - La saveur retrouv\u00e9e\",\"isPartOf\":{\"@id\":\"https:\\\/\\\/www.lafourneedoree.fr\\\/#website\"},\"datePublished\":\"2025-10-20T10:22:08+00:00\",\"dateModified\":\"2026-02-23T10:56:44+00:00\",\"breadcrumb\":{\"@id\":\"https:\\\/\\\/www.lafourneedoree.fr\\\/fr-CA\\\/nos-recettes\\\/#breadcrumb\"},\"inLanguage\":\"ca-FR\",\"potentialAction\":[{\"@type\":\"ReadAction\",\"target\":[\"https:\\\/\\\/www.lafourneedoree.fr\\\/fr-CA\\\/nos-recettes\\\/\"]}]},{\"@type\":\"BreadcrumbList\",\"@id\":\"https:\\\/\\\/www.lafourneedoree.fr\\\/fr-CA\\\/nos-recettes\\\/#breadcrumb\",\"itemListElement\":[{\"@type\":\"ListItem\",\"position\":1,\"name\":\"La Fourn\u00e9e Dor\u00e9e\",\"item\":\"https:\\\/\\\/www.lafourneedoree.fr\\\/fr-CA\\\/\"},{\"@type\":\"ListItem\",\"position\":2,\"name\":\"Nos recettes\"}]},{\"@type\":\"WebSite\",\"@id\":\"https:\\\/\\\/www.lafourneedoree.fr\\\/#website\",\"url\":\"https:\\\/\\\/www.lafourneedoree.fr\\\/\",\"name\":\"La Fourn\u00e9e Dor\u00e9e - La saveur retrouv\u00e9e\",\"description\":\"\",\"potentialAction\":[{\"@type\":\"SearchAction\",\"target\":{\"@type\":\"EntryPoint\",\"urlTemplate\":\"https:\\\/\\\/www.lafourneedoree.fr\\\/?s={search_term_string}\"},\"query-input\":{\"@type\":\"PropertyValueSpecification\",\"valueRequired\":true,\"valueName\":\"search_term_string\"}}],\"inLanguage\":\"ca-FR\"}]}<\/script>\n<!-- \/ Yoast SEO plugin. -->","yoast_head_json":{"title":"Nos recettes - La Fourn\u00e9e Dor\u00e9e - La saveur retrouv\u00e9e","robots":{"index":"index","follow":"follow","max-snippet":"max-snippet:-1","max-image-preview":"max-image-preview:large","max-video-preview":"max-video-preview:-1"},"canonical":"https:\/\/www.lafourneedoree.fr\/fr-CA\/nos-recettes\/","og_locale":"en_US","og_type":"article","og_title":"Nos recettes - La Fourn\u00e9e Dor\u00e9e - La saveur retrouv\u00e9e","og_url":"https:\/\/www.lafourneedoree.fr\/fr-CA\/nos-recettes\/","og_site_name":"La Fourn\u00e9e Dor\u00e9e - La saveur retrouv\u00e9e","article_modified_time":"2026-02-23T10:56:44+00:00","twitter_card":"summary_large_image","twitter_misc":{"Est. reading time":"1 minute"},"schema":{"@context":"https:\/\/schema.org","@graph":[{"@type":"WebPage","@id":"https:\/\/www.lafourneedoree.fr\/fr-CA\/nos-recettes\/","url":"https:\/\/www.lafourneedoree.fr\/fr-CA\/nos-recettes\/","name":"Nos recettes - La Fourn\u00e9e Dor\u00e9e - La saveur retrouv\u00e9e","isPartOf":{"@id":"https:\/\/www.lafourneedoree.fr\/#website"},"datePublished":"2025-10-20T10:22:08+00:00","dateModified":"2026-02-23T10:56:44+00:00","breadcrumb":{"@id":"https:\/\/www.lafourneedoree.fr\/fr-CA\/nos-recettes\/#breadcrumb"},"inLanguage":"ca-FR","potentialAction":[{"@type":"ReadAction","target":["https:\/\/www.lafourneedoree.fr\/fr-CA\/nos-recettes\/"]}]},{"@type":"BreadcrumbList","@id":"https:\/\/www.lafourneedoree.fr\/fr-CA\/nos-recettes\/#breadcrumb","itemListElement":[{"@type":"ListItem","position":1,"name":"La Fourn\u00e9e Dor\u00e9e","item":"https:\/\/www.lafourneedoree.fr\/fr-CA\/"},{"@type":"ListItem","position":2,"name":"Nos recettes"}]},{"@type":"WebSite","@id":"https:\/\/www.lafourneedoree.fr\/#website","url":"https:\/\/www.lafourneedoree.fr\/","name":"La Fourn\u00e9e Dor\u00e9e - La saveur retrouv\u00e9e","description":"","potentialAction":[{"@type":"SearchAction","target":{"@type":"EntryPoint","urlTemplate":"https:\/\/www.lafourneedoree.fr\/?s={search_term_string}"},"query-input":{"@type":"PropertyValueSpecification","valueRequired":true,"valueName":"search_term_string"}}],"inLanguage":"ca-FR"}]}},"_links":{"self":[{"href":"https:\/\/www.lafourneedoree.fr\/fr-CA\/wp-json\/wp\/v2\/pages\/17533","targetHints":{"allow":["GET"]}}],"collection":[{"href":"https:\/\/www.lafourneedoree.fr\/fr-CA\/wp-json\/wp\/v2\/pages"}],"about":[{"href":"https:\/\/www.lafourneedoree.fr\/fr-CA\/wp-json\/wp\/v2\/types\/page"}],"author":[{"embeddable":true,"href":"https:\/\/www.lafourneedoree.fr\/fr-CA\/wp-json\/wp\/v2\/users\/2"}],"replies":[{"embeddable":true,"href":"https:\/\/www.lafourneedoree.fr\/fr-CA\/wp-json\/wp\/v2\/comments?post=17533"}],"version-history":[{"count":8,"href":"https:\/\/www.lafourneedoree.fr\/fr-CA\/wp-json\/wp\/v2\/pages\/17533\/revisions"}],"predecessor-version":[{"id":20300,"href":"https:\/\/www.lafourneedoree.fr\/fr-CA\/wp-json\/wp\/v2\/pages\/17533\/revisions\/20300"}],"wp:attachment":[{"href":"https:\/\/www.lafourneedoree.fr\/fr-CA\/wp-json\/wp\/v2\/media?parent=17533"}],"curies":[{"name":"wp","href":"https:\/\/api.w.org\/{rel}","templated":true}]}}