{"id":17535,"date":"2025-10-16T12:02:40","date_gmt":"2025-10-16T10:02:40","guid":{"rendered":"http:\/\/preprod.lafourneedoree.fr\/il-etait-une-fois\/"},"modified":"2026-02-27T10:29:53","modified_gmt":"2026-02-27T09:29:53","slug":"il-etait-une-fois","status":"publish","type":"page","link":"https:\/\/www.lafourneedoree.fr\/fr-CA\/il-etait-une-fois\/","title":{"rendered":"Il \u00e9tait une fois \u2026"},"content":{"rendered":"\n<div id=\"wp-block-themeisle-blocks-advanced-columns-2c099ba2\" class=\"wp-block-themeisle-blocks-advanced-columns alignfull has-1-columns has-desktop-equal-layout has-tablet-equal-layout has-mobile-equal-layout has-vertical-unset dentele\"><div class=\"wp-block-themeisle-blocks-advanced-columns-overlay\"><\/div><div class=\"innerblocks-wrap\">\n<div id=\"wp-block-themeisle-blocks-advanced-column-cbab418a\" class=\"wp-block-themeisle-blocks-advanced-column\">\n<div id=\"wp-block-themeisle-blocks-advanced-columns-e44f5343\" class=\"wp-block-themeisle-blocks-advanced-columns has-1-columns has-desktop-equal-layout has-tablet-equal-layout has-mobile-equal-layout has-vertical-unset\"><div class=\"wp-block-themeisle-blocks-advanced-columns-overlay\"><\/div><div class=\"innerblocks-wrap\">\n<div id=\"wp-block-themeisle-blocks-advanced-column-689a75a8\" class=\"wp-block-themeisle-blocks-advanced-column\"><div class=\"yoast-breadcrumbs ticss-60825abe\"><span><span><a href=\"https:\/\/www.lafourneedoree.fr\/fr-CA\/\">La Fourn\u00e9e Dor\u00e9e<\/a><\/span> \u00bb <span class=\"breadcrumb_last\" aria-current=\"page\">Il \u00e9tait une fois \u2026<\/span><\/span><\/div><\/div>\n<\/div><\/div>\n\n\n\n<h1 class=\"wp-block-heading has-text-align-center has-nv-text-dark-bg-color has-text-color has-link-color wp-elements-9b52bbc9ee1ee8a8e10ca2a24aaa6795\">Il \u00e9tait une fois \u2026<\/h1>\n<\/div>\n<\/div><\/div>\n\n\n\n<div id=\"wp-block-themeisle-blocks-advanced-columns-b443069e\" class=\"wp-block-themeisle-blocks-advanced-columns alignfull has-1-columns has-desktop-equal-layout has-tablet-equal-layout has-mobile-equal-layout has-vertical-unset ticss-b443069e\"><div class=\"wp-block-themeisle-blocks-advanced-columns-overlay\"><\/div><div class=\"innerblocks-wrap\">\n<div id=\"wp-block-themeisle-blocks-advanced-column-91a53210\" class=\"wp-block-themeisle-blocks-advanced-column\"><div class=\"wp-block-image\">\n<figure class=\"aligncenter size-full\"><img loading=\"lazy\" decoding=\"async\" width=\"983\" height=\"599\" src=\"https:\/\/www.lafourneedoree.fr\/wp-content\/uploads\/2026\/01\/Canada-our-story-4-983x599-1.png\" alt=\"\" class=\"wp-image-18091\" srcset=\"https:\/\/www.lafourneedoree.fr\/wp-content\/uploads\/2026\/01\/Canada-our-story-4-983x599-1.png 983w, https:\/\/www.lafourneedoree.fr\/wp-content\/uploads\/2026\/01\/Canada-our-story-4-983x599-1-300x183.png 300w, https:\/\/www.lafourneedoree.fr\/wp-content\/uploads\/2026\/01\/Canada-our-story-4-983x599-1-768x468.png 768w\" sizes=\"auto, (max-width: 983px) 100vw, 983px\" \/><\/figure>\n<\/div><\/div>\n<\/div><\/div>\n\n\n\n<div id=\"wp-block-themeisle-blocks-advanced-columns-c5f6acb0\" class=\"wp-block-themeisle-blocks-advanced-columns alignfull has-1-columns has-desktop-equal-layout has-tablet-equal-layout has-mobile-equal-layout has-vertical-unset\"><div class=\"wp-block-themeisle-blocks-advanced-columns-overlay\"><\/div><div class=\"innerblocks-wrap\">\n<div id=\"wp-block-themeisle-blocks-advanced-column-d671c106\" class=\"wp-block-themeisle-blocks-advanced-column\">\n<h2 id=\"wp-block-themeisle-blocks-advanced-heading-1b1c5621\" class=\"wp-block-themeisle-blocks-advanced-heading wp-block-themeisle-blocks-advanced-heading-1b1c5621 bobby\">On vous ouvre notre album<\/h2>\n\n\n<iframe loading=\"lazy\" src=\"https:\/\/player.flipsnack.com?hash=QUNCNTVBOTlFOEMrdTgydTBzbHBtYQ==\" width=\"100%\" height=\"480\" frameborder=\"0\" scrolling=\"no\"><\/iframe>\n<\/div>\n<\/div><\/div>\n\n\n\n<div id=\"wp-block-themeisle-blocks-advanced-columns-17e0ee01\" class=\"wp-block-themeisle-blocks-advanced-columns alignfull has-2-columns has-desktop-equal-layout has-tablet-equal-layout has-mobile-collapsedRows-layout has-vertical-unset ticss-17e0ee01\"><div class=\"wp-block-themeisle-blocks-advanced-columns-overlay\"><\/div><div class=\"innerblocks-wrap\">\n<div id=\"wp-block-themeisle-blocks-advanced-column-2e906490\" class=\"wp-block-themeisle-blocks-advanced-column\">\n<figure class=\"wp-block-image size-full is-resized\"><img loading=\"lazy\" decoding=\"async\" width=\"568\" height=\"724\" src=\"https:\/\/www.lafourneedoree.fr\/wp-content\/uploads\/2026\/01\/Canada-our-story-1.png\" alt=\"\" class=\"wp-image-18097\" style=\"width:400px\" srcset=\"https:\/\/www.lafourneedoree.fr\/wp-content\/uploads\/2026\/01\/Canada-our-story-1.png 568w, https:\/\/www.lafourneedoree.fr\/wp-content\/uploads\/2026\/01\/Canada-our-story-1-235x300.png 235w\" sizes=\"auto, (max-width: 568px) 100vw, 568px\" \/><\/figure>\n<\/div>\n\n\n\n<div id=\"wp-block-themeisle-blocks-advanced-column-199143bf\" class=\"wp-block-themeisle-blocks-advanced-column\">\n<span id=\"wp-block-themeisle-blocks-advanced-heading-8332e6e8\" class=\"wp-block-themeisle-blocks-advanced-heading wp-block-themeisle-blocks-advanced-heading-8332e6e8 bobby\"><mark class=\"has-inline-color has-neve-link-hover-color-color\"><br>ENTRE GOURMANDS ,<\/mark><br><mark class=\"has-inline-color has-custom-2-color\">ON SE COMPR<\/mark>end !<\/span>\n\n\n\n<p id=\"wp-block-themeisle-blocks-advanced-heading-c7fe0385\" class=\"wp-block-themeisle-blocks-advanced-heading wp-block-themeisle-blocks-advanced-heading-c7fe0385\"><strong>Qu\u2019on soit de type sucr\u00e9 ou sal\u00e9, lorsqu\u2019il s\u2019agit de qualit\u00e9, finies les chicanes de clochers : on veut tous le meilleur pour nous et nos enfants!<\/strong><\/p>\n<\/div>\n<\/div><\/div>\n\n\n\n<div id=\"wp-block-themeisle-blocks-advanced-columns-c96f1dff\" class=\"wp-block-themeisle-blocks-advanced-columns alignfull has-1-columns has-desktop-equal-layout has-tablet-equal-layout has-mobile-equal-layout has-vertical-unset ticss-1ec2d4da\"><div class=\"wp-block-themeisle-blocks-advanced-columns-overlay\"><\/div><div class=\"innerblocks-wrap\">\n<div id=\"wp-block-themeisle-blocks-advanced-column-d5d417f0\" class=\"wp-block-themeisle-blocks-advanced-column\">\n<h2 class=\"wp-block-heading has-text-align-center bobby has-custom-3-color has-text-color has-link-color wp-elements-4f1ca18dab16ad5c517fa96c1b52d836\" id=\"bobby\">Le meilleur, justement,<\/h2>\n\n\n\n<span id=\"wp-block-themeisle-blocks-advanced-heading-4dab36b3\" class=\"wp-block-themeisle-blocks-advanced-heading wp-block-themeisle-blocks-advanced-heading-4dab36b3 bobby\">C\u2019EST CE QUE NOUS D\u00c9FENDONS AU CANADA COMME EN FRANCE! <\/span>\n\n\n\n<p class=\"has-text-align-center has-custom-2-color has-text-color has-link-color wp-elements-be623a417396d6509e4878f5ab36c807\">Des deux c\u00f4t\u00e9s de l\u2019Atlantique, la qualit\u00e9 et la gourmandise sont au c\u0153ur de notre engagement.<br>L\u2019int\u00e9gration de la Boulangerie Lanthier va en ce sens : perp\u00e9tuer un savoir-faire unique, alliant tradition<br>artisanale et innovation. Brioche ou Chinois , nous restons fid\u00e8les aux recettes authentiques<br>qui font notre r\u00e9putation, tout en les adaptant aux go\u00fbts et aux attentes des Canadiennes et Canadiens.<br>Parce que nous croyons que les meilleurs moments se partagent autour d\u2019ingr\u00e9dients nobles et naturels,<br>nous veillons chaque jour \u00e0 faire de notre tradition boulang\u00e8re et p\u00e2tissi\u00e8re un art,<br>pour vous offrir le meilleur de la gourmandise!<\/p>\n<\/div>\n<\/div><\/div>\n\n\n\n<div id=\"wp-block-themeisle-blocks-advanced-columns-b8fda84f\" class=\"wp-block-themeisle-blocks-advanced-columns alignfull has-2-columns has-desktop-equal-layout has-tablet-equal-layout has-mobile-collapsedRows-layout has-vertical-unset ticss-b8fda84f\"><div class=\"wp-block-themeisle-blocks-advanced-columns-overlay\"><\/div><div class=\"innerblocks-wrap\">\n<div id=\"wp-block-themeisle-blocks-advanced-column-6361e474\" class=\"wp-block-themeisle-blocks-advanced-column\"><div class=\"wp-block-image\">\n<figure class=\"aligncenter size-full\"><img loading=\"lazy\" decoding=\"async\" width=\"711\" height=\"606\" src=\"https:\/\/www.lafourneedoree.fr\/wp-content\/uploads\/2026\/01\/Canada-our-story-3.png\" alt=\"\" class=\"wp-image-18105\" srcset=\"https:\/\/www.lafourneedoree.fr\/wp-content\/uploads\/2026\/01\/Canada-our-story-3.png 711w, https:\/\/www.lafourneedoree.fr\/wp-content\/uploads\/2026\/01\/Canada-our-story-3-300x256.png 300w\" sizes=\"auto, (max-width: 711px) 100vw, 711px\" \/><\/figure>\n<\/div><\/div>\n\n\n\n<div id=\"wp-block-themeisle-blocks-advanced-column-3cea3056\" class=\"wp-block-themeisle-blocks-advanced-column\">\n<h2 class=\"wp-block-heading has-text-align-left bobby has-custom-3-color has-text-color has-link-color wp-elements-0564e01367875e12684d69203e361b68\" id=\"bobby\">Notre foyer, c\u2019est notre fournil.<\/h2>\n\n\n\n<span id=\"wp-block-themeisle-blocks-advanced-heading-f1503d0c\" class=\"wp-block-themeisle-blocks-advanced-heading wp-block-themeisle-blocks-advanced-heading-f1503d0c bobby\">Notre secret, c\u2019est la transmission.<br>Notre expertise, c\u2019est l\u2019authenticit\u00e9.<br>Et notre d\u00e9sir : c\u2019est de vous faire plaisir !<\/span>\n\n\n\n<p class=\"has-text-align-left has-custom-2-color has-text-color has-link-color wp-elements-89f7597d2a76d3cf15187ee4b06c23a8\">Dans nos diff\u00e9rents ateliers au Canada et en France, nous cultivons notre savoir-faire,<br>nous am\u00e9liorons sans cesse nos recettes et nous restons curieux et ouverts aux nouveaut\u00e9s\u2026<br>Et puis surtout, nous nous remontons les manches, mettons les mains \u00e0 la p\u00e2te, et prenons de vrais engagements <strong>pour vous faire retrouver, le temps d\u2019une bouch\u00e9e, vos souvenirs d\u2019enfance.<\/strong><\/p>\n\n\n\n<p class=\"has-text-align-left has-custom-2-color has-text-color has-link-color wp-elements-86c5c6dd4d2198880a26a3c0e11a6058\"><br><\/p>\n<\/div>\n<\/div><\/div>\n\n\n\n<div id=\"wp-block-themeisle-blocks-advanced-columns-696ab84e\" class=\"wp-block-themeisle-blocks-advanced-columns alignfull has-3-columns has-desktop-equal-layout has-tablet-equal-layout has-mobile-collapsedRows-layout has-vertical-unset ticss-404dba7c\"><div class=\"wp-block-themeisle-blocks-advanced-columns-overlay\"><\/div><div class=\"innerblocks-wrap\">\n<div id=\"wp-block-themeisle-blocks-advanced-column-b14c2fa3\" class=\"wp-block-themeisle-blocks-advanced-column\">\n<div class=\"wp-block-group has-nv-c-1-background-color has-background is-vertical is-content-justification-center is-layout-flex wp-container-core-group-is-layout-ec4083d0 wp-block-group-is-layout-flex\" style=\"border-radius:20px;padding-top:var(--wp--preset--spacing--60);padding-right:var(--wp--preset--spacing--70);padding-bottom:var(--wp--preset--spacing--60);padding-left:var(--wp--preset--spacing--70)\"><div class=\"wp-block-image\">\n<figure class=\"aligncenter size-full\"><img loading=\"lazy\" decoding=\"async\" width=\"120\" height=\"121\" src=\"https:\/\/www.lafourneedoree.fr\/wp-content\/uploads\/2025\/10\/Groupe-43.png\" alt=\"\" class=\"wp-image-17829\" \/><\/figure>\n<\/div>\n\n\n<div style=\"height:100px\" aria-hidden=\"true\" class=\"wp-block-spacer wp-container-content-16d1eb73\"><\/div>\n\n\n\n<span id=\"wp-block-themeisle-blocks-advanced-heading-9f898970\" class=\"wp-block-themeisle-blocks-advanced-heading wp-block-themeisle-blocks-advanced-heading-9f898970\"><strong>Qualit\u00e9 et tra\u00e7abilit\u00e9<\/strong><\/span>\n\n\n\n<h3 id=\"wp-block-themeisle-blocks-advanced-heading-40e5744f\" class=\"wp-block-themeisle-blocks-advanced-heading wp-block-themeisle-blocks-advanced-heading-40e5744f\">Rechercher l\u2019authenticit\u00e9<\/h3>\n\n\n\n<p class=\"has-text-align-center has-custom-1-color has-text-color has-link-color wp-elements-963326b59d2f745303f8b36ad2ee4403\" style=\"padding-top:5px;font-size:17px\">Quoi de mieux que de s\u00e9rieux engagements qualit\u00e9 pour garder nos produits s\u00e9rieusement d\u00e9licieux ?<\/p>\n<\/div>\n<\/div>\n\n\n\n<div id=\"wp-block-themeisle-blocks-advanced-column-345a84a5\" class=\"wp-block-themeisle-blocks-advanced-column\">\n<div class=\"wp-block-group has-custom-4-background-color has-background is-vertical is-content-justification-center is-layout-flex wp-container-core-group-is-layout-ec4083d0 wp-block-group-is-layout-flex\" style=\"border-radius:20px;padding-top:var(--wp--preset--spacing--60);padding-right:var(--wp--preset--spacing--70);padding-bottom:var(--wp--preset--spacing--60);padding-left:var(--wp--preset--spacing--70)\"><div class=\"wp-block-image\">\n<figure class=\"aligncenter size-full\"><img loading=\"lazy\" decoding=\"async\" width=\"120\" height=\"121\" src=\"https:\/\/www.lafourneedoree.fr\/wp-content\/uploads\/2025\/10\/Groupe-44.png\" alt=\"\" class=\"wp-image-17828\" \/><\/figure>\n<\/div>\n\n\n<div style=\"height:0px\" aria-hidden=\"true\" class=\"wp-block-spacer wp-container-content-16d1eb73\"><\/div>\n\n\n\n<span id=\"wp-block-themeisle-blocks-advanced-heading-7f3d7986\" class=\"wp-block-themeisle-blocks-advanced-heading wp-block-themeisle-blocks-advanced-heading-7f3d7986\"><strong>D\u00c9VELOPPEMENT DURABLE<\/strong><\/span>\n\n\n\n<h3 id=\"wp-block-themeisle-blocks-advanced-heading-45ca99b5\" class=\"wp-block-themeisle-blocks-advanced-heading wp-block-themeisle-blocks-advanced-heading-45ca99b5\">Pr\u00e9server demain<\/h3>\n\n\n\n<p class=\"has-text-align-center has-custom-1-color has-text-color has-link-color wp-elements-8066e96f48c369c91e48e9ce3f6b35b9\" style=\"padding-top:5px;font-size:17px\">Parce qu\u2019on veut tous vivre sur une belle plan\u00e8te, qui dure longtemps, nous d\u00e9fendons le d\u00e9veloppement durable par des actions concr\u00e8tes.<\/p>\n<\/div>\n<\/div>\n\n\n\n<div id=\"wp-block-themeisle-blocks-advanced-column-b7a1843e\" class=\"wp-block-themeisle-blocks-advanced-column\">\n<div class=\"wp-block-group has-custom-3-background-color has-background is-vertical is-content-justification-center is-layout-flex wp-container-core-group-is-layout-ec4083d0 wp-block-group-is-layout-flex\" style=\"border-radius:20px;padding-top:var(--wp--preset--spacing--60);padding-right:var(--wp--preset--spacing--70);padding-bottom:var(--wp--preset--spacing--60);padding-left:var(--wp--preset--spacing--70)\"><div class=\"wp-block-image\">\n<figure class=\"aligncenter size-full\"><img loading=\"lazy\" decoding=\"async\" width=\"120\" height=\"121\" src=\"https:\/\/www.lafourneedoree.fr\/wp-content\/uploads\/2025\/10\/Groupe-45.png\" alt=\"\" class=\"wp-image-17827\" \/><\/figure>\n<\/div>\n\n\n<div style=\"height:0px\" aria-hidden=\"true\" class=\"wp-block-spacer wp-container-content-16d1eb73\"><\/div>\n\n\n\n<span id=\"wp-block-themeisle-blocks-advanced-heading-4ca3b9b6\" class=\"wp-block-themeisle-blocks-advanced-heading wp-block-themeisle-blocks-advanced-heading-4ca3b9b6\"><strong>DIMENSION HUMAINE<\/strong><\/span>\n\n\n\n<h3 id=\"wp-block-themeisle-blocks-advanced-heading-a6c2c29e\" class=\"wp-block-themeisle-blocks-advanced-heading wp-block-themeisle-blocks-advanced-heading-a6c2c29e\">Avoir du c\u0153ur<\/h3>\n\n\n\n<p class=\"has-text-align-center has-custom-1-color has-text-color has-link-color wp-elements-b5bfa09926fc7556e70ab34d51b7135a\" style=\"padding-top:5px;font-size:18px\">R\u00eaver d\u2019une entreprise respectueuse et g\u00e9n\u00e9reuse, c\u2019est bien. Tout faire pour que chacun puisse s\u2019\u00e9panouir dans son travail c\u2019est mieux ! <\/p>\n<\/div>\n<\/div>\n<\/div><\/div>\n","protected":false},"excerpt":{"rendered":"","protected":false},"author":2,"featured_media":0,"parent":0,"menu_order":0,"comment_status":"closed","ping_status":"closed","template":"","meta":{"_acf_changed":false,"neve_meta_sidebar":"","neve_meta_container":"","neve_meta_enable_content_width":"","neve_meta_content_width":0,"neve_meta_title_alignment":"","neve_meta_author_avatar":"","neve_post_elements_order":"","neve_meta_disable_header":"","neve_meta_disable_footer":"","neve_meta_disable_title":"on","neve_meta_reading_time":"","_themeisle_gutenberg_block_has_review":false,"footnotes":""},"class_list":["post-17535","page","type-page","status-publish","hentry"],"acf":[],"yoast_head":"<!-- This site is optimized with the Yoast SEO plugin v27.3 - https:\/\/yoast.com\/product\/yoast-seo-wordpress\/ -->\n<title>Il \u00e9tait une fois \u2026 - La Fourn\u00e9e Dor\u00e9e - La saveur retrouv\u00e9e<\/title>\n<meta name=\"robots\" content=\"index, follow, max-snippet:-1, max-image-preview:large, max-video-preview:-1\" \/>\n<link rel=\"canonical\" href=\"https:\/\/www.lafourneedoree.fr\/fr-CA\/il-etait-une-fois\/\" \/>\n<meta property=\"og:locale\" content=\"en_US\" \/>\n<meta property=\"og:type\" content=\"article\" \/>\n<meta property=\"og:title\" content=\"Il \u00e9tait une fois \u2026 - La Fourn\u00e9e Dor\u00e9e - La saveur retrouv\u00e9e\" \/>\n<meta property=\"og:url\" content=\"https:\/\/www.lafourneedoree.fr\/fr-CA\/il-etait-une-fois\/\" \/>\n<meta property=\"og:site_name\" content=\"La Fourn\u00e9e Dor\u00e9e - La saveur retrouv\u00e9e\" \/>\n<meta property=\"article:modified_time\" content=\"2026-02-27T09:29:53+00:00\" \/>\n<meta property=\"og:image\" content=\"https:\/\/www.lafourneedoree.fr\/wp-content\/uploads\/2026\/01\/Canada-our-story-4-983x599-1.png\" \/>\n\t<meta property=\"og:image:width\" content=\"983\" \/>\n\t<meta property=\"og:image:height\" content=\"599\" \/>\n\t<meta property=\"og:image:type\" content=\"image\/png\" \/>\n<meta name=\"twitter:card\" content=\"summary_large_image\" \/>\n<meta name=\"twitter:label1\" content=\"Est. reading time\" \/>\n\t<meta name=\"twitter:data1\" content=\"3 minutes\" \/>\n<script type=\"application\/ld+json\" class=\"yoast-schema-graph\">{\"@context\":\"https:\\\/\\\/schema.org\",\"@graph\":[{\"@type\":\"WebPage\",\"@id\":\"https:\\\/\\\/www.lafourneedoree.fr\\\/fr-CA\\\/il-etait-une-fois\\\/\",\"url\":\"https:\\\/\\\/www.lafourneedoree.fr\\\/fr-CA\\\/il-etait-une-fois\\\/\",\"name\":\"Il \u00e9tait une fois \u2026 - La Fourn\u00e9e Dor\u00e9e - La saveur retrouv\u00e9e\",\"isPartOf\":{\"@id\":\"https:\\\/\\\/www.lafourneedoree.fr\\\/#website\"},\"primaryImageOfPage\":{\"@id\":\"https:\\\/\\\/www.lafourneedoree.fr\\\/fr-CA\\\/il-etait-une-fois\\\/#primaryimage\"},\"image\":{\"@id\":\"https:\\\/\\\/www.lafourneedoree.fr\\\/fr-CA\\\/il-etait-une-fois\\\/#primaryimage\"},\"thumbnailUrl\":\"https:\\\/\\\/www.lafourneedoree.fr\\\/wp-content\\\/uploads\\\/2026\\\/01\\\/Canada-our-story-4-983x599-1.png\",\"datePublished\":\"2025-10-16T10:02:40+00:00\",\"dateModified\":\"2026-02-27T09:29:53+00:00\",\"breadcrumb\":{\"@id\":\"https:\\\/\\\/www.lafourneedoree.fr\\\/fr-CA\\\/il-etait-une-fois\\\/#breadcrumb\"},\"inLanguage\":\"ca-FR\",\"potentialAction\":[{\"@type\":\"ReadAction\",\"target\":[\"https:\\\/\\\/www.lafourneedoree.fr\\\/fr-CA\\\/il-etait-une-fois\\\/\"]}]},{\"@type\":\"ImageObject\",\"inLanguage\":\"ca-FR\",\"@id\":\"https:\\\/\\\/www.lafourneedoree.fr\\\/fr-CA\\\/il-etait-une-fois\\\/#primaryimage\",\"url\":\"https:\\\/\\\/www.lafourneedoree.fr\\\/wp-content\\\/uploads\\\/2026\\\/01\\\/Canada-our-story-4-983x599-1.png\",\"contentUrl\":\"https:\\\/\\\/www.lafourneedoree.fr\\\/wp-content\\\/uploads\\\/2026\\\/01\\\/Canada-our-story-4-983x599-1.png\"},{\"@type\":\"BreadcrumbList\",\"@id\":\"https:\\\/\\\/www.lafourneedoree.fr\\\/fr-CA\\\/il-etait-une-fois\\\/#breadcrumb\",\"itemListElement\":[{\"@type\":\"ListItem\",\"position\":1,\"name\":\"La Fourn\u00e9e Dor\u00e9e\",\"item\":\"https:\\\/\\\/www.lafourneedoree.fr\\\/fr-CA\\\/\"},{\"@type\":\"ListItem\",\"position\":2,\"name\":\"Il \u00e9tait une fois \u2026\"}]},{\"@type\":\"WebSite\",\"@id\":\"https:\\\/\\\/www.lafourneedoree.fr\\\/#website\",\"url\":\"https:\\\/\\\/www.lafourneedoree.fr\\\/\",\"name\":\"La Fourn\u00e9e Dor\u00e9e - La saveur retrouv\u00e9e\",\"description\":\"\",\"potentialAction\":[{\"@type\":\"SearchAction\",\"target\":{\"@type\":\"EntryPoint\",\"urlTemplate\":\"https:\\\/\\\/www.lafourneedoree.fr\\\/?s={search_term_string}\"},\"query-input\":{\"@type\":\"PropertyValueSpecification\",\"valueRequired\":true,\"valueName\":\"search_term_string\"}}],\"inLanguage\":\"ca-FR\"}]}<\/script>\n<!-- \/ Yoast SEO plugin. -->","yoast_head_json":{"title":"Il \u00e9tait une fois \u2026 - La Fourn\u00e9e Dor\u00e9e - La saveur retrouv\u00e9e","robots":{"index":"index","follow":"follow","max-snippet":"max-snippet:-1","max-image-preview":"max-image-preview:large","max-video-preview":"max-video-preview:-1"},"canonical":"https:\/\/www.lafourneedoree.fr\/fr-CA\/il-etait-une-fois\/","og_locale":"en_US","og_type":"article","og_title":"Il \u00e9tait une fois \u2026 - La Fourn\u00e9e Dor\u00e9e - La saveur retrouv\u00e9e","og_url":"https:\/\/www.lafourneedoree.fr\/fr-CA\/il-etait-une-fois\/","og_site_name":"La Fourn\u00e9e Dor\u00e9e - La saveur retrouv\u00e9e","article_modified_time":"2026-02-27T09:29:53+00:00","og_image":[{"width":983,"height":599,"url":"https:\/\/www.lafourneedoree.fr\/wp-content\/uploads\/2026\/01\/Canada-our-story-4-983x599-1.png","type":"image\/png"}],"twitter_card":"summary_large_image","twitter_misc":{"Est. reading time":"3 minutes"},"schema":{"@context":"https:\/\/schema.org","@graph":[{"@type":"WebPage","@id":"https:\/\/www.lafourneedoree.fr\/fr-CA\/il-etait-une-fois\/","url":"https:\/\/www.lafourneedoree.fr\/fr-CA\/il-etait-une-fois\/","name":"Il \u00e9tait une fois \u2026 - La Fourn\u00e9e Dor\u00e9e - La saveur retrouv\u00e9e","isPartOf":{"@id":"https:\/\/www.lafourneedoree.fr\/#website"},"primaryImageOfPage":{"@id":"https:\/\/www.lafourneedoree.fr\/fr-CA\/il-etait-une-fois\/#primaryimage"},"image":{"@id":"https:\/\/www.lafourneedoree.fr\/fr-CA\/il-etait-une-fois\/#primaryimage"},"thumbnailUrl":"https:\/\/www.lafourneedoree.fr\/wp-content\/uploads\/2026\/01\/Canada-our-story-4-983x599-1.png","datePublished":"2025-10-16T10:02:40+00:00","dateModified":"2026-02-27T09:29:53+00:00","breadcrumb":{"@id":"https:\/\/www.lafourneedoree.fr\/fr-CA\/il-etait-une-fois\/#breadcrumb"},"inLanguage":"ca-FR","potentialAction":[{"@type":"ReadAction","target":["https:\/\/www.lafourneedoree.fr\/fr-CA\/il-etait-une-fois\/"]}]},{"@type":"ImageObject","inLanguage":"ca-FR","@id":"https:\/\/www.lafourneedoree.fr\/fr-CA\/il-etait-une-fois\/#primaryimage","url":"https:\/\/www.lafourneedoree.fr\/wp-content\/uploads\/2026\/01\/Canada-our-story-4-983x599-1.png","contentUrl":"https:\/\/www.lafourneedoree.fr\/wp-content\/uploads\/2026\/01\/Canada-our-story-4-983x599-1.png"},{"@type":"BreadcrumbList","@id":"https:\/\/www.lafourneedoree.fr\/fr-CA\/il-etait-une-fois\/#breadcrumb","itemListElement":[{"@type":"ListItem","position":1,"name":"La Fourn\u00e9e Dor\u00e9e","item":"https:\/\/www.lafourneedoree.fr\/fr-CA\/"},{"@type":"ListItem","position":2,"name":"Il \u00e9tait une fois \u2026"}]},{"@type":"WebSite","@id":"https:\/\/www.lafourneedoree.fr\/#website","url":"https:\/\/www.lafourneedoree.fr\/","name":"La Fourn\u00e9e Dor\u00e9e - La saveur retrouv\u00e9e","description":"","potentialAction":[{"@type":"SearchAction","target":{"@type":"EntryPoint","urlTemplate":"https:\/\/www.lafourneedoree.fr\/?s={search_term_string}"},"query-input":{"@type":"PropertyValueSpecification","valueRequired":true,"valueName":"search_term_string"}}],"inLanguage":"ca-FR"}]}},"_links":{"self":[{"href":"https:\/\/www.lafourneedoree.fr\/fr-CA\/wp-json\/wp\/v2\/pages\/17535","targetHints":{"allow":["GET"]}}],"collection":[{"href":"https:\/\/www.lafourneedoree.fr\/fr-CA\/wp-json\/wp\/v2\/pages"}],"about":[{"href":"https:\/\/www.lafourneedoree.fr\/fr-CA\/wp-json\/wp\/v2\/types\/page"}],"author":[{"embeddable":true,"href":"https:\/\/www.lafourneedoree.fr\/fr-CA\/wp-json\/wp\/v2\/users\/2"}],"replies":[{"embeddable":true,"href":"https:\/\/www.lafourneedoree.fr\/fr-CA\/wp-json\/wp\/v2\/comments?post=17535"}],"version-history":[{"count":13,"href":"https:\/\/www.lafourneedoree.fr\/fr-CA\/wp-json\/wp\/v2\/pages\/17535\/revisions"}],"predecessor-version":[{"id":20413,"href":"https:\/\/www.lafourneedoree.fr\/fr-CA\/wp-json\/wp\/v2\/pages\/17535\/revisions\/20413"}],"wp:attachment":[{"href":"https:\/\/www.lafourneedoree.fr\/fr-CA\/wp-json\/wp\/v2\/media?parent=17535"}],"curies":[{"name":"wp","href":"https:\/\/api.w.org\/{rel}","templated":true}]}}