{"id":20625,"date":"2026-03-12T20:45:53","date_gmt":"2026-03-12T19:45:53","guid":{"rendered":"https:\/\/www.lafourneedoree.fr\/?page_id=20625"},"modified":"2026-05-05T22:05:17","modified_gmt":"2026-05-05T20:05:17","slug":"la-vraie-brioche","status":"publish","type":"page","link":"https:\/\/www.lafourneedoree.fr\/fr-CA\/la-vraie-brioche\/","title":{"rendered":"La Vraie Brioche"},"content":{"rendered":"\n<div id=\"wp-block-themeisle-blocks-advanced-columns-2c099ba2\" class=\"wp-block-themeisle-blocks-advanced-columns alignfull has-1-columns has-desktop-equal-layout has-tablet-equal-layout has-mobile-equal-layout has-vertical-unset dentele\"><div class=\"wp-block-themeisle-blocks-advanced-columns-overlay\"><\/div><div class=\"innerblocks-wrap\">\n<div id=\"wp-block-themeisle-blocks-advanced-column-cbab418a\" class=\"wp-block-themeisle-blocks-advanced-column\">\n<div id=\"wp-block-themeisle-blocks-advanced-columns-e44f5343\" class=\"wp-block-themeisle-blocks-advanced-columns has-1-columns has-desktop-equal-layout has-tablet-equal-layout has-mobile-equal-layout has-vertical-unset\"><div class=\"wp-block-themeisle-blocks-advanced-columns-overlay\"><\/div><div class=\"innerblocks-wrap\">\n<div id=\"wp-block-themeisle-blocks-advanced-column-689a75a8\" class=\"wp-block-themeisle-blocks-advanced-column\"><div class=\"yoast-breadcrumbs ticss-60825abe\"><span><span><a href=\"https:\/\/www.lafourneedoree.fr\/fr-CA\/\">La Fourn\u00e9e Dor\u00e9e<\/a><\/span> \u00bb <span class=\"breadcrumb_last\" aria-current=\"page\">La Vraie Brioche<\/span><\/span><\/div><\/div>\n<\/div><\/div>\n\n\n\n<h1 class=\"wp-block-heading has-text-align-center has-nv-text-dark-bg-color has-text-color has-link-color wp-elements-b2d9f58bc1ca416fb73e44b41ca2fdd3\">La Vraie Brioche Fran\u00e7aise<\/h1>\n<\/div>\n<\/div><\/div>\n\n\n\n<div id=\"wp-block-themeisle-blocks-advanced-columns-b443069e\" class=\"wp-block-themeisle-blocks-advanced-columns alignfull has-3-columns has-desktop-oneTwoOne-layout has-tablet-equal-layout has-mobile-collapsedRows-layout has-vertical-center\"><div class=\"wp-block-themeisle-blocks-advanced-columns-overlay\"><\/div><div class=\"innerblocks-wrap\">\n<div id=\"wp-block-themeisle-blocks-advanced-column-52911053\" class=\"wp-block-themeisle-blocks-advanced-column\"><\/div>\n\n\n\n<div id=\"wp-block-themeisle-blocks-advanced-column-91a53210\" class=\"wp-block-themeisle-blocks-advanced-column\">\n<h6 id=\"wp-block-themeisle-blocks-advanced-heading-49805797\" class=\"wp-block-themeisle-blocks-advanced-heading wp-block-themeisle-blocks-advanced-heading-49805797 bobby ticss-04182873\">L&#8217;exigence en h\u00e9ritage<\/h6>\n\n\n\n<h1 id=\"wp-block-themeisle-blocks-advanced-heading-2a451013\" class=\"wp-block-themeisle-blocks-advanced-heading wp-block-themeisle-blocks-advanced-heading-2a451013 bobby ticss-04182873\">Notre brioche ne ressemble \u00e0 rien d\u2019autre. Elle porte une histoire, une m\u00e9thode et une pr\u00e9cision qui se go\u00fbtent. Au Canada, La Fourn\u00e9e dor\u00e9e perp\u00e9tue cette exigence avec une recette unique, pr\u00e9par\u00e9e avec soin ici m\u00eame. R\u00e9sultat : une brioche g\u00e9n\u00e9reuse, dor\u00e9e, moelleuse. Une brioche qui assume son statut. Une signature.<\/h1>\n\n\n\n<div class=\"wp-block-buttons is-content-justification-center is-layout-flex wp-container-core-buttons-is-layout-e4b7dc7f wp-block-buttons-is-layout-flex\" style=\"padding-top:var(--wp--preset--spacing--50);padding-bottom:var(--wp--preset--spacing--50)\">\n<div class=\"wp-block-button is-style-primary\"><a class=\"wp-block-button__link has-custom-font-size wp-element-button\" href=\"https:\/\/www.lafourneedoree.fr\/fr-CA\/nos-produits\/\" style=\"font-size:20px\">VOIR NOS PRODUITS<\/a><\/div>\n<\/div>\n<\/div>\n\n\n\n<div id=\"wp-block-themeisle-blocks-advanced-column-9f887dc8\" class=\"wp-block-themeisle-blocks-advanced-column\"><\/div>\n<\/div><\/div>\n\n\n\n<div id=\"wp-block-themeisle-blocks-advanced-columns-17e0ee01\" class=\"wp-block-themeisle-blocks-advanced-columns alignfull has-6-columns has-desktop-equal-layout has-tablet-equal-layout has-mobile-collapsedRows-layout has-vertical-unset has-dark-bg\"><div class=\"wp-block-themeisle-blocks-advanced-columns-overlay\"><\/div><div class=\"innerblocks-wrap\">\n<div id=\"wp-block-themeisle-blocks-advanced-column-a0cb3499\" class=\"wp-block-themeisle-blocks-advanced-column\"><\/div>\n\n\n\n<div id=\"wp-block-themeisle-blocks-advanced-column-7ad78d6a\" class=\"wp-block-themeisle-blocks-advanced-column\">\n<figure class=\"wp-block-image size-full\"><img loading=\"lazy\" decoding=\"async\" width=\"300\" height=\"300\" src=\"https:\/\/www.lafourneedoree.fr\/wp-content\/uploads\/2026\/03\/picto-ingredients-6.png\" alt=\"\" class=\"wp-image-20810\" style=\"object-fit:cover\" srcset=\"https:\/\/www.lafourneedoree.fr\/wp-content\/uploads\/2026\/03\/picto-ingredients-6.png 300w, https:\/\/www.lafourneedoree.fr\/wp-content\/uploads\/2026\/03\/picto-ingredients-6-150x150.png 150w\" sizes=\"auto, (max-width: 300px) 100vw, 300px\" \/><\/figure>\n<\/div>\n\n\n\n<div id=\"wp-block-themeisle-blocks-advanced-column-b2da96ab\" class=\"wp-block-themeisle-blocks-advanced-column\">\n<figure class=\"wp-block-image size-full\"><img loading=\"lazy\" decoding=\"async\" width=\"300\" height=\"300\" src=\"https:\/\/www.lafourneedoree.fr\/wp-content\/uploads\/2026\/02\/picto-ingredients.png\" alt=\"\" class=\"wp-image-19913\" srcset=\"https:\/\/www.lafourneedoree.fr\/wp-content\/uploads\/2026\/02\/picto-ingredients.png 300w, https:\/\/www.lafourneedoree.fr\/wp-content\/uploads\/2026\/02\/picto-ingredients-150x150.png 150w\" sizes=\"auto, (max-width: 300px) 100vw, 300px\" \/><\/figure>\n<\/div>\n\n\n\n<div id=\"wp-block-themeisle-blocks-advanced-column-a5af814c\" class=\"wp-block-themeisle-blocks-advanced-column\">\n<figure class=\"wp-block-image size-full\"><img loading=\"lazy\" decoding=\"async\" width=\"300\" height=\"300\" src=\"https:\/\/www.lafourneedoree.fr\/wp-content\/uploads\/2026\/02\/picto-ingredients-2.png\" alt=\"\" class=\"wp-image-19919\" srcset=\"https:\/\/www.lafourneedoree.fr\/wp-content\/uploads\/2026\/02\/picto-ingredients-2.png 300w, https:\/\/www.lafourneedoree.fr\/wp-content\/uploads\/2026\/02\/picto-ingredients-2-150x150.png 150w\" sizes=\"auto, (max-width: 300px) 100vw, 300px\" \/><\/figure>\n<\/div>\n\n\n\n<div id=\"wp-block-themeisle-blocks-advanced-column-4f789b5b\" class=\"wp-block-themeisle-blocks-advanced-column\">\n<figure class=\"wp-block-image size-full\"><img loading=\"lazy\" decoding=\"async\" width=\"300\" height=\"300\" src=\"https:\/\/www.lafourneedoree.fr\/wp-content\/uploads\/2026\/03\/picto-ingredients-5.png\" alt=\"\" class=\"wp-image-20816\" srcset=\"https:\/\/www.lafourneedoree.fr\/wp-content\/uploads\/2026\/03\/picto-ingredients-5.png 300w, https:\/\/www.lafourneedoree.fr\/wp-content\/uploads\/2026\/03\/picto-ingredients-5-150x150.png 150w\" sizes=\"auto, (max-width: 300px) 100vw, 300px\" \/><\/figure>\n<\/div>\n\n\n\n<div id=\"wp-block-themeisle-blocks-advanced-column-e3ab4874\" class=\"wp-block-themeisle-blocks-advanced-column\"><\/div>\n<\/div><\/div>\n\n\n\n<div id=\"wp-block-themeisle-blocks-advanced-columns-175d11f4\" class=\"wp-block-themeisle-blocks-advanced-columns alignfull has-2-columns has-desktop-equal-layout has-tablet-equal-layout has-mobile-collapsedRows-layout has-vertical-unset ticss-17e0ee01\"><div class=\"wp-block-themeisle-blocks-advanced-columns-overlay\"><\/div><div class=\"innerblocks-wrap\">\n<div id=\"wp-block-themeisle-blocks-advanced-column-87a34b14\" class=\"wp-block-themeisle-blocks-advanced-column\"><div class=\"wp-block-image\">\n<figure class=\"aligncenter size-full\"><img loading=\"lazy\" decoding=\"async\" width=\"422\" height=\"501\" src=\"https:\/\/www.lafourneedoree.fr\/wp-content\/uploads\/2026\/03\/Site-web-CAN-Page-Vraie-Brioche-FR-EN.png\" alt=\"\" class=\"wp-image-20707\" style=\"object-fit:cover\" srcset=\"https:\/\/www.lafourneedoree.fr\/wp-content\/uploads\/2026\/03\/Site-web-CAN-Page-Vraie-Brioche-FR-EN.png 422w, https:\/\/www.lafourneedoree.fr\/wp-content\/uploads\/2026\/03\/Site-web-CAN-Page-Vraie-Brioche-FR-EN-253x300.png 253w\" sizes=\"auto, (max-width: 422px) 100vw, 422px\" \/><\/figure>\n<\/div><\/div>\n\n\n\n<div id=\"wp-block-themeisle-blocks-advanced-column-720fc202\" class=\"wp-block-themeisle-blocks-advanced-column\">\n<span id=\"wp-block-themeisle-blocks-advanced-heading-a79ead9f\" class=\"wp-block-themeisle-blocks-advanced-heading wp-block-themeisle-blocks-advanced-heading-a79ead9f bobby\">LAIT. beurre. oeufs. sucre.<\/span>\n\n\n\n<h2 class=\"wp-block-heading has-text-align-left has-neve-link-color-color has-text-color has-link-color wp-elements-b5054d5e9e55551382f36ba198ff2423\" style=\"font-size:18px\">Chaque \u00e9tape vise la qualit\u00e9, sans compromis. Il en va de m\u00eame pour la s\u00e9lection de nos ingr\u00e9dients. Nous portons fi\u00e8rement notre expertise et offrons aux familles canadiennes une brioche qui respecte la tradition tout en s\u2019invitant dans tous les moments du quotidien : d\u00e9jeuner, brunch, d\u00eener, souper et m\u00eame barbecue.<\/h2>\n\n\n\n<h2 class=\"wp-block-heading has-text-align-left has-neve-link-color-color has-text-color has-link-color wp-elements-4358571eba6a1cf7cffda22e87f254d3\" style=\"font-size:18px\">Notre brioche, elle s\u2019adapte \u00e0 vos moments, sans perdre son caract\u00e8re.<\/h2>\n\n\n\n<div class=\"wp-block-buttons is-content-justification-left is-layout-flex wp-container-core-buttons-is-layout-89ad47fb wp-block-buttons-is-layout-flex\" style=\"padding-top:var(--wp--preset--spacing--50);padding-bottom:var(--wp--preset--spacing--50)\">\n<div class=\"wp-block-button is-style-primary\"><a class=\"wp-block-button__link has-medium-font-size has-custom-font-size wp-element-button\" href=\"https:\/\/www.lafourneedoree.fr\/fr-CA\/les-bons-moments\/\">NOS PRODUITS, VOS MOMENTS PR\u00c9F\u00c9R\u00c9S<\/a><\/div>\n<\/div>\n<\/div>\n<\/div><\/div>\n\n\n\n<div id=\"wp-block-themeisle-blocks-advanced-columns-bb877e25\" class=\"wp-block-themeisle-blocks-advanced-columns alignfull has-1-columns has-desktop-equal-layout has-tablet-equal-layout has-mobile-collapsedRows-layout has-vertical-center ticss-17e0ee01\"><div class=\"wp-block-themeisle-blocks-advanced-columns-overlay\"><\/div><div class=\"innerblocks-wrap\">\n<div id=\"wp-block-themeisle-blocks-advanced-column-a084f172\" class=\"wp-block-themeisle-blocks-advanced-column\">\n<h2 id=\"wp-block-themeisle-blocks-advanced-heading-66f7a34e\" class=\"wp-block-themeisle-blocks-advanced-heading wp-block-themeisle-blocks-advanced-heading-66f7a34e bobby\"><strong>On la reconna\u00eet<br>d\u00e8s la premi\u00e8re bouch\u00e9e<\/strong><\/h2>\n\n\n\n<div id=\"wp-block-themeisle-blocks-advanced-columns-696ab84e\" class=\"wp-block-themeisle-blocks-advanced-columns alignfull has-3-columns has-desktop-equal-layout has-tablet-equal-layout has-mobile-collapsedRows-layout has-vertical-center\"><div class=\"wp-block-themeisle-blocks-advanced-columns-overlay\"><\/div><div class=\"innerblocks-wrap\">\n<div id=\"wp-block-themeisle-blocks-advanced-column-d2f7a67d\" class=\"wp-block-themeisle-blocks-advanced-column\">\n<div class=\"wp-block-group has-nv-site-bg-background-color has-background is-vertical is-content-justification-center is-layout-flex wp-container-core-group-is-layout-ec4083d0 wp-block-group-is-layout-flex\" style=\"border-radius:20px;padding-top:var(--wp--preset--spacing--60);padding-right:var(--wp--preset--spacing--70);padding-bottom:var(--wp--preset--spacing--60);padding-left:var(--wp--preset--spacing--70)\"><div class=\"wp-block-image\">\n<figure class=\"aligncenter size-medium\"><img loading=\"lazy\" decoding=\"async\" width=\"382\" height=\"382\" src=\"https:\/\/www.lafourneedoree.fr\/wp-content\/uploads\/2026\/05\/v4-1-edited-1.png\" alt=\"\" class=\"wp-image-21653\" style=\"object-fit:cover\" srcset=\"https:\/\/www.lafourneedoree.fr\/wp-content\/uploads\/2026\/05\/v4-1-edited-1.png 382w, https:\/\/www.lafourneedoree.fr\/wp-content\/uploads\/2026\/05\/v4-1-edited-1-300x300.png 300w, https:\/\/www.lafourneedoree.fr\/wp-content\/uploads\/2026\/05\/v4-1-edited-1-150x150.png 150w\" sizes=\"auto, (max-width: 382px) 100vw, 382px\" \/><\/figure>\n<\/div>\n\n\n<p><\/p>\n\n\n\n<span id=\"wp-block-themeisle-blocks-advanced-heading-d814acba\" class=\"wp-block-themeisle-blocks-advanced-heading wp-block-themeisle-blocks-advanced-heading-d814acba bobby\">SA TEXTURE<\/span>\n\n\n\n<p class=\"has-text-align-center has-neve-link-color-color has-text-color has-link-color wp-elements-49f121b8eaace9e5401316be2c234d94\" style=\"padding-top:5px;font-size:20px\"><strong>parle d\u2019elle-m\u00eame. L\u00e9g\u00e8re. Fondante. Parfaitement .<\/strong><\/p>\n<\/div>\n<\/div>\n\n\n\n<div id=\"wp-block-themeisle-blocks-advanced-column-03338122\" class=\"wp-block-themeisle-blocks-advanced-column\">\n<div class=\"wp-block-group has-nv-site-bg-background-color has-background is-vertical is-content-justification-center is-layout-flex wp-container-core-group-is-layout-ec4083d0 wp-block-group-is-layout-flex\" style=\"border-radius:20px;padding-top:var(--wp--preset--spacing--60);padding-right:var(--wp--preset--spacing--70);padding-bottom:var(--wp--preset--spacing--60);padding-left:var(--wp--preset--spacing--70)\"><div class=\"wp-block-image\">\n<figure class=\"aligncenter size-full\"><img loading=\"lazy\" decoding=\"async\" width=\"300\" height=\"300\" src=\"https:\/\/www.lafourneedoree.fr\/wp-content\/uploads\/2026\/03\/picto-vraie-brioche-2.png\" alt=\"\" class=\"wp-image-20798\" style=\"object-fit:cover\" srcset=\"https:\/\/www.lafourneedoree.fr\/wp-content\/uploads\/2026\/03\/picto-vraie-brioche-2.png 300w, https:\/\/www.lafourneedoree.fr\/wp-content\/uploads\/2026\/03\/picto-vraie-brioche-2-150x150.png 150w\" sizes=\"auto, (max-width: 300px) 100vw, 300px\" \/><\/figure>\n<\/div>\n\n\n<p><\/p>\n\n\n\n<span id=\"wp-block-themeisle-blocks-advanced-heading-3c03eff1\" class=\"wp-block-themeisle-blocks-advanced-heading wp-block-themeisle-blocks-advanced-heading-3c03eff1 bobby\">CETTE SIGNATURE<\/span>\n\n\n\n<p class=\"has-text-align-center has-neve-link-color-color has-text-color has-link-color wp-elements-cb5145d44d63c2eeee01d63ee3a90f5c\" style=\"padding-top:5px;font-size:20px\"><strong>vient d\u2019une technique fran\u00e7aise affin\u00e9e au fil des g\u00e9n\u00e9rations<\/strong>.<\/p>\n<\/div>\n<\/div>\n\n\n\n<div id=\"wp-block-themeisle-blocks-advanced-column-82288bc5\" class=\"wp-block-themeisle-blocks-advanced-column\">\n<div class=\"wp-block-group has-nv-site-bg-background-color has-background is-vertical is-content-justification-center is-layout-flex wp-container-core-group-is-layout-d4ba6d9c wp-block-group-is-layout-flex\" style=\"border-style:none;border-width:0px;border-top-left-radius:0px;border-top-right-radius:0px;border-bottom-left-radius:0px;border-bottom-right-radius:0px;padding-top:var(--wp--preset--spacing--60);padding-right:var(--wp--preset--spacing--70);padding-bottom:var(--wp--preset--spacing--60);padding-left:var(--wp--preset--spacing--70)\"><div class=\"wp-block-image\">\n<figure class=\"aligncenter size-full has-custom-border\"><img loading=\"lazy\" decoding=\"async\" width=\"300\" height=\"300\" src=\"https:\/\/www.lafourneedoree.fr\/wp-content\/uploads\/2026\/03\/picto-vraie-brioche-3.png\" alt=\"\" class=\"wp-image-20792\" style=\"border-style:none;border-width:0px;aspect-ratio:1;object-fit:cover\" srcset=\"https:\/\/www.lafourneedoree.fr\/wp-content\/uploads\/2026\/03\/picto-vraie-brioche-3.png 300w, https:\/\/www.lafourneedoree.fr\/wp-content\/uploads\/2026\/03\/picto-vraie-brioche-3-150x150.png 150w\" sizes=\"auto, (max-width: 300px) 100vw, 300px\" \/><\/figure>\n<\/div>\n\n\n<span id=\"wp-block-themeisle-blocks-advanced-heading-0391942e\" class=\"wp-block-themeisle-blocks-advanced-heading wp-block-themeisle-blocks-advanced-heading-0391942e bobby\">Un \u00e9quilibre ma\u00eetris\u00e9<\/span>\n\n\n\n<p class=\"has-text-align-center has-neve-link-color-color has-text-color has-link-color wp-elements-542aaf0458d51d056792234cb25c1d90\" style=\"padding-top:5px;font-size:20px\"><strong>qui distingue la vraie brioche de tout produit \u00abstyle brioch\u00e9\u00bb.<\/strong><\/p>\n<\/div>\n<\/div>\n<\/div><\/div>\n\n\n\n<div id=\"wp-block-themeisle-blocks-advanced-columns-1a072b75\" class=\"wp-block-themeisle-blocks-advanced-columns alignfull has-3-columns has-desktop-oneThreeOne-layout has-tablet-equal-layout has-mobile-collapsedRows-layout has-vertical-center\"><div class=\"wp-block-themeisle-blocks-advanced-columns-overlay\"><\/div><div class=\"innerblocks-wrap\">\n<div id=\"wp-block-themeisle-blocks-advanced-column-f283ef4b\" class=\"wp-block-themeisle-blocks-advanced-column\"><\/div>\n\n\n\n<div id=\"wp-block-themeisle-blocks-advanced-column-0024a7a6\" class=\"wp-block-themeisle-blocks-advanced-column\">\n<h2 id=\"wp-block-themeisle-blocks-advanced-heading-d25304f3\" class=\"wp-block-themeisle-blocks-advanced-heading wp-block-themeisle-blocks-advanced-heading-d25304f3\"><strong>CHAQUE FAMILLE A SES SECRETS DE CUISINE<\/strong><\/h2>\n\n\n\n<h5 id=\"wp-block-themeisle-blocks-advanced-heading-28112817\" class=\"wp-block-themeisle-blocks-advanced-heading wp-block-themeisle-blocks-advanced-heading-28112817 bobby ticss-04182873\"><strong>Chez nous, le secret, c&#8217;est la qualit\u00e9<\/strong><\/h5>\n\n\n\n<div class=\"wp-block-buttons is-content-justification-center is-layout-flex wp-container-core-buttons-is-layout-e4b7dc7f wp-block-buttons-is-layout-flex\" style=\"padding-top:var(--wp--preset--spacing--50);padding-bottom:var(--wp--preset--spacing--50)\">\n<div class=\"wp-block-button is-style-primary\"><a class=\"wp-block-button__link has-medium-font-size has-custom-font-size wp-element-button\" href=\"https:\/\/www.lafourneedoree.fr\/fr-CA\/il-etait-une-fois\/\">ON D\u00c9FEND LE MEILLEUR<\/a><\/div>\n<\/div>\n<\/div>\n\n\n\n<div id=\"wp-block-themeisle-blocks-advanced-column-fd84d476\" class=\"wp-block-themeisle-blocks-advanced-column\"><\/div>\n<\/div><\/div>\n<\/div>\n<\/div><\/div>\n\n\n\n<p><\/p>\n","protected":false},"excerpt":{"rendered":"","protected":false},"author":15,"featured_media":0,"parent":0,"menu_order":0,"comment_status":"closed","ping_status":"closed","template":"","meta":{"_acf_changed":false,"neve_meta_sidebar":"","neve_meta_container":"","neve_meta_enable_content_width":"off","neve_meta_content_width":55,"neve_meta_title_alignment":"left","neve_meta_author_avatar":"","neve_post_elements_order":"","neve_meta_disable_header":"off","neve_meta_disable_footer":"","neve_meta_disable_title":"on","neve_meta_reading_time":"","_themeisle_gutenberg_block_has_review":false,"footnotes":""},"class_list":["post-20625","page","type-page","status-publish","hentry"],"acf":[],"yoast_head":"<!-- This site is optimized with the Yoast SEO plugin v27.3 - https:\/\/yoast.com\/product\/yoast-seo-wordpress\/ -->\n<title>La Vraie Brioche - La Fourn\u00e9e Dor\u00e9e - La saveur retrouv\u00e9e<\/title>\n<meta name=\"robots\" content=\"index, follow, max-snippet:-1, max-image-preview:large, max-video-preview:-1\" \/>\n<link rel=\"canonical\" href=\"https:\/\/www.lafourneedoree.fr\/fr-CA\/la-vraie-brioche\/\" \/>\n<meta property=\"og:locale\" content=\"en_US\" \/>\n<meta property=\"og:type\" content=\"article\" \/>\n<meta property=\"og:title\" content=\"La Vraie Brioche - La Fourn\u00e9e Dor\u00e9e - La saveur retrouv\u00e9e\" \/>\n<meta property=\"og:url\" content=\"https:\/\/www.lafourneedoree.fr\/fr-CA\/la-vraie-brioche\/\" \/>\n<meta property=\"og:site_name\" content=\"La Fourn\u00e9e Dor\u00e9e - La saveur retrouv\u00e9e\" \/>\n<meta property=\"article:modified_time\" content=\"2026-05-05T20:05:17+00:00\" \/>\n<meta property=\"og:image\" content=\"https:\/\/www.lafourneedoree.fr\/wp-content\/uploads\/2026\/03\/picto-ingredients-6.png\" \/>\n\t<meta property=\"og:image:width\" content=\"300\" \/>\n\t<meta property=\"og:image:height\" content=\"300\" \/>\n\t<meta property=\"og:image:type\" content=\"image\/png\" \/>\n<meta name=\"twitter:card\" content=\"summary_large_image\" \/>\n<meta name=\"twitter:label1\" content=\"Est. reading time\" \/>\n\t<meta name=\"twitter:data1\" content=\"3 minutes\" \/>\n<script type=\"application\/ld+json\" class=\"yoast-schema-graph\">{\"@context\":\"https:\\\/\\\/schema.org\",\"@graph\":[{\"@type\":\"WebPage\",\"@id\":\"https:\\\/\\\/www.lafourneedoree.fr\\\/fr-CA\\\/la-vraie-brioche\\\/\",\"url\":\"https:\\\/\\\/www.lafourneedoree.fr\\\/fr-CA\\\/la-vraie-brioche\\\/\",\"name\":\"La Vraie Brioche - La Fourn\u00e9e Dor\u00e9e - La saveur retrouv\u00e9e\",\"isPartOf\":{\"@id\":\"https:\\\/\\\/www.lafourneedoree.fr\\\/#website\"},\"primaryImageOfPage\":{\"@id\":\"https:\\\/\\\/www.lafourneedoree.fr\\\/fr-CA\\\/la-vraie-brioche\\\/#primaryimage\"},\"image\":{\"@id\":\"https:\\\/\\\/www.lafourneedoree.fr\\\/fr-CA\\\/la-vraie-brioche\\\/#primaryimage\"},\"thumbnailUrl\":\"https:\\\/\\\/www.lafourneedoree.fr\\\/wp-content\\\/uploads\\\/2026\\\/03\\\/picto-ingredients-6.png\",\"datePublished\":\"2026-03-12T19:45:53+00:00\",\"dateModified\":\"2026-05-05T20:05:17+00:00\",\"breadcrumb\":{\"@id\":\"https:\\\/\\\/www.lafourneedoree.fr\\\/fr-CA\\\/la-vraie-brioche\\\/#breadcrumb\"},\"inLanguage\":\"ca-FR\",\"potentialAction\":[{\"@type\":\"ReadAction\",\"target\":[\"https:\\\/\\\/www.lafourneedoree.fr\\\/fr-CA\\\/la-vraie-brioche\\\/\"]}]},{\"@type\":\"ImageObject\",\"inLanguage\":\"ca-FR\",\"@id\":\"https:\\\/\\\/www.lafourneedoree.fr\\\/fr-CA\\\/la-vraie-brioche\\\/#primaryimage\",\"url\":\"https:\\\/\\\/www.lafourneedoree.fr\\\/wp-content\\\/uploads\\\/2026\\\/03\\\/picto-ingredients-6.png\",\"contentUrl\":\"https:\\\/\\\/www.lafourneedoree.fr\\\/wp-content\\\/uploads\\\/2026\\\/03\\\/picto-ingredients-6.png\"},{\"@type\":\"BreadcrumbList\",\"@id\":\"https:\\\/\\\/www.lafourneedoree.fr\\\/fr-CA\\\/la-vraie-brioche\\\/#breadcrumb\",\"itemListElement\":[{\"@type\":\"ListItem\",\"position\":1,\"name\":\"La Fourn\u00e9e Dor\u00e9e\",\"item\":\"https:\\\/\\\/www.lafourneedoree.fr\\\/fr-CA\\\/\"},{\"@type\":\"ListItem\",\"position\":2,\"name\":\"La Vraie Brioche\"}]},{\"@type\":\"WebSite\",\"@id\":\"https:\\\/\\\/www.lafourneedoree.fr\\\/#website\",\"url\":\"https:\\\/\\\/www.lafourneedoree.fr\\\/\",\"name\":\"La Fourn\u00e9e Dor\u00e9e - La saveur retrouv\u00e9e\",\"description\":\"\",\"potentialAction\":[{\"@type\":\"SearchAction\",\"target\":{\"@type\":\"EntryPoint\",\"urlTemplate\":\"https:\\\/\\\/www.lafourneedoree.fr\\\/?s={search_term_string}\"},\"query-input\":{\"@type\":\"PropertyValueSpecification\",\"valueRequired\":true,\"valueName\":\"search_term_string\"}}],\"inLanguage\":\"ca-FR\"}]}<\/script>\n<!-- \/ Yoast SEO plugin. -->","yoast_head_json":{"title":"La Vraie Brioche - La Fourn\u00e9e Dor\u00e9e - La saveur retrouv\u00e9e","robots":{"index":"index","follow":"follow","max-snippet":"max-snippet:-1","max-image-preview":"max-image-preview:large","max-video-preview":"max-video-preview:-1"},"canonical":"https:\/\/www.lafourneedoree.fr\/fr-CA\/la-vraie-brioche\/","og_locale":"en_US","og_type":"article","og_title":"La Vraie Brioche - La Fourn\u00e9e Dor\u00e9e - La saveur retrouv\u00e9e","og_url":"https:\/\/www.lafourneedoree.fr\/fr-CA\/la-vraie-brioche\/","og_site_name":"La Fourn\u00e9e Dor\u00e9e - La saveur retrouv\u00e9e","article_modified_time":"2026-05-05T20:05:17+00:00","og_image":[{"width":300,"height":300,"url":"https:\/\/www.lafourneedoree.fr\/wp-content\/uploads\/2026\/03\/picto-ingredients-6.png","type":"image\/png"}],"twitter_card":"summary_large_image","twitter_misc":{"Est. reading time":"3 minutes"},"schema":{"@context":"https:\/\/schema.org","@graph":[{"@type":"WebPage","@id":"https:\/\/www.lafourneedoree.fr\/fr-CA\/la-vraie-brioche\/","url":"https:\/\/www.lafourneedoree.fr\/fr-CA\/la-vraie-brioche\/","name":"La Vraie Brioche - La Fourn\u00e9e Dor\u00e9e - La saveur retrouv\u00e9e","isPartOf":{"@id":"https:\/\/www.lafourneedoree.fr\/#website"},"primaryImageOfPage":{"@id":"https:\/\/www.lafourneedoree.fr\/fr-CA\/la-vraie-brioche\/#primaryimage"},"image":{"@id":"https:\/\/www.lafourneedoree.fr\/fr-CA\/la-vraie-brioche\/#primaryimage"},"thumbnailUrl":"https:\/\/www.lafourneedoree.fr\/wp-content\/uploads\/2026\/03\/picto-ingredients-6.png","datePublished":"2026-03-12T19:45:53+00:00","dateModified":"2026-05-05T20:05:17+00:00","breadcrumb":{"@id":"https:\/\/www.lafourneedoree.fr\/fr-CA\/la-vraie-brioche\/#breadcrumb"},"inLanguage":"ca-FR","potentialAction":[{"@type":"ReadAction","target":["https:\/\/www.lafourneedoree.fr\/fr-CA\/la-vraie-brioche\/"]}]},{"@type":"ImageObject","inLanguage":"ca-FR","@id":"https:\/\/www.lafourneedoree.fr\/fr-CA\/la-vraie-brioche\/#primaryimage","url":"https:\/\/www.lafourneedoree.fr\/wp-content\/uploads\/2026\/03\/picto-ingredients-6.png","contentUrl":"https:\/\/www.lafourneedoree.fr\/wp-content\/uploads\/2026\/03\/picto-ingredients-6.png"},{"@type":"BreadcrumbList","@id":"https:\/\/www.lafourneedoree.fr\/fr-CA\/la-vraie-brioche\/#breadcrumb","itemListElement":[{"@type":"ListItem","position":1,"name":"La Fourn\u00e9e Dor\u00e9e","item":"https:\/\/www.lafourneedoree.fr\/fr-CA\/"},{"@type":"ListItem","position":2,"name":"La Vraie Brioche"}]},{"@type":"WebSite","@id":"https:\/\/www.lafourneedoree.fr\/#website","url":"https:\/\/www.lafourneedoree.fr\/","name":"La Fourn\u00e9e Dor\u00e9e - La saveur retrouv\u00e9e","description":"","potentialAction":[{"@type":"SearchAction","target":{"@type":"EntryPoint","urlTemplate":"https:\/\/www.lafourneedoree.fr\/?s={search_term_string}"},"query-input":{"@type":"PropertyValueSpecification","valueRequired":true,"valueName":"search_term_string"}}],"inLanguage":"ca-FR"}]}},"_links":{"self":[{"href":"https:\/\/www.lafourneedoree.fr\/fr-CA\/wp-json\/wp\/v2\/pages\/20625","targetHints":{"allow":["GET"]}}],"collection":[{"href":"https:\/\/www.lafourneedoree.fr\/fr-CA\/wp-json\/wp\/v2\/pages"}],"about":[{"href":"https:\/\/www.lafourneedoree.fr\/fr-CA\/wp-json\/wp\/v2\/types\/page"}],"author":[{"embeddable":true,"href":"https:\/\/www.lafourneedoree.fr\/fr-CA\/wp-json\/wp\/v2\/users\/15"}],"replies":[{"embeddable":true,"href":"https:\/\/www.lafourneedoree.fr\/fr-CA\/wp-json\/wp\/v2\/comments?post=20625"}],"version-history":[{"count":77,"href":"https:\/\/www.lafourneedoree.fr\/fr-CA\/wp-json\/wp\/v2\/pages\/20625\/revisions"}],"predecessor-version":[{"id":21696,"href":"https:\/\/www.lafourneedoree.fr\/fr-CA\/wp-json\/wp\/v2\/pages\/20625\/revisions\/21696"}],"wp:attachment":[{"href":"https:\/\/www.lafourneedoree.fr\/fr-CA\/wp-json\/wp\/v2\/media?parent=20625"}],"curies":[{"name":"wp","href":"https:\/\/api.w.org\/{rel}","templated":true}]}}