{"id":18380,"date":"2025-10-16T14:20:02","date_gmt":"2025-10-16T12:20:02","guid":{"rendered":"http:\/\/preprod.lafourneedoree.fr\/our-products\/"},"modified":"2026-02-23T07:22:04","modified_gmt":"2026-02-23T06:22:04","slug":"our-products","status":"publish","type":"page","link":"https:\/\/www.lafourneedoree.fr\/nz\/our-products\/","title":{"rendered":"Our products"},"content":{"rendered":"\n<div id=\"wp-block-themeisle-blocks-advanced-columns-2c099ba2\" class=\"wp-block-themeisle-blocks-advanced-columns alignfull has-1-columns has-desktop-equal-layout has-tablet-equal-layout has-mobile-equal-layout has-vertical-unset dentele\"><div class=\"wp-block-themeisle-blocks-advanced-columns-overlay\"><\/div><div class=\"innerblocks-wrap\">\n<div id=\"wp-block-themeisle-blocks-advanced-column-cbab418a\" class=\"wp-block-themeisle-blocks-advanced-column\">\n<div id=\"wp-block-themeisle-blocks-advanced-columns-e44f5343\" class=\"wp-block-themeisle-blocks-advanced-columns has-1-columns has-desktop-equal-layout has-tablet-equal-layout has-mobile-equal-layout has-vertical-unset\"><div class=\"wp-block-themeisle-blocks-advanced-columns-overlay\"><\/div><div class=\"innerblocks-wrap\">\n<div id=\"wp-block-themeisle-blocks-advanced-column-689a75a8\" class=\"wp-block-themeisle-blocks-advanced-column\"><div class=\"yoast-breadcrumbs ticss-60825abe\"><span><span><a href=\"https:\/\/www.lafourneedoree.fr\/nz\/\">La Fourn\u00e9e Dor\u00e9e<\/a><\/span> \u00bb <span class=\"breadcrumb_last\" aria-current=\"page\">Our products<\/span><\/span><\/div><\/div>\n<\/div><\/div>\n\n\n\n<h1 class=\"wp-block-heading has-text-align-center has-nv-text-dark-bg-color has-text-color has-link-color wp-elements-96a065a3e4bb26fba5c6e24deaca7bd4\">Choose your product<\/h1>\n<\/div>\n<\/div><\/div>\n\n\n\n<div id=\"wp-block-themeisle-blocks-advanced-columns-151eb5e7\" class=\"wp-block-themeisle-blocks-advanced-columns has-2-columns has-desktop-equal-layout has-tablet-equal-layout has-mobile-collapsedRows-layout has-vertical-unset\"><div class=\"wp-block-themeisle-blocks-advanced-columns-overlay\"><\/div><div class=\"innerblocks-wrap\">\n<div id=\"wp-block-themeisle-blocks-advanced-column-5aea4a59\" class=\"wp-block-themeisle-blocks-advanced-column\"><div  class=\"search-filter-base search-filter-field search-filter-field--id-109 search-filter-field--type-choice search-filter-field--input-type-select search-filter-style--id-1 search-filter-style--choice-select products-filter-lfd\"  data-search-filter-id=\"109\" ><\/div>\n<\/div>\n\n\n\n<div id=\"wp-block-themeisle-blocks-advanced-column-91f12e14\" class=\"wp-block-themeisle-blocks-advanced-column\"><div  class=\"search-filter-base search-filter-field search-filter-field--id-127 search-filter-field--type-choice search-filter-field--input-type-select search-filter-style--id-1 search-filter-style--choice-select products-filter-lfd\"  data-search-filter-id=\"127\" ><\/div>\n<\/div>\n<\/div><\/div>\n\n\n\n<div id=\"wp-block-themeisle-blocks-advanced-columns-013e04c5\" class=\"wp-block-themeisle-blocks-advanced-columns alignfull has-1-columns has-desktop-equal-layout has-tablet-equal-layout has-mobile-equal-layout has-vertical-unset\"><div class=\"wp-block-themeisle-blocks-advanced-columns-overlay\"><\/div><div class=\"innerblocks-wrap\">\n<div id=\"wp-block-themeisle-blocks-advanced-column-ca6aae2f\" class=\"wp-block-themeisle-blocks-advanced-column\"><div class=\"lfd-products\" data-nonce=\"eae20024d4\" data-per-page=\"12\" data-orderby=\"date\" data-order=\"DESC\" data-current-page=\"1\" data-max-pages=\"1\"><div class=\"lfd-grid\">        <article class=\"lfd-card\">\r\n            <a class=\"lfd-card__image\" href=\"https:\/\/www.lafourneedoree.fr\/nz\/product\/brioche-burger-buns-sesame-seed\/\">\r\n                <div class=\"lfd-card__imgwrap\">\r\n                                            <img decoding=\"async\" src=\"https:\/\/www.lafourneedoree.fr\/wp-content\/uploads\/2025\/12\/brioche-burger-buns-sesame-seed-pack.png\" alt=\"Brioche Burger buns Sesame seed\" class=\"img-default\" loading=\"lazy\" \/>\r\n                                                                <img decoding=\"async\" src=\"https:\/\/www.lafourneedoree.fr\/wp-content\/uploads\/2025\/12\/buns-brioches-sesame-ingredients.png\" alt=\"Brioche Burger buns Sesame seed\" class=\"img-hover\" loading=\"lazy\" \/>\r\n                                    <\/div>\r\n            <\/a>\r\n            <div class=\"lfd-card__body\">\r\n                <h3 class=\"lfd-card__title\"><a href=\"https:\/\/www.lafourneedoree.fr\/nz\/product\/brioche-burger-buns-sesame-seed\/\">Brioche Burger buns Sesame seed<\/a><\/h3>\r\n                            <\/div>\r\n        <\/article>\r\n                <article class=\"lfd-card\">\r\n            <a class=\"lfd-card__image\" href=\"https:\/\/www.lafourneedoree.fr\/nz\/product\/brioche-burger-buns\/\">\r\n                <div class=\"lfd-card__imgwrap\">\r\n                                            <img decoding=\"async\" src=\"https:\/\/www.lafourneedoree.fr\/wp-content\/uploads\/2025\/12\/brioche-burger-buns-pack.png\" alt=\"Brioche Burger buns\" class=\"img-default\" loading=\"lazy\" \/>\r\n                                                                <img decoding=\"async\" src=\"https:\/\/www.lafourneedoree.fr\/wp-content\/uploads\/2025\/12\/plant-based-brioche-burger-buns-ingredients.png\" alt=\"Brioche Burger buns\" class=\"img-hover\" loading=\"lazy\" \/>\r\n                                    <\/div>\r\n            <\/a>\r\n            <div class=\"lfd-card__body\">\r\n                <h3 class=\"lfd-card__title\"><a href=\"https:\/\/www.lafourneedoree.fr\/nz\/product\/brioche-burger-buns\/\">Brioche Burger buns<\/a><\/h3>\r\n                            <\/div>\r\n        <\/article>\r\n                <article class=\"lfd-card\">\r\n            <a class=\"lfd-card__image\" href=\"https:\/\/www.lafourneedoree.fr\/nz\/product\/10-brioche-sliders\/\">\r\n                <div class=\"lfd-card__imgwrap\">\r\n                                            <img decoding=\"async\" src=\"https:\/\/www.lafourneedoree.fr\/wp-content\/uploads\/2025\/12\/brioche-sliders-pack.png\" alt=\"10 Brioche Sliders\" class=\"img-default\" loading=\"lazy\" \/>\r\n                                                                <img decoding=\"async\" src=\"https:\/\/www.lafourneedoree.fr\/wp-content\/uploads\/2025\/12\/brioche-sliders-ingredients.png\" alt=\"10 Brioche Sliders\" class=\"img-hover\" loading=\"lazy\" \/>\r\n                                    <\/div>\r\n            <\/a>\r\n            <div class=\"lfd-card__body\">\r\n                <h3 class=\"lfd-card__title\"><a href=\"https:\/\/www.lafourneedoree.fr\/nz\/product\/10-brioche-sliders\/\">10 Brioche Sliders<\/a><\/h3>\r\n                            <\/div>\r\n        <\/article>\r\n                <article class=\"lfd-card\">\r\n            <a class=\"lfd-card__image\" href=\"https:\/\/www.lafourneedoree.fr\/nz\/product\/sliced-brioche-loaf\/\">\r\n                <div class=\"lfd-card__imgwrap\">\r\n                                            <img decoding=\"async\" src=\"https:\/\/www.lafourneedoree.fr\/wp-content\/uploads\/2025\/10\/sliced-brioche-loaf-pack.png\" alt=\"Sliced brioche loaf\" class=\"img-default\" loading=\"lazy\" \/>\r\n                                                                <img decoding=\"async\" src=\"https:\/\/www.lafourneedoree.fr\/wp-content\/uploads\/2025\/12\/sliced-brioche-loaf-ingredients.png\" alt=\"Sliced brioche loaf\" class=\"img-hover\" loading=\"lazy\" \/>\r\n                                    <\/div>\r\n            <\/a>\r\n            <div class=\"lfd-card__body\">\r\n                <h3 class=\"lfd-card__title\"><a href=\"https:\/\/www.lafourneedoree.fr\/nz\/product\/sliced-brioche-loaf\/\">Sliced brioche loaf<\/a><\/h3>\r\n                            <\/div>\r\n        <\/article>\r\n        <\/div><div id=\"lfd-infinite-sentinel\" aria-hidden=\"true\" style=\"height:1px\"><\/div><\/div>\n<\/div>\n<\/div><\/div>\n","protected":false},"excerpt":{"rendered":"<a class=\"news__product-link\" href=\"https:\/\/www.lafourneedoree.fr\/nz\/?post_type=our-products&#038;p=18436\" target=\"_self\" rel=\"noopener\">CHECK THE PRODUCT<\/a>","protected":false},"author":2,"featured_media":0,"parent":0,"menu_order":0,"comment_status":"closed","ping_status":"closed","template":"","meta":{"_acf_changed":false,"neve_meta_sidebar":"","neve_meta_container":"","neve_meta_enable_content_width":"","neve_meta_content_width":0,"neve_meta_title_alignment":"","neve_meta_author_avatar":"","neve_post_elements_order":"","neve_meta_disable_header":"","neve_meta_disable_footer":"","neve_meta_disable_title":"on","neve_meta_reading_time":"","_themeisle_gutenberg_block_has_review":false,"footnotes":""},"class_list":["post-18380","page","type-page","status-publish","hentry"],"acf":[],"yoast_head":"<!-- This site is optimized with the Yoast SEO plugin v27.3 - https:\/\/yoast.com\/product\/yoast-seo-wordpress\/ -->\n<title>Our products - La Fourn\u00e9e Dor\u00e9e - La saveur retrouv\u00e9e<\/title>\n<meta name=\"robots\" content=\"index, follow, max-snippet:-1, max-image-preview:large, max-video-preview:-1\" \/>\n<link rel=\"canonical\" href=\"https:\/\/www.lafourneedoree.fr\/nz\/our-products\/\" \/>\n<meta property=\"og:locale\" content=\"en_US\" \/>\n<meta property=\"og:type\" content=\"article\" \/>\n<meta property=\"og:title\" content=\"Our products - La Fourn\u00e9e Dor\u00e9e - La saveur retrouv\u00e9e\" \/>\n<meta property=\"og:url\" content=\"https:\/\/www.lafourneedoree.fr\/nz\/our-products\/\" \/>\n<meta property=\"og:site_name\" content=\"La Fourn\u00e9e Dor\u00e9e - La saveur retrouv\u00e9e\" \/>\n<meta property=\"article:modified_time\" content=\"2026-02-23T06:22:04+00:00\" \/>\n<meta name=\"twitter:card\" content=\"summary_large_image\" \/>\n<meta name=\"twitter:label1\" content=\"Est. reading time\" \/>\n\t<meta name=\"twitter:data1\" content=\"1 minute\" \/>\n<script type=\"application\/ld+json\" class=\"yoast-schema-graph\">{\"@context\":\"https:\\\/\\\/schema.org\",\"@graph\":[{\"@type\":\"WebPage\",\"@id\":\"https:\\\/\\\/www.lafourneedoree.fr\\\/nz\\\/our-products\\\/\",\"url\":\"https:\\\/\\\/www.lafourneedoree.fr\\\/nz\\\/our-products\\\/\",\"name\":\"Our products - La Fourn\u00e9e Dor\u00e9e - La saveur retrouv\u00e9e\",\"isPartOf\":{\"@id\":\"https:\\\/\\\/www.lafourneedoree.fr\\\/#website\"},\"datePublished\":\"2025-10-16T12:20:02+00:00\",\"dateModified\":\"2026-02-23T06:22:04+00:00\",\"breadcrumb\":{\"@id\":\"https:\\\/\\\/www.lafourneedoree.fr\\\/nz\\\/our-products\\\/#breadcrumb\"},\"inLanguage\":\"en-NZ\",\"potentialAction\":[{\"@type\":\"ReadAction\",\"target\":[\"https:\\\/\\\/www.lafourneedoree.fr\\\/nz\\\/our-products\\\/\"]}]},{\"@type\":\"BreadcrumbList\",\"@id\":\"https:\\\/\\\/www.lafourneedoree.fr\\\/nz\\\/our-products\\\/#breadcrumb\",\"itemListElement\":[{\"@type\":\"ListItem\",\"position\":1,\"name\":\"La Fourn\u00e9e Dor\u00e9e\",\"item\":\"https:\\\/\\\/www.lafourneedoree.fr\\\/nz\\\/\"},{\"@type\":\"ListItem\",\"position\":2,\"name\":\"Our products\"}]},{\"@type\":\"WebSite\",\"@id\":\"https:\\\/\\\/www.lafourneedoree.fr\\\/#website\",\"url\":\"https:\\\/\\\/www.lafourneedoree.fr\\\/\",\"name\":\"La Fourn\u00e9e Dor\u00e9e - La saveur retrouv\u00e9e\",\"description\":\"\",\"potentialAction\":[{\"@type\":\"SearchAction\",\"target\":{\"@type\":\"EntryPoint\",\"urlTemplate\":\"https:\\\/\\\/www.lafourneedoree.fr\\\/?s={search_term_string}\"},\"query-input\":{\"@type\":\"PropertyValueSpecification\",\"valueRequired\":true,\"valueName\":\"search_term_string\"}}],\"inLanguage\":\"en-NZ\"}]}<\/script>\n<!-- \/ Yoast SEO plugin. -->","yoast_head_json":{"title":"Our products - La Fourn\u00e9e Dor\u00e9e - La saveur retrouv\u00e9e","robots":{"index":"index","follow":"follow","max-snippet":"max-snippet:-1","max-image-preview":"max-image-preview:large","max-video-preview":"max-video-preview:-1"},"canonical":"https:\/\/www.lafourneedoree.fr\/nz\/our-products\/","og_locale":"en_US","og_type":"article","og_title":"Our products - La Fourn\u00e9e Dor\u00e9e - La saveur retrouv\u00e9e","og_url":"https:\/\/www.lafourneedoree.fr\/nz\/our-products\/","og_site_name":"La Fourn\u00e9e Dor\u00e9e - La saveur retrouv\u00e9e","article_modified_time":"2026-02-23T06:22:04+00:00","twitter_card":"summary_large_image","twitter_misc":{"Est. reading time":"1 minute"},"schema":{"@context":"https:\/\/schema.org","@graph":[{"@type":"WebPage","@id":"https:\/\/www.lafourneedoree.fr\/nz\/our-products\/","url":"https:\/\/www.lafourneedoree.fr\/nz\/our-products\/","name":"Our products - La Fourn\u00e9e Dor\u00e9e - La saveur retrouv\u00e9e","isPartOf":{"@id":"https:\/\/www.lafourneedoree.fr\/#website"},"datePublished":"2025-10-16T12:20:02+00:00","dateModified":"2026-02-23T06:22:04+00:00","breadcrumb":{"@id":"https:\/\/www.lafourneedoree.fr\/nz\/our-products\/#breadcrumb"},"inLanguage":"en-NZ","potentialAction":[{"@type":"ReadAction","target":["https:\/\/www.lafourneedoree.fr\/nz\/our-products\/"]}]},{"@type":"BreadcrumbList","@id":"https:\/\/www.lafourneedoree.fr\/nz\/our-products\/#breadcrumb","itemListElement":[{"@type":"ListItem","position":1,"name":"La Fourn\u00e9e Dor\u00e9e","item":"https:\/\/www.lafourneedoree.fr\/nz\/"},{"@type":"ListItem","position":2,"name":"Our products"}]},{"@type":"WebSite","@id":"https:\/\/www.lafourneedoree.fr\/#website","url":"https:\/\/www.lafourneedoree.fr\/","name":"La Fourn\u00e9e Dor\u00e9e - La saveur retrouv\u00e9e","description":"","potentialAction":[{"@type":"SearchAction","target":{"@type":"EntryPoint","urlTemplate":"https:\/\/www.lafourneedoree.fr\/?s={search_term_string}"},"query-input":{"@type":"PropertyValueSpecification","valueRequired":true,"valueName":"search_term_string"}}],"inLanguage":"en-NZ"}]}},"_links":{"self":[{"href":"https:\/\/www.lafourneedoree.fr\/nz\/wp-json\/wp\/v2\/pages\/18380","targetHints":{"allow":["GET"]}}],"collection":[{"href":"https:\/\/www.lafourneedoree.fr\/nz\/wp-json\/wp\/v2\/pages"}],"about":[{"href":"https:\/\/www.lafourneedoree.fr\/nz\/wp-json\/wp\/v2\/types\/page"}],"author":[{"embeddable":true,"href":"https:\/\/www.lafourneedoree.fr\/nz\/wp-json\/wp\/v2\/users\/2"}],"replies":[{"embeddable":true,"href":"https:\/\/www.lafourneedoree.fr\/nz\/wp-json\/wp\/v2\/comments?post=18380"}],"version-history":[{"count":4,"href":"https:\/\/www.lafourneedoree.fr\/nz\/wp-json\/wp\/v2\/pages\/18380\/revisions"}],"predecessor-version":[{"id":20277,"href":"https:\/\/www.lafourneedoree.fr\/nz\/wp-json\/wp\/v2\/pages\/18380\/revisions\/20277"}],"wp:attachment":[{"href":"https:\/\/www.lafourneedoree.fr\/nz\/wp-json\/wp\/v2\/media?parent=18380"}],"curies":[{"name":"wp","href":"https:\/\/api.w.org\/{rel}","templated":true}]}}